{"id":65340,"date":"2025-10-16T11:03:39","date_gmt":"2025-10-16T09:03:39","guid":{"rendered":"https:\/\/nauticcenter.net\/?post_type=product&#038;p=65340"},"modified":"2026-04-15T11:14:46","modified_gmt":"2026-04-15T09:14:46","slug":"wellcraft-28-t-top","status":"publish","type":"product","link":"https:\/\/nauticcenter.net\/fr\/barco\/wellcraft-28-t-top\/","title":{"rendered":"Wellcraft 28 T-Top"},"content":{"rendered":"<p>Adaptable, segura y con el inconfundible estilo Wellcraft, la Wellcraft 28 T-Top es la embarcaci\u00f3n de 28 pies m\u00e1s vers\u00e1til, combinando la emoci\u00f3n del aire libre con la protecci\u00f3n todo tiempo.<\/p>\n<p>Gracias a W.I.S.E.(Wellcraft Infujection Structure Engineering) tecnolog\u00eda combinada con el dise\u00f1o escalonado del casco, la Wellcraft 28 T-Top ofrece una navegabilidad, eficiencia y rendimiento excepcionales. Sus altos francobordos, popa cerrada, pasamanos de gran tama\u00f1o y una cubierta de un solo nivel con port\u00f3n lateral ofrecen el estilo robusto que demandan los exploradores. Adem\u00e1s, su silueta llamativa, su ic\u00f3nica l\u00ednea en Z y su capota protectora T-Top le confieren un impactante aspecto todoterreno.<\/p>\n","protected":false},"excerpt":{"rendered":"<p>Adaptable, segura y con el inconfundible estilo Wellcraft, la Wellcraft 28 T-Top es la embarcaci\u00f3n de 28 pies m\u00e1s vers\u00e1til, combinando la emoci\u00f3n del aire libre con la protecci\u00f3n todo tiempo. Gracias a W.I.S.E.(Wellcraft Infujection Structure Engineering) tecnolog\u00eda combinada con el dise\u00f1o escalonado del casco, la Wellcraft 28 T-Top ofrece una navegabilidad, eficiencia y rendimientoLeer m\u00e1s&#8230;<\/p>\n","protected":false},"featured_media":66105,"template":"","meta":{"_acf_changed":false},"product_brand":[],"product_cat":[533],"product_tag":[],"class_list":{"0":"post-65340","1":"product","2":"type-product","3":"status-publish","4":"has-post-thumbnail","6":"product_marcas-wellcraft","7":"product_banderas-sin-matricular","8":"product_disponibilidad-consultar-disponibilidad","9":"product_propiedad-nautic-center-menorca","10":"product_cat-motor-fueraborda","12":"first","13":"instock","14":"shipping-taxable","15":"product-type-simple"},"acf":[],"yoast_head":"<!-- This site is optimized with the Yoast SEO Premium plugin v20.8 (Yoast SEO v27.3) - https:\/\/yoast.com\/product\/yoast-seo-premium-wordpress\/ -->\n<title>28 T-Top | Wellcraft en Menorca | Nautic Center Menorca<\/title>\n<meta name=\"robots\" content=\"index, follow, max-snippet:-1, max-image-preview:large, max-video-preview:-1\" \/>\n<link rel=\"canonical\" href=\"https:\/\/nauticcenter.net\/fr\/barco\/wellcraft-28-t-top\/\" \/>\n<meta property=\"og:locale\" content=\"fr_FR\" \/>\n<meta property=\"og:type\" content=\"article\" \/>\n<meta property=\"og:title\" content=\"Wellcraft 28 T-Top\" \/>\n<meta property=\"og:description\" content=\"Adaptable, segura y con el inconfundible estilo Wellcraft, la Wellcraft 28 T-Top es la embarcaci\u00f3n de 28 pies m\u00e1s vers\u00e1til, combinando la emoci\u00f3n del aire libre con la protecci\u00f3n todo tiempo. Gracias a W.I.S.E.(Wellcraft Infujection Structure Engineering) tecnolog\u00eda combinada con el dise\u00f1o escalonado del casco, la Wellcraft 28 T-Top ofrece una navegabilidad, eficiencia y rendimientoLeer m\u00e1s...\" \/>\n<meta property=\"og:url\" content=\"https:\/\/nauticcenter.net\/fr\/barco\/wellcraft-28-t-top\/\" \/>\n<meta property=\"og:site_name\" content=\"Nautic Center Menorca\" \/>\n<meta property=\"article:publisher\" content=\"https:\/\/www.facebook.com\/nauticcentermenorca\" \/>\n<meta property=\"article:modified_time\" content=\"2026-04-15T09:14:46+00:00\" \/>\n<meta property=\"og:image\" content=\"https:\/\/nauticcenter.net\/wp-content\/uploads\/2025\/10\/wellcraft_28_t_top_fotos_catalogo_render_wellcraft_28_t_top_00.jpg\" \/>\n\t<meta property=\"og:image:width\" content=\"1800\" \/>\n\t<meta property=\"og:image:height\" content=\"1000\" \/>\n\t<meta property=\"og:image:type\" content=\"image\/jpeg\" \/>\n<meta name=\"twitter:card\" content=\"summary_large_image\" \/>\n<meta name=\"twitter:label1\" content=\"Dur\u00e9e de lecture estim\u00e9e\" \/>\n\t<meta name=\"twitter:data1\" content=\"1 minute\" \/>\n<script type=\"application\/ld+json\" class=\"yoast-schema-graph\">{\"@context\":\"https:\\\/\\\/schema.org\",\"@graph\":[{\"@type\":\"WebPage\",\"@id\":\"https:\\\/\\\/nauticcenter.net\\\/fr\\\/barco\\\/wellcraft-28-t-top\\\/\",\"url\":\"https:\\\/\\\/nauticcenter.net\\\/fr\\\/barco\\\/wellcraft-28-t-top\\\/\",\"name\":\"28 T-Top | Wellcraft en Menorca | Nautic Center Menorca\",\"isPartOf\":{\"@id\":\"https:\\\/\\\/nauticcenter.net\\\/fr\\\/#website\"},\"primaryImageOfPage\":{\"@id\":\"https:\\\/\\\/nauticcenter.net\\\/fr\\\/barco\\\/wellcraft-28-t-top\\\/#primaryimage\"},\"image\":{\"@id\":\"https:\\\/\\\/nauticcenter.net\\\/fr\\\/barco\\\/wellcraft-28-t-top\\\/#primaryimage\"},\"thumbnailUrl\":\"https:\\\/\\\/nauticcenter.net\\\/wp-content\\\/uploads\\\/2025\\\/10\\\/wellcraft_28_t_top_fotos_catalogo_render_wellcraft_28_t_top_00.jpg\",\"datePublished\":\"2025-10-16T09:03:39+00:00\",\"dateModified\":\"2026-04-15T09:14:46+00:00\",\"breadcrumb\":{\"@id\":\"https:\\\/\\\/nauticcenter.net\\\/fr\\\/barco\\\/wellcraft-28-t-top\\\/#breadcrumb\"},\"inLanguage\":\"fr-FR\",\"potentialAction\":[{\"@type\":\"ReadAction\",\"target\":[\"https:\\\/\\\/nauticcenter.net\\\/fr\\\/barco\\\/wellcraft-28-t-top\\\/\"]}]},{\"@type\":\"ImageObject\",\"inLanguage\":\"fr-FR\",\"@id\":\"https:\\\/\\\/nauticcenter.net\\\/fr\\\/barco\\\/wellcraft-28-t-top\\\/#primaryimage\",\"url\":\"https:\\\/\\\/nauticcenter.net\\\/wp-content\\\/uploads\\\/2025\\\/10\\\/wellcraft_28_t_top_fotos_catalogo_render_wellcraft_28_t_top_00.jpg\",\"contentUrl\":\"https:\\\/\\\/nauticcenter.net\\\/wp-content\\\/uploads\\\/2025\\\/10\\\/wellcraft_28_t_top_fotos_catalogo_render_wellcraft_28_t_top_00.jpg\",\"width\":1800,\"height\":1000},{\"@type\":\"BreadcrumbList\",\"@id\":\"https:\\\/\\\/nauticcenter.net\\\/fr\\\/barco\\\/wellcraft-28-t-top\\\/#breadcrumb\",\"itemListElement\":[{\"@type\":\"ListItem\",\"position\":1,\"name\":\"Barcos en Menorca\",\"item\":\"https:\\\/\\\/nauticcenter.net\\\/barcos\\\/\"},{\"@type\":\"ListItem\",\"position\":2,\"name\":\"Wellcraft 28 T-Top\"}]},{\"@type\":\"WebSite\",\"@id\":\"https:\\\/\\\/nauticcenter.net\\\/fr\\\/#website\",\"url\":\"https:\\\/\\\/nauticcenter.net\\\/fr\\\/\",\"name\":\"Nautic Center Menorca\",\"description\":\"\",\"publisher\":{\"@id\":\"https:\\\/\\\/nauticcenter.net\\\/fr\\\/#organization\"},\"potentialAction\":[{\"@type\":\"SearchAction\",\"target\":{\"@type\":\"EntryPoint\",\"urlTemplate\":\"https:\\\/\\\/nauticcenter.net\\\/fr\\\/?s={search_term_string}\"},\"query-input\":{\"@type\":\"PropertyValueSpecification\",\"valueRequired\":true,\"valueName\":\"search_term_string\"}}],\"inLanguage\":\"fr-FR\"},{\"@type\":\"Organization\",\"@id\":\"https:\\\/\\\/nauticcenter.net\\\/fr\\\/#organization\",\"name\":\"Nautic Center Menorca\",\"url\":\"https:\\\/\\\/nauticcenter.net\\\/fr\\\/\",\"logo\":{\"@type\":\"ImageObject\",\"inLanguage\":\"fr-FR\",\"@id\":\"https:\\\/\\\/nauticcenter.net\\\/fr\\\/#\\\/schema\\\/logo\\\/image\\\/\",\"url\":\"http:\\\/\\\/nauticcenter.net\\\/wp-content\\\/uploads\\\/2023\\\/03\\\/NCm-Logo-centrado.jpg\",\"contentUrl\":\"http:\\\/\\\/nauticcenter.net\\\/wp-content\\\/uploads\\\/2023\\\/03\\\/NCm-Logo-centrado.jpg\",\"width\":1772,\"height\":1418,\"caption\":\"Nautic Center Menorca\"},\"image\":{\"@id\":\"https:\\\/\\\/nauticcenter.net\\\/fr\\\/#\\\/schema\\\/logo\\\/image\\\/\"},\"sameAs\":[\"https:\\\/\\\/www.facebook.com\\\/nauticcentermenorca\",\"https:\\\/\\\/www.instagram.com\\\/nauticcenter_menorca\"]}]}<\/script>\n<!-- \/ Yoast SEO Premium plugin. -->","yoast_head_json":{"title":"28 T-Top | Wellcraft en Menorca | Nautic Center Menorca","robots":{"index":"index","follow":"follow","max-snippet":"max-snippet:-1","max-image-preview":"max-image-preview:large","max-video-preview":"max-video-preview:-1"},"canonical":"https:\/\/nauticcenter.net\/fr\/barco\/wellcraft-28-t-top\/","og_locale":"fr_FR","og_type":"article","og_title":"Wellcraft 28 T-Top","og_description":"Adaptable, segura y con el inconfundible estilo Wellcraft, la Wellcraft 28 T-Top es la embarcaci\u00f3n de 28 pies m\u00e1s vers\u00e1til, combinando la emoci\u00f3n del aire libre con la protecci\u00f3n todo tiempo. Gracias a W.I.S.E.(Wellcraft Infujection Structure Engineering) tecnolog\u00eda combinada con el dise\u00f1o escalonado del casco, la Wellcraft 28 T-Top ofrece una navegabilidad, eficiencia y rendimientoLeer m\u00e1s...","og_url":"https:\/\/nauticcenter.net\/fr\/barco\/wellcraft-28-t-top\/","og_site_name":"Nautic Center Menorca","article_publisher":"https:\/\/www.facebook.com\/nauticcentermenorca","article_modified_time":"2026-04-15T09:14:46+00:00","og_image":[{"width":1800,"height":1000,"url":"https:\/\/nauticcenter.net\/wp-content\/uploads\/2025\/10\/wellcraft_28_t_top_fotos_catalogo_render_wellcraft_28_t_top_00.jpg","type":"image\/jpeg"}],"twitter_card":"summary_large_image","twitter_misc":{"Dur\u00e9e de lecture estim\u00e9e":"1 minute"},"schema":{"@context":"https:\/\/schema.org","@graph":[{"@type":"WebPage","@id":"https:\/\/nauticcenter.net\/fr\/barco\/wellcraft-28-t-top\/","url":"https:\/\/nauticcenter.net\/fr\/barco\/wellcraft-28-t-top\/","name":"28 T-Top | Wellcraft en Menorca | Nautic Center Menorca","isPartOf":{"@id":"https:\/\/nauticcenter.net\/fr\/#website"},"primaryImageOfPage":{"@id":"https:\/\/nauticcenter.net\/fr\/barco\/wellcraft-28-t-top\/#primaryimage"},"image":{"@id":"https:\/\/nauticcenter.net\/fr\/barco\/wellcraft-28-t-top\/#primaryimage"},"thumbnailUrl":"https:\/\/nauticcenter.net\/wp-content\/uploads\/2025\/10\/wellcraft_28_t_top_fotos_catalogo_render_wellcraft_28_t_top_00.jpg","datePublished":"2025-10-16T09:03:39+00:00","dateModified":"2026-04-15T09:14:46+00:00","breadcrumb":{"@id":"https:\/\/nauticcenter.net\/fr\/barco\/wellcraft-28-t-top\/#breadcrumb"},"inLanguage":"fr-FR","potentialAction":[{"@type":"ReadAction","target":["https:\/\/nauticcenter.net\/fr\/barco\/wellcraft-28-t-top\/"]}]},{"@type":"ImageObject","inLanguage":"fr-FR","@id":"https:\/\/nauticcenter.net\/fr\/barco\/wellcraft-28-t-top\/#primaryimage","url":"https:\/\/nauticcenter.net\/wp-content\/uploads\/2025\/10\/wellcraft_28_t_top_fotos_catalogo_render_wellcraft_28_t_top_00.jpg","contentUrl":"https:\/\/nauticcenter.net\/wp-content\/uploads\/2025\/10\/wellcraft_28_t_top_fotos_catalogo_render_wellcraft_28_t_top_00.jpg","width":1800,"height":1000},{"@type":"BreadcrumbList","@id":"https:\/\/nauticcenter.net\/fr\/barco\/wellcraft-28-t-top\/#breadcrumb","itemListElement":[{"@type":"ListItem","position":1,"name":"Barcos en Menorca","item":"https:\/\/nauticcenter.net\/barcos\/"},{"@type":"ListItem","position":2,"name":"Wellcraft 28 T-Top"}]},{"@type":"WebSite","@id":"https:\/\/nauticcenter.net\/fr\/#website","url":"https:\/\/nauticcenter.net\/fr\/","name":"Nautic Center Menorca","description":"","publisher":{"@id":"https:\/\/nauticcenter.net\/fr\/#organization"},"potentialAction":[{"@type":"SearchAction","target":{"@type":"EntryPoint","urlTemplate":"https:\/\/nauticcenter.net\/fr\/?s={search_term_string}"},"query-input":{"@type":"PropertyValueSpecification","valueRequired":true,"valueName":"search_term_string"}}],"inLanguage":"fr-FR"},{"@type":"Organization","@id":"https:\/\/nauticcenter.net\/fr\/#organization","name":"Nautic Center Menorca","url":"https:\/\/nauticcenter.net\/fr\/","logo":{"@type":"ImageObject","inLanguage":"fr-FR","@id":"https:\/\/nauticcenter.net\/fr\/#\/schema\/logo\/image\/","url":"http:\/\/nauticcenter.net\/wp-content\/uploads\/2023\/03\/NCm-Logo-centrado.jpg","contentUrl":"http:\/\/nauticcenter.net\/wp-content\/uploads\/2023\/03\/NCm-Logo-centrado.jpg","width":1772,"height":1418,"caption":"Nautic Center Menorca"},"image":{"@id":"https:\/\/nauticcenter.net\/fr\/#\/schema\/logo\/image\/"},"sameAs":["https:\/\/www.facebook.com\/nauticcentermenorca","https:\/\/www.instagram.com\/nauticcenter_menorca"]}]}},"_links":{"self":[{"href":"https:\/\/nauticcenter.net\/fr\/wp-json\/wp\/v2\/product\/65340","targetHints":{"allow":["GET"]}}],"collection":[{"href":"https:\/\/nauticcenter.net\/fr\/wp-json\/wp\/v2\/product"}],"about":[{"href":"https:\/\/nauticcenter.net\/fr\/wp-json\/wp\/v2\/types\/product"}],"wp:featuredmedia":[{"embeddable":true,"href":"https:\/\/nauticcenter.net\/fr\/wp-json\/wp\/v2\/media\/66105"}],"wp:attachment":[{"href":"https:\/\/nauticcenter.net\/fr\/wp-json\/wp\/v2\/media?parent=65340"}],"wp:term":[{"taxonomy":"product_brand","embeddable":true,"href":"https:\/\/nauticcenter.net\/fr\/wp-json\/wp\/v2\/product_brand?post=65340"},{"taxonomy":"product_cat","embeddable":true,"href":"https:\/\/nauticcenter.net\/fr\/wp-json\/wp\/v2\/product_cat?post=65340"},{"taxonomy":"product_tag","embeddable":true,"href":"https:\/\/nauticcenter.net\/fr\/wp-json\/wp\/v2\/product_tag?post=65340"}],"curies":[{"name":"wp","href":"https:\/\/api.w.org\/{rel}","templated":true}]}}