{"id":64281,"date":"2025-03-26T10:05:52","date_gmt":"2025-03-26T09:05:52","guid":{"rendered":"https:\/\/nauticcenter.net\/?post_type=product&#038;p=64281"},"modified":"2025-03-26T11:05:26","modified_gmt":"2025-03-26T10:05:26","slug":"menorquin-yachts-110-ushuaia","status":"publish","type":"product","link":"https:\/\/nauticcenter.net\/fr\/barco\/menorquin-yachts-110-ushuaia\/","title":{"rendered":"Menorqu\u00edn Yachts 110"},"content":{"rendered":"<p>El Menorqu\u00edn Yachts 110 es una embarcaci\u00f3n que destaca por su dise\u00f1o cl\u00e1sico y elegante, combinando tradici\u00f3n y modernidad.<\/p>\n<p>Su robusta construcci\u00f3n garantiza estabilidad y seguridad en el agua, incluso en condiciones adversas.<\/p>\n<p>Ofrece un confort excepcional gracias a su espaciosa distribuci\u00f3n interior, ideal para estancias prolongadas.<\/p>\n<p>Equipado con dos motores di\u00e9sel de 230 CV cada uno, proporciona una maniobrabilidad excelente y una velocidad de crucero eficiente. Adem\u00e1s, su versatilidad lo hace perfecto tanto para viajes cortos como para aventuras m\u00e1s largas, convirti\u00e9ndolo en una opci\u00f3n ideal para los amantes de la navegaci\u00f3n.<\/p>\n","protected":false},"excerpt":{"rendered":"<p><strong>No incluido en el precio<\/strong><\/p>\n<ul>\n<li>Gastos de la compra-venta<\/li>\n<\/ul>\n","protected":false},"featured_media":64300,"template":"","meta":{"_acf_changed":false},"product_brand":[],"product_cat":[134],"product_tag":[],"class_list":{"0":"post-64281","1":"product","2":"type-product","3":"status-publish","4":"has-post-thumbnail","6":"product_marcas-menorquin-yachts","7":"product_banderas-espanola","8":"product_disponibilidad-consultar-disponibilidad","9":"product_propiedad-gestion-de-venta","10":"product_cat-motor-intraborda","12":"first","13":"instock","14":"shipping-taxable","15":"purchasable","16":"product-type-simple"},"acf":[],"yoast_head":"<!-- This site is optimized with the Yoast SEO Premium plugin v20.8 (Yoast SEO v27.3) - https:\/\/yoast.com\/product\/yoast-seo-premium-wordpress\/ -->\n<title>110 | Menorqu\u00edn Yachts en Menorca | Nautic Center Menorca<\/title>\n<meta name=\"description\" content=\"Descubre el Menorqu\u00edn Yachts 110 en Menorca con Nautic Center Menorca. Te ofrecemos un servicio integral, desde la compra de la embarcaci\u00f3n hasta su mantenimiento, para que vivas la experiencia n\u00e1utica sin preocupaciones. Encuentra tu barco ideal y navega con nosotros.\" \/>\n<meta name=\"robots\" content=\"index, follow, max-snippet:-1, max-image-preview:large, max-video-preview:-1\" \/>\n<link rel=\"canonical\" href=\"https:\/\/nauticcenter.net\/fr\/barco\/menorquin-yachts-110-ushuaia\/\" \/>\n<meta property=\"og:locale\" content=\"fr_FR\" \/>\n<meta property=\"og:type\" content=\"article\" \/>\n<meta property=\"og:title\" content=\"Menorqu\u00edn Yachts 110\" \/>\n<meta property=\"og:description\" content=\"Descubre el Menorqu\u00edn Yachts 110 en Menorca con Nautic Center Menorca. Te ofrecemos un servicio integral, desde la compra de la embarcaci\u00f3n hasta su mantenimiento, para que vivas la experiencia n\u00e1utica sin preocupaciones. Encuentra tu barco ideal y navega con nosotros.\" \/>\n<meta property=\"og:url\" content=\"https:\/\/nauticcenter.net\/fr\/barco\/menorquin-yachts-110-ushuaia\/\" \/>\n<meta property=\"og:site_name\" content=\"Nautic Center Menorca\" \/>\n<meta property=\"article:publisher\" content=\"https:\/\/www.facebook.com\/nauticcentermenorca\" \/>\n<meta property=\"article:modified_time\" content=\"2025-03-26T10:05:26+00:00\" \/>\n<meta property=\"og:image\" content=\"https:\/\/nauticcenter.net\/wp-content\/uploads\/2025\/03\/1.jpg\" \/>\n\t<meta property=\"og:image:width\" content=\"2101\" \/>\n\t<meta property=\"og:image:height\" content=\"1680\" \/>\n\t<meta property=\"og:image:type\" content=\"image\/jpeg\" \/>\n<meta name=\"twitter:card\" content=\"summary_large_image\" \/>\n<meta name=\"twitter:label1\" content=\"Dur\u00e9e de lecture estim\u00e9e\" \/>\n\t<meta name=\"twitter:data1\" content=\"1 minute\" \/>\n<script type=\"application\/ld+json\" class=\"yoast-schema-graph\">{\"@context\":\"https:\\\/\\\/schema.org\",\"@graph\":[{\"@type\":\"WebPage\",\"@id\":\"https:\\\/\\\/nauticcenter.net\\\/fr\\\/barco\\\/menorquin-yachts-110-ushuaia\\\/\",\"url\":\"https:\\\/\\\/nauticcenter.net\\\/fr\\\/barco\\\/menorquin-yachts-110-ushuaia\\\/\",\"name\":\"110 | Menorqu\u00edn Yachts en Menorca | Nautic Center Menorca\",\"isPartOf\":{\"@id\":\"https:\\\/\\\/nauticcenter.net\\\/fr\\\/#website\"},\"primaryImageOfPage\":{\"@id\":\"https:\\\/\\\/nauticcenter.net\\\/fr\\\/barco\\\/menorquin-yachts-110-ushuaia\\\/#primaryimage\"},\"image\":{\"@id\":\"https:\\\/\\\/nauticcenter.net\\\/fr\\\/barco\\\/menorquin-yachts-110-ushuaia\\\/#primaryimage\"},\"thumbnailUrl\":\"https:\\\/\\\/nauticcenter.net\\\/wp-content\\\/uploads\\\/2025\\\/03\\\/1.jpg\",\"datePublished\":\"2025-03-26T09:05:52+00:00\",\"dateModified\":\"2025-03-26T10:05:26+00:00\",\"description\":\"Descubre el Menorqu\u00edn Yachts 110 en Menorca con Nautic Center Menorca. Te ofrecemos un servicio integral, desde la compra de la embarcaci\u00f3n hasta su mantenimiento, para que vivas la experiencia n\u00e1utica sin preocupaciones. Encuentra tu barco ideal y navega con nosotros.\",\"breadcrumb\":{\"@id\":\"https:\\\/\\\/nauticcenter.net\\\/fr\\\/barco\\\/menorquin-yachts-110-ushuaia\\\/#breadcrumb\"},\"inLanguage\":\"fr-FR\",\"potentialAction\":[{\"@type\":\"ReadAction\",\"target\":[\"https:\\\/\\\/nauticcenter.net\\\/fr\\\/barco\\\/menorquin-yachts-110-ushuaia\\\/\"]}]},{\"@type\":\"ImageObject\",\"inLanguage\":\"fr-FR\",\"@id\":\"https:\\\/\\\/nauticcenter.net\\\/fr\\\/barco\\\/menorquin-yachts-110-ushuaia\\\/#primaryimage\",\"url\":\"https:\\\/\\\/nauticcenter.net\\\/wp-content\\\/uploads\\\/2025\\\/03\\\/1.jpg\",\"contentUrl\":\"https:\\\/\\\/nauticcenter.net\\\/wp-content\\\/uploads\\\/2025\\\/03\\\/1.jpg\",\"width\":2101,\"height\":1680},{\"@type\":\"BreadcrumbList\",\"@id\":\"https:\\\/\\\/nauticcenter.net\\\/fr\\\/barco\\\/menorquin-yachts-110-ushuaia\\\/#breadcrumb\",\"itemListElement\":[{\"@type\":\"ListItem\",\"position\":1,\"name\":\"Barcos en Menorca\",\"item\":\"https:\\\/\\\/nauticcenter.net\\\/barcos\\\/\"},{\"@type\":\"ListItem\",\"position\":2,\"name\":\"Menorqu\u00edn Yachts 110\"}]},{\"@type\":\"WebSite\",\"@id\":\"https:\\\/\\\/nauticcenter.net\\\/fr\\\/#website\",\"url\":\"https:\\\/\\\/nauticcenter.net\\\/fr\\\/\",\"name\":\"Nautic Center Menorca\",\"description\":\"\",\"publisher\":{\"@id\":\"https:\\\/\\\/nauticcenter.net\\\/fr\\\/#organization\"},\"potentialAction\":[{\"@type\":\"SearchAction\",\"target\":{\"@type\":\"EntryPoint\",\"urlTemplate\":\"https:\\\/\\\/nauticcenter.net\\\/fr\\\/?s={search_term_string}\"},\"query-input\":{\"@type\":\"PropertyValueSpecification\",\"valueRequired\":true,\"valueName\":\"search_term_string\"}}],\"inLanguage\":\"fr-FR\"},{\"@type\":\"Organization\",\"@id\":\"https:\\\/\\\/nauticcenter.net\\\/fr\\\/#organization\",\"name\":\"Nautic Center Menorca\",\"url\":\"https:\\\/\\\/nauticcenter.net\\\/fr\\\/\",\"logo\":{\"@type\":\"ImageObject\",\"inLanguage\":\"fr-FR\",\"@id\":\"https:\\\/\\\/nauticcenter.net\\\/fr\\\/#\\\/schema\\\/logo\\\/image\\\/\",\"url\":\"http:\\\/\\\/nauticcenter.net\\\/wp-content\\\/uploads\\\/2023\\\/03\\\/NCm-Logo-centrado.jpg\",\"contentUrl\":\"http:\\\/\\\/nauticcenter.net\\\/wp-content\\\/uploads\\\/2023\\\/03\\\/NCm-Logo-centrado.jpg\",\"width\":1772,\"height\":1418,\"caption\":\"Nautic Center Menorca\"},\"image\":{\"@id\":\"https:\\\/\\\/nauticcenter.net\\\/fr\\\/#\\\/schema\\\/logo\\\/image\\\/\"},\"sameAs\":[\"https:\\\/\\\/www.facebook.com\\\/nauticcentermenorca\",\"https:\\\/\\\/www.instagram.com\\\/nauticcenter_menorca\"]}]}<\/script>\n<!-- \/ Yoast SEO Premium plugin. -->","yoast_head_json":{"title":"110 | Menorqu\u00edn Yachts en Menorca | Nautic Center Menorca","description":"Descubre el Menorqu\u00edn Yachts 110 en Menorca con Nautic Center Menorca. Te ofrecemos un servicio integral, desde la compra de la embarcaci\u00f3n hasta su mantenimiento, para que vivas la experiencia n\u00e1utica sin preocupaciones. Encuentra tu barco ideal y navega con nosotros.","robots":{"index":"index","follow":"follow","max-snippet":"max-snippet:-1","max-image-preview":"max-image-preview:large","max-video-preview":"max-video-preview:-1"},"canonical":"https:\/\/nauticcenter.net\/fr\/barco\/menorquin-yachts-110-ushuaia\/","og_locale":"fr_FR","og_type":"article","og_title":"Menorqu\u00edn Yachts 110","og_description":"Descubre el Menorqu\u00edn Yachts 110 en Menorca con Nautic Center Menorca. Te ofrecemos un servicio integral, desde la compra de la embarcaci\u00f3n hasta su mantenimiento, para que vivas la experiencia n\u00e1utica sin preocupaciones. Encuentra tu barco ideal y navega con nosotros.","og_url":"https:\/\/nauticcenter.net\/fr\/barco\/menorquin-yachts-110-ushuaia\/","og_site_name":"Nautic Center Menorca","article_publisher":"https:\/\/www.facebook.com\/nauticcentermenorca","article_modified_time":"2025-03-26T10:05:26+00:00","og_image":[{"width":2101,"height":1680,"url":"https:\/\/nauticcenter.net\/wp-content\/uploads\/2025\/03\/1.jpg","type":"image\/jpeg"}],"twitter_card":"summary_large_image","twitter_misc":{"Dur\u00e9e de lecture estim\u00e9e":"1 minute"},"schema":{"@context":"https:\/\/schema.org","@graph":[{"@type":"WebPage","@id":"https:\/\/nauticcenter.net\/fr\/barco\/menorquin-yachts-110-ushuaia\/","url":"https:\/\/nauticcenter.net\/fr\/barco\/menorquin-yachts-110-ushuaia\/","name":"110 | Menorqu\u00edn Yachts en Menorca | Nautic Center Menorca","isPartOf":{"@id":"https:\/\/nauticcenter.net\/fr\/#website"},"primaryImageOfPage":{"@id":"https:\/\/nauticcenter.net\/fr\/barco\/menorquin-yachts-110-ushuaia\/#primaryimage"},"image":{"@id":"https:\/\/nauticcenter.net\/fr\/barco\/menorquin-yachts-110-ushuaia\/#primaryimage"},"thumbnailUrl":"https:\/\/nauticcenter.net\/wp-content\/uploads\/2025\/03\/1.jpg","datePublished":"2025-03-26T09:05:52+00:00","dateModified":"2025-03-26T10:05:26+00:00","description":"Descubre el Menorqu\u00edn Yachts 110 en Menorca con Nautic Center Menorca. Te ofrecemos un servicio integral, desde la compra de la embarcaci\u00f3n hasta su mantenimiento, para que vivas la experiencia n\u00e1utica sin preocupaciones. Encuentra tu barco ideal y navega con nosotros.","breadcrumb":{"@id":"https:\/\/nauticcenter.net\/fr\/barco\/menorquin-yachts-110-ushuaia\/#breadcrumb"},"inLanguage":"fr-FR","potentialAction":[{"@type":"ReadAction","target":["https:\/\/nauticcenter.net\/fr\/barco\/menorquin-yachts-110-ushuaia\/"]}]},{"@type":"ImageObject","inLanguage":"fr-FR","@id":"https:\/\/nauticcenter.net\/fr\/barco\/menorquin-yachts-110-ushuaia\/#primaryimage","url":"https:\/\/nauticcenter.net\/wp-content\/uploads\/2025\/03\/1.jpg","contentUrl":"https:\/\/nauticcenter.net\/wp-content\/uploads\/2025\/03\/1.jpg","width":2101,"height":1680},{"@type":"BreadcrumbList","@id":"https:\/\/nauticcenter.net\/fr\/barco\/menorquin-yachts-110-ushuaia\/#breadcrumb","itemListElement":[{"@type":"ListItem","position":1,"name":"Barcos en Menorca","item":"https:\/\/nauticcenter.net\/barcos\/"},{"@type":"ListItem","position":2,"name":"Menorqu\u00edn Yachts 110"}]},{"@type":"WebSite","@id":"https:\/\/nauticcenter.net\/fr\/#website","url":"https:\/\/nauticcenter.net\/fr\/","name":"Nautic Center Menorca","description":"","publisher":{"@id":"https:\/\/nauticcenter.net\/fr\/#organization"},"potentialAction":[{"@type":"SearchAction","target":{"@type":"EntryPoint","urlTemplate":"https:\/\/nauticcenter.net\/fr\/?s={search_term_string}"},"query-input":{"@type":"PropertyValueSpecification","valueRequired":true,"valueName":"search_term_string"}}],"inLanguage":"fr-FR"},{"@type":"Organization","@id":"https:\/\/nauticcenter.net\/fr\/#organization","name":"Nautic Center Menorca","url":"https:\/\/nauticcenter.net\/fr\/","logo":{"@type":"ImageObject","inLanguage":"fr-FR","@id":"https:\/\/nauticcenter.net\/fr\/#\/schema\/logo\/image\/","url":"http:\/\/nauticcenter.net\/wp-content\/uploads\/2023\/03\/NCm-Logo-centrado.jpg","contentUrl":"http:\/\/nauticcenter.net\/wp-content\/uploads\/2023\/03\/NCm-Logo-centrado.jpg","width":1772,"height":1418,"caption":"Nautic Center Menorca"},"image":{"@id":"https:\/\/nauticcenter.net\/fr\/#\/schema\/logo\/image\/"},"sameAs":["https:\/\/www.facebook.com\/nauticcentermenorca","https:\/\/www.instagram.com\/nauticcenter_menorca"]}]}},"_links":{"self":[{"href":"https:\/\/nauticcenter.net\/fr\/wp-json\/wp\/v2\/product\/64281","targetHints":{"allow":["GET"]}}],"collection":[{"href":"https:\/\/nauticcenter.net\/fr\/wp-json\/wp\/v2\/product"}],"about":[{"href":"https:\/\/nauticcenter.net\/fr\/wp-json\/wp\/v2\/types\/product"}],"wp:featuredmedia":[{"embeddable":true,"href":"https:\/\/nauticcenter.net\/fr\/wp-json\/wp\/v2\/media\/64300"}],"wp:attachment":[{"href":"https:\/\/nauticcenter.net\/fr\/wp-json\/wp\/v2\/media?parent=64281"}],"wp:term":[{"taxonomy":"product_brand","embeddable":true,"href":"https:\/\/nauticcenter.net\/fr\/wp-json\/wp\/v2\/product_brand?post=64281"},{"taxonomy":"product_cat","embeddable":true,"href":"https:\/\/nauticcenter.net\/fr\/wp-json\/wp\/v2\/product_cat?post=64281"},{"taxonomy":"product_tag","embeddable":true,"href":"https:\/\/nauticcenter.net\/fr\/wp-json\/wp\/v2\/product_tag?post=64281"}],"curies":[{"name":"wp","href":"https:\/\/api.w.org\/{rel}","templated":true}]}}