{"id":64246,"date":"2025-03-05T09:20:23","date_gmt":"2025-03-05T08:20:23","guid":{"rendered":"https:\/?post_type=product&#038;p=64246"},"modified":"2025-08-28T09:55:25","modified_gmt":"2025-08-28T07:55:25","slug":"de-antonio-yachts-d29-008","status":"publish","type":"product","link":"https:\/\/nauticcenter.net\/fr\/barco\/de-antonio-yachts-d29-008\/","title":{"rendered":"De Antonio Yachts D29"},"content":{"rendered":"<p>Inspir\u00e1ndose en el estilo y las caracter\u00edsticas de uno de los modelos m\u00e1s ic\u00f3nicos de su gama, el D28 Open, De Antonio Yachts ha dado un paso m\u00e1s. El D29 es una embarcaci\u00f3n que ofrece un rendimiento \u00fanico en su categor\u00eda gracias a su casco de alto rendimiento. Ofrece una experiencia de navegaci\u00f3n \u00fanica con dos pantallas panor\u00e1micas.<\/p>\n","protected":false},"excerpt":{"rendered":"<p><strong>Incluido en el precio<\/strong><\/p>\n<ul>\n<li>Transporte<\/li>\n<li>Montaje<\/li>\n<li>Inscripci\u00f3n<\/li>\n<li>Entrega en el puerto de Ma\u00f3 (Menorca)<\/li>\n<\/ul>\n","protected":false},"featured_media":64400,"template":"","meta":{"_acf_changed":false},"product_brand":[],"product_cat":[533],"product_tag":[],"class_list":{"0":"post-64246","1":"product","2":"type-product","3":"status-publish","4":"has-post-thumbnail","6":"product_marcas-de-antonio-yachts","7":"product_banderas-sin-matricular","8":"product_disponibilidad-entrega-inmediata","9":"product_propiedad-nautic-center-menorca","10":"product_cat-motor-fueraborda","12":"first","13":"instock","14":"shipping-taxable","15":"purchasable","16":"product-type-simple"},"acf":[],"yoast_head":"<!-- This site is optimized with the Yoast SEO Premium plugin v20.8 (Yoast SEO v27.3) - https:\/\/yoast.com\/product\/yoast-seo-premium-wordpress\/ -->\n<title>D29 | De Antonio Yachts en Menorca | Nautic Center Menorca<\/title>\n<meta name=\"description\" content=\"Descubre la De Antonio Yachts D29 en Menorca con Nautic Center Menorca. Te ofrecemos un servicio integral, desde la compra de la embarcaci\u00f3n hasta su mantenimiento, para que vivas la experiencia n\u00e1utica sin preocupaciones. Encuentra tu barco ideal y navega con nosotros.\" \/>\n<meta name=\"robots\" content=\"index, follow, max-snippet:-1, max-image-preview:large, max-video-preview:-1\" \/>\n<link rel=\"canonical\" href=\"https:\/\/nauticcenter.net\/fr\/barco\/de-antonio-yachts-d29-008\/\" \/>\n<meta property=\"og:locale\" content=\"fr_FR\" \/>\n<meta property=\"og:type\" content=\"article\" \/>\n<meta property=\"og:title\" content=\"De Antonio Yachts D29\" \/>\n<meta property=\"og:description\" content=\"Descubre la De Antonio Yachts D29 en Menorca con Nautic Center Menorca. Te ofrecemos un servicio integral, desde la compra de la embarcaci\u00f3n hasta su mantenimiento, para que vivas la experiencia n\u00e1utica sin preocupaciones. Encuentra tu barco ideal y navega con nosotros.\" \/>\n<meta property=\"og:url\" content=\"https:\/\/nauticcenter.net\/fr\/barco\/de-antonio-yachts-d29-008\/\" \/>\n<meta property=\"og:site_name\" content=\"Nautic Center Menorca\" \/>\n<meta property=\"article:publisher\" content=\"https:\/\/www.facebook.com\/nauticcentermenorca\" \/>\n<meta property=\"article:modified_time\" content=\"2025-08-28T07:55:25+00:00\" \/>\n<meta property=\"og:image\" content=\"https:\/\/nauticcenter.net\/wp-content\/uploads\/2025\/03\/IMG_20250404_162736-scaled.jpg\" \/>\n\t<meta property=\"og:image:width\" content=\"2560\" \/>\n\t<meta property=\"og:image:height\" content=\"1928\" \/>\n\t<meta property=\"og:image:type\" content=\"image\/jpeg\" \/>\n<meta name=\"twitter:card\" content=\"summary_large_image\" \/>\n<meta name=\"twitter:label1\" content=\"Dur\u00e9e de lecture estim\u00e9e\" \/>\n\t<meta name=\"twitter:data1\" content=\"1 minute\" \/>\n<script type=\"application\/ld+json\" class=\"yoast-schema-graph\">{\"@context\":\"https:\\\/\\\/schema.org\",\"@graph\":[{\"@type\":\"WebPage\",\"@id\":\"https:\\\/\\\/nauticcenter.net\\\/fr\\\/barco\\\/de-antonio-yachts-d29-008\\\/\",\"url\":\"https:\\\/\\\/nauticcenter.net\\\/fr\\\/barco\\\/de-antonio-yachts-d29-008\\\/\",\"name\":\"D29 | De Antonio Yachts en Menorca | Nautic Center Menorca\",\"isPartOf\":{\"@id\":\"https:\\\/\\\/nauticcenter.net\\\/fr\\\/#website\"},\"primaryImageOfPage\":{\"@id\":\"https:\\\/\\\/nauticcenter.net\\\/fr\\\/barco\\\/de-antonio-yachts-d29-008\\\/#primaryimage\"},\"image\":{\"@id\":\"https:\\\/\\\/nauticcenter.net\\\/fr\\\/barco\\\/de-antonio-yachts-d29-008\\\/#primaryimage\"},\"thumbnailUrl\":\"https:\\\/\\\/nauticcenter.net\\\/wp-content\\\/uploads\\\/2025\\\/03\\\/IMG_20250404_162736-scaled.jpg\",\"datePublished\":\"2025-03-05T08:20:23+00:00\",\"dateModified\":\"2025-08-28T07:55:25+00:00\",\"description\":\"Descubre la De Antonio Yachts D29 en Menorca con Nautic Center Menorca. Te ofrecemos un servicio integral, desde la compra de la embarcaci\u00f3n hasta su mantenimiento, para que vivas la experiencia n\u00e1utica sin preocupaciones. Encuentra tu barco ideal y navega con nosotros.\",\"breadcrumb\":{\"@id\":\"https:\\\/\\\/nauticcenter.net\\\/fr\\\/barco\\\/de-antonio-yachts-d29-008\\\/#breadcrumb\"},\"inLanguage\":\"fr-FR\",\"potentialAction\":[{\"@type\":\"ReadAction\",\"target\":[\"https:\\\/\\\/nauticcenter.net\\\/fr\\\/barco\\\/de-antonio-yachts-d29-008\\\/\"]}]},{\"@type\":\"ImageObject\",\"inLanguage\":\"fr-FR\",\"@id\":\"https:\\\/\\\/nauticcenter.net\\\/fr\\\/barco\\\/de-antonio-yachts-d29-008\\\/#primaryimage\",\"url\":\"https:\\\/\\\/nauticcenter.net\\\/wp-content\\\/uploads\\\/2025\\\/03\\\/IMG_20250404_162736-scaled.jpg\",\"contentUrl\":\"https:\\\/\\\/nauticcenter.net\\\/wp-content\\\/uploads\\\/2025\\\/03\\\/IMG_20250404_162736-scaled.jpg\",\"width\":2560,\"height\":1928},{\"@type\":\"BreadcrumbList\",\"@id\":\"https:\\\/\\\/nauticcenter.net\\\/fr\\\/barco\\\/de-antonio-yachts-d29-008\\\/#breadcrumb\",\"itemListElement\":[{\"@type\":\"ListItem\",\"position\":1,\"name\":\"Barcos en Menorca\",\"item\":\"https:\\\/\\\/nauticcenter.net\\\/barcos\\\/\"},{\"@type\":\"ListItem\",\"position\":2,\"name\":\"De Antonio Yachts D29\"}]},{\"@type\":\"WebSite\",\"@id\":\"https:\\\/\\\/nauticcenter.net\\\/fr\\\/#website\",\"url\":\"https:\\\/\\\/nauticcenter.net\\\/fr\\\/\",\"name\":\"Nautic Center Menorca\",\"description\":\"\",\"publisher\":{\"@id\":\"https:\\\/\\\/nauticcenter.net\\\/fr\\\/#organization\"},\"potentialAction\":[{\"@type\":\"SearchAction\",\"target\":{\"@type\":\"EntryPoint\",\"urlTemplate\":\"https:\\\/\\\/nauticcenter.net\\\/fr\\\/?s={search_term_string}\"},\"query-input\":{\"@type\":\"PropertyValueSpecification\",\"valueRequired\":true,\"valueName\":\"search_term_string\"}}],\"inLanguage\":\"fr-FR\"},{\"@type\":\"Organization\",\"@id\":\"https:\\\/\\\/nauticcenter.net\\\/fr\\\/#organization\",\"name\":\"Nautic Center Menorca\",\"url\":\"https:\\\/\\\/nauticcenter.net\\\/fr\\\/\",\"logo\":{\"@type\":\"ImageObject\",\"inLanguage\":\"fr-FR\",\"@id\":\"https:\\\/\\\/nauticcenter.net\\\/fr\\\/#\\\/schema\\\/logo\\\/image\\\/\",\"url\":\"http:\\\/\\\/nauticcenter.net\\\/wp-content\\\/uploads\\\/2023\\\/03\\\/NCm-Logo-centrado.jpg\",\"contentUrl\":\"http:\\\/\\\/nauticcenter.net\\\/wp-content\\\/uploads\\\/2023\\\/03\\\/NCm-Logo-centrado.jpg\",\"width\":1772,\"height\":1418,\"caption\":\"Nautic Center Menorca\"},\"image\":{\"@id\":\"https:\\\/\\\/nauticcenter.net\\\/fr\\\/#\\\/schema\\\/logo\\\/image\\\/\"},\"sameAs\":[\"https:\\\/\\\/www.facebook.com\\\/nauticcentermenorca\",\"https:\\\/\\\/www.instagram.com\\\/nauticcenter_menorca\"]}]}<\/script>\n<!-- \/ Yoast SEO Premium plugin. -->","yoast_head_json":{"title":"D29 | De Antonio Yachts en Menorca | Nautic Center Menorca","description":"Descubre la De Antonio Yachts D29 en Menorca con Nautic Center Menorca. Te ofrecemos un servicio integral, desde la compra de la embarcaci\u00f3n hasta su mantenimiento, para que vivas la experiencia n\u00e1utica sin preocupaciones. Encuentra tu barco ideal y navega con nosotros.","robots":{"index":"index","follow":"follow","max-snippet":"max-snippet:-1","max-image-preview":"max-image-preview:large","max-video-preview":"max-video-preview:-1"},"canonical":"https:\/\/nauticcenter.net\/fr\/barco\/de-antonio-yachts-d29-008\/","og_locale":"fr_FR","og_type":"article","og_title":"De Antonio Yachts D29","og_description":"Descubre la De Antonio Yachts D29 en Menorca con Nautic Center Menorca. Te ofrecemos un servicio integral, desde la compra de la embarcaci\u00f3n hasta su mantenimiento, para que vivas la experiencia n\u00e1utica sin preocupaciones. Encuentra tu barco ideal y navega con nosotros.","og_url":"https:\/\/nauticcenter.net\/fr\/barco\/de-antonio-yachts-d29-008\/","og_site_name":"Nautic Center Menorca","article_publisher":"https:\/\/www.facebook.com\/nauticcentermenorca","article_modified_time":"2025-08-28T07:55:25+00:00","og_image":[{"width":2560,"height":1928,"url":"https:\/\/nauticcenter.net\/wp-content\/uploads\/2025\/03\/IMG_20250404_162736-scaled.jpg","type":"image\/jpeg"}],"twitter_card":"summary_large_image","twitter_misc":{"Dur\u00e9e de lecture estim\u00e9e":"1 minute"},"schema":{"@context":"https:\/\/schema.org","@graph":[{"@type":"WebPage","@id":"https:\/\/nauticcenter.net\/fr\/barco\/de-antonio-yachts-d29-008\/","url":"https:\/\/nauticcenter.net\/fr\/barco\/de-antonio-yachts-d29-008\/","name":"D29 | De Antonio Yachts en Menorca | Nautic Center Menorca","isPartOf":{"@id":"https:\/\/nauticcenter.net\/fr\/#website"},"primaryImageOfPage":{"@id":"https:\/\/nauticcenter.net\/fr\/barco\/de-antonio-yachts-d29-008\/#primaryimage"},"image":{"@id":"https:\/\/nauticcenter.net\/fr\/barco\/de-antonio-yachts-d29-008\/#primaryimage"},"thumbnailUrl":"https:\/\/nauticcenter.net\/wp-content\/uploads\/2025\/03\/IMG_20250404_162736-scaled.jpg","datePublished":"2025-03-05T08:20:23+00:00","dateModified":"2025-08-28T07:55:25+00:00","description":"Descubre la De Antonio Yachts D29 en Menorca con Nautic Center Menorca. Te ofrecemos un servicio integral, desde la compra de la embarcaci\u00f3n hasta su mantenimiento, para que vivas la experiencia n\u00e1utica sin preocupaciones. Encuentra tu barco ideal y navega con nosotros.","breadcrumb":{"@id":"https:\/\/nauticcenter.net\/fr\/barco\/de-antonio-yachts-d29-008\/#breadcrumb"},"inLanguage":"fr-FR","potentialAction":[{"@type":"ReadAction","target":["https:\/\/nauticcenter.net\/fr\/barco\/de-antonio-yachts-d29-008\/"]}]},{"@type":"ImageObject","inLanguage":"fr-FR","@id":"https:\/\/nauticcenter.net\/fr\/barco\/de-antonio-yachts-d29-008\/#primaryimage","url":"https:\/\/nauticcenter.net\/wp-content\/uploads\/2025\/03\/IMG_20250404_162736-scaled.jpg","contentUrl":"https:\/\/nauticcenter.net\/wp-content\/uploads\/2025\/03\/IMG_20250404_162736-scaled.jpg","width":2560,"height":1928},{"@type":"BreadcrumbList","@id":"https:\/\/nauticcenter.net\/fr\/barco\/de-antonio-yachts-d29-008\/#breadcrumb","itemListElement":[{"@type":"ListItem","position":1,"name":"Barcos en Menorca","item":"https:\/\/nauticcenter.net\/barcos\/"},{"@type":"ListItem","position":2,"name":"De Antonio Yachts D29"}]},{"@type":"WebSite","@id":"https:\/\/nauticcenter.net\/fr\/#website","url":"https:\/\/nauticcenter.net\/fr\/","name":"Nautic Center Menorca","description":"","publisher":{"@id":"https:\/\/nauticcenter.net\/fr\/#organization"},"potentialAction":[{"@type":"SearchAction","target":{"@type":"EntryPoint","urlTemplate":"https:\/\/nauticcenter.net\/fr\/?s={search_term_string}"},"query-input":{"@type":"PropertyValueSpecification","valueRequired":true,"valueName":"search_term_string"}}],"inLanguage":"fr-FR"},{"@type":"Organization","@id":"https:\/\/nauticcenter.net\/fr\/#organization","name":"Nautic Center Menorca","url":"https:\/\/nauticcenter.net\/fr\/","logo":{"@type":"ImageObject","inLanguage":"fr-FR","@id":"https:\/\/nauticcenter.net\/fr\/#\/schema\/logo\/image\/","url":"http:\/\/nauticcenter.net\/wp-content\/uploads\/2023\/03\/NCm-Logo-centrado.jpg","contentUrl":"http:\/\/nauticcenter.net\/wp-content\/uploads\/2023\/03\/NCm-Logo-centrado.jpg","width":1772,"height":1418,"caption":"Nautic Center Menorca"},"image":{"@id":"https:\/\/nauticcenter.net\/fr\/#\/schema\/logo\/image\/"},"sameAs":["https:\/\/www.facebook.com\/nauticcentermenorca","https:\/\/www.instagram.com\/nauticcenter_menorca"]}]}},"_links":{"self":[{"href":"https:\/\/nauticcenter.net\/fr\/wp-json\/wp\/v2\/product\/64246","targetHints":{"allow":["GET"]}}],"collection":[{"href":"https:\/\/nauticcenter.net\/fr\/wp-json\/wp\/v2\/product"}],"about":[{"href":"https:\/\/nauticcenter.net\/fr\/wp-json\/wp\/v2\/types\/product"}],"wp:featuredmedia":[{"embeddable":true,"href":"https:\/\/nauticcenter.net\/fr\/wp-json\/wp\/v2\/media\/64400"}],"wp:attachment":[{"href":"https:\/\/nauticcenter.net\/fr\/wp-json\/wp\/v2\/media?parent=64246"}],"wp:term":[{"taxonomy":"product_brand","embeddable":true,"href":"https:\/\/nauticcenter.net\/fr\/wp-json\/wp\/v2\/product_brand?post=64246"},{"taxonomy":"product_cat","embeddable":true,"href":"https:\/\/nauticcenter.net\/fr\/wp-json\/wp\/v2\/product_cat?post=64246"},{"taxonomy":"product_tag","embeddable":true,"href":"https:\/\/nauticcenter.net\/fr\/wp-json\/wp\/v2\/product_tag?post=64246"}],"curies":[{"name":"wp","href":"https:\/\/api.w.org\/{rel}","templated":true}]}}