{"id":62536,"date":"2024-10-02T11:27:28","date_gmt":"2024-10-02T09:27:28","guid":{"rendered":"https:\/?post_type=product&#038;p=62536"},"modified":"2025-10-23T11:25:46","modified_gmt":"2025-10-23T09:25:46","slug":"sterk-31-wb-sy-311","status":"publish","type":"product","link":"https:\/\/nauticcenter.net\/fr\/barco\/sterk-31-wb-sy-311\/","title":{"rendered":"Sterk 31 WB"},"content":{"rendered":"<p>La Sterk 31 WB Sport es una embarcaci\u00f3n abierta con una cubierta <em>walkaround<\/em> de 9,73 metros de eslora. El c\u00f3modo ba\u00f1o, la gran plataforma de popa, la <em>dinette<\/em> extra espaciosa, el bar con fregadero y refrigerador y la peque\u00f1a cocina garantizar\u00e1n la m\u00e1xima comodidad durante tu estad\u00eda a bordo.<\/p>\n<p>Desarrollada espec\u00edficamente para el mercado mediterr\u00e1neo, ofrece muchas prestaciones de confort y un dise\u00f1o deportivo para los amantes de la velocidad.<\/p>\n","protected":false},"excerpt":{"rendered":"<p><strong>Incluido en el precio<\/strong><\/p>\n<ul>\n<li>Puesta a punto de la embarcaci\u00f3n<\/li>\n<li>Revisi\u00f3n del motor<\/li>\n<li>Limpieza antes de la entrega<\/li>\n<li>Entrega en los amarres de Marina Menorca<\/li>\n<li>Material de seguridad (Zona 6) con 4 chalecos<\/li>\n<li>Material de navegaci\u00f3n y extras incorporados<\/li>\n<li>Precio con IVA incluido<\/li>\n<\/ul>\n","protected":false},"featured_media":65360,"template":"","meta":{"_acf_changed":false},"product_brand":[],"product_cat":[533],"product_tag":[],"class_list":{"0":"post-62536","1":"product","2":"type-product","3":"status-publish","4":"has-post-thumbnail","6":"product_marcas-sterk","7":"product_banderas-espanola","8":"product_disponibilidad-consultar-disponibilidad","9":"product_propiedad-nautic-fun-menorca","10":"product_cat-motor-fueraborda","12":"first","13":"instock","14":"shipping-taxable","15":"purchasable","16":"product-type-simple"},"acf":[],"yoast_head":"<!-- This site is optimized with the Yoast SEO Premium plugin v20.8 (Yoast SEO v27.3) - https:\/\/yoast.com\/product\/yoast-seo-premium-wordpress\/ -->\n<title>31 WB | Sterk en Menorca | Nautic Center Menorca<\/title>\n<meta name=\"description\" content=\"Descubre la Sterk 31 WB en Menorca con Nautic Center Menorca. Te ofrecemos un servicio integral, desde la compra de la embarcaci\u00f3n hasta su mantenimiento, para que vivas la experiencia n\u00e1utica sin preocupaciones. Encuentra tu barco ideal y navega con nosotros.\" \/>\n<meta name=\"robots\" content=\"index, follow, max-snippet:-1, max-image-preview:large, max-video-preview:-1\" \/>\n<link rel=\"canonical\" href=\"https:\/\/nauticcenter.net\/fr\/barco\/sterk-31-wb-sy-311\/\" \/>\n<meta property=\"og:locale\" content=\"fr_FR\" \/>\n<meta property=\"og:type\" content=\"article\" \/>\n<meta property=\"og:title\" content=\"Sterk 31 WB\" \/>\n<meta property=\"og:description\" content=\"Descubre la Sterk 31 WB en Menorca con Nautic Center Menorca. Te ofrecemos un servicio integral, desde la compra de la embarcaci\u00f3n hasta su mantenimiento, para que vivas la experiencia n\u00e1utica sin preocupaciones. Encuentra tu barco ideal y navega con nosotros.\" \/>\n<meta property=\"og:url\" content=\"https:\/\/nauticcenter.net\/fr\/barco\/sterk-31-wb-sy-311\/\" \/>\n<meta property=\"og:site_name\" content=\"Nautic Center Menorca\" \/>\n<meta property=\"article:publisher\" content=\"https:\/\/www.facebook.com\/nauticcentermenorca\" \/>\n<meta property=\"article:modified_time\" content=\"2025-10-23T09:25:46+00:00\" \/>\n<meta property=\"og:image\" content=\"https:\/\/nauticcenter.net\/wp-content\/uploads\/2024\/10\/NFm-Web-1.png\" \/>\n\t<meta property=\"og:image:width\" content=\"1600\" \/>\n\t<meta property=\"og:image:height\" content=\"1200\" \/>\n\t<meta property=\"og:image:type\" content=\"image\/png\" \/>\n<meta name=\"twitter:card\" content=\"summary_large_image\" \/>\n<meta name=\"twitter:label1\" content=\"Dur\u00e9e de lecture estim\u00e9e\" \/>\n\t<meta name=\"twitter:data1\" content=\"1 minute\" \/>\n<script type=\"application\/ld+json\" class=\"yoast-schema-graph\">{\"@context\":\"https:\\\/\\\/schema.org\",\"@graph\":[{\"@type\":\"WebPage\",\"@id\":\"https:\\\/\\\/nauticcenter.net\\\/fr\\\/barco\\\/sterk-31-wb-sy-311\\\/\",\"url\":\"https:\\\/\\\/nauticcenter.net\\\/fr\\\/barco\\\/sterk-31-wb-sy-311\\\/\",\"name\":\"31 WB | Sterk en Menorca | Nautic Center Menorca\",\"isPartOf\":{\"@id\":\"https:\\\/\\\/nauticcenter.net\\\/fr\\\/#website\"},\"primaryImageOfPage\":{\"@id\":\"https:\\\/\\\/nauticcenter.net\\\/fr\\\/barco\\\/sterk-31-wb-sy-311\\\/#primaryimage\"},\"image\":{\"@id\":\"https:\\\/\\\/nauticcenter.net\\\/fr\\\/barco\\\/sterk-31-wb-sy-311\\\/#primaryimage\"},\"thumbnailUrl\":\"https:\\\/\\\/nauticcenter.net\\\/wp-content\\\/uploads\\\/2024\\\/10\\\/NFm-Web-1.png\",\"datePublished\":\"2024-10-02T09:27:28+00:00\",\"dateModified\":\"2025-10-23T09:25:46+00:00\",\"description\":\"Descubre la Sterk 31 WB en Menorca con Nautic Center Menorca. Te ofrecemos un servicio integral, desde la compra de la embarcaci\u00f3n hasta su mantenimiento, para que vivas la experiencia n\u00e1utica sin preocupaciones. Encuentra tu barco ideal y navega con nosotros.\",\"breadcrumb\":{\"@id\":\"https:\\\/\\\/nauticcenter.net\\\/fr\\\/barco\\\/sterk-31-wb-sy-311\\\/#breadcrumb\"},\"inLanguage\":\"fr-FR\",\"potentialAction\":[{\"@type\":\"ReadAction\",\"target\":[\"https:\\\/\\\/nauticcenter.net\\\/fr\\\/barco\\\/sterk-31-wb-sy-311\\\/\"]}]},{\"@type\":\"ImageObject\",\"inLanguage\":\"fr-FR\",\"@id\":\"https:\\\/\\\/nauticcenter.net\\\/fr\\\/barco\\\/sterk-31-wb-sy-311\\\/#primaryimage\",\"url\":\"https:\\\/\\\/nauticcenter.net\\\/wp-content\\\/uploads\\\/2024\\\/10\\\/NFm-Web-1.png\",\"contentUrl\":\"https:\\\/\\\/nauticcenter.net\\\/wp-content\\\/uploads\\\/2024\\\/10\\\/NFm-Web-1.png\",\"width\":1600,\"height\":1200},{\"@type\":\"BreadcrumbList\",\"@id\":\"https:\\\/\\\/nauticcenter.net\\\/fr\\\/barco\\\/sterk-31-wb-sy-311\\\/#breadcrumb\",\"itemListElement\":[{\"@type\":\"ListItem\",\"position\":1,\"name\":\"Barcos en Menorca\",\"item\":\"https:\\\/\\\/nauticcenter.net\\\/barcos\\\/\"},{\"@type\":\"ListItem\",\"position\":2,\"name\":\"Sterk 31 WB\"}]},{\"@type\":\"WebSite\",\"@id\":\"https:\\\/\\\/nauticcenter.net\\\/fr\\\/#website\",\"url\":\"https:\\\/\\\/nauticcenter.net\\\/fr\\\/\",\"name\":\"Nautic Center Menorca\",\"description\":\"\",\"publisher\":{\"@id\":\"https:\\\/\\\/nauticcenter.net\\\/fr\\\/#organization\"},\"potentialAction\":[{\"@type\":\"SearchAction\",\"target\":{\"@type\":\"EntryPoint\",\"urlTemplate\":\"https:\\\/\\\/nauticcenter.net\\\/fr\\\/?s={search_term_string}\"},\"query-input\":{\"@type\":\"PropertyValueSpecification\",\"valueRequired\":true,\"valueName\":\"search_term_string\"}}],\"inLanguage\":\"fr-FR\"},{\"@type\":\"Organization\",\"@id\":\"https:\\\/\\\/nauticcenter.net\\\/fr\\\/#organization\",\"name\":\"Nautic Center Menorca\",\"url\":\"https:\\\/\\\/nauticcenter.net\\\/fr\\\/\",\"logo\":{\"@type\":\"ImageObject\",\"inLanguage\":\"fr-FR\",\"@id\":\"https:\\\/\\\/nauticcenter.net\\\/fr\\\/#\\\/schema\\\/logo\\\/image\\\/\",\"url\":\"http:\\\/\\\/nauticcenter.net\\\/wp-content\\\/uploads\\\/2023\\\/03\\\/NCm-Logo-centrado.jpg\",\"contentUrl\":\"http:\\\/\\\/nauticcenter.net\\\/wp-content\\\/uploads\\\/2023\\\/03\\\/NCm-Logo-centrado.jpg\",\"width\":1772,\"height\":1418,\"caption\":\"Nautic Center Menorca\"},\"image\":{\"@id\":\"https:\\\/\\\/nauticcenter.net\\\/fr\\\/#\\\/schema\\\/logo\\\/image\\\/\"},\"sameAs\":[\"https:\\\/\\\/www.facebook.com\\\/nauticcentermenorca\",\"https:\\\/\\\/www.instagram.com\\\/nauticcenter_menorca\"]}]}<\/script>\n<!-- \/ Yoast SEO Premium plugin. -->","yoast_head_json":{"title":"31 WB | Sterk en Menorca | Nautic Center Menorca","description":"Descubre la Sterk 31 WB en Menorca con Nautic Center Menorca. Te ofrecemos un servicio integral, desde la compra de la embarcaci\u00f3n hasta su mantenimiento, para que vivas la experiencia n\u00e1utica sin preocupaciones. Encuentra tu barco ideal y navega con nosotros.","robots":{"index":"index","follow":"follow","max-snippet":"max-snippet:-1","max-image-preview":"max-image-preview:large","max-video-preview":"max-video-preview:-1"},"canonical":"https:\/\/nauticcenter.net\/fr\/barco\/sterk-31-wb-sy-311\/","og_locale":"fr_FR","og_type":"article","og_title":"Sterk 31 WB","og_description":"Descubre la Sterk 31 WB en Menorca con Nautic Center Menorca. Te ofrecemos un servicio integral, desde la compra de la embarcaci\u00f3n hasta su mantenimiento, para que vivas la experiencia n\u00e1utica sin preocupaciones. Encuentra tu barco ideal y navega con nosotros.","og_url":"https:\/\/nauticcenter.net\/fr\/barco\/sterk-31-wb-sy-311\/","og_site_name":"Nautic Center Menorca","article_publisher":"https:\/\/www.facebook.com\/nauticcentermenorca","article_modified_time":"2025-10-23T09:25:46+00:00","og_image":[{"width":1600,"height":1200,"url":"https:\/\/nauticcenter.net\/wp-content\/uploads\/2024\/10\/NFm-Web-1.png","type":"image\/png"}],"twitter_card":"summary_large_image","twitter_misc":{"Dur\u00e9e de lecture estim\u00e9e":"1 minute"},"schema":{"@context":"https:\/\/schema.org","@graph":[{"@type":"WebPage","@id":"https:\/\/nauticcenter.net\/fr\/barco\/sterk-31-wb-sy-311\/","url":"https:\/\/nauticcenter.net\/fr\/barco\/sterk-31-wb-sy-311\/","name":"31 WB | Sterk en Menorca | Nautic Center Menorca","isPartOf":{"@id":"https:\/\/nauticcenter.net\/fr\/#website"},"primaryImageOfPage":{"@id":"https:\/\/nauticcenter.net\/fr\/barco\/sterk-31-wb-sy-311\/#primaryimage"},"image":{"@id":"https:\/\/nauticcenter.net\/fr\/barco\/sterk-31-wb-sy-311\/#primaryimage"},"thumbnailUrl":"https:\/\/nauticcenter.net\/wp-content\/uploads\/2024\/10\/NFm-Web-1.png","datePublished":"2024-10-02T09:27:28+00:00","dateModified":"2025-10-23T09:25:46+00:00","description":"Descubre la Sterk 31 WB en Menorca con Nautic Center Menorca. Te ofrecemos un servicio integral, desde la compra de la embarcaci\u00f3n hasta su mantenimiento, para que vivas la experiencia n\u00e1utica sin preocupaciones. Encuentra tu barco ideal y navega con nosotros.","breadcrumb":{"@id":"https:\/\/nauticcenter.net\/fr\/barco\/sterk-31-wb-sy-311\/#breadcrumb"},"inLanguage":"fr-FR","potentialAction":[{"@type":"ReadAction","target":["https:\/\/nauticcenter.net\/fr\/barco\/sterk-31-wb-sy-311\/"]}]},{"@type":"ImageObject","inLanguage":"fr-FR","@id":"https:\/\/nauticcenter.net\/fr\/barco\/sterk-31-wb-sy-311\/#primaryimage","url":"https:\/\/nauticcenter.net\/wp-content\/uploads\/2024\/10\/NFm-Web-1.png","contentUrl":"https:\/\/nauticcenter.net\/wp-content\/uploads\/2024\/10\/NFm-Web-1.png","width":1600,"height":1200},{"@type":"BreadcrumbList","@id":"https:\/\/nauticcenter.net\/fr\/barco\/sterk-31-wb-sy-311\/#breadcrumb","itemListElement":[{"@type":"ListItem","position":1,"name":"Barcos en Menorca","item":"https:\/\/nauticcenter.net\/barcos\/"},{"@type":"ListItem","position":2,"name":"Sterk 31 WB"}]},{"@type":"WebSite","@id":"https:\/\/nauticcenter.net\/fr\/#website","url":"https:\/\/nauticcenter.net\/fr\/","name":"Nautic Center Menorca","description":"","publisher":{"@id":"https:\/\/nauticcenter.net\/fr\/#organization"},"potentialAction":[{"@type":"SearchAction","target":{"@type":"EntryPoint","urlTemplate":"https:\/\/nauticcenter.net\/fr\/?s={search_term_string}"},"query-input":{"@type":"PropertyValueSpecification","valueRequired":true,"valueName":"search_term_string"}}],"inLanguage":"fr-FR"},{"@type":"Organization","@id":"https:\/\/nauticcenter.net\/fr\/#organization","name":"Nautic Center Menorca","url":"https:\/\/nauticcenter.net\/fr\/","logo":{"@type":"ImageObject","inLanguage":"fr-FR","@id":"https:\/\/nauticcenter.net\/fr\/#\/schema\/logo\/image\/","url":"http:\/\/nauticcenter.net\/wp-content\/uploads\/2023\/03\/NCm-Logo-centrado.jpg","contentUrl":"http:\/\/nauticcenter.net\/wp-content\/uploads\/2023\/03\/NCm-Logo-centrado.jpg","width":1772,"height":1418,"caption":"Nautic Center Menorca"},"image":{"@id":"https:\/\/nauticcenter.net\/fr\/#\/schema\/logo\/image\/"},"sameAs":["https:\/\/www.facebook.com\/nauticcentermenorca","https:\/\/www.instagram.com\/nauticcenter_menorca"]}]}},"_links":{"self":[{"href":"https:\/\/nauticcenter.net\/fr\/wp-json\/wp\/v2\/product\/62536","targetHints":{"allow":["GET"]}}],"collection":[{"href":"https:\/\/nauticcenter.net\/fr\/wp-json\/wp\/v2\/product"}],"about":[{"href":"https:\/\/nauticcenter.net\/fr\/wp-json\/wp\/v2\/types\/product"}],"wp:featuredmedia":[{"embeddable":true,"href":"https:\/\/nauticcenter.net\/fr\/wp-json\/wp\/v2\/media\/65360"}],"wp:attachment":[{"href":"https:\/\/nauticcenter.net\/fr\/wp-json\/wp\/v2\/media?parent=62536"}],"wp:term":[{"taxonomy":"product_brand","embeddable":true,"href":"https:\/\/nauticcenter.net\/fr\/wp-json\/wp\/v2\/product_brand?post=62536"},{"taxonomy":"product_cat","embeddable":true,"href":"https:\/\/nauticcenter.net\/fr\/wp-json\/wp\/v2\/product_cat?post=62536"},{"taxonomy":"product_tag","embeddable":true,"href":"https:\/\/nauticcenter.net\/fr\/wp-json\/wp\/v2\/product_tag?post=62536"}],"curies":[{"name":"wp","href":"https:\/\/api.w.org\/{rel}","templated":true}]}}