{"id":40033,"date":"2023-05-19T12:58:52","date_gmt":"2023-05-19T10:58:52","guid":{"rendered":"https:\/?post_type=product&#038;p=40033"},"modified":"2024-10-07T13:18:54","modified_gmt":"2024-10-07T11:18:54","slug":"sasga-yachts-menorquin-42-ht","status":"publish","type":"product","link":"https:\/\/nauticcenter.net\/fr\/barco\/sasga-yachts-menorquin-42-ht\/","title":{"rendered":"Sasga Yachts Menorqu\u00edn 42 HT"},"content":{"rendered":"","protected":false},"excerpt":{"rendered":"<p><strong>M\u00e1s informaci\u00f3n en:<\/strong> <a href=\"https:\/\/www.sasgayachts.com\/es\/modelos\/menorquin-42-ht\">www.sasgayachts.com\/es\/modelos\/menorquin-42-ht<\/a><\/p>\n","protected":false},"featured_media":40073,"template":"","meta":{"_acf_changed":false},"product_brand":[],"product_cat":[134],"product_tag":[],"class_list":{"0":"post-40033","1":"product","2":"type-product","3":"status-publish","4":"has-post-thumbnail","6":"product_marcas-sasga-yachts","7":"product_banderas-sin-matricular","8":"product_disponibilidad-consultar-disponibilidad","9":"product_propiedad-nautic-center-menorca","10":"product_cat-motor-intraborda","12":"first","13":"instock","14":"shipping-taxable","15":"product-type-simple"},"acf":[],"yoast_head":"<!-- This site is optimized with the Yoast SEO Premium plugin v20.8 (Yoast SEO v27.3) - https:\/\/yoast.com\/product\/yoast-seo-premium-wordpress\/ -->\n<title>Menorqu\u00edn 42 HT | Sasga Yachts en Menorca | Nautic Center Menorca<\/title>\n<meta name=\"description\" content=\"Descubre e inf\u00f3rmate sobre todo lo que el Menorqu\u00edn 42 HT puede ofrecerte en el mar. Somos distribuidor oficial de las embarcaciones de Sasga Yachts en Menorca.\" \/>\n<meta name=\"robots\" content=\"index, follow, max-snippet:-1, max-image-preview:large, max-video-preview:-1\" \/>\n<link rel=\"canonical\" href=\"https:\/\/nauticcenter.net\/fr\/barco\/sasga-yachts-menorquin-42-ht\/\" \/>\n<meta property=\"og:locale\" content=\"fr_FR\" \/>\n<meta property=\"og:type\" content=\"article\" \/>\n<meta property=\"og:title\" content=\"Sasga Yachts Menorqu\u00edn 42 HT\" \/>\n<meta property=\"og:description\" content=\"Descubre e inf\u00f3rmate sobre todo lo que el Menorqu\u00edn 42 HT puede ofrecerte en el mar. Somos distribuidor oficial de las embarcaciones de Sasga Yachts en Menorca.\" \/>\n<meta property=\"og:url\" content=\"https:\/\/nauticcenter.net\/fr\/barco\/sasga-yachts-menorquin-42-ht\/\" \/>\n<meta property=\"og:site_name\" content=\"Nautic Center Menorca\" \/>\n<meta property=\"article:publisher\" content=\"https:\/\/www.facebook.com\/nauticcentermenorca\" \/>\n<meta property=\"article:modified_time\" content=\"2024-10-07T11:18:54+00:00\" \/>\n<meta property=\"og:image\" content=\"https:\/\/nauticcenter.net\/wp-content\/uploads\/2023\/05\/Sasga-Yachts-Menorquin-41-HT_1.jpg\" \/>\n\t<meta property=\"og:image:width\" content=\"1600\" \/>\n\t<meta property=\"og:image:height\" content=\"1067\" \/>\n\t<meta property=\"og:image:type\" content=\"image\/jpeg\" \/>\n<meta name=\"twitter:card\" content=\"summary_large_image\" \/>\n<meta name=\"twitter:label1\" content=\"Dur\u00e9e de lecture estim\u00e9e\" \/>\n\t<meta name=\"twitter:data1\" content=\"1 minute\" \/>\n<script type=\"application\/ld+json\" class=\"yoast-schema-graph\">{\"@context\":\"https:\\\/\\\/schema.org\",\"@graph\":[{\"@type\":\"WebPage\",\"@id\":\"https:\\\/\\\/nauticcenter.net\\\/fr\\\/barco\\\/sasga-yachts-menorquin-42-ht\\\/\",\"url\":\"https:\\\/\\\/nauticcenter.net\\\/fr\\\/barco\\\/sasga-yachts-menorquin-42-ht\\\/\",\"name\":\"Menorqu\u00edn 42 HT | Sasga Yachts en Menorca | Nautic Center Menorca\",\"isPartOf\":{\"@id\":\"https:\\\/\\\/nauticcenter.net\\\/fr\\\/#website\"},\"primaryImageOfPage\":{\"@id\":\"https:\\\/\\\/nauticcenter.net\\\/fr\\\/barco\\\/sasga-yachts-menorquin-42-ht\\\/#primaryimage\"},\"image\":{\"@id\":\"https:\\\/\\\/nauticcenter.net\\\/fr\\\/barco\\\/sasga-yachts-menorquin-42-ht\\\/#primaryimage\"},\"thumbnailUrl\":\"https:\\\/\\\/nauticcenter.net\\\/wp-content\\\/uploads\\\/2023\\\/05\\\/Sasga-Yachts-Menorquin-41-HT_1.jpg\",\"datePublished\":\"2023-05-19T10:58:52+00:00\",\"dateModified\":\"2024-10-07T11:18:54+00:00\",\"description\":\"Descubre e inf\u00f3rmate sobre todo lo que el Menorqu\u00edn 42 HT puede ofrecerte en el mar. Somos distribuidor oficial de las embarcaciones de Sasga Yachts en Menorca.\",\"breadcrumb\":{\"@id\":\"https:\\\/\\\/nauticcenter.net\\\/fr\\\/barco\\\/sasga-yachts-menorquin-42-ht\\\/#breadcrumb\"},\"inLanguage\":\"fr-FR\",\"potentialAction\":[{\"@type\":\"ReadAction\",\"target\":[\"https:\\\/\\\/nauticcenter.net\\\/fr\\\/barco\\\/sasga-yachts-menorquin-42-ht\\\/\"]}]},{\"@type\":\"ImageObject\",\"inLanguage\":\"fr-FR\",\"@id\":\"https:\\\/\\\/nauticcenter.net\\\/fr\\\/barco\\\/sasga-yachts-menorquin-42-ht\\\/#primaryimage\",\"url\":\"https:\\\/\\\/nauticcenter.net\\\/wp-content\\\/uploads\\\/2023\\\/05\\\/Sasga-Yachts-Menorquin-41-HT_1.jpg\",\"contentUrl\":\"https:\\\/\\\/nauticcenter.net\\\/wp-content\\\/uploads\\\/2023\\\/05\\\/Sasga-Yachts-Menorquin-41-HT_1.jpg\",\"width\":1600,\"height\":1067},{\"@type\":\"BreadcrumbList\",\"@id\":\"https:\\\/\\\/nauticcenter.net\\\/fr\\\/barco\\\/sasga-yachts-menorquin-42-ht\\\/#breadcrumb\",\"itemListElement\":[{\"@type\":\"ListItem\",\"position\":1,\"name\":\"Barcos en Menorca\",\"item\":\"https:\\\/\\\/nauticcenter.net\\\/barcos\\\/\"},{\"@type\":\"ListItem\",\"position\":2,\"name\":\"Sasga Yachts Menorqu\u00edn 42 HT\"}]},{\"@type\":\"WebSite\",\"@id\":\"https:\\\/\\\/nauticcenter.net\\\/fr\\\/#website\",\"url\":\"https:\\\/\\\/nauticcenter.net\\\/fr\\\/\",\"name\":\"Nautic Center Menorca\",\"description\":\"\",\"publisher\":{\"@id\":\"https:\\\/\\\/nauticcenter.net\\\/fr\\\/#organization\"},\"potentialAction\":[{\"@type\":\"SearchAction\",\"target\":{\"@type\":\"EntryPoint\",\"urlTemplate\":\"https:\\\/\\\/nauticcenter.net\\\/fr\\\/?s={search_term_string}\"},\"query-input\":{\"@type\":\"PropertyValueSpecification\",\"valueRequired\":true,\"valueName\":\"search_term_string\"}}],\"inLanguage\":\"fr-FR\"},{\"@type\":\"Organization\",\"@id\":\"https:\\\/\\\/nauticcenter.net\\\/fr\\\/#organization\",\"name\":\"Nautic Center Menorca\",\"url\":\"https:\\\/\\\/nauticcenter.net\\\/fr\\\/\",\"logo\":{\"@type\":\"ImageObject\",\"inLanguage\":\"fr-FR\",\"@id\":\"https:\\\/\\\/nauticcenter.net\\\/fr\\\/#\\\/schema\\\/logo\\\/image\\\/\",\"url\":\"http:\\\/\\\/nauticcenter.net\\\/wp-content\\\/uploads\\\/2023\\\/03\\\/NCm-Logo-centrado.jpg\",\"contentUrl\":\"http:\\\/\\\/nauticcenter.net\\\/wp-content\\\/uploads\\\/2023\\\/03\\\/NCm-Logo-centrado.jpg\",\"width\":1772,\"height\":1418,\"caption\":\"Nautic Center Menorca\"},\"image\":{\"@id\":\"https:\\\/\\\/nauticcenter.net\\\/fr\\\/#\\\/schema\\\/logo\\\/image\\\/\"},\"sameAs\":[\"https:\\\/\\\/www.facebook.com\\\/nauticcentermenorca\",\"https:\\\/\\\/www.instagram.com\\\/nauticcenter_menorca\"]}]}<\/script>\n<!-- \/ Yoast SEO Premium plugin. -->","yoast_head_json":{"title":"Menorqu\u00edn 42 HT | Sasga Yachts en Menorca | Nautic Center Menorca","description":"Descubre e inf\u00f3rmate sobre todo lo que el Menorqu\u00edn 42 HT puede ofrecerte en el mar. Somos distribuidor oficial de las embarcaciones de Sasga Yachts en Menorca.","robots":{"index":"index","follow":"follow","max-snippet":"max-snippet:-1","max-image-preview":"max-image-preview:large","max-video-preview":"max-video-preview:-1"},"canonical":"https:\/\/nauticcenter.net\/fr\/barco\/sasga-yachts-menorquin-42-ht\/","og_locale":"fr_FR","og_type":"article","og_title":"Sasga Yachts Menorqu\u00edn 42 HT","og_description":"Descubre e inf\u00f3rmate sobre todo lo que el Menorqu\u00edn 42 HT puede ofrecerte en el mar. Somos distribuidor oficial de las embarcaciones de Sasga Yachts en Menorca.","og_url":"https:\/\/nauticcenter.net\/fr\/barco\/sasga-yachts-menorquin-42-ht\/","og_site_name":"Nautic Center Menorca","article_publisher":"https:\/\/www.facebook.com\/nauticcentermenorca","article_modified_time":"2024-10-07T11:18:54+00:00","og_image":[{"width":1600,"height":1067,"url":"https:\/\/nauticcenter.net\/wp-content\/uploads\/2023\/05\/Sasga-Yachts-Menorquin-41-HT_1.jpg","type":"image\/jpeg"}],"twitter_card":"summary_large_image","twitter_misc":{"Dur\u00e9e de lecture estim\u00e9e":"1 minute"},"schema":{"@context":"https:\/\/schema.org","@graph":[{"@type":"WebPage","@id":"https:\/\/nauticcenter.net\/fr\/barco\/sasga-yachts-menorquin-42-ht\/","url":"https:\/\/nauticcenter.net\/fr\/barco\/sasga-yachts-menorquin-42-ht\/","name":"Menorqu\u00edn 42 HT | Sasga Yachts en Menorca | Nautic Center Menorca","isPartOf":{"@id":"https:\/\/nauticcenter.net\/fr\/#website"},"primaryImageOfPage":{"@id":"https:\/\/nauticcenter.net\/fr\/barco\/sasga-yachts-menorquin-42-ht\/#primaryimage"},"image":{"@id":"https:\/\/nauticcenter.net\/fr\/barco\/sasga-yachts-menorquin-42-ht\/#primaryimage"},"thumbnailUrl":"https:\/\/nauticcenter.net\/wp-content\/uploads\/2023\/05\/Sasga-Yachts-Menorquin-41-HT_1.jpg","datePublished":"2023-05-19T10:58:52+00:00","dateModified":"2024-10-07T11:18:54+00:00","description":"Descubre e inf\u00f3rmate sobre todo lo que el Menorqu\u00edn 42 HT puede ofrecerte en el mar. Somos distribuidor oficial de las embarcaciones de Sasga Yachts en Menorca.","breadcrumb":{"@id":"https:\/\/nauticcenter.net\/fr\/barco\/sasga-yachts-menorquin-42-ht\/#breadcrumb"},"inLanguage":"fr-FR","potentialAction":[{"@type":"ReadAction","target":["https:\/\/nauticcenter.net\/fr\/barco\/sasga-yachts-menorquin-42-ht\/"]}]},{"@type":"ImageObject","inLanguage":"fr-FR","@id":"https:\/\/nauticcenter.net\/fr\/barco\/sasga-yachts-menorquin-42-ht\/#primaryimage","url":"https:\/\/nauticcenter.net\/wp-content\/uploads\/2023\/05\/Sasga-Yachts-Menorquin-41-HT_1.jpg","contentUrl":"https:\/\/nauticcenter.net\/wp-content\/uploads\/2023\/05\/Sasga-Yachts-Menorquin-41-HT_1.jpg","width":1600,"height":1067},{"@type":"BreadcrumbList","@id":"https:\/\/nauticcenter.net\/fr\/barco\/sasga-yachts-menorquin-42-ht\/#breadcrumb","itemListElement":[{"@type":"ListItem","position":1,"name":"Barcos en Menorca","item":"https:\/\/nauticcenter.net\/barcos\/"},{"@type":"ListItem","position":2,"name":"Sasga Yachts Menorqu\u00edn 42 HT"}]},{"@type":"WebSite","@id":"https:\/\/nauticcenter.net\/fr\/#website","url":"https:\/\/nauticcenter.net\/fr\/","name":"Nautic Center Menorca","description":"","publisher":{"@id":"https:\/\/nauticcenter.net\/fr\/#organization"},"potentialAction":[{"@type":"SearchAction","target":{"@type":"EntryPoint","urlTemplate":"https:\/\/nauticcenter.net\/fr\/?s={search_term_string}"},"query-input":{"@type":"PropertyValueSpecification","valueRequired":true,"valueName":"search_term_string"}}],"inLanguage":"fr-FR"},{"@type":"Organization","@id":"https:\/\/nauticcenter.net\/fr\/#organization","name":"Nautic Center Menorca","url":"https:\/\/nauticcenter.net\/fr\/","logo":{"@type":"ImageObject","inLanguage":"fr-FR","@id":"https:\/\/nauticcenter.net\/fr\/#\/schema\/logo\/image\/","url":"http:\/\/nauticcenter.net\/wp-content\/uploads\/2023\/03\/NCm-Logo-centrado.jpg","contentUrl":"http:\/\/nauticcenter.net\/wp-content\/uploads\/2023\/03\/NCm-Logo-centrado.jpg","width":1772,"height":1418,"caption":"Nautic Center Menorca"},"image":{"@id":"https:\/\/nauticcenter.net\/fr\/#\/schema\/logo\/image\/"},"sameAs":["https:\/\/www.facebook.com\/nauticcentermenorca","https:\/\/www.instagram.com\/nauticcenter_menorca"]}]}},"_links":{"self":[{"href":"https:\/\/nauticcenter.net\/fr\/wp-json\/wp\/v2\/product\/40033","targetHints":{"allow":["GET"]}}],"collection":[{"href":"https:\/\/nauticcenter.net\/fr\/wp-json\/wp\/v2\/product"}],"about":[{"href":"https:\/\/nauticcenter.net\/fr\/wp-json\/wp\/v2\/types\/product"}],"wp:featuredmedia":[{"embeddable":true,"href":"https:\/\/nauticcenter.net\/fr\/wp-json\/wp\/v2\/media\/40073"}],"wp:attachment":[{"href":"https:\/\/nauticcenter.net\/fr\/wp-json\/wp\/v2\/media?parent=40033"}],"wp:term":[{"taxonomy":"product_brand","embeddable":true,"href":"https:\/\/nauticcenter.net\/fr\/wp-json\/wp\/v2\/product_brand?post=40033"},{"taxonomy":"product_cat","embeddable":true,"href":"https:\/\/nauticcenter.net\/fr\/wp-json\/wp\/v2\/product_cat?post=40033"},{"taxonomy":"product_tag","embeddable":true,"href":"https:\/\/nauticcenter.net\/fr\/wp-json\/wp\/v2\/product_tag?post=40033"}],"curies":[{"name":"wp","href":"https:\/\/api.w.org\/{rel}","templated":true}]}}