{"id":39645,"date":"2023-05-11T11:14:40","date_gmt":"2023-05-11T09:14:40","guid":{"rendered":"https:\/?post_type=product&#038;p=39645"},"modified":"2024-06-05T09:47:39","modified_gmt":"2024-06-05T07:47:39","slug":"bma-x266-10429b323","status":"publish","type":"product","link":"https:\/\/nauticcenter.net\/fr\/barco\/bma-x266-10429b323\/","title":{"rendered":"BMA X266"},"content":{"rendered":"<p>El coraz\u00f3n de un gran proyecto de BMA late en la nueva X266. Un concentrado de tecnolog\u00eda proyectada hacia el futuro. Un casco de l\u00edneas modernas, eficaz y seguro, equipamiento elegante y esencial, versiones adaptables a todas las formas de experimentar el mar. La X266, con su originalidad, representa el progreso y ser\u00e1 el sue\u00f1o y la esencia de la navegaci\u00f3n en los pr\u00f3ximos a\u00f1os.<\/p>\n<p>Cada modelo est\u00e1 equipado con una configuraci\u00f3n completa para permitir la m\u00e1xima comodidad sin sacrificar el rendimiento. Vivir el mar con X266 ser\u00e1 una experiencia inolvidable para los amantes de las embarcaciones deportivas pero tambi\u00e9n para una salida en familia.<\/p>\n","protected":false},"excerpt":{"rendered":"<p><strong>Incluido en el precio<\/strong><\/p>\n<ul>\n<li>Transporte<\/li>\n<li>Montaje<\/li>\n<li>Inscripci\u00f3n<\/li>\n<li>Entrega en el puerto de Mah\u00f3n (Menorca, Islas Baleares, Espa\u00f1a)<\/li>\n<\/ul>\n","protected":false},"featured_media":39193,"template":"","meta":{"_acf_changed":false},"product_brand":[],"product_cat":[533],"product_tag":[],"class_list":{"0":"post-39645","1":"product","2":"type-product","3":"status-publish","4":"has-post-thumbnail","6":"product_marcas-bma","7":"product_banderas-sin-matricular","8":"product_disponibilidad-entrega-inmediata","9":"product_propiedad-nautic-center-menorca","10":"product_cat-motor-fueraborda","12":"first","13":"instock","14":"shipping-taxable","15":"purchasable","16":"product-type-simple"},"acf":[],"yoast_head":"<!-- This site is optimized with the Yoast SEO Premium plugin v20.8 (Yoast SEO v27.3) - https:\/\/yoast.com\/product\/yoast-seo-premium-wordpress\/ -->\n<title>X266 | BMA en Menorca | Nautic Center Menorca<\/title>\n<meta name=\"description\" content=\"Descubra e informese sobre todo lo que el BMA X266 puede ofrecerle en el mar. Este barco estar\u00e1 disponible en Menorca con entrega inmediata.\" \/>\n<meta name=\"robots\" content=\"index, follow, max-snippet:-1, max-image-preview:large, max-video-preview:-1\" \/>\n<link rel=\"canonical\" href=\"https:\/\/nauticcenter.net\/fr\/barco\/bma-x266-10429b323\/\" \/>\n<meta property=\"og:locale\" content=\"fr_FR\" \/>\n<meta property=\"og:type\" content=\"article\" \/>\n<meta property=\"og:title\" content=\"BMA X266\" \/>\n<meta property=\"og:description\" content=\"Descubra e informese sobre todo lo que el BMA X266 puede ofrecerle en el mar. Este barco estar\u00e1 disponible en Menorca con entrega inmediata.\" \/>\n<meta property=\"og:url\" content=\"https:\/\/nauticcenter.net\/fr\/barco\/bma-x266-10429b323\/\" \/>\n<meta property=\"og:site_name\" content=\"Nautic Center Menorca\" \/>\n<meta property=\"article:publisher\" content=\"https:\/\/www.facebook.com\/nauticcentermenorca\" \/>\n<meta property=\"article:modified_time\" content=\"2024-06-05T07:47:39+00:00\" \/>\n<meta property=\"og:image\" content=\"https:\/\/nauticcenter.net\/wp-content\/uploads\/2022\/09\/20230419_172143-scaled.jpg\" \/>\n\t<meta property=\"og:image:width\" content=\"2560\" \/>\n\t<meta property=\"og:image:height\" content=\"1440\" \/>\n\t<meta property=\"og:image:type\" content=\"image\/jpeg\" \/>\n<meta name=\"twitter:card\" content=\"summary_large_image\" \/>\n<meta name=\"twitter:label1\" content=\"Dur\u00e9e de lecture estim\u00e9e\" \/>\n\t<meta name=\"twitter:data1\" content=\"2 minutes\" \/>\n<script type=\"application\/ld+json\" class=\"yoast-schema-graph\">{\"@context\":\"https:\\\/\\\/schema.org\",\"@graph\":[{\"@type\":\"WebPage\",\"@id\":\"https:\\\/\\\/nauticcenter.net\\\/fr\\\/barco\\\/bma-x266-10429b323\\\/\",\"url\":\"https:\\\/\\\/nauticcenter.net\\\/fr\\\/barco\\\/bma-x266-10429b323\\\/\",\"name\":\"X266 | BMA en Menorca | Nautic Center Menorca\",\"isPartOf\":{\"@id\":\"https:\\\/\\\/nauticcenter.net\\\/fr\\\/#website\"},\"primaryImageOfPage\":{\"@id\":\"https:\\\/\\\/nauticcenter.net\\\/fr\\\/barco\\\/bma-x266-10429b323\\\/#primaryimage\"},\"image\":{\"@id\":\"https:\\\/\\\/nauticcenter.net\\\/fr\\\/barco\\\/bma-x266-10429b323\\\/#primaryimage\"},\"thumbnailUrl\":\"https:\\\/\\\/nauticcenter.net\\\/wp-content\\\/uploads\\\/2022\\\/09\\\/20230419_172143-scaled.jpg\",\"datePublished\":\"2023-05-11T09:14:40+00:00\",\"dateModified\":\"2024-06-05T07:47:39+00:00\",\"description\":\"Descubra e informese sobre todo lo que el BMA X266 puede ofrecerle en el mar. Este barco estar\u00e1 disponible en Menorca con entrega inmediata.\",\"breadcrumb\":{\"@id\":\"https:\\\/\\\/nauticcenter.net\\\/fr\\\/barco\\\/bma-x266-10429b323\\\/#breadcrumb\"},\"inLanguage\":\"fr-FR\",\"potentialAction\":[{\"@type\":\"ReadAction\",\"target\":[\"https:\\\/\\\/nauticcenter.net\\\/fr\\\/barco\\\/bma-x266-10429b323\\\/\"]}]},{\"@type\":\"ImageObject\",\"inLanguage\":\"fr-FR\",\"@id\":\"https:\\\/\\\/nauticcenter.net\\\/fr\\\/barco\\\/bma-x266-10429b323\\\/#primaryimage\",\"url\":\"https:\\\/\\\/nauticcenter.net\\\/wp-content\\\/uploads\\\/2022\\\/09\\\/20230419_172143-scaled.jpg\",\"contentUrl\":\"https:\\\/\\\/nauticcenter.net\\\/wp-content\\\/uploads\\\/2022\\\/09\\\/20230419_172143-scaled.jpg\",\"width\":2560,\"height\":1440,\"caption\":\"BMA X266 | BMA en Menorca | Nautic Center\"},{\"@type\":\"BreadcrumbList\",\"@id\":\"https:\\\/\\\/nauticcenter.net\\\/fr\\\/barco\\\/bma-x266-10429b323\\\/#breadcrumb\",\"itemListElement\":[{\"@type\":\"ListItem\",\"position\":1,\"name\":\"Barcos en Menorca\",\"item\":\"https:\\\/\\\/nauticcenter.net\\\/barcos\\\/\"},{\"@type\":\"ListItem\",\"position\":2,\"name\":\"BMA X266\"}]},{\"@type\":\"WebSite\",\"@id\":\"https:\\\/\\\/nauticcenter.net\\\/fr\\\/#website\",\"url\":\"https:\\\/\\\/nauticcenter.net\\\/fr\\\/\",\"name\":\"Nautic Center Menorca\",\"description\":\"\",\"publisher\":{\"@id\":\"https:\\\/\\\/nauticcenter.net\\\/fr\\\/#organization\"},\"potentialAction\":[{\"@type\":\"SearchAction\",\"target\":{\"@type\":\"EntryPoint\",\"urlTemplate\":\"https:\\\/\\\/nauticcenter.net\\\/fr\\\/?s={search_term_string}\"},\"query-input\":{\"@type\":\"PropertyValueSpecification\",\"valueRequired\":true,\"valueName\":\"search_term_string\"}}],\"inLanguage\":\"fr-FR\"},{\"@type\":\"Organization\",\"@id\":\"https:\\\/\\\/nauticcenter.net\\\/fr\\\/#organization\",\"name\":\"Nautic Center Menorca\",\"url\":\"https:\\\/\\\/nauticcenter.net\\\/fr\\\/\",\"logo\":{\"@type\":\"ImageObject\",\"inLanguage\":\"fr-FR\",\"@id\":\"https:\\\/\\\/nauticcenter.net\\\/fr\\\/#\\\/schema\\\/logo\\\/image\\\/\",\"url\":\"http:\\\/\\\/nauticcenter.net\\\/wp-content\\\/uploads\\\/2023\\\/03\\\/NCm-Logo-centrado.jpg\",\"contentUrl\":\"http:\\\/\\\/nauticcenter.net\\\/wp-content\\\/uploads\\\/2023\\\/03\\\/NCm-Logo-centrado.jpg\",\"width\":1772,\"height\":1418,\"caption\":\"Nautic Center Menorca\"},\"image\":{\"@id\":\"https:\\\/\\\/nauticcenter.net\\\/fr\\\/#\\\/schema\\\/logo\\\/image\\\/\"},\"sameAs\":[\"https:\\\/\\\/www.facebook.com\\\/nauticcentermenorca\",\"https:\\\/\\\/www.instagram.com\\\/nauticcenter_menorca\"]}]}<\/script>\n<!-- \/ Yoast SEO Premium plugin. -->","yoast_head_json":{"title":"X266 | BMA en Menorca | Nautic Center Menorca","description":"Descubra e informese sobre todo lo que el BMA X266 puede ofrecerle en el mar. Este barco estar\u00e1 disponible en Menorca con entrega inmediata.","robots":{"index":"index","follow":"follow","max-snippet":"max-snippet:-1","max-image-preview":"max-image-preview:large","max-video-preview":"max-video-preview:-1"},"canonical":"https:\/\/nauticcenter.net\/fr\/barco\/bma-x266-10429b323\/","og_locale":"fr_FR","og_type":"article","og_title":"BMA X266","og_description":"Descubra e informese sobre todo lo que el BMA X266 puede ofrecerle en el mar. Este barco estar\u00e1 disponible en Menorca con entrega inmediata.","og_url":"https:\/\/nauticcenter.net\/fr\/barco\/bma-x266-10429b323\/","og_site_name":"Nautic Center Menorca","article_publisher":"https:\/\/www.facebook.com\/nauticcentermenorca","article_modified_time":"2024-06-05T07:47:39+00:00","og_image":[{"width":2560,"height":1440,"url":"https:\/\/nauticcenter.net\/wp-content\/uploads\/2022\/09\/20230419_172143-scaled.jpg","type":"image\/jpeg"}],"twitter_card":"summary_large_image","twitter_misc":{"Dur\u00e9e de lecture estim\u00e9e":"2 minutes"},"schema":{"@context":"https:\/\/schema.org","@graph":[{"@type":"WebPage","@id":"https:\/\/nauticcenter.net\/fr\/barco\/bma-x266-10429b323\/","url":"https:\/\/nauticcenter.net\/fr\/barco\/bma-x266-10429b323\/","name":"X266 | BMA en Menorca | Nautic Center Menorca","isPartOf":{"@id":"https:\/\/nauticcenter.net\/fr\/#website"},"primaryImageOfPage":{"@id":"https:\/\/nauticcenter.net\/fr\/barco\/bma-x266-10429b323\/#primaryimage"},"image":{"@id":"https:\/\/nauticcenter.net\/fr\/barco\/bma-x266-10429b323\/#primaryimage"},"thumbnailUrl":"https:\/\/nauticcenter.net\/wp-content\/uploads\/2022\/09\/20230419_172143-scaled.jpg","datePublished":"2023-05-11T09:14:40+00:00","dateModified":"2024-06-05T07:47:39+00:00","description":"Descubra e informese sobre todo lo que el BMA X266 puede ofrecerle en el mar. Este barco estar\u00e1 disponible en Menorca con entrega inmediata.","breadcrumb":{"@id":"https:\/\/nauticcenter.net\/fr\/barco\/bma-x266-10429b323\/#breadcrumb"},"inLanguage":"fr-FR","potentialAction":[{"@type":"ReadAction","target":["https:\/\/nauticcenter.net\/fr\/barco\/bma-x266-10429b323\/"]}]},{"@type":"ImageObject","inLanguage":"fr-FR","@id":"https:\/\/nauticcenter.net\/fr\/barco\/bma-x266-10429b323\/#primaryimage","url":"https:\/\/nauticcenter.net\/wp-content\/uploads\/2022\/09\/20230419_172143-scaled.jpg","contentUrl":"https:\/\/nauticcenter.net\/wp-content\/uploads\/2022\/09\/20230419_172143-scaled.jpg","width":2560,"height":1440,"caption":"BMA X266 | BMA en Menorca | Nautic Center"},{"@type":"BreadcrumbList","@id":"https:\/\/nauticcenter.net\/fr\/barco\/bma-x266-10429b323\/#breadcrumb","itemListElement":[{"@type":"ListItem","position":1,"name":"Barcos en Menorca","item":"https:\/\/nauticcenter.net\/barcos\/"},{"@type":"ListItem","position":2,"name":"BMA X266"}]},{"@type":"WebSite","@id":"https:\/\/nauticcenter.net\/fr\/#website","url":"https:\/\/nauticcenter.net\/fr\/","name":"Nautic Center Menorca","description":"","publisher":{"@id":"https:\/\/nauticcenter.net\/fr\/#organization"},"potentialAction":[{"@type":"SearchAction","target":{"@type":"EntryPoint","urlTemplate":"https:\/\/nauticcenter.net\/fr\/?s={search_term_string}"},"query-input":{"@type":"PropertyValueSpecification","valueRequired":true,"valueName":"search_term_string"}}],"inLanguage":"fr-FR"},{"@type":"Organization","@id":"https:\/\/nauticcenter.net\/fr\/#organization","name":"Nautic Center Menorca","url":"https:\/\/nauticcenter.net\/fr\/","logo":{"@type":"ImageObject","inLanguage":"fr-FR","@id":"https:\/\/nauticcenter.net\/fr\/#\/schema\/logo\/image\/","url":"http:\/\/nauticcenter.net\/wp-content\/uploads\/2023\/03\/NCm-Logo-centrado.jpg","contentUrl":"http:\/\/nauticcenter.net\/wp-content\/uploads\/2023\/03\/NCm-Logo-centrado.jpg","width":1772,"height":1418,"caption":"Nautic Center Menorca"},"image":{"@id":"https:\/\/nauticcenter.net\/fr\/#\/schema\/logo\/image\/"},"sameAs":["https:\/\/www.facebook.com\/nauticcentermenorca","https:\/\/www.instagram.com\/nauticcenter_menorca"]}]}},"_links":{"self":[{"href":"https:\/\/nauticcenter.net\/fr\/wp-json\/wp\/v2\/product\/39645","targetHints":{"allow":["GET"]}}],"collection":[{"href":"https:\/\/nauticcenter.net\/fr\/wp-json\/wp\/v2\/product"}],"about":[{"href":"https:\/\/nauticcenter.net\/fr\/wp-json\/wp\/v2\/types\/product"}],"wp:featuredmedia":[{"embeddable":true,"href":"https:\/\/nauticcenter.net\/fr\/wp-json\/wp\/v2\/media\/39193"}],"wp:attachment":[{"href":"https:\/\/nauticcenter.net\/fr\/wp-json\/wp\/v2\/media?parent=39645"}],"wp:term":[{"taxonomy":"product_brand","embeddable":true,"href":"https:\/\/nauticcenter.net\/fr\/wp-json\/wp\/v2\/product_brand?post=39645"},{"taxonomy":"product_cat","embeddable":true,"href":"https:\/\/nauticcenter.net\/fr\/wp-json\/wp\/v2\/product_cat?post=39645"},{"taxonomy":"product_tag","embeddable":true,"href":"https:\/\/nauticcenter.net\/fr\/wp-json\/wp\/v2\/product_tag?post=39645"}],"curies":[{"name":"wp","href":"https:\/\/api.w.org\/{rel}","templated":true}]}}