{"id":33556,"date":"2022-09-14T11:23:03","date_gmt":"2022-09-14T09:23:03","guid":{"rendered":"https:\/?post_type=product&#038;p=33556"},"modified":"2024-06-05T09:02:00","modified_gmt":"2024-06-05T07:02:00","slug":"bma-x222-10461c323","status":"publish","type":"product","link":"https:\/\/nauticcenter.net\/fr\/barco\/bma-x222-10461c323\/","title":{"rendered":"BMA X222"},"content":{"rendered":"<p>La naturaleza deportiva de la BMA X222 proviene de un dise\u00f1o ideado para ofrecer un rendimiento deportivo en cualquier condici\u00f3n del mar. Las l\u00edneas limpias y la est\u00e9tica esencial lo hacen apto para cualquier uso y dise\u00f1ado para llegar a cualquier destino.<\/p>\n","protected":false},"excerpt":{"rendered":"<p><strong>Incluido en el precio<\/strong><\/p>\n<ul>\n<li>Transporte<\/li>\n<li>Montaje<\/li>\n<li>Inscripci\u00f3n<\/li>\n<li>Entrega en el puerto de Mah\u00f3n (Menorca, Islas Baleares, Espa\u00f1a)<\/li>\n<\/ul>\n","protected":false},"featured_media":39187,"template":"","meta":{"_acf_changed":false},"product_brand":[],"product_cat":[533],"product_tag":[],"class_list":{"0":"post-33556","1":"product","2":"type-product","3":"status-publish","4":"has-post-thumbnail","6":"product_marcas-bma","7":"product_banderas-sin-matricular","8":"product_disponibilidad-entrega-inmediata","9":"product_propiedad-nautic-center-menorca","10":"product_cat-motor-fueraborda","12":"first","13":"instock","14":"shipping-taxable","15":"purchasable","16":"product-type-simple"},"acf":[],"yoast_head":"<!-- This site is optimized with the Yoast SEO Premium plugin v20.8 (Yoast SEO v27.3) - https:\/\/yoast.com\/product\/yoast-seo-premium-wordpress\/ -->\n<title>X222 | BMA en Menorca | Nautic Center Menorca<\/title>\n<meta name=\"description\" content=\"Descubra e informese sobre todo lo que el BMA X222 puede ofrecerle en el mar. Este barco estar\u00e1 disponible en Menorca con entrega inmediata.\" \/>\n<meta name=\"robots\" content=\"index, follow, max-snippet:-1, max-image-preview:large, max-video-preview:-1\" \/>\n<link rel=\"canonical\" href=\"https:\/\/nauticcenter.net\/fr\/barco\/bma-x222-10461c323\/\" \/>\n<meta property=\"og:locale\" content=\"fr_FR\" \/>\n<meta property=\"og:type\" content=\"article\" \/>\n<meta property=\"og:title\" content=\"BMA X222\" \/>\n<meta property=\"og:description\" content=\"Descubra e informese sobre todo lo que el BMA X222 puede ofrecerle en el mar. Este barco estar\u00e1 disponible en Menorca con entrega inmediata.\" \/>\n<meta property=\"og:url\" content=\"https:\/\/nauticcenter.net\/fr\/barco\/bma-x222-10461c323\/\" \/>\n<meta property=\"og:site_name\" content=\"Nautic Center Menorca\" \/>\n<meta property=\"article:publisher\" content=\"https:\/\/www.facebook.com\/nauticcentermenorca\" \/>\n<meta property=\"article:modified_time\" content=\"2024-06-05T07:02:00+00:00\" \/>\n<meta property=\"og:image\" content=\"https:\/\/nauticcenter.net\/wp-content\/uploads\/2022\/09\/20230419_171550-scaled.jpg\" \/>\n\t<meta property=\"og:image:width\" content=\"2560\" \/>\n\t<meta property=\"og:image:height\" content=\"1440\" \/>\n\t<meta property=\"og:image:type\" content=\"image\/jpeg\" \/>\n<meta name=\"twitter:card\" content=\"summary_large_image\" \/>\n<meta name=\"twitter:label1\" content=\"Dur\u00e9e de lecture estim\u00e9e\" \/>\n\t<meta name=\"twitter:data1\" content=\"4 minutes\" \/>\n<script type=\"application\/ld+json\" class=\"yoast-schema-graph\">{\"@context\":\"https:\\\/\\\/schema.org\",\"@graph\":[{\"@type\":\"WebPage\",\"@id\":\"https:\\\/\\\/nauticcenter.net\\\/fr\\\/barco\\\/bma-x222-10461c323\\\/\",\"url\":\"https:\\\/\\\/nauticcenter.net\\\/fr\\\/barco\\\/bma-x222-10461c323\\\/\",\"name\":\"X222 | BMA en Menorca | Nautic Center Menorca\",\"isPartOf\":{\"@id\":\"https:\\\/\\\/nauticcenter.net\\\/fr\\\/#website\"},\"primaryImageOfPage\":{\"@id\":\"https:\\\/\\\/nauticcenter.net\\\/fr\\\/barco\\\/bma-x222-10461c323\\\/#primaryimage\"},\"image\":{\"@id\":\"https:\\\/\\\/nauticcenter.net\\\/fr\\\/barco\\\/bma-x222-10461c323\\\/#primaryimage\"},\"thumbnailUrl\":\"https:\\\/\\\/nauticcenter.net\\\/wp-content\\\/uploads\\\/2022\\\/09\\\/20230419_171550-scaled.jpg\",\"datePublished\":\"2022-09-14T09:23:03+00:00\",\"dateModified\":\"2024-06-05T07:02:00+00:00\",\"description\":\"Descubra e informese sobre todo lo que el BMA X222 puede ofrecerle en el mar. Este barco estar\u00e1 disponible en Menorca con entrega inmediata.\",\"breadcrumb\":{\"@id\":\"https:\\\/\\\/nauticcenter.net\\\/fr\\\/barco\\\/bma-x222-10461c323\\\/#breadcrumb\"},\"inLanguage\":\"fr-FR\",\"potentialAction\":[{\"@type\":\"ReadAction\",\"target\":[\"https:\\\/\\\/nauticcenter.net\\\/fr\\\/barco\\\/bma-x222-10461c323\\\/\"]}]},{\"@type\":\"ImageObject\",\"inLanguage\":\"fr-FR\",\"@id\":\"https:\\\/\\\/nauticcenter.net\\\/fr\\\/barco\\\/bma-x222-10461c323\\\/#primaryimage\",\"url\":\"https:\\\/\\\/nauticcenter.net\\\/wp-content\\\/uploads\\\/2022\\\/09\\\/20230419_171550-scaled.jpg\",\"contentUrl\":\"https:\\\/\\\/nauticcenter.net\\\/wp-content\\\/uploads\\\/2022\\\/09\\\/20230419_171550-scaled.jpg\",\"width\":2560,\"height\":1440,\"caption\":\"BMA X222 | BMA en Menorca | Nautic Center\"},{\"@type\":\"BreadcrumbList\",\"@id\":\"https:\\\/\\\/nauticcenter.net\\\/fr\\\/barco\\\/bma-x222-10461c323\\\/#breadcrumb\",\"itemListElement\":[{\"@type\":\"ListItem\",\"position\":1,\"name\":\"Barcos en Menorca\",\"item\":\"https:\\\/\\\/nauticcenter.net\\\/barcos\\\/\"},{\"@type\":\"ListItem\",\"position\":2,\"name\":\"BMA X222\"}]},{\"@type\":\"WebSite\",\"@id\":\"https:\\\/\\\/nauticcenter.net\\\/fr\\\/#website\",\"url\":\"https:\\\/\\\/nauticcenter.net\\\/fr\\\/\",\"name\":\"Nautic Center Menorca\",\"description\":\"\",\"publisher\":{\"@id\":\"https:\\\/\\\/nauticcenter.net\\\/fr\\\/#organization\"},\"potentialAction\":[{\"@type\":\"SearchAction\",\"target\":{\"@type\":\"EntryPoint\",\"urlTemplate\":\"https:\\\/\\\/nauticcenter.net\\\/fr\\\/?s={search_term_string}\"},\"query-input\":{\"@type\":\"PropertyValueSpecification\",\"valueRequired\":true,\"valueName\":\"search_term_string\"}}],\"inLanguage\":\"fr-FR\"},{\"@type\":\"Organization\",\"@id\":\"https:\\\/\\\/nauticcenter.net\\\/fr\\\/#organization\",\"name\":\"Nautic Center Menorca\",\"url\":\"https:\\\/\\\/nauticcenter.net\\\/fr\\\/\",\"logo\":{\"@type\":\"ImageObject\",\"inLanguage\":\"fr-FR\",\"@id\":\"https:\\\/\\\/nauticcenter.net\\\/fr\\\/#\\\/schema\\\/logo\\\/image\\\/\",\"url\":\"http:\\\/\\\/nauticcenter.net\\\/wp-content\\\/uploads\\\/2023\\\/03\\\/NCm-Logo-centrado.jpg\",\"contentUrl\":\"http:\\\/\\\/nauticcenter.net\\\/wp-content\\\/uploads\\\/2023\\\/03\\\/NCm-Logo-centrado.jpg\",\"width\":1772,\"height\":1418,\"caption\":\"Nautic Center Menorca\"},\"image\":{\"@id\":\"https:\\\/\\\/nauticcenter.net\\\/fr\\\/#\\\/schema\\\/logo\\\/image\\\/\"},\"sameAs\":[\"https:\\\/\\\/www.facebook.com\\\/nauticcentermenorca\",\"https:\\\/\\\/www.instagram.com\\\/nauticcenter_menorca\"]}]}<\/script>\n<!-- \/ Yoast SEO Premium plugin. -->","yoast_head_json":{"title":"X222 | BMA en Menorca | Nautic Center Menorca","description":"Descubra e informese sobre todo lo que el BMA X222 puede ofrecerle en el mar. Este barco estar\u00e1 disponible en Menorca con entrega inmediata.","robots":{"index":"index","follow":"follow","max-snippet":"max-snippet:-1","max-image-preview":"max-image-preview:large","max-video-preview":"max-video-preview:-1"},"canonical":"https:\/\/nauticcenter.net\/fr\/barco\/bma-x222-10461c323\/","og_locale":"fr_FR","og_type":"article","og_title":"BMA X222","og_description":"Descubra e informese sobre todo lo que el BMA X222 puede ofrecerle en el mar. Este barco estar\u00e1 disponible en Menorca con entrega inmediata.","og_url":"https:\/\/nauticcenter.net\/fr\/barco\/bma-x222-10461c323\/","og_site_name":"Nautic Center Menorca","article_publisher":"https:\/\/www.facebook.com\/nauticcentermenorca","article_modified_time":"2024-06-05T07:02:00+00:00","og_image":[{"width":2560,"height":1440,"url":"https:\/\/nauticcenter.net\/wp-content\/uploads\/2022\/09\/20230419_171550-scaled.jpg","type":"image\/jpeg"}],"twitter_card":"summary_large_image","twitter_misc":{"Dur\u00e9e de lecture estim\u00e9e":"4 minutes"},"schema":{"@context":"https:\/\/schema.org","@graph":[{"@type":"WebPage","@id":"https:\/\/nauticcenter.net\/fr\/barco\/bma-x222-10461c323\/","url":"https:\/\/nauticcenter.net\/fr\/barco\/bma-x222-10461c323\/","name":"X222 | BMA en Menorca | Nautic Center Menorca","isPartOf":{"@id":"https:\/\/nauticcenter.net\/fr\/#website"},"primaryImageOfPage":{"@id":"https:\/\/nauticcenter.net\/fr\/barco\/bma-x222-10461c323\/#primaryimage"},"image":{"@id":"https:\/\/nauticcenter.net\/fr\/barco\/bma-x222-10461c323\/#primaryimage"},"thumbnailUrl":"https:\/\/nauticcenter.net\/wp-content\/uploads\/2022\/09\/20230419_171550-scaled.jpg","datePublished":"2022-09-14T09:23:03+00:00","dateModified":"2024-06-05T07:02:00+00:00","description":"Descubra e informese sobre todo lo que el BMA X222 puede ofrecerle en el mar. Este barco estar\u00e1 disponible en Menorca con entrega inmediata.","breadcrumb":{"@id":"https:\/\/nauticcenter.net\/fr\/barco\/bma-x222-10461c323\/#breadcrumb"},"inLanguage":"fr-FR","potentialAction":[{"@type":"ReadAction","target":["https:\/\/nauticcenter.net\/fr\/barco\/bma-x222-10461c323\/"]}]},{"@type":"ImageObject","inLanguage":"fr-FR","@id":"https:\/\/nauticcenter.net\/fr\/barco\/bma-x222-10461c323\/#primaryimage","url":"https:\/\/nauticcenter.net\/wp-content\/uploads\/2022\/09\/20230419_171550-scaled.jpg","contentUrl":"https:\/\/nauticcenter.net\/wp-content\/uploads\/2022\/09\/20230419_171550-scaled.jpg","width":2560,"height":1440,"caption":"BMA X222 | BMA en Menorca | Nautic Center"},{"@type":"BreadcrumbList","@id":"https:\/\/nauticcenter.net\/fr\/barco\/bma-x222-10461c323\/#breadcrumb","itemListElement":[{"@type":"ListItem","position":1,"name":"Barcos en Menorca","item":"https:\/\/nauticcenter.net\/barcos\/"},{"@type":"ListItem","position":2,"name":"BMA X222"}]},{"@type":"WebSite","@id":"https:\/\/nauticcenter.net\/fr\/#website","url":"https:\/\/nauticcenter.net\/fr\/","name":"Nautic Center Menorca","description":"","publisher":{"@id":"https:\/\/nauticcenter.net\/fr\/#organization"},"potentialAction":[{"@type":"SearchAction","target":{"@type":"EntryPoint","urlTemplate":"https:\/\/nauticcenter.net\/fr\/?s={search_term_string}"},"query-input":{"@type":"PropertyValueSpecification","valueRequired":true,"valueName":"search_term_string"}}],"inLanguage":"fr-FR"},{"@type":"Organization","@id":"https:\/\/nauticcenter.net\/fr\/#organization","name":"Nautic Center Menorca","url":"https:\/\/nauticcenter.net\/fr\/","logo":{"@type":"ImageObject","inLanguage":"fr-FR","@id":"https:\/\/nauticcenter.net\/fr\/#\/schema\/logo\/image\/","url":"http:\/\/nauticcenter.net\/wp-content\/uploads\/2023\/03\/NCm-Logo-centrado.jpg","contentUrl":"http:\/\/nauticcenter.net\/wp-content\/uploads\/2023\/03\/NCm-Logo-centrado.jpg","width":1772,"height":1418,"caption":"Nautic Center Menorca"},"image":{"@id":"https:\/\/nauticcenter.net\/fr\/#\/schema\/logo\/image\/"},"sameAs":["https:\/\/www.facebook.com\/nauticcentermenorca","https:\/\/www.instagram.com\/nauticcenter_menorca"]}]}},"_links":{"self":[{"href":"https:\/\/nauticcenter.net\/fr\/wp-json\/wp\/v2\/product\/33556","targetHints":{"allow":["GET"]}}],"collection":[{"href":"https:\/\/nauticcenter.net\/fr\/wp-json\/wp\/v2\/product"}],"about":[{"href":"https:\/\/nauticcenter.net\/fr\/wp-json\/wp\/v2\/types\/product"}],"wp:featuredmedia":[{"embeddable":true,"href":"https:\/\/nauticcenter.net\/fr\/wp-json\/wp\/v2\/media\/39187"}],"wp:attachment":[{"href":"https:\/\/nauticcenter.net\/fr\/wp-json\/wp\/v2\/media?parent=33556"}],"wp:term":[{"taxonomy":"product_brand","embeddable":true,"href":"https:\/\/nauticcenter.net\/fr\/wp-json\/wp\/v2\/product_brand?post=33556"},{"taxonomy":"product_cat","embeddable":true,"href":"https:\/\/nauticcenter.net\/fr\/wp-json\/wp\/v2\/product_cat?post=33556"},{"taxonomy":"product_tag","embeddable":true,"href":"https:\/\/nauticcenter.net\/fr\/wp-json\/wp\/v2\/product_tag?post=33556"}],"curies":[{"name":"wp","href":"https:\/\/api.w.org\/{rel}","templated":true}]}}