{"id":13456,"date":"2021-07-03T08:45:48","date_gmt":"2021-07-03T08:45:48","guid":{"rendered":"https:\/?post_type=product&#038;p=13456"},"modified":"2024-08-24T11:43:49","modified_gmt":"2024-08-24T09:43:49","slug":"beneteau-gran-turismo-32-250c323","status":"publish","type":"product","link":"https:\/\/nauticcenter.net\/fr\/barco\/beneteau-gran-turismo-32-250c323\/","title":{"rendered":"Beneteau Gran Turismo 32"},"content":{"rendered":"<p>La silueta del barco es a imagen de la gama: estilizada y din\u00e1mica. Sus montantes reflejan la luz con elegancia y modernidad. En \u00a0la cubierta superior, la articulaci\u00f3n entre los diferentes espacios es armoniosa, garant\u00eda de un barco ingeniosamente concebido. Dotado de una generosa altura bajo bao, el Gran Turismo 32 seducir\u00e1 as\u00ed a todo adepto a la filosof\u00eda \u00ab open \u00bb que nunca tendr\u00e1 el sentimiento de sentirse encerrado.<\/p>\n<p>Proponiendo\u00a0dos literas dobles\u00a0y un verdadero aseo con ducha separada de la toilette, el Gran Turismo 32 garantiza unas agradables noches a bordo. Ba\u00f1ado de una dulce luz gracias a las largas cristaleras de casco, el camarote central y el medio camarote disponen de una generosa columna de estibas \u00a0bajo el descenso. El espacio est\u00e1 sublimado por el refinamiento de los materiales interiores color nogal.<\/p>\n","protected":false},"excerpt":{"rendered":"<p><strong>Incluido en el precio<\/strong><\/p>\n<ul>\n<li>Transporte<\/li>\n<li>Montaje<\/li>\n<li>Entrega en el puerto de Mah\u00f3n (Menorca, Islas Baleares, Espa\u00f1a)<\/li>\n<\/ul>\n<p><strong>No incluido en el precio<\/strong><\/p>\n<ul>\n<li>Gastos Matriculaci\u00f3n<\/li>\n<li>Impuesto de matriculaci\u00f3n (12%)<strong><br \/>\n<\/strong><\/li>\n<\/ul>\n","protected":false},"featured_media":45829,"template":"","meta":{"_acf_changed":false},"product_brand":[],"product_cat":[533],"product_tag":[],"class_list":{"0":"post-13456","1":"product","2":"type-product","3":"status-publish","4":"has-post-thumbnail","6":"product_marcas-beneteau","7":"product_banderas-sin-matricular","8":"product_disponibilidad-consultar-disponibilidad","9":"product_propiedad-gestion-de-venta","10":"product_cat-motor-fueraborda","12":"first","13":"instock","14":"sale","15":"shipping-taxable","16":"purchasable","17":"product-type-simple"},"acf":[],"yoast_head":"<!-- This site is optimized with the Yoast SEO Premium plugin v20.8 (Yoast SEO v27.3) - https:\/\/yoast.com\/product\/yoast-seo-premium-wordpress\/ -->\n<title>Gran Turismo 32 | Beneteau en Menorca | Nautic Center Menorca<\/title>\n<meta name=\"description\" content=\"Descubra e informese sobre todo lo que el Beneteau Gran Turismo 32 puede ofrecerle en el mar. Este barco estar\u00e1 disponible en Menorca con entrega inmediata.\" \/>\n<meta name=\"robots\" content=\"index, follow, max-snippet:-1, max-image-preview:large, max-video-preview:-1\" \/>\n<link rel=\"canonical\" href=\"https:\/\/nauticcenter.net\/fr\/barco\/beneteau-gran-turismo-32-250c323\/\" \/>\n<meta property=\"og:locale\" content=\"fr_FR\" \/>\n<meta property=\"og:type\" content=\"article\" \/>\n<meta property=\"og:title\" content=\"Beneteau Gran Turismo 32\" \/>\n<meta property=\"og:description\" content=\"Descubra e informese sobre todo lo que el Beneteau Gran Turismo 32 puede ofrecerle en el mar. Este barco estar\u00e1 disponible en Menorca con entrega inmediata.\" \/>\n<meta property=\"og:url\" content=\"https:\/\/nauticcenter.net\/fr\/barco\/beneteau-gran-turismo-32-250c323\/\" \/>\n<meta property=\"og:site_name\" content=\"Nautic Center Menorca\" \/>\n<meta property=\"article:publisher\" content=\"https:\/\/www.facebook.com\/nauticcentermenorca\" \/>\n<meta property=\"article:modified_time\" content=\"2024-08-24T09:43:49+00:00\" \/>\n<meta property=\"og:image\" content=\"https:\/\/nauticcenter.net\/wp-content\/uploads\/2021\/07\/IMG-8991-scaled.jpg\" \/>\n\t<meta property=\"og:image:width\" content=\"2560\" \/>\n\t<meta property=\"og:image:height\" content=\"1920\" \/>\n\t<meta property=\"og:image:type\" content=\"image\/jpeg\" \/>\n<meta name=\"twitter:card\" content=\"summary_large_image\" \/>\n<meta name=\"twitter:label1\" content=\"Dur\u00e9e de lecture estim\u00e9e\" \/>\n\t<meta name=\"twitter:data1\" content=\"1 minute\" \/>\n<script type=\"application\/ld+json\" class=\"yoast-schema-graph\">{\"@context\":\"https:\\\/\\\/schema.org\",\"@graph\":[{\"@type\":\"WebPage\",\"@id\":\"https:\\\/\\\/nauticcenter.net\\\/fr\\\/barco\\\/beneteau-gran-turismo-32-250c323\\\/\",\"url\":\"https:\\\/\\\/nauticcenter.net\\\/fr\\\/barco\\\/beneteau-gran-turismo-32-250c323\\\/\",\"name\":\"Gran Turismo 32 | Beneteau en Menorca | Nautic Center Menorca\",\"isPartOf\":{\"@id\":\"https:\\\/\\\/nauticcenter.net\\\/fr\\\/#website\"},\"primaryImageOfPage\":{\"@id\":\"https:\\\/\\\/nauticcenter.net\\\/fr\\\/barco\\\/beneteau-gran-turismo-32-250c323\\\/#primaryimage\"},\"image\":{\"@id\":\"https:\\\/\\\/nauticcenter.net\\\/fr\\\/barco\\\/beneteau-gran-turismo-32-250c323\\\/#primaryimage\"},\"thumbnailUrl\":\"https:\\\/\\\/nauticcenter.net\\\/wp-content\\\/uploads\\\/2021\\\/07\\\/IMG-8991-scaled.jpg\",\"datePublished\":\"2021-07-03T08:45:48+00:00\",\"dateModified\":\"2024-08-24T09:43:49+00:00\",\"description\":\"Descubra e informese sobre todo lo que el Beneteau Gran Turismo 32 puede ofrecerle en el mar. Este barco estar\u00e1 disponible en Menorca con entrega inmediata.\",\"breadcrumb\":{\"@id\":\"https:\\\/\\\/nauticcenter.net\\\/fr\\\/barco\\\/beneteau-gran-turismo-32-250c323\\\/#breadcrumb\"},\"inLanguage\":\"fr-FR\",\"potentialAction\":[{\"@type\":\"ReadAction\",\"target\":[\"https:\\\/\\\/nauticcenter.net\\\/fr\\\/barco\\\/beneteau-gran-turismo-32-250c323\\\/\"]}]},{\"@type\":\"ImageObject\",\"inLanguage\":\"fr-FR\",\"@id\":\"https:\\\/\\\/nauticcenter.net\\\/fr\\\/barco\\\/beneteau-gran-turismo-32-250c323\\\/#primaryimage\",\"url\":\"https:\\\/\\\/nauticcenter.net\\\/wp-content\\\/uploads\\\/2021\\\/07\\\/IMG-8991-scaled.jpg\",\"contentUrl\":\"https:\\\/\\\/nauticcenter.net\\\/wp-content\\\/uploads\\\/2021\\\/07\\\/IMG-8991-scaled.jpg\",\"width\":2560,\"height\":1920},{\"@type\":\"BreadcrumbList\",\"@id\":\"https:\\\/\\\/nauticcenter.net\\\/fr\\\/barco\\\/beneteau-gran-turismo-32-250c323\\\/#breadcrumb\",\"itemListElement\":[{\"@type\":\"ListItem\",\"position\":1,\"name\":\"Barcos en Menorca\",\"item\":\"https:\\\/\\\/nauticcenter.net\\\/barcos\\\/\"},{\"@type\":\"ListItem\",\"position\":2,\"name\":\"Beneteau Gran Turismo 32\"}]},{\"@type\":\"WebSite\",\"@id\":\"https:\\\/\\\/nauticcenter.net\\\/fr\\\/#website\",\"url\":\"https:\\\/\\\/nauticcenter.net\\\/fr\\\/\",\"name\":\"Nautic Center Menorca\",\"description\":\"\",\"publisher\":{\"@id\":\"https:\\\/\\\/nauticcenter.net\\\/fr\\\/#organization\"},\"potentialAction\":[{\"@type\":\"SearchAction\",\"target\":{\"@type\":\"EntryPoint\",\"urlTemplate\":\"https:\\\/\\\/nauticcenter.net\\\/fr\\\/?s={search_term_string}\"},\"query-input\":{\"@type\":\"PropertyValueSpecification\",\"valueRequired\":true,\"valueName\":\"search_term_string\"}}],\"inLanguage\":\"fr-FR\"},{\"@type\":\"Organization\",\"@id\":\"https:\\\/\\\/nauticcenter.net\\\/fr\\\/#organization\",\"name\":\"Nautic Center Menorca\",\"url\":\"https:\\\/\\\/nauticcenter.net\\\/fr\\\/\",\"logo\":{\"@type\":\"ImageObject\",\"inLanguage\":\"fr-FR\",\"@id\":\"https:\\\/\\\/nauticcenter.net\\\/fr\\\/#\\\/schema\\\/logo\\\/image\\\/\",\"url\":\"http:\\\/\\\/nauticcenter.net\\\/wp-content\\\/uploads\\\/2023\\\/03\\\/NCm-Logo-centrado.jpg\",\"contentUrl\":\"http:\\\/\\\/nauticcenter.net\\\/wp-content\\\/uploads\\\/2023\\\/03\\\/NCm-Logo-centrado.jpg\",\"width\":1772,\"height\":1418,\"caption\":\"Nautic Center Menorca\"},\"image\":{\"@id\":\"https:\\\/\\\/nauticcenter.net\\\/fr\\\/#\\\/schema\\\/logo\\\/image\\\/\"},\"sameAs\":[\"https:\\\/\\\/www.facebook.com\\\/nauticcentermenorca\",\"https:\\\/\\\/www.instagram.com\\\/nauticcenter_menorca\"]}]}<\/script>\n<!-- \/ Yoast SEO Premium plugin. -->","yoast_head_json":{"title":"Gran Turismo 32 | Beneteau en Menorca | Nautic Center Menorca","description":"Descubra e informese sobre todo lo que el Beneteau Gran Turismo 32 puede ofrecerle en el mar. Este barco estar\u00e1 disponible en Menorca con entrega inmediata.","robots":{"index":"index","follow":"follow","max-snippet":"max-snippet:-1","max-image-preview":"max-image-preview:large","max-video-preview":"max-video-preview:-1"},"canonical":"https:\/\/nauticcenter.net\/fr\/barco\/beneteau-gran-turismo-32-250c323\/","og_locale":"fr_FR","og_type":"article","og_title":"Beneteau Gran Turismo 32","og_description":"Descubra e informese sobre todo lo que el Beneteau Gran Turismo 32 puede ofrecerle en el mar. Este barco estar\u00e1 disponible en Menorca con entrega inmediata.","og_url":"https:\/\/nauticcenter.net\/fr\/barco\/beneteau-gran-turismo-32-250c323\/","og_site_name":"Nautic Center Menorca","article_publisher":"https:\/\/www.facebook.com\/nauticcentermenorca","article_modified_time":"2024-08-24T09:43:49+00:00","og_image":[{"width":2560,"height":1920,"url":"https:\/\/nauticcenter.net\/wp-content\/uploads\/2021\/07\/IMG-8991-scaled.jpg","type":"image\/jpeg"}],"twitter_card":"summary_large_image","twitter_misc":{"Dur\u00e9e de lecture estim\u00e9e":"1 minute"},"schema":{"@context":"https:\/\/schema.org","@graph":[{"@type":"WebPage","@id":"https:\/\/nauticcenter.net\/fr\/barco\/beneteau-gran-turismo-32-250c323\/","url":"https:\/\/nauticcenter.net\/fr\/barco\/beneteau-gran-turismo-32-250c323\/","name":"Gran Turismo 32 | Beneteau en Menorca | Nautic Center Menorca","isPartOf":{"@id":"https:\/\/nauticcenter.net\/fr\/#website"},"primaryImageOfPage":{"@id":"https:\/\/nauticcenter.net\/fr\/barco\/beneteau-gran-turismo-32-250c323\/#primaryimage"},"image":{"@id":"https:\/\/nauticcenter.net\/fr\/barco\/beneteau-gran-turismo-32-250c323\/#primaryimage"},"thumbnailUrl":"https:\/\/nauticcenter.net\/wp-content\/uploads\/2021\/07\/IMG-8991-scaled.jpg","datePublished":"2021-07-03T08:45:48+00:00","dateModified":"2024-08-24T09:43:49+00:00","description":"Descubra e informese sobre todo lo que el Beneteau Gran Turismo 32 puede ofrecerle en el mar. Este barco estar\u00e1 disponible en Menorca con entrega inmediata.","breadcrumb":{"@id":"https:\/\/nauticcenter.net\/fr\/barco\/beneteau-gran-turismo-32-250c323\/#breadcrumb"},"inLanguage":"fr-FR","potentialAction":[{"@type":"ReadAction","target":["https:\/\/nauticcenter.net\/fr\/barco\/beneteau-gran-turismo-32-250c323\/"]}]},{"@type":"ImageObject","inLanguage":"fr-FR","@id":"https:\/\/nauticcenter.net\/fr\/barco\/beneteau-gran-turismo-32-250c323\/#primaryimage","url":"https:\/\/nauticcenter.net\/wp-content\/uploads\/2021\/07\/IMG-8991-scaled.jpg","contentUrl":"https:\/\/nauticcenter.net\/wp-content\/uploads\/2021\/07\/IMG-8991-scaled.jpg","width":2560,"height":1920},{"@type":"BreadcrumbList","@id":"https:\/\/nauticcenter.net\/fr\/barco\/beneteau-gran-turismo-32-250c323\/#breadcrumb","itemListElement":[{"@type":"ListItem","position":1,"name":"Barcos en Menorca","item":"https:\/\/nauticcenter.net\/barcos\/"},{"@type":"ListItem","position":2,"name":"Beneteau Gran Turismo 32"}]},{"@type":"WebSite","@id":"https:\/\/nauticcenter.net\/fr\/#website","url":"https:\/\/nauticcenter.net\/fr\/","name":"Nautic Center Menorca","description":"","publisher":{"@id":"https:\/\/nauticcenter.net\/fr\/#organization"},"potentialAction":[{"@type":"SearchAction","target":{"@type":"EntryPoint","urlTemplate":"https:\/\/nauticcenter.net\/fr\/?s={search_term_string}"},"query-input":{"@type":"PropertyValueSpecification","valueRequired":true,"valueName":"search_term_string"}}],"inLanguage":"fr-FR"},{"@type":"Organization","@id":"https:\/\/nauticcenter.net\/fr\/#organization","name":"Nautic Center Menorca","url":"https:\/\/nauticcenter.net\/fr\/","logo":{"@type":"ImageObject","inLanguage":"fr-FR","@id":"https:\/\/nauticcenter.net\/fr\/#\/schema\/logo\/image\/","url":"http:\/\/nauticcenter.net\/wp-content\/uploads\/2023\/03\/NCm-Logo-centrado.jpg","contentUrl":"http:\/\/nauticcenter.net\/wp-content\/uploads\/2023\/03\/NCm-Logo-centrado.jpg","width":1772,"height":1418,"caption":"Nautic Center Menorca"},"image":{"@id":"https:\/\/nauticcenter.net\/fr\/#\/schema\/logo\/image\/"},"sameAs":["https:\/\/www.facebook.com\/nauticcentermenorca","https:\/\/www.instagram.com\/nauticcenter_menorca"]}]}},"_links":{"self":[{"href":"https:\/\/nauticcenter.net\/fr\/wp-json\/wp\/v2\/product\/13456","targetHints":{"allow":["GET"]}}],"collection":[{"href":"https:\/\/nauticcenter.net\/fr\/wp-json\/wp\/v2\/product"}],"about":[{"href":"https:\/\/nauticcenter.net\/fr\/wp-json\/wp\/v2\/types\/product"}],"wp:featuredmedia":[{"embeddable":true,"href":"https:\/\/nauticcenter.net\/fr\/wp-json\/wp\/v2\/media\/45829"}],"wp:attachment":[{"href":"https:\/\/nauticcenter.net\/fr\/wp-json\/wp\/v2\/media?parent=13456"}],"wp:term":[{"taxonomy":"product_brand","embeddable":true,"href":"https:\/\/nauticcenter.net\/fr\/wp-json\/wp\/v2\/product_brand?post=13456"},{"taxonomy":"product_cat","embeddable":true,"href":"https:\/\/nauticcenter.net\/fr\/wp-json\/wp\/v2\/product_cat?post=13456"},{"taxonomy":"product_tag","embeddable":true,"href":"https:\/\/nauticcenter.net\/fr\/wp-json\/wp\/v2\/product_tag?post=13456"}],"curies":[{"name":"wp","href":"https:\/\/api.w.org\/{rel}","templated":true}]}}