{"id":14167,"date":"2020-12-17T11:21:40","date_gmt":"2020-12-17T10:21:40","guid":{"rendered":"https:\/vender-barco-en-menorca\/"},"modified":"2021-08-02T16:16:07","modified_gmt":"2021-08-02T16:16:07","slug":"vendez-votre-bateau-a-minorque","status":"publish","type":"page","link":"https:\/\/nauticcenter.net\/fr\/vendez-votre-bateau-a-minorque\/","title":{"rendered":"Vendez votre bateau \u00e0 Minorque"},"content":{"rendered":"\n\t<section class=\"section dark\" id=\"section_325334694\">\n\t\t<div class=\"section-bg fill\" >\n\t\t\t<img loading=\"lazy\" decoding=\"async\" width=\"2560\" height=\"1920\" src=\"https:\/\/nauticcenter.net\/wp-content\/uploads\/2021\/06\/20210518_170455-scaled.jpg\" class=\"bg attachment-original size-original\" alt=\"\" \/>\t\t\t\t\t\t<div class=\"section-bg-overlay absolute fill\"><\/div>\n\t\t\t\n\n\t\t<\/div>\n\n\t\t\n\n\t\t<div class=\"section-content relative\">\n\t\t\t\n\t<div id=\"text-4109500653\" class=\"text\">\n\t\t\n<h1><strong><span style=\"font-size: 150%;\">Vendez votre bateau \u00e0 Minorque<\/span><\/strong><\/h1>\n\t\t\n<style>\n#text-4109500653 {\n  text-align: center;\n}\n<\/style>\n\t<\/div>\n\t\n\t\t<\/div>\n\n\t\t\n<style>\n#section_325334694 {\n  padding-top: 60px;\n  padding-bottom: 60px;\n}\n#section_325334694 .section-bg-overlay {\n  background-color: rgba(0, 0, 0, 0.13);\n}\n#section_325334694 .section-bg img {\n  object-position: 58% 49%;\n}\n@media (min-width:550px) {\n  #section_325334694 {\n    padding-top: 100px;\n    padding-bottom: 100px;\n  }\n}\n@media (min-width:850px) {\n  #section_325334694 {\n    padding-top: 140px;\n    padding-bottom: 140px;\n  }\n}\n<\/style>\n\t<\/section>\n\t\n\n\t<section class=\"section\" id=\"section_1935729475\">\n\t\t<div class=\"section-bg fill\" >\n\t\t\t\t\t\t\t\t\t\n\t\t\t\n\n\t\t<\/div>\n\n\t\t\n\n\t\t<div class=\"section-content relative\">\n\t\t\t\n<div class=\"row row-collapse row-full-width\"  id=\"row-756382361\">\n\n\t<div id=\"col-431549825\" class=\"col medium-6 small-12 large-6\"  >\n\t\t\t\t<div class=\"col-inner\"  >\n\t\t\t\n\t\t\t\n<div class=\"row row-collapse align-center\"  id=\"row-989976902\">\n\n\t<div id=\"col-1479456723\" class=\"col medium-9 small-10 large-9\"  >\n\t\t\t\t<div class=\"col-inner\"  >\n\t\t\t\n\t\t\t\n<div class=\"row align-middle align-center\"  id=\"row-1472657022\">\n\n\t<div id=\"col-729007280\" class=\"col medium-12 small-12 large-12\"  >\n\t\t\t\t<div class=\"col-inner text-left\"  >\n\t\t\t\n\t\t\t\n\t<div id=\"gap-972442100\" class=\"gap-element clearfix\" style=\"display:block; height:auto;\">\n\t\t\n<style>\n#gap-972442100 {\n  padding-top: 10px;\n}\n<\/style>\n\t<\/div>\n\t\n\t<div id=\"text-4205548690\" class=\"text\">\n\t\t\n<h2><strong>Nous vous aidons \u00e0 vendre votre bateau<\/strong><\/h2>\n<p>Vous pouvez faire confiance \u00e0 Nautic Center pour la vente de votre bateau. Nous disposons d\u2019un service online pour \u00e9valuer le prix de votre embarcation.Nous nous chargeons de mettre \u00e0 la vente votre bateau sur le march\u00e9 d\u2019occasions, et \u00e0 travers les meilleurs portails de vente de bateaux d\u2019Europe.<\/p>\n\t\t\n<style>\n#text-4205548690 {\n  font-size: 1rem;\n  color: rgb(22, 41, 83);\n}\n#text-4205548690 > * {\n  color: rgb(22, 41, 83);\n}\n@media (min-width:550px) {\n  #text-4205548690 {\n    font-size: 1.1rem;\n  }\n}\n<\/style>\n\t<\/div>\n\t\n<a href=\"https:\/\/www.google.es\/maps\/place\/Nautic+Fun+-+alquiler+de+barcos+Menorca\/@39.89589,4.2540403,17z\/data=!3m1!4b1!4m5!3m4!1s0x1295878cfda6907b:0xf2fdb5b3498e9701!8m2!3d39.89589!4d4.256229\" class=\"button primary\"  style=\"border-radius:5px;\">\n\t\t<span>Comment arriver<\/span>\n\t<i class=\"icon-map-pin-fill\" aria-hidden=\"true\" ><\/i><\/a>\n\n\t\t<\/div>\n\t\t\t\t\t<\/div>\n\n\t\n<\/div>\n\t\t<\/div>\n\t\t\t\t\n<style>\n#col-1479456723 > .col-inner {\n  padding: 50px 0px 50px 0px;\n}\n<\/style>\n\t<\/div>\n\n\t\n\n<style>\n#row-989976902 > .col > .col-inner {\n  padding: 40px 0px 20px 0px;\n}\n@media (min-width:550px) {\n  #row-989976902 > .col > .col-inner {\n    padding: 0px 0px 0px 0px;\n  }\n}\n<\/style>\n<\/div>\n\t\t<\/div>\n\t\t\t\t\t<\/div>\n\n\t\n\n\t<div id=\"col-761086878\" class=\"col medium-12 small-12 large-6\"  >\n\t\t\t\t<div class=\"col-inner text-left\"  >\n\t\t\t\n\t\t\t\n<div class=\"row\"  id=\"row-129403007\">\n\n\t<div id=\"col-2140219200\" class=\"col medium-10 small-12 large-10\"  >\n\t\t\t\t<div class=\"col-inner\"  >\n\t\t\t\n\t\t\t\n<div id=\"quform-c59759\" class=\"quform quform-17 quform-theme-hollow quform-support-page-caching\"><form id=\"quform-form-c59759\" class=\"quform-form quform-form-17\" action=\"\/fr\/wp-json\/wp\/v2\/pages\/14167#quform-c59759\" method=\"post\" enctype=\"multipart\/form-data\" novalidate=\"novalidate\" data-options=\"{&quot;id&quot;:17,&quot;uniqueId&quot;:&quot;c59759&quot;,&quot;theme&quot;:&quot;hollow&quot;,&quot;ajax&quot;:true,&quot;logic&quot;:{&quot;logic&quot;:[],&quot;dependents&quot;:[],&quot;elementIds&quot;:[],&quot;dependentElementIds&quot;:[],&quot;animate&quot;:true},&quot;currentPageId&quot;:1,&quot;errorsIcon&quot;:&quot;&quot;,&quot;updateFancybox&quot;:true,&quot;hasPages&quot;:false,&quot;pages&quot;:[1],&quot;pageProgressType&quot;:&quot;numbers&quot;,&quot;tooltipsEnabled&quot;:true,&quot;tooltipClasses&quot;:&quot;qtip-quform-dark qtip-shadow&quot;,&quot;tooltipMy&quot;:&quot;left center&quot;,&quot;tooltipAt&quot;:&quot;right center&quot;,&quot;isRtl&quot;:false,&quot;scrollOffset&quot;:-50,&quot;scrollSpeed&quot;:800}\"><button class=\"quform-default-submit\" name=\"quform_submit\" type=\"submit\" value=\"submit\" aria-hidden=\"true\" tabindex=\"-1\"><\/button><div class=\"quform-form-inner quform-form-inner-17\"><input type=\"hidden\" name=\"quform_form_id\" value=\"17\" \/><input type=\"hidden\" name=\"quform_form_uid\" value=\"c59759\" \/><input type=\"hidden\" name=\"quform_count\" value=\"1\" \/><input type=\"hidden\" name=\"form_url\" value=\"https:\/\/nauticcenter.net\/fr\/wp-json\/wp\/v2\/pages\/14167\" \/><input type=\"hidden\" name=\"referring_url\" value=\"\" \/><input type=\"hidden\" name=\"post_id\" value=\"\" \/><input type=\"hidden\" name=\"post_title\" value=\"\" \/><input type=\"hidden\" name=\"quform_current_page_id\" value=\"1\" \/><input type=\"hidden\" name=\"quform_csrf_token\" value=\"DEvFo3E9Fekjt30pUhF3YRQimRo09hBDrSh4fir2\" \/><div class=\"quform-elements quform-elements-17 quform-cf quform-responsive-elements-phone-portrait\"><div class=\"quform-element quform-element-page quform-page-1 quform-page-17_1 quform-cf quform-group-style-plain quform-first-page quform-last-page quform-current-page\"><div class=\"quform-child-elements\"><div class=\"quform-element quform-element-row quform-element-row-17_15 quform-1-columns quform-element-row-size-fixed quform-responsive-columns-phone-portrait\"><div class=\"quform-element quform-element-column quform-element-17_16\"><div class=\"quform-element quform-element-html quform-element-17_32 quform-cf\"><div class=\"quform-spacer\"><button title=\"Close (Esc)\" type=\"button\" class=\"mfp-close\" style=\"float:right;margin: 0px !important;\npadding: 0px;top:0px !important;\"><svg xmlns=\"http:\/\/www.w3.org\/2000\/svg\" width=\"28\" height=\"28\" viewBox=\"0 0 24 24\" fill=\"none\" stroke=\"currentColor\" stroke-width=\"2\" stroke-linecap=\"round\" stroke-linejoin=\"round\" class=\"feather feather-x\"><line x1=\"18\" y1=\"6\" x2=\"6\" y2=\"18\"><\/line><line x1=\"6\" y1=\"6\" x2=\"18\" y2=\"18\"><\/line><\/svg><\/button>\n<\/div><\/div><div class=\"quform-element quform-element-html quform-element-17_33 quform-cf\"><div class=\"quform-spacer\"><div style=\"color:#1E284F; font-size: 20px; margin-bottom:20px;\"><strong>Informations sur le bateau<\/strong><\/div><\/div><\/div><div class=\"quform-element quform-element-text quform-element-17_26 quform-cf quform-labels-inside quform-element-required\"><div class=\"quform-spacer\"><div class=\"quform-label quform-label-17_26\"><label class=\"quform-label-text\" for=\"quform_17_26_c59759\">NOM, PR\u00c9NOM<span class=\"quform-required\">*<\/span><\/label><\/div><div class=\"quform-inner quform-inner-text quform-inner-17_26 quform-field-size-medium\"><div class=\"quform-input quform-input-text quform-input-17_26 quform-cf\"><input type=\"text\" id=\"quform_17_26_c59759\" name=\"quform_17_26\" class=\"quform-field quform-field-text quform-field-17_26\" \/><\/div><\/div><\/div><\/div><\/div><\/div><div class=\"quform-element quform-element-row quform-element-row-17_21 quform-2-columns quform-element-row-size-fixed quform-responsive-columns-phone-portrait\"><div class=\"quform-element quform-element-column quform-element-17_22\"><div class=\"quform-element quform-element-email quform-element-17_23 quform-cf quform-labels-inside quform-element-required\"><div class=\"quform-spacer\"><div class=\"quform-label quform-label-17_23\"><label class=\"quform-label-text\" for=\"quform_17_23_c59759\">Courrier \u00e9lectronique<span class=\"quform-required\">*<\/span><\/label><\/div><div class=\"quform-inner quform-inner-email quform-inner-17_23 quform-field-size-medium\"><div class=\"quform-input quform-input-email quform-input-17_23 quform-cf\"><input type=\"email\" id=\"quform_17_23_c59759\" name=\"quform_17_23\" class=\"quform-field quform-field-email quform-field-17_23\" \/><\/div><\/div><\/div><\/div><\/div><div class=\"quform-element quform-element-column quform-element-17_24\"><div class=\"quform-element quform-element-text quform-element-17_25 quform-cf quform-labels-inside quform-element-required\"><div class=\"quform-spacer\"><div class=\"quform-label quform-label-17_25\"><label class=\"quform-label-text\" for=\"quform_17_25_c59759\">Num\u00e9ro de t\u00e9l\u00e9phone<span class=\"quform-required\">*<\/span><\/label><\/div><div class=\"quform-inner quform-inner-text quform-inner-17_25 quform-field-size-medium\"><div class=\"quform-input quform-input-text quform-input-17_25 quform-cf\"><input type=\"text\" id=\"quform_17_25_c59759\" name=\"quform_17_25\" class=\"quform-field quform-field-text quform-field-17_25\" \/><\/div><\/div><\/div><\/div><\/div><\/div><div class=\"quform-element quform-element-row quform-element-row-17_34 quform-3-columns quform-element-row-size-fixed quform-responsive-columns-phone-portrait\"><div class=\"quform-element quform-element-column quform-element-17_35\"><div class=\"quform-element quform-element-text quform-element-17_41 quform-cf quform-labels-inside quform-element-required\"><div class=\"quform-spacer\"><div class=\"quform-label quform-label-17_41\"><label class=\"quform-label-text\" for=\"quform_17_41_c59759\">Nom du bateau<span class=\"quform-required\">*<\/span><\/label><\/div><div class=\"quform-inner quform-inner-text quform-inner-17_41 quform-field-size-medium\"><div class=\"quform-input quform-input-text quform-input-17_41 quform-cf\"><input type=\"text\" id=\"quform_17_41_c59759\" name=\"quform_17_41\" class=\"quform-field quform-field-text quform-field-17_41\" \/><\/div><\/div><\/div><\/div><\/div><div class=\"quform-element quform-element-column quform-element-17_37\"><div class=\"quform-element quform-element-text quform-element-17_42 quform-cf quform-labels-inside quform-element-required\"><div class=\"quform-spacer\"><div class=\"quform-label quform-label-17_42\"><label class=\"quform-label-text\" for=\"quform_17_42_c59759\">Marque <span class=\"quform-required\">*<\/span><\/label><\/div><div class=\"quform-inner quform-inner-text quform-inner-17_42 quform-field-size-medium\"><div class=\"quform-input quform-input-text quform-input-17_42 quform-cf\"><input type=\"text\" id=\"quform_17_42_c59759\" name=\"quform_17_42\" class=\"quform-field quform-field-text quform-field-17_42\" \/><\/div><\/div><\/div><\/div><\/div><div class=\"quform-element quform-element-column quform-element-17_39\"><div class=\"quform-element quform-element-text quform-element-17_43 quform-cf quform-labels-inside quform-element-required\"><div class=\"quform-spacer\"><div class=\"quform-label quform-label-17_43\"><label class=\"quform-label-text\" for=\"quform_17_43_c59759\">Mod\u00e8le<span class=\"quform-required\">*<\/span><\/label><\/div><div class=\"quform-inner quform-inner-text quform-inner-17_43 quform-field-size-medium\"><div class=\"quform-input quform-input-text quform-input-17_43 quform-cf\"><input type=\"text\" id=\"quform_17_43_c59759\" name=\"quform_17_43\" class=\"quform-field quform-field-text quform-field-17_43\" \/><\/div><\/div><\/div><\/div><\/div><\/div><div class=\"quform-element quform-element-row quform-element-row-17_44 quform-3-columns quform-element-row-size-fixed quform-responsive-columns-phone-portrait\"><div class=\"quform-element quform-element-column quform-element-17_45\"><div class=\"quform-element quform-element-text quform-element-17_46 quform-cf quform-labels-inside quform-element-required\"><div class=\"quform-spacer\"><div class=\"quform-label quform-label-17_46\"><label class=\"quform-label-text\" for=\"quform_17_46_c59759\">Ann\u00e9e<span class=\"quform-required\">*<\/span><\/label><\/div><div class=\"quform-inner quform-inner-text quform-inner-17_46 quform-field-size-medium\"><div class=\"quform-input quform-input-text quform-input-17_46 quform-cf\"><input type=\"text\" id=\"quform_17_46_c59759\" name=\"quform_17_46\" class=\"quform-field quform-field-text quform-field-17_46\" \/><\/div><\/div><\/div><\/div><\/div><div class=\"quform-element quform-element-column quform-element-17_47\"><div class=\"quform-element quform-element-text quform-element-17_48 quform-cf quform-labels-inside quform-element-required\"><div class=\"quform-spacer\"><div class=\"quform-label quform-label-17_48\"><label class=\"quform-label-text\" for=\"quform_17_48_c59759\">Moteur\/s<span class=\"quform-required\">*<\/span><\/label><\/div><div class=\"quform-inner quform-inner-text quform-inner-17_48 quform-field-size-medium\"><div class=\"quform-input quform-input-text quform-input-17_48 quform-cf\"><input type=\"text\" id=\"quform_17_48_c59759\" name=\"quform_17_48\" class=\"quform-field quform-field-text quform-field-17_48\" \/><\/div><\/div><\/div><\/div><\/div><div class=\"quform-element quform-element-column quform-element-17_49\"><div class=\"quform-element quform-element-text quform-element-17_50 quform-cf quform-labels-inside quform-element-required\"><div class=\"quform-spacer\"><div class=\"quform-label quform-label-17_50\"><label class=\"quform-label-text\" for=\"quform_17_50_c59759\">Heures d'utilisation<span class=\"quform-required\">*<\/span><\/label><\/div><div class=\"quform-inner quform-inner-text quform-inner-17_50 quform-field-size-medium\"><div class=\"quform-input quform-input-text quform-input-17_50 quform-cf\"><input type=\"text\" id=\"quform_17_50_c59759\" name=\"quform_17_50\" class=\"quform-field quform-field-text quform-field-17_50\" \/><\/div><\/div><\/div><\/div><\/div><\/div><div class=\"quform-element quform-element-textarea quform-element-17_6 quform-cf quform-labels-inside quform-element-required\"><div class=\"quform-spacer\"><div class=\"quform-label quform-label-17_6\"><span class=\"quform-label-icon\"><i class=\"qicon-mode_edit\"><\/i><\/span><label class=\"quform-label-text\" for=\"quform_17_6_c59759\">\u00c9crire la demande<span class=\"quform-required\">*<\/span><\/label><\/div><div class=\"quform-inner quform-inner-textarea quform-inner-17_6 quform-field-size-medium\"><div class=\"quform-input quform-input-textarea quform-input-17_6 quform-cf\"><textarea id=\"quform_17_6_c59759\" name=\"quform_17_6\" class=\"quform-field quform-field-textarea quform-field-17_6\"><\/textarea><\/div><\/div><\/div><\/div><div class=\"quform-element quform-element-checkbox quform-element-17_30 quform-cf quform-element-required\"><div class=\"quform-spacer\"><div class=\"quform-inner quform-inner-checkbox quform-inner-17_30 quform-field-size-medium\"><div class=\"quform-input quform-input-checkbox quform-input-17_30 quform-cf\"><div class=\"quform-options quform-cf quform-options-block quform-options-simple\"><div class=\"quform-option\"><input type=\"checkbox\" name=\"quform_17_30[]\" id=\"quform_17_30_c59759_1\" class=\"quform-field quform-field-checkbox quform-field-17_30 quform-field-17_30_1\" value=\"&lt;span style=&quot;font-size: 15px&quot;&gt; J&#039;ai lu et j&#039;accepte les  &lt;a style=&quot;color:#2e51d1;font-size: 15px&quot; href=&quot;https:\/\/www.nauticcenter.net\/fr\/politica-privacidad\/&quot;&gt;&lt;strong&gt; Politiques de confidentialit\u00e9  &lt;\/strong&gt;&lt;\/a&gt;  de ce site web .&lt;\/span&gt;\" \/><label for=\"quform_17_30_c59759_1\" class=\"quform-option-label quform-option-label-17_30_1\"><span class=\"quform-option-text\"><span style=\"font-size: 15px\"> J'ai lu et j'accepte les  <a style=\"color:#2e51d1;font-size: 15px\" href=\"https:\/\/www.nauticcenter.net\/fr\/politica-privacidad\/\"><strong> Politiques de confidentialit\u00e9  <\/strong><\/a>  de ce site web .<\/span><\/span><\/label><\/div><\/div><\/div><\/div><\/div><\/div><div class=\"quform-element quform-element-submit quform-element-17_2 quform-cf quform-button-style-theme quform-button-size-fat quform-button-width-full\"><div class=\"quform-button-submit quform-button-submit-default quform-button-submit-17_2\"><button name=\"quform_submit\" type=\"submit\" class=\"quform-submit\" value=\"submit\"><span class=\"quform-button-text quform-button-submit-text\">Envoyer<\/span><\/button><\/div><div class=\"quform-loading quform-loading-position-left quform-loading-type-spinner-1\"><div class=\"quform-loading-inner\"><div class=\"quform-loading-spinner\"><div class=\"quform-loading-spinner-inner\"><\/div><\/div><\/div><\/div><\/div><div class=\"quform-element-tree\"><label for=\"quform_17_0_c59759\">Ce champ devrait \u00eatre laiss\u00e9 vide<\/label><input type=\"text\" id=\"quform_17_0_c59759\" name=\"quform_17_0\" class=\"quform-field quform-field-tree quform-field-17_0\" tabindex=\"-1\" autocomplete=\"off\" \/><\/div><\/div><\/div><\/div><\/div><\/form><\/div>\n\t\t<\/div>\n\t\t\t\t\n<style>\n#col-2140219200 > .col-inner {\n  padding: 0px 23px 0px 23px;\n}\n<\/style>\n\t<\/div>\n\n\t\n<\/div>\n\t\t<\/div>\n\t\t\t\t\t<\/div>\n\n\t\n<\/div>\n\t\t<\/div>\n\n\t\t\n<style>\n#section_1935729475 {\n  padding-top: 60px;\n  padding-bottom: 60px;\n}\n@media (min-width:550px) {\n  #section_1935729475 {\n    padding-top: 120px;\n    padding-bottom: 120px;\n  }\n}\n<\/style>\n\t<\/section>\n\t\n","protected":false},"excerpt":{"rendered":"","protected":false},"author":1,"featured_media":0,"parent":0,"menu_order":0,"comment_status":"closed","ping_status":"closed","template":"page-blank.php","meta":{"_acf_changed":false,"footnotes":""},"class_list":["post-14167","page","type-page","status-publish","hentry"],"acf":[],"yoast_head":"<!-- This site is optimized with the Yoast SEO Premium plugin v20.8 (Yoast SEO v27.3) - https:\/\/yoast.com\/product\/yoast-seo-premium-wordpress\/ -->\n<title>Vendez votre bateau \u00e0 Minorque | Nautic Center Menorca<\/title>\n<meta name=\"description\" content=\"Vendez votre bateau \u00e0 Minorque. Nous nous occupons de mettre votre bateau en vente sur le march\u00e9 de l&#039;occasion.\" \/>\n<meta name=\"robots\" content=\"index, follow, max-snippet:-1, max-image-preview:large, max-video-preview:-1\" \/>\n<link rel=\"canonical\" href=\"https:\/\/nauticcenter.net\/fr\/vendez-votre-bateau-a-minorque\/\" \/>\n<meta property=\"og:locale\" content=\"fr_FR\" \/>\n<meta property=\"og:type\" content=\"article\" \/>\n<meta property=\"og:title\" content=\"Vendez votre bateau \u00e0 Minorque\" \/>\n<meta property=\"og:description\" content=\"Vendez votre bateau \u00e0 Minorque. Nous nous occupons de mettre votre bateau en vente sur le march\u00e9 de l&#039;occasion.\" \/>\n<meta property=\"og:url\" content=\"https:\/\/nauticcenter.net\/fr\/vendez-votre-bateau-a-minorque\/\" \/>\n<meta property=\"og:site_name\" content=\"Nautic Center Menorca\" \/>\n<meta property=\"article:publisher\" content=\"https:\/\/www.facebook.com\/nauticcentermenorca\" \/>\n<meta property=\"article:modified_time\" content=\"2021-08-02T16:16:07+00:00\" \/>\n<meta name=\"twitter:card\" content=\"summary_large_image\" \/>\n<meta name=\"twitter:label1\" content=\"Dur\u00e9e de lecture estim\u00e9e\" \/>\n\t<meta name=\"twitter:data1\" content=\"1 minute\" \/>\n<script type=\"application\/ld+json\" class=\"yoast-schema-graph\">{\"@context\":\"https:\\\/\\\/schema.org\",\"@graph\":[{\"@type\":\"WebPage\",\"@id\":\"https:\\\/\\\/nauticcenter.net\\\/fr\\\/vendez-votre-bateau-a-minorque\\\/\",\"url\":\"https:\\\/\\\/nauticcenter.net\\\/fr\\\/vendez-votre-bateau-a-minorque\\\/\",\"name\":\"Vendez votre bateau \u00e0 Minorque | Nautic Center Menorca\",\"isPartOf\":{\"@id\":\"https:\\\/\\\/nauticcenter.net\\\/fr\\\/#website\"},\"datePublished\":\"2020-12-17T10:21:40+00:00\",\"dateModified\":\"2021-08-02T16:16:07+00:00\",\"description\":\"Vendez votre bateau \u00e0 Minorque. Nous nous occupons de mettre votre bateau en vente sur le march\u00e9 de l'occasion.\",\"inLanguage\":\"fr-FR\",\"potentialAction\":[{\"@type\":\"ReadAction\",\"target\":[\"https:\\\/\\\/nauticcenter.net\\\/fr\\\/vendez-votre-bateau-a-minorque\\\/\"]}]},{\"@type\":\"WebSite\",\"@id\":\"https:\\\/\\\/nauticcenter.net\\\/fr\\\/#website\",\"url\":\"https:\\\/\\\/nauticcenter.net\\\/fr\\\/\",\"name\":\"Nautic Center Menorca\",\"description\":\"\",\"publisher\":{\"@id\":\"https:\\\/\\\/nauticcenter.net\\\/fr\\\/#organization\"},\"potentialAction\":[{\"@type\":\"SearchAction\",\"target\":{\"@type\":\"EntryPoint\",\"urlTemplate\":\"https:\\\/\\\/nauticcenter.net\\\/fr\\\/?s={search_term_string}\"},\"query-input\":{\"@type\":\"PropertyValueSpecification\",\"valueRequired\":true,\"valueName\":\"search_term_string\"}}],\"inLanguage\":\"fr-FR\"},{\"@type\":\"Organization\",\"@id\":\"https:\\\/\\\/nauticcenter.net\\\/fr\\\/#organization\",\"name\":\"Nautic Center Menorca\",\"url\":\"https:\\\/\\\/nauticcenter.net\\\/fr\\\/\",\"logo\":{\"@type\":\"ImageObject\",\"inLanguage\":\"fr-FR\",\"@id\":\"https:\\\/\\\/nauticcenter.net\\\/fr\\\/#\\\/schema\\\/logo\\\/image\\\/\",\"url\":\"http:\\\/\\\/nauticcenter.net\\\/wp-content\\\/uploads\\\/2023\\\/03\\\/NCm-Logo-centrado.jpg\",\"contentUrl\":\"http:\\\/\\\/nauticcenter.net\\\/wp-content\\\/uploads\\\/2023\\\/03\\\/NCm-Logo-centrado.jpg\",\"width\":1772,\"height\":1418,\"caption\":\"Nautic Center Menorca\"},\"image\":{\"@id\":\"https:\\\/\\\/nauticcenter.net\\\/fr\\\/#\\\/schema\\\/logo\\\/image\\\/\"},\"sameAs\":[\"https:\\\/\\\/www.facebook.com\\\/nauticcentermenorca\",\"https:\\\/\\\/www.instagram.com\\\/nauticcenter_menorca\"]}]}<\/script>\n<!-- \/ Yoast SEO Premium plugin. -->","yoast_head_json":{"title":"Vendez votre bateau \u00e0 Minorque | Nautic Center Menorca","description":"Vendez votre bateau \u00e0 Minorque. Nous nous occupons de mettre votre bateau en vente sur le march\u00e9 de l'occasion.","robots":{"index":"index","follow":"follow","max-snippet":"max-snippet:-1","max-image-preview":"max-image-preview:large","max-video-preview":"max-video-preview:-1"},"canonical":"https:\/\/nauticcenter.net\/fr\/vendez-votre-bateau-a-minorque\/","og_locale":"fr_FR","og_type":"article","og_title":"Vendez votre bateau \u00e0 Minorque","og_description":"Vendez votre bateau \u00e0 Minorque. Nous nous occupons de mettre votre bateau en vente sur le march\u00e9 de l'occasion.","og_url":"https:\/\/nauticcenter.net\/fr\/vendez-votre-bateau-a-minorque\/","og_site_name":"Nautic Center Menorca","article_publisher":"https:\/\/www.facebook.com\/nauticcentermenorca","article_modified_time":"2021-08-02T16:16:07+00:00","twitter_card":"summary_large_image","twitter_misc":{"Dur\u00e9e de lecture estim\u00e9e":"1 minute"},"schema":{"@context":"https:\/\/schema.org","@graph":[{"@type":"WebPage","@id":"https:\/\/nauticcenter.net\/fr\/vendez-votre-bateau-a-minorque\/","url":"https:\/\/nauticcenter.net\/fr\/vendez-votre-bateau-a-minorque\/","name":"Vendez votre bateau \u00e0 Minorque | Nautic Center Menorca","isPartOf":{"@id":"https:\/\/nauticcenter.net\/fr\/#website"},"datePublished":"2020-12-17T10:21:40+00:00","dateModified":"2021-08-02T16:16:07+00:00","description":"Vendez votre bateau \u00e0 Minorque. Nous nous occupons de mettre votre bateau en vente sur le march\u00e9 de l'occasion.","inLanguage":"fr-FR","potentialAction":[{"@type":"ReadAction","target":["https:\/\/nauticcenter.net\/fr\/vendez-votre-bateau-a-minorque\/"]}]},{"@type":"WebSite","@id":"https:\/\/nauticcenter.net\/fr\/#website","url":"https:\/\/nauticcenter.net\/fr\/","name":"Nautic Center Menorca","description":"","publisher":{"@id":"https:\/\/nauticcenter.net\/fr\/#organization"},"potentialAction":[{"@type":"SearchAction","target":{"@type":"EntryPoint","urlTemplate":"https:\/\/nauticcenter.net\/fr\/?s={search_term_string}"},"query-input":{"@type":"PropertyValueSpecification","valueRequired":true,"valueName":"search_term_string"}}],"inLanguage":"fr-FR"},{"@type":"Organization","@id":"https:\/\/nauticcenter.net\/fr\/#organization","name":"Nautic Center Menorca","url":"https:\/\/nauticcenter.net\/fr\/","logo":{"@type":"ImageObject","inLanguage":"fr-FR","@id":"https:\/\/nauticcenter.net\/fr\/#\/schema\/logo\/image\/","url":"http:\/\/nauticcenter.net\/wp-content\/uploads\/2023\/03\/NCm-Logo-centrado.jpg","contentUrl":"http:\/\/nauticcenter.net\/wp-content\/uploads\/2023\/03\/NCm-Logo-centrado.jpg","width":1772,"height":1418,"caption":"Nautic Center Menorca"},"image":{"@id":"https:\/\/nauticcenter.net\/fr\/#\/schema\/logo\/image\/"},"sameAs":["https:\/\/www.facebook.com\/nauticcentermenorca","https:\/\/www.instagram.com\/nauticcenter_menorca"]}]}},"_links":{"self":[{"href":"https:\/\/nauticcenter.net\/fr\/wp-json\/wp\/v2\/pages\/14167","targetHints":{"allow":["GET"]}}],"collection":[{"href":"https:\/\/nauticcenter.net\/fr\/wp-json\/wp\/v2\/pages"}],"about":[{"href":"https:\/\/nauticcenter.net\/fr\/wp-json\/wp\/v2\/types\/page"}],"author":[{"embeddable":true,"href":"https:\/\/nauticcenter.net\/fr\/wp-json\/wp\/v2\/users\/1"}],"replies":[{"embeddable":true,"href":"https:\/\/nauticcenter.net\/fr\/wp-json\/wp\/v2\/comments?post=14167"}],"version-history":[{"count":0,"href":"https:\/\/nauticcenter.net\/fr\/wp-json\/wp\/v2\/pages\/14167\/revisions"}],"wp:attachment":[{"href":"https:\/\/nauticcenter.net\/fr\/wp-json\/wp\/v2\/media?parent=14167"}],"curies":[{"name":"wp","href":"https:\/\/api.w.org\/{rel}","templated":true}]}}