{"id":14145,"date":"2021-03-24T16:10:28","date_gmt":"2021-03-24T16:10:28","guid":{"rendered":"https:\/politica-privacidad\/"},"modified":"2021-08-02T16:09:15","modified_gmt":"2021-08-02T16:09:15","slug":"politique-de-confidentialite","status":"publish","type":"page","link":"https:\/\/nauticcenter.net\/fr\/politique-de-confidentialite\/","title":{"rendered":"Politique de confidentialit\u00e9"},"content":{"rendered":"<h1>Politique de confidentialit\u00e9<\/h1>\n<p><span style=\"font-weight: 400;\">Nautic Center tient \u00e0 vous remercier de votre int\u00earet \u00e0 int\u00e9grer notre \u00e9quipe. <strong>SASGA ESTRIBOR SL,<\/strong> CIF B57310476, vous informe que, tout comme le r\u00e8glement (UE) le pr\u00e9voit679\/2016 du Parlement Europ\u00e9en et du conseil du 27 avril 2016, en relation \u00e0 la protection des personnes physiques en r\u00e9f\u00e9rence au traitement des donn\u00e9es personnelles, que les donn\u00e9es personnelles inclues dans cette demande d\u2019emploi o curriculum vitae seront inclues automatiquement dans les fichiers correspondants, sous la responsabilit\u00e9 de <strong>SASGA ESTRIBOR SL<\/strong>, dans le but exclusif de faire partie des procesus de selection, bourses de travail, et embauche sous contrat qui auront lieu.<\/span><\/p>\n<p><span style=\"font-weight: 400;\">Le titulaire des donn\u00e9es personnelles est conscient et exprime sans \u00e9quivoque que ses donn\u00e9es personnelles soient c\u00e9d\u00e9es a <strong>SASGA ESTRIBOR SL<\/strong> et aux entreprises qui y sont li\u00e9es: <strong>MARINA DEPORTIVA DE MENORCA SL, NAUTIC CENTER MENORCA SL, NAUTIC CENTER PALMA SL, ALBATROS GESTION DE PROYECTOS SL; SASGA YACHTS SL, MED SEA YACHTS SERVICES SL<\/strong> sous des profils de travail d\u00e9termin\u00e9s<\/span><\/p>\n<p><strong>SASGA ESTRIBOR SL <\/strong><span style=\"font-weight: 400;\">garantit la bonne utilisation de l\u2019information, et sp\u00e9cialement, l\u2019absolue confidentialit\u00e9 des donn\u00e9es de caract\u00e8re personnel contenues dans nos fichiers, ainsi que le respect des obligations en mati\u00e8re de protection des donn\u00e9es personnelles.\u00a0<\/span><\/p>\n","protected":false},"excerpt":{"rendered":"<p>Politique de confidentialit\u00e9 Nautic Center tient \u00e0 vous remercier de votre int\u00earet \u00e0 int\u00e9grer notre \u00e9quipe. SASGA ESTRIBOR SL, CIF B57310476, vous informe que, tout comme le r\u00e8glement (UE) le pr\u00e9voit679\/2016 du Parlement Europ\u00e9en et du conseil du 27 avril 2016, en relation \u00e0 la protection des personnes physiques en r\u00e9f\u00e9rence au traitement des donn\u00e9esLeer m\u00e1s&#8230;<\/p>\n","protected":false},"author":1,"featured_media":0,"parent":0,"menu_order":0,"comment_status":"closed","ping_status":"closed","template":"","meta":{"_acf_changed":false,"footnotes":""},"class_list":["post-14145","page","type-page","status-publish","hentry"],"acf":[],"yoast_head":"<!-- This site is optimized with the Yoast SEO Premium plugin v20.8 (Yoast SEO v27.3) - https:\/\/yoast.com\/product\/yoast-seo-premium-wordpress\/ -->\n<title>Politique de confidentialit\u00e9 | Nautic Center Menorca<\/title>\n<meta name=\"robots\" content=\"index, follow, max-snippet:-1, max-image-preview:large, max-video-preview:-1\" \/>\n<link rel=\"canonical\" href=\"https:\/\/nauticcenter.net\/fr\/politique-de-confidentialite\/\" \/>\n<meta property=\"og:locale\" content=\"fr_FR\" \/>\n<meta property=\"og:type\" content=\"article\" \/>\n<meta property=\"og:title\" content=\"Politique de confidentialit\u00e9\" \/>\n<meta property=\"og:description\" content=\"Politique de confidentialit\u00e9 Nautic Center tient \u00e0 vous remercier de votre int\u00earet \u00e0 int\u00e9grer notre \u00e9quipe. SASGA ESTRIBOR SL, CIF B57310476, vous informe que, tout comme le r\u00e8glement (UE) le pr\u00e9voit679\/2016 du Parlement Europ\u00e9en et du conseil du 27 avril 2016, en relation \u00e0 la protection des personnes physiques en r\u00e9f\u00e9rence au traitement des donn\u00e9esLeer m\u00e1s...\" \/>\n<meta property=\"og:url\" content=\"https:\/\/nauticcenter.net\/fr\/politique-de-confidentialite\/\" \/>\n<meta property=\"og:site_name\" content=\"Nautic Center Menorca\" \/>\n<meta property=\"article:publisher\" content=\"https:\/\/www.facebook.com\/nauticcentermenorca\" \/>\n<meta property=\"article:modified_time\" content=\"2021-08-02T16:09:15+00:00\" \/>\n<meta name=\"twitter:card\" content=\"summary_large_image\" \/>\n<meta name=\"twitter:label1\" content=\"Dur\u00e9e de lecture estim\u00e9e\" \/>\n\t<meta name=\"twitter:data1\" content=\"1 minute\" \/>\n<script type=\"application\/ld+json\" class=\"yoast-schema-graph\">{\"@context\":\"https:\\\/\\\/schema.org\",\"@graph\":[{\"@type\":\"WebPage\",\"@id\":\"https:\\\/\\\/nauticcenter.net\\\/fr\\\/politique-de-confidentialite\\\/\",\"url\":\"https:\\\/\\\/nauticcenter.net\\\/fr\\\/politique-de-confidentialite\\\/\",\"name\":\"Politique de confidentialit\u00e9 | Nautic Center Menorca\",\"isPartOf\":{\"@id\":\"https:\\\/\\\/nauticcenter.net\\\/fr\\\/#website\"},\"datePublished\":\"2021-03-24T16:10:28+00:00\",\"dateModified\":\"2021-08-02T16:09:15+00:00\",\"inLanguage\":\"fr-FR\",\"potentialAction\":[{\"@type\":\"ReadAction\",\"target\":[\"https:\\\/\\\/nauticcenter.net\\\/fr\\\/politique-de-confidentialite\\\/\"]}]},{\"@type\":\"WebSite\",\"@id\":\"https:\\\/\\\/nauticcenter.net\\\/fr\\\/#website\",\"url\":\"https:\\\/\\\/nauticcenter.net\\\/fr\\\/\",\"name\":\"Nautic Center Menorca\",\"description\":\"\",\"publisher\":{\"@id\":\"https:\\\/\\\/nauticcenter.net\\\/fr\\\/#organization\"},\"potentialAction\":[{\"@type\":\"SearchAction\",\"target\":{\"@type\":\"EntryPoint\",\"urlTemplate\":\"https:\\\/\\\/nauticcenter.net\\\/fr\\\/?s={search_term_string}\"},\"query-input\":{\"@type\":\"PropertyValueSpecification\",\"valueRequired\":true,\"valueName\":\"search_term_string\"}}],\"inLanguage\":\"fr-FR\"},{\"@type\":\"Organization\",\"@id\":\"https:\\\/\\\/nauticcenter.net\\\/fr\\\/#organization\",\"name\":\"Nautic Center Menorca\",\"url\":\"https:\\\/\\\/nauticcenter.net\\\/fr\\\/\",\"logo\":{\"@type\":\"ImageObject\",\"inLanguage\":\"fr-FR\",\"@id\":\"https:\\\/\\\/nauticcenter.net\\\/fr\\\/#\\\/schema\\\/logo\\\/image\\\/\",\"url\":\"http:\\\/\\\/nauticcenter.net\\\/wp-content\\\/uploads\\\/2023\\\/03\\\/NCm-Logo-centrado.jpg\",\"contentUrl\":\"http:\\\/\\\/nauticcenter.net\\\/wp-content\\\/uploads\\\/2023\\\/03\\\/NCm-Logo-centrado.jpg\",\"width\":1772,\"height\":1418,\"caption\":\"Nautic Center Menorca\"},\"image\":{\"@id\":\"https:\\\/\\\/nauticcenter.net\\\/fr\\\/#\\\/schema\\\/logo\\\/image\\\/\"},\"sameAs\":[\"https:\\\/\\\/www.facebook.com\\\/nauticcentermenorca\",\"https:\\\/\\\/www.instagram.com\\\/nauticcenter_menorca\"]}]}<\/script>\n<!-- \/ Yoast SEO Premium plugin. -->","yoast_head_json":{"title":"Politique de confidentialit\u00e9 | Nautic Center Menorca","robots":{"index":"index","follow":"follow","max-snippet":"max-snippet:-1","max-image-preview":"max-image-preview:large","max-video-preview":"max-video-preview:-1"},"canonical":"https:\/\/nauticcenter.net\/fr\/politique-de-confidentialite\/","og_locale":"fr_FR","og_type":"article","og_title":"Politique de confidentialit\u00e9","og_description":"Politique de confidentialit\u00e9 Nautic Center tient \u00e0 vous remercier de votre int\u00earet \u00e0 int\u00e9grer notre \u00e9quipe. SASGA ESTRIBOR SL, CIF B57310476, vous informe que, tout comme le r\u00e8glement (UE) le pr\u00e9voit679\/2016 du Parlement Europ\u00e9en et du conseil du 27 avril 2016, en relation \u00e0 la protection des personnes physiques en r\u00e9f\u00e9rence au traitement des donn\u00e9esLeer m\u00e1s...","og_url":"https:\/\/nauticcenter.net\/fr\/politique-de-confidentialite\/","og_site_name":"Nautic Center Menorca","article_publisher":"https:\/\/www.facebook.com\/nauticcentermenorca","article_modified_time":"2021-08-02T16:09:15+00:00","twitter_card":"summary_large_image","twitter_misc":{"Dur\u00e9e de lecture estim\u00e9e":"1 minute"},"schema":{"@context":"https:\/\/schema.org","@graph":[{"@type":"WebPage","@id":"https:\/\/nauticcenter.net\/fr\/politique-de-confidentialite\/","url":"https:\/\/nauticcenter.net\/fr\/politique-de-confidentialite\/","name":"Politique de confidentialit\u00e9 | Nautic Center Menorca","isPartOf":{"@id":"https:\/\/nauticcenter.net\/fr\/#website"},"datePublished":"2021-03-24T16:10:28+00:00","dateModified":"2021-08-02T16:09:15+00:00","inLanguage":"fr-FR","potentialAction":[{"@type":"ReadAction","target":["https:\/\/nauticcenter.net\/fr\/politique-de-confidentialite\/"]}]},{"@type":"WebSite","@id":"https:\/\/nauticcenter.net\/fr\/#website","url":"https:\/\/nauticcenter.net\/fr\/","name":"Nautic Center Menorca","description":"","publisher":{"@id":"https:\/\/nauticcenter.net\/fr\/#organization"},"potentialAction":[{"@type":"SearchAction","target":{"@type":"EntryPoint","urlTemplate":"https:\/\/nauticcenter.net\/fr\/?s={search_term_string}"},"query-input":{"@type":"PropertyValueSpecification","valueRequired":true,"valueName":"search_term_string"}}],"inLanguage":"fr-FR"},{"@type":"Organization","@id":"https:\/\/nauticcenter.net\/fr\/#organization","name":"Nautic Center Menorca","url":"https:\/\/nauticcenter.net\/fr\/","logo":{"@type":"ImageObject","inLanguage":"fr-FR","@id":"https:\/\/nauticcenter.net\/fr\/#\/schema\/logo\/image\/","url":"http:\/\/nauticcenter.net\/wp-content\/uploads\/2023\/03\/NCm-Logo-centrado.jpg","contentUrl":"http:\/\/nauticcenter.net\/wp-content\/uploads\/2023\/03\/NCm-Logo-centrado.jpg","width":1772,"height":1418,"caption":"Nautic Center Menorca"},"image":{"@id":"https:\/\/nauticcenter.net\/fr\/#\/schema\/logo\/image\/"},"sameAs":["https:\/\/www.facebook.com\/nauticcentermenorca","https:\/\/www.instagram.com\/nauticcenter_menorca"]}]}},"_links":{"self":[{"href":"https:\/\/nauticcenter.net\/fr\/wp-json\/wp\/v2\/pages\/14145","targetHints":{"allow":["GET"]}}],"collection":[{"href":"https:\/\/nauticcenter.net\/fr\/wp-json\/wp\/v2\/pages"}],"about":[{"href":"https:\/\/nauticcenter.net\/fr\/wp-json\/wp\/v2\/types\/page"}],"author":[{"embeddable":true,"href":"https:\/\/nauticcenter.net\/fr\/wp-json\/wp\/v2\/users\/1"}],"replies":[{"embeddable":true,"href":"https:\/\/nauticcenter.net\/fr\/wp-json\/wp\/v2\/comments?post=14145"}],"version-history":[{"count":0,"href":"https:\/\/nauticcenter.net\/fr\/wp-json\/wp\/v2\/pages\/14145\/revisions"}],"wp:attachment":[{"href":"https:\/\/nauticcenter.net\/fr\/wp-json\/wp\/v2\/media?parent=14145"}],"curies":[{"name":"wp","href":"https:\/\/api.w.org\/{rel}","templated":true}]}}