{"id":14142,"date":"2021-01-26T12:54:41","date_gmt":"2021-01-26T11:54:41","guid":{"rendered":"https:\/politica-de-cookies\/"},"modified":"2021-08-02T16:09:59","modified_gmt":"2021-08-02T16:09:59","slug":"politique-de-cookies","status":"publish","type":"page","link":"https:\/\/nauticcenter.net\/fr\/politique-de-cookies\/","title":{"rendered":"Politique de cookies"},"content":{"rendered":"<h1>Politique de cookies<\/h1>\n<p><strong>1. Cookies<\/strong><\/p>\n<p><strong>Les cookies sont des fichiers qui sont t\u00e9l\u00e9charg\u00e9s sur votre ordinateur au moment de votre acc\u00e8s \u00e0 diff\u00e9rents sites.<\/strong> Les cookies permettent \u00e0 un site internet, entre autres choses, d\u2019emmagasiner et r\u00e9cup\u00e9rer des informations sur les habitudes de navigation d\u2019un utilisateur ou de son \u00e9quipement, et selon l\u2019information contenue et la mani\u00e8re d\u2019utiliser l\u2019\u00e9quipement, peuvent \u00eatre utilis\u00e9e pour reconna\u00eetre l\u2019utilisateur. Le moteur de recherche de l\u2019utilisateur m\u00e9morise les cookies sur le disque dur seulement pendant la session qui a lieu et occupe un espace minimum de m\u00e9moire, et ne porte pas pr\u00e9judice au bon fonctionnement de votre ordinateur. Les cookies ne contiennent aucun type d\u2019informations personnelles sp\u00e9cifiques, et la majorit\u00e9 de ces informations sont effac\u00e9es du disque dur \u00e0 la fin de la session de navigation (ce sont les d\u00e9nomm\u00e9es cookies de session)<\/p>\n<p>La majorit\u00e9 des moteurs de recherche acceptent les cookies en mode standard, et de fa\u00e7on ind\u00e9pendante permettent ou annulent dans les r\u00e9glages de s\u00e9curit\u00e9 les cookies temporaires ou m\u00e9moris\u00e9es.<\/p>\n[mpp_popup id=&#8221;4607&#8243;]\n<div class=\"button primary expand\" style=\"padding: 10px 0px 10px 0px; width: 260px !important;\">Gestion des cookies<\/div>\n[\/mpp_popup]\n<p><strong>2. Types de cookies<\/strong><\/p>\n<ul>\n<li><strong>Cookies techniques:<\/strong> Ce sont celles qui <strong>permettent \u00e0 l\u2019utilisateur de naviguer \u00e0 travers un site, plateforme ou application et l\u2019utilisation des diff\u00e9rentes options ou services qui y existent,<\/strong> comme par exemple, le contr\u00f4le du trafic ou la communication de donn\u00e9es, l\u2019identification de la session, acc\u00e9der aux zones d\u2019acc\u00e8s restreint, rappeler les \u00e9l\u00e9ments qui int\u00e8gre une commande, r\u00e9aliser le processus d\u2019achat d\u2019une commande, r\u00e9aliser une demande d\u2019inscription et de participation \u00e0 un \u00e9v\u00e8nement, utiliser les \u00e9l\u00e9ments de s\u00e9curit\u00e9 pendant la navigation, stocker les contenus pour la diffusion de vid\u00e9os ou de sons, ou bien encore partager des contenus \u00e0 travers les r\u00e9seaux sociaux.<\/li>\n<li><strong>Cookies de personnalisation:<\/strong> Ce sont celles <strong>qui permettent l\u2019utilisateur d\u2019acc\u00e9der au service avec certaines caract\u00e9ristiques de caract\u00e8re g\u00e9n\u00e9ral pr\u00e9d\u00e9finies en fonction d\u2019une s\u00e9rie de crit\u00e8res inscrits dans le terminal de l\u2019utilisateur, comme par exemple la langue,<\/strong> le type de moteur de recherche \u00e0 travers lequel on acc\u00e8de au service, la configuration r\u00e9gionale de l\u2019endroit depuis lequel on acc\u00e8de au service, etc.<\/li>\n<li><strong>Cookies d\u2019analyse: <\/strong>ce sont celles qui si elles font l\u2019objet d\u2019un bon traitement de notre part ou par des tiers, <strong>nous permettent de <\/strong><strong>quantifier le nombre d\u2019utilisateurs et de cette mani\u00e8re r\u00e9aliser la <\/strong><strong>mesure et analyse statistique de l\u2019emploi que font nos utilisateurs du <\/strong><strong><strong>service que nous offrons. <\/strong><\/strong>Pour cela on analyse votre navigation sur notre site web dans le but d\u2019am\u00e9liorer l\u2019offre de produits ou de service que nous vous pr\u00e9sentons.<\/li>\n<li style=\"font-weight: 400;\" aria-level=\"1\"><span style=\"font-weight: 400;\"><strong>Cookies de tierces personnes<\/strong>: Le site de <strong>Nautic Center peut utiliser les services de tierces personnes ou entit\u00e9s que compileront des informations \u00e0 des fins statistiques, bas\u00e9es sur l\u2019utilisation du site qu\u2019en fera<\/strong> <strong>l\u2019utilisateur et pour la prestation<\/strong> d\u2019autres services en relation avec l\u2019activit\u00e9 du site et autres services d\u2019internet.\u00a0<\/span><\/li>\n<\/ul>\n<p><strong>3. Cookies utilis\u00e9s par ce site<span style=\"font-weight: 400;\">\u00a0<\/span><\/strong><\/p>\n<p><span style=\"font-weight: 400;\">Cookie de type temporalit\u00e9 titularit\u00e9 finalit\u00e9<\/span><\/p>\n<p>La session technique expire \u00e0 la fin de la session personnelle. Garantir le fonctionnement correct du site en enregistrant la visite au moyen d\u2019un identifiant unique.<\/p>\n<p><span style=\"font-weight: 400;\">cc_cookie_accept: Technique qui s\u2019\u00e9tend sur une ann\u00e9e et qui est personnelle, son but est de conna\u00eetre l\u2019acceptation que fera l\u2019utilisateur des politiques de Cookies.\u00a0<\/span><\/p>\n<p><span style=\"font-weight: 400;\">PREF Personnalisation : Deux ans de tiers de Google.com qui est utilis\u00e9 pour emmagasiner les pr\u00e9f\u00e9rences des langues.<\/span><\/p>\n<p><span style=\"font-weight: 400;\">_ga Anal\u00edtica: Deux ans de Tiers de Google Analytics. Utilis\u00e9 pour diff\u00e9rencier les utilisateurs des sessions. Le cookie est cr\u00e9\u00e9 lorsque la librairie JavaScript est charg\u00e9e s\u2019il n\u2019y a de version pr\u00e9alablement install\u00e9e de celle-ci. LA cookie est actualis\u00e9e chaque fois que les donn\u00e9es sont envoy\u00e9es \u00e0 Google Analytics.<\/span><\/p>\n<p><span style=\"font-weight: 400;\">_gat Anal\u00edtica: 10 minutes de tiers, utilis\u00e9 pour diff\u00e9rencier les diff\u00e9rents objets du suivi cr\u00e9es dans la session. Le cookie est cr\u00e9\u00e9 au cours du chargement de la librairie JavaScript s\u2019il n\u2019y a pas de version pr\u00e9alablement install\u00e9e de celle-ci. Le cookie est actualis\u00e9 chaque fois que les donn\u00e9es sont envoy\u00e9es \u00e0 Google Analytics.\u00a0\u00a0\u00a0<\/span><\/p>\n<p><span style=\"font-weight: 400;\">Gootrans: Personnalisation de donn\u00e9es de tiers enregistr\u00e9es par la barre de google translate afin d\u2019obtenir des informations relative \u00e0 la traduction instantan\u00e9e du site dans une langue d\u00e9termin\u00e9e.\u00a0\u00a0<\/span><\/p>\n<p><strong>4. Aceptaci\u00f3n<\/strong><\/p>\n<p><span style=\"font-weight: 400;\">L\u2019utilisateur accepte express\u00e9ment, en utilisant ce <em>site<\/em>, le traitement des informations compil\u00e9es sous la forme et pour les fins ant\u00e9rieurement expos\u00e9es. Et de ce fait il reconna\u00eet la possibilit\u00e9 de refuser le traitement de ces informations ou donn\u00e9es en refusant l\u2019utilisation de cookies au moyen de la s\u00e9lection de configuration appropri\u00e9e dans ce but sur son moteur de recherche. Cette option de blocage sur le moteur de recherche peut cependant emp\u00eacher l\u2019utilisation compl\u00e8te des toutes les fonctionnalit\u00e9s <em>du site<\/em>.<\/span><\/p>\n<p><span style=\"font-weight: 400;\">Vous pouvez autoriser, bloquer, ou \u00e9liminer les cookies install\u00e9es sur votre terminal au moyen de la configuration des options du moteur de recherche install\u00e9 sur votre ordinateur:<\/span><\/p>\n<ul>\n<li><strong>Google Chrome:<\/strong> https:\/\/support.google.com\/chrome\/answer\/95647?hl=es<\/li>\n<li><strong>Explorer:<\/strong> http:\/\/windows.microsoft.com\/es-es\/windows7\/how-to-manage-cookies-in-internet-explorer-9<\/li>\n<li><strong>Firefox:<\/strong> http:\/\/support.mozilla.org\/es\/kb\/habilitar-y-deshabilitar-cookies-que-los-sitios-we<\/li>\n<li><strong>Safari:<\/strong> http:\/\/support.apple.com\/kb\/ph5042<\/li>\n<\/ul>\n","protected":false},"excerpt":{"rendered":"<p>Politique de cookies 1. Cookies Les cookies sont des fichiers qui sont t\u00e9l\u00e9charg\u00e9s sur votre ordinateur au moment de votre acc\u00e8s \u00e0 diff\u00e9rents sites. Les cookies permettent \u00e0 un site internet, entre autres choses, d\u2019emmagasiner et r\u00e9cup\u00e9rer des informations sur les habitudes de navigation d\u2019un utilisateur ou de son \u00e9quipement, et selon l\u2019information contenue etLeer m\u00e1s&#8230;<\/p>\n","protected":false},"author":1,"featured_media":0,"parent":0,"menu_order":0,"comment_status":"closed","ping_status":"closed","template":"","meta":{"_acf_changed":false,"footnotes":""},"class_list":["post-14142","page","type-page","status-publish","hentry"],"acf":[],"yoast_head":"<!-- This site is optimized with the Yoast SEO Premium plugin v20.8 (Yoast SEO v27.3) - https:\/\/yoast.com\/product\/yoast-seo-premium-wordpress\/ -->\n<title>Politique de cookies | Nautic Center Menorca<\/title>\n<meta name=\"robots\" content=\"noindex, nofollow\" \/>\n<meta property=\"og:locale\" content=\"fr_FR\" \/>\n<meta property=\"og:type\" content=\"article\" \/>\n<meta property=\"og:title\" content=\"Politique de cookies\" \/>\n<meta property=\"og:description\" content=\"Politique de cookies 1. Cookies Les cookies sont des fichiers qui sont t\u00e9l\u00e9charg\u00e9s sur votre ordinateur au moment de votre acc\u00e8s \u00e0 diff\u00e9rents sites. Les cookies permettent \u00e0 un site internet, entre autres choses, d\u2019emmagasiner et r\u00e9cup\u00e9rer des informations sur les habitudes de navigation d\u2019un utilisateur ou de son \u00e9quipement, et selon l\u2019information contenue etLeer m\u00e1s...\" \/>\n<meta property=\"og:url\" content=\"https:\/\/nauticcenter.net\/fr\/politique-de-cookies\/\" \/>\n<meta property=\"og:site_name\" content=\"Nautic Center Menorca\" \/>\n<meta property=\"article:publisher\" content=\"https:\/\/www.facebook.com\/nauticcentermenorca\" \/>\n<meta property=\"article:modified_time\" content=\"2021-08-02T16:09:59+00:00\" \/>\n<meta name=\"twitter:card\" content=\"summary_large_image\" \/>\n<meta name=\"twitter:label1\" content=\"Dur\u00e9e de lecture estim\u00e9e\" \/>\n\t<meta name=\"twitter:data1\" content=\"5 minutes\" \/>\n<script type=\"application\/ld+json\" class=\"yoast-schema-graph\">{\"@context\":\"https:\\\/\\\/schema.org\",\"@graph\":[{\"@type\":\"WebPage\",\"@id\":\"https:\\\/\\\/nauticcenter.net\\\/fr\\\/politique-de-cookies\\\/\",\"url\":\"https:\\\/\\\/nauticcenter.net\\\/fr\\\/politique-de-cookies\\\/\",\"name\":\"Politique de cookies | Nautic Center Menorca\",\"isPartOf\":{\"@id\":\"https:\\\/\\\/nauticcenter.net\\\/fr\\\/#website\"},\"datePublished\":\"2021-01-26T11:54:41+00:00\",\"dateModified\":\"2021-08-02T16:09:59+00:00\",\"inLanguage\":\"fr-FR\",\"potentialAction\":[{\"@type\":\"ReadAction\",\"target\":[\"https:\\\/\\\/nauticcenter.net\\\/fr\\\/politique-de-cookies\\\/\"]}]},{\"@type\":\"WebSite\",\"@id\":\"https:\\\/\\\/nauticcenter.net\\\/fr\\\/#website\",\"url\":\"https:\\\/\\\/nauticcenter.net\\\/fr\\\/\",\"name\":\"Nautic Center Menorca\",\"description\":\"\",\"publisher\":{\"@id\":\"https:\\\/\\\/nauticcenter.net\\\/fr\\\/#organization\"},\"potentialAction\":[{\"@type\":\"SearchAction\",\"target\":{\"@type\":\"EntryPoint\",\"urlTemplate\":\"https:\\\/\\\/nauticcenter.net\\\/fr\\\/?s={search_term_string}\"},\"query-input\":{\"@type\":\"PropertyValueSpecification\",\"valueRequired\":true,\"valueName\":\"search_term_string\"}}],\"inLanguage\":\"fr-FR\"},{\"@type\":\"Organization\",\"@id\":\"https:\\\/\\\/nauticcenter.net\\\/fr\\\/#organization\",\"name\":\"Nautic Center Menorca\",\"url\":\"https:\\\/\\\/nauticcenter.net\\\/fr\\\/\",\"logo\":{\"@type\":\"ImageObject\",\"inLanguage\":\"fr-FR\",\"@id\":\"https:\\\/\\\/nauticcenter.net\\\/fr\\\/#\\\/schema\\\/logo\\\/image\\\/\",\"url\":\"http:\\\/\\\/nauticcenter.net\\\/wp-content\\\/uploads\\\/2023\\\/03\\\/NCm-Logo-centrado.jpg\",\"contentUrl\":\"http:\\\/\\\/nauticcenter.net\\\/wp-content\\\/uploads\\\/2023\\\/03\\\/NCm-Logo-centrado.jpg\",\"width\":1772,\"height\":1418,\"caption\":\"Nautic Center Menorca\"},\"image\":{\"@id\":\"https:\\\/\\\/nauticcenter.net\\\/fr\\\/#\\\/schema\\\/logo\\\/image\\\/\"},\"sameAs\":[\"https:\\\/\\\/www.facebook.com\\\/nauticcentermenorca\",\"https:\\\/\\\/www.instagram.com\\\/nauticcenter_menorca\"]}]}<\/script>\n<!-- \/ Yoast SEO Premium plugin. -->","yoast_head_json":{"title":"Politique de cookies | Nautic Center Menorca","robots":{"index":"noindex","follow":"nofollow"},"og_locale":"fr_FR","og_type":"article","og_title":"Politique de cookies","og_description":"Politique de cookies 1. Cookies Les cookies sont des fichiers qui sont t\u00e9l\u00e9charg\u00e9s sur votre ordinateur au moment de votre acc\u00e8s \u00e0 diff\u00e9rents sites. Les cookies permettent \u00e0 un site internet, entre autres choses, d\u2019emmagasiner et r\u00e9cup\u00e9rer des informations sur les habitudes de navigation d\u2019un utilisateur ou de son \u00e9quipement, et selon l\u2019information contenue etLeer m\u00e1s...","og_url":"https:\/\/nauticcenter.net\/fr\/politique-de-cookies\/","og_site_name":"Nautic Center Menorca","article_publisher":"https:\/\/www.facebook.com\/nauticcentermenorca","article_modified_time":"2021-08-02T16:09:59+00:00","twitter_card":"summary_large_image","twitter_misc":{"Dur\u00e9e de lecture estim\u00e9e":"5 minutes"},"schema":{"@context":"https:\/\/schema.org","@graph":[{"@type":"WebPage","@id":"https:\/\/nauticcenter.net\/fr\/politique-de-cookies\/","url":"https:\/\/nauticcenter.net\/fr\/politique-de-cookies\/","name":"Politique de cookies | Nautic Center Menorca","isPartOf":{"@id":"https:\/\/nauticcenter.net\/fr\/#website"},"datePublished":"2021-01-26T11:54:41+00:00","dateModified":"2021-08-02T16:09:59+00:00","inLanguage":"fr-FR","potentialAction":[{"@type":"ReadAction","target":["https:\/\/nauticcenter.net\/fr\/politique-de-cookies\/"]}]},{"@type":"WebSite","@id":"https:\/\/nauticcenter.net\/fr\/#website","url":"https:\/\/nauticcenter.net\/fr\/","name":"Nautic Center Menorca","description":"","publisher":{"@id":"https:\/\/nauticcenter.net\/fr\/#organization"},"potentialAction":[{"@type":"SearchAction","target":{"@type":"EntryPoint","urlTemplate":"https:\/\/nauticcenter.net\/fr\/?s={search_term_string}"},"query-input":{"@type":"PropertyValueSpecification","valueRequired":true,"valueName":"search_term_string"}}],"inLanguage":"fr-FR"},{"@type":"Organization","@id":"https:\/\/nauticcenter.net\/fr\/#organization","name":"Nautic Center Menorca","url":"https:\/\/nauticcenter.net\/fr\/","logo":{"@type":"ImageObject","inLanguage":"fr-FR","@id":"https:\/\/nauticcenter.net\/fr\/#\/schema\/logo\/image\/","url":"http:\/\/nauticcenter.net\/wp-content\/uploads\/2023\/03\/NCm-Logo-centrado.jpg","contentUrl":"http:\/\/nauticcenter.net\/wp-content\/uploads\/2023\/03\/NCm-Logo-centrado.jpg","width":1772,"height":1418,"caption":"Nautic Center Menorca"},"image":{"@id":"https:\/\/nauticcenter.net\/fr\/#\/schema\/logo\/image\/"},"sameAs":["https:\/\/www.facebook.com\/nauticcentermenorca","https:\/\/www.instagram.com\/nauticcenter_menorca"]}]}},"_links":{"self":[{"href":"https:\/\/nauticcenter.net\/fr\/wp-json\/wp\/v2\/pages\/14142","targetHints":{"allow":["GET"]}}],"collection":[{"href":"https:\/\/nauticcenter.net\/fr\/wp-json\/wp\/v2\/pages"}],"about":[{"href":"https:\/\/nauticcenter.net\/fr\/wp-json\/wp\/v2\/types\/page"}],"author":[{"embeddable":true,"href":"https:\/\/nauticcenter.net\/fr\/wp-json\/wp\/v2\/users\/1"}],"replies":[{"embeddable":true,"href":"https:\/\/nauticcenter.net\/fr\/wp-json\/wp\/v2\/comments?post=14142"}],"version-history":[{"count":0,"href":"https:\/\/nauticcenter.net\/fr\/wp-json\/wp\/v2\/pages\/14142\/revisions"}],"wp:attachment":[{"href":"https:\/\/nauticcenter.net\/fr\/wp-json\/wp\/v2\/media?parent=14142"}],"curies":[{"name":"wp","href":"https:\/\/api.w.org\/{rel}","templated":true}]}}