{"id":14139,"date":"2021-01-26T13:07:06","date_gmt":"2021-01-26T13:07:06","guid":{"rendered":"https:\/politica-de-calidad-y-medio-ambiente\/"},"modified":"2021-08-02T16:10:34","modified_gmt":"2021-08-02T16:10:34","slug":"politique-de-qualite-et-environnementale","status":"publish","type":"page","link":"https:\/\/nauticcenter.net\/fr\/politique-de-qualite-et-environnementale\/","title":{"rendered":"Politique de qualit\u00e9 et environnementale"},"content":{"rendered":"<h1><strong>Politique de qualit\u00e9 et environnementale<\/strong><\/h1>\n<p><strong>La politique de qualit\u00e9 et environnementale de Nautic Center est bas\u00e9e sur les points suivants\u00a0:<\/strong><\/p>\n<ul>\n<li><strong>Etre en coh\u00e9rence avec notre mission et notre vision,<\/strong> ainsi qu\u2019avec son d\u00e9veloppement en objectifs dans les diff\u00e9rentes aires de notre entreprise.<\/li>\n<li><strong>Rechercher l\u2019excellence,<\/strong> aussi bien pour les produits que nous proposons que pour les services que nous pr\u00eatons.<\/li>\n<li>Travail continu afin d\u2019\u00eatre une valeur de r\u00e9f\u00e9rence dans le secteur nautique. <strong>L\u2019am\u00e9lioration continue<\/strong> n\u2019est pas une option,<strong> il en est de m\u00eame en ce qui concerne la qualit\u00e9 que l\u2019environnement.<\/strong><\/li>\n<li><strong>Comprendre le client,<\/strong> nous nous effor\u00e7ons dans la recherche et l\u2019apport des meilleures options \u00e0 nos clients.<\/li>\n<li>Travailler de fa\u00e7on respectueuse envers l\u2019environnement, car nous le consid\u00e9rons comme un actif suppl\u00e9mentaire.<strong> Nous nous engageons \u00e0 la protection active de l\u2019environnement <\/strong>et en particulier \u00e0 la pr\u00e9vention de la pollution.<\/li>\n<li>Solutions compl\u00e8tes, nos <strong>clients doivent sentir<\/strong> que notre relation d\u00e9bouche sur la prestation <strong>du meilleur service possible,<\/strong> en d\u00e9veloppant une <strong>relation de confiance qui perdure dans le temps.<\/strong><\/li>\n<li>Disposer d\u2019un r\u00e9seau de fournisseurs fiables qui nous permettent d\u2019assurer la disponibilit\u00e9 des composants et des services.<\/li>\n<li>G\u00e9rer d\u2019amples installations adapt\u00e9es \u00e0 notre travail, conjugu\u00e9 aux<br \/>\nmeilleurs moyens disponibles pour donner le meilleur service.<\/li>\n<li>Respecter les exigences qui nous sont appliqu\u00e9es aussi bien dans un cadre l\u00e9gal, que celle que certains int\u00e9ress\u00e9s nous font parvenir, toujours en accord avec le r\u00e8glement pr\u00e9vu par dans les domaines l\u00e9gaux.<\/li>\n<\/ul>\n<p>Le g\u00e9rant.<br \/>\nMahon 14 f\u00e9vrier 2019.<\/p>\n","protected":false},"excerpt":{"rendered":"<p>Politique de qualit\u00e9 et environnementale La politique de qualit\u00e9 et environnementale de Nautic Center est bas\u00e9e sur les points suivants\u00a0: Etre en coh\u00e9rence avec notre mission et notre vision, ainsi qu\u2019avec son d\u00e9veloppement en objectifs dans les diff\u00e9rentes aires de notre entreprise. Rechercher l\u2019excellence, aussi bien pour les produits que nous proposons que pour lesLeer m\u00e1s&#8230;<\/p>\n","protected":false},"author":1,"featured_media":0,"parent":0,"menu_order":0,"comment_status":"closed","ping_status":"closed","template":"","meta":{"_acf_changed":false,"footnotes":""},"class_list":["post-14139","page","type-page","status-publish","hentry"],"acf":[],"yoast_head":"<!-- This site is optimized with the Yoast SEO Premium plugin v20.8 (Yoast SEO v27.3) - https:\/\/yoast.com\/product\/yoast-seo-premium-wordpress\/ -->\n<title>Politique de qualit\u00e9 et environnementale | Nautic Center Menorca<\/title>\n<meta name=\"robots\" content=\"index, follow, max-snippet:-1, max-image-preview:large, max-video-preview:-1\" \/>\n<link rel=\"canonical\" href=\"https:\/\/nauticcenter.net\/fr\/politique-de-qualite-et-environnementale\/\" \/>\n<meta property=\"og:locale\" content=\"fr_FR\" \/>\n<meta property=\"og:type\" content=\"article\" \/>\n<meta property=\"og:title\" content=\"Politique de qualit\u00e9 et environnementale\" \/>\n<meta property=\"og:description\" content=\"Politique de qualit\u00e9 et environnementale La politique de qualit\u00e9 et environnementale de Nautic Center est bas\u00e9e sur les points suivants\u00a0: Etre en coh\u00e9rence avec notre mission et notre vision, ainsi qu\u2019avec son d\u00e9veloppement en objectifs dans les diff\u00e9rentes aires de notre entreprise. Rechercher l\u2019excellence, aussi bien pour les produits que nous proposons que pour lesLeer m\u00e1s...\" \/>\n<meta property=\"og:url\" content=\"https:\/\/nauticcenter.net\/fr\/politique-de-qualite-et-environnementale\/\" \/>\n<meta property=\"og:site_name\" content=\"Nautic Center Menorca\" \/>\n<meta property=\"article:publisher\" content=\"https:\/\/www.facebook.com\/nauticcentermenorca\" \/>\n<meta property=\"article:modified_time\" content=\"2021-08-02T16:10:34+00:00\" \/>\n<meta name=\"twitter:card\" content=\"summary_large_image\" \/>\n<meta name=\"twitter:label1\" content=\"Dur\u00e9e de lecture estim\u00e9e\" \/>\n\t<meta name=\"twitter:data1\" content=\"1 minute\" \/>\n<script type=\"application\/ld+json\" class=\"yoast-schema-graph\">{\"@context\":\"https:\\\/\\\/schema.org\",\"@graph\":[{\"@type\":\"WebPage\",\"@id\":\"https:\\\/\\\/nauticcenter.net\\\/fr\\\/politique-de-qualite-et-environnementale\\\/\",\"url\":\"https:\\\/\\\/nauticcenter.net\\\/fr\\\/politique-de-qualite-et-environnementale\\\/\",\"name\":\"Politique de qualit\u00e9 et environnementale | Nautic Center Menorca\",\"isPartOf\":{\"@id\":\"https:\\\/\\\/nauticcenter.net\\\/fr\\\/#website\"},\"datePublished\":\"2021-01-26T13:07:06+00:00\",\"dateModified\":\"2021-08-02T16:10:34+00:00\",\"inLanguage\":\"fr-FR\",\"potentialAction\":[{\"@type\":\"ReadAction\",\"target\":[\"https:\\\/\\\/nauticcenter.net\\\/fr\\\/politique-de-qualite-et-environnementale\\\/\"]}]},{\"@type\":\"WebSite\",\"@id\":\"https:\\\/\\\/nauticcenter.net\\\/fr\\\/#website\",\"url\":\"https:\\\/\\\/nauticcenter.net\\\/fr\\\/\",\"name\":\"Nautic Center Menorca\",\"description\":\"\",\"publisher\":{\"@id\":\"https:\\\/\\\/nauticcenter.net\\\/fr\\\/#organization\"},\"potentialAction\":[{\"@type\":\"SearchAction\",\"target\":{\"@type\":\"EntryPoint\",\"urlTemplate\":\"https:\\\/\\\/nauticcenter.net\\\/fr\\\/?s={search_term_string}\"},\"query-input\":{\"@type\":\"PropertyValueSpecification\",\"valueRequired\":true,\"valueName\":\"search_term_string\"}}],\"inLanguage\":\"fr-FR\"},{\"@type\":\"Organization\",\"@id\":\"https:\\\/\\\/nauticcenter.net\\\/fr\\\/#organization\",\"name\":\"Nautic Center Menorca\",\"url\":\"https:\\\/\\\/nauticcenter.net\\\/fr\\\/\",\"logo\":{\"@type\":\"ImageObject\",\"inLanguage\":\"fr-FR\",\"@id\":\"https:\\\/\\\/nauticcenter.net\\\/fr\\\/#\\\/schema\\\/logo\\\/image\\\/\",\"url\":\"http:\\\/\\\/nauticcenter.net\\\/wp-content\\\/uploads\\\/2023\\\/03\\\/NCm-Logo-centrado.jpg\",\"contentUrl\":\"http:\\\/\\\/nauticcenter.net\\\/wp-content\\\/uploads\\\/2023\\\/03\\\/NCm-Logo-centrado.jpg\",\"width\":1772,\"height\":1418,\"caption\":\"Nautic Center Menorca\"},\"image\":{\"@id\":\"https:\\\/\\\/nauticcenter.net\\\/fr\\\/#\\\/schema\\\/logo\\\/image\\\/\"},\"sameAs\":[\"https:\\\/\\\/www.facebook.com\\\/nauticcentermenorca\",\"https:\\\/\\\/www.instagram.com\\\/nauticcenter_menorca\"]}]}<\/script>\n<!-- \/ Yoast SEO Premium plugin. -->","yoast_head_json":{"title":"Politique de qualit\u00e9 et environnementale | Nautic Center Menorca","robots":{"index":"index","follow":"follow","max-snippet":"max-snippet:-1","max-image-preview":"max-image-preview:large","max-video-preview":"max-video-preview:-1"},"canonical":"https:\/\/nauticcenter.net\/fr\/politique-de-qualite-et-environnementale\/","og_locale":"fr_FR","og_type":"article","og_title":"Politique de qualit\u00e9 et environnementale","og_description":"Politique de qualit\u00e9 et environnementale La politique de qualit\u00e9 et environnementale de Nautic Center est bas\u00e9e sur les points suivants\u00a0: Etre en coh\u00e9rence avec notre mission et notre vision, ainsi qu\u2019avec son d\u00e9veloppement en objectifs dans les diff\u00e9rentes aires de notre entreprise. Rechercher l\u2019excellence, aussi bien pour les produits que nous proposons que pour lesLeer m\u00e1s...","og_url":"https:\/\/nauticcenter.net\/fr\/politique-de-qualite-et-environnementale\/","og_site_name":"Nautic Center Menorca","article_publisher":"https:\/\/www.facebook.com\/nauticcentermenorca","article_modified_time":"2021-08-02T16:10:34+00:00","twitter_card":"summary_large_image","twitter_misc":{"Dur\u00e9e de lecture estim\u00e9e":"1 minute"},"schema":{"@context":"https:\/\/schema.org","@graph":[{"@type":"WebPage","@id":"https:\/\/nauticcenter.net\/fr\/politique-de-qualite-et-environnementale\/","url":"https:\/\/nauticcenter.net\/fr\/politique-de-qualite-et-environnementale\/","name":"Politique de qualit\u00e9 et environnementale | Nautic Center Menorca","isPartOf":{"@id":"https:\/\/nauticcenter.net\/fr\/#website"},"datePublished":"2021-01-26T13:07:06+00:00","dateModified":"2021-08-02T16:10:34+00:00","inLanguage":"fr-FR","potentialAction":[{"@type":"ReadAction","target":["https:\/\/nauticcenter.net\/fr\/politique-de-qualite-et-environnementale\/"]}]},{"@type":"WebSite","@id":"https:\/\/nauticcenter.net\/fr\/#website","url":"https:\/\/nauticcenter.net\/fr\/","name":"Nautic Center Menorca","description":"","publisher":{"@id":"https:\/\/nauticcenter.net\/fr\/#organization"},"potentialAction":[{"@type":"SearchAction","target":{"@type":"EntryPoint","urlTemplate":"https:\/\/nauticcenter.net\/fr\/?s={search_term_string}"},"query-input":{"@type":"PropertyValueSpecification","valueRequired":true,"valueName":"search_term_string"}}],"inLanguage":"fr-FR"},{"@type":"Organization","@id":"https:\/\/nauticcenter.net\/fr\/#organization","name":"Nautic Center Menorca","url":"https:\/\/nauticcenter.net\/fr\/","logo":{"@type":"ImageObject","inLanguage":"fr-FR","@id":"https:\/\/nauticcenter.net\/fr\/#\/schema\/logo\/image\/","url":"http:\/\/nauticcenter.net\/wp-content\/uploads\/2023\/03\/NCm-Logo-centrado.jpg","contentUrl":"http:\/\/nauticcenter.net\/wp-content\/uploads\/2023\/03\/NCm-Logo-centrado.jpg","width":1772,"height":1418,"caption":"Nautic Center Menorca"},"image":{"@id":"https:\/\/nauticcenter.net\/fr\/#\/schema\/logo\/image\/"},"sameAs":["https:\/\/www.facebook.com\/nauticcentermenorca","https:\/\/www.instagram.com\/nauticcenter_menorca"]}]}},"_links":{"self":[{"href":"https:\/\/nauticcenter.net\/fr\/wp-json\/wp\/v2\/pages\/14139","targetHints":{"allow":["GET"]}}],"collection":[{"href":"https:\/\/nauticcenter.net\/fr\/wp-json\/wp\/v2\/pages"}],"about":[{"href":"https:\/\/nauticcenter.net\/fr\/wp-json\/wp\/v2\/types\/page"}],"author":[{"embeddable":true,"href":"https:\/\/nauticcenter.net\/fr\/wp-json\/wp\/v2\/users\/1"}],"replies":[{"embeddable":true,"href":"https:\/\/nauticcenter.net\/fr\/wp-json\/wp\/v2\/comments?post=14139"}],"version-history":[{"count":0,"href":"https:\/\/nauticcenter.net\/fr\/wp-json\/wp\/v2\/pages\/14139\/revisions"}],"wp:attachment":[{"href":"https:\/\/nauticcenter.net\/fr\/wp-json\/wp\/v2\/media?parent=14139"}],"curies":[{"name":"wp","href":"https:\/\/api.w.org\/{rel}","templated":true}]}}