{"id":14136,"date":"2020-12-10T17:53:54","date_gmt":"2020-12-10T17:53:54","guid":{"rendered":"https:\/nuestra-historia\/"},"modified":"2021-08-02T16:12:40","modified_gmt":"2021-08-02T16:12:40","slug":"qui-sommes-nous","status":"publish","type":"page","link":"https:\/\/nauticcenter.net\/fr\/qui-sommes-nous\/","title":{"rendered":"Qui sommes-nous"},"content":{"rendered":"<div class=\"row row-collapse row-full-width align-middle align-center\"  id=\"row-2030271695\">\n\n\t<div id=\"col-291651737\" class=\"col medium-12 small-12 large-6 medium-col-first\"  >\n\t\t\t\t<div class=\"col-inner\"  >\n\t\t\t\n\t\t\t\n\n  <div class=\"banner has-hover\" id=\"banner-28601612\">\n          <div class=\"banner-inner fill\">\n        <div class=\"banner-bg fill\" >\n            <img loading=\"lazy\" decoding=\"async\" width=\"900\" height=\"600\" src=\"https:\/\/nauticcenter.net\/wp-content\/uploads\/2020\/12\/empresa-sobrenosotros.jpg\" class=\"bg attachment-large size-large\" alt=\"\" \/>                                    \n                    <\/div>\n\t\t\n        <div class=\"banner-layers container\">\n            <div class=\"fill banner-link\"><\/div>            \n        <\/div>\n      <\/div>\n\n            \n<style>\n#banner-28601612 {\n  padding-top: 300px;\n  background-color: rgb(255, 255, 255);\n}\n#banner-28601612 .banner-bg img {\n  object-position: 61% 0%;\n}\n@media (min-width:550px) {\n  #banner-28601612 {\n    padding-top: 500px;\n  }\n}\n@media (min-width:850px) {\n  #banner-28601612 {\n    padding-top: 500px;\n  }\n}\n<\/style>\n  <\/div>\n\n\n\t\t<\/div>\n\t\t\t\t\t<\/div>\n\n\t\n\n\t<div id=\"col-282285844\" class=\"col medium-10 small-11 large-6\"  >\n\t\t\t\t<div class=\"col-inner text-left\" style=\"background-color:rgb(255, 255, 255);\" >\n\t\t\t\n\t\t\t\n\t<div id=\"text-3227667346\" class=\"text\">\n\t\t\n<h1><span style=\"font-size: 120%;\">Qui sommes-nous<\/span><\/h1>\n<p>Pendant les ann\u00e9es 60, et sous le nom de Motonautique Basilio, est n\u00e9 l\u2019embryon de Nautic Center, une entreprise consacr\u00e9e \u00e0 la vente et la r\u00e9paration de bateaux. Au cours de l\u2019ann\u00e9e 1988 et avec l\u2019entr\u00e9e de la deuxi\u00e8me g\u00e9n\u00e9ration de la famille Sastre, s\u2019est produit le changement de nom, pour devenir Nautic Center. Post\u00e9rieurement, l\u2019entreprise s\u2019est d\u00e9plac\u00e9e du n\u00ba 108 de la rue San Manuel, en 1993, \u00e0 la zone industrielle de de la ville, tout en \u00e9largissant la gamme de services pr\u00eat\u00e9s aux clients.<br \/>\n\t\t\n<style>\n#text-3227667346 {\n  font-size: 1rem;\n}\n<\/style>\n\t<\/div>\n\t\n\t\t<\/div>\n\t\t\t\t\n<style>\n#col-282285844 > .col-inner {\n  padding: 50px 0px 50px 0px;\n}\n@media (min-width:850px) {\n  #col-282285844 > .col-inner {\n    padding: 0px 20% 0px 20%;\n  }\n}\n<\/style>\n\t<\/div>\n\n\t\n<\/div>\n<div class=\"row row-collapse row-full-width align-middle align-center\"  id=\"row-8526077\">\n\n\t<div id=\"col-1540149306\" class=\"col medium-10 small-11 large-6\"  >\n\t\t\t\t<div class=\"col-inner text-left\"  >\n\t\t\t\n\t\t\t\n\t<div id=\"text-1818624773\" class=\"text\">\n\t\t\n<p>Le si\u00e8ge central de Nautic Center se trouve dans la rue S\u2019Esper\u00f3 de la zonne industrielle de Mah\u00f3n, o\u00f9 l\u2019entreprise dispose de 6.500m2 de terrain sur lesquels se trouve un b\u00e2timent de 1.500m2, consacr\u00e9 \u00e0 l\u2019exposition de bateaux et d\u2019accessoires, et avec des espaces pour le garage et les bureaux. Une \u00e9quipe form\u00e9e par plus de 35 professionnels tous d\u00e9partements confondus (commercial, administratif, qualit\u00e9 et environnement, m\u00e9canique, entretien et nettoyage) travaille pour offrir le meilleur service \u00e0 ses clients toute l\u2019ann\u00e9e durant. Au cours des derni\u00e8res ann\u00e9es, Nautic Center a acquis divers entrep\u00f4ts industriels dans la zone industrielle de Sant Llu\u00eds, \u00e0 Minorque. Au total plus de 9000m2 couverts et 23.000m2 de terrain, pour la r\u00e9alisation de tous types de travaux d\u2019entretien, stockage et hivernage des embarcations. En septembre 2007 une nouvelle installation a \u00e9t\u00e9 inaugur\u00e9e dans cette m\u00eame zone industrielle qui permet de stocker 30 embarcations de jusqu\u2019\u00e0 20 m\u00e8tres de longueur. Il s\u2019agit d\u2019un endroit con\u00e7u sp\u00e9cifiquement pour les grandes longueurs, avec les tous derniers progr\u00e8s en mati\u00e8re de construction nautique.<br \/>\n\t\t\n<style>\n#text-1818624773 {\n  font-size: 1rem;\n  text-align: left;\n}\n<\/style>\n\t<\/div>\n\t\n\t\t<\/div>\n\t\t\t\t\n<style>\n#col-1540149306 > .col-inner {\n  padding: 50px 0px 50px 0;\n}\n@media (min-width:850px) {\n  #col-1540149306 > .col-inner {\n    padding: 9% 10% 9% 10%;\n  }\n}\n<\/style>\n\t<\/div>\n\n\t\n\n\t<div id=\"col-1152234402\" class=\"col medium-12 small-12 large-6 small-col-first\"  >\n\t\t\t\t<div class=\"col-inner\"  >\n\t\t\t\n\t\t\t\n\n  <div class=\"banner has-hover\" id=\"banner-1661642725\">\n          <div class=\"banner-inner fill\">\n        <div class=\"banner-bg fill\" >\n                                                \n                    <\/div>\n\t\t\n        <div class=\"banner-layers container\">\n            <div class=\"fill banner-link\"><\/div>            \n\t<div class=\"img has-hover x50 md-x50 lg-x50 y50 md-y50 lg-y50\" id=\"image_443078984\">\n\t\t\t\t\t\t\t\t<div class=\"img-inner image-cover dark\" style=\"padding-top:500px;\">\n\t\t\t<img loading=\"lazy\" decoding=\"async\" width=\"1020\" height=\"574\" src=\"https:\/\/nauticcenter.net\/wp-content\/uploads\/2021\/06\/Web-Blog.jpg\" class=\"attachment-large size-large\" alt=\"Blog\" srcset=\"https:\/\/nauticcenter.net\/wp-content\/uploads\/2021\/06\/Web-Blog.jpg 1020w, https:\/\/nauticcenter.net\/wp-content\/uploads\/2021\/06\/Web-Blog-510x287.jpg 510w, https:\/\/nauticcenter.net\/wp-content\/uploads\/2021\/06\/Web-Blog-300x169.jpg 300w, https:\/\/nauticcenter.net\/wp-content\/uploads\/2021\/06\/Web-Blog-768x432.jpg 768w, https:\/\/nauticcenter.net\/wp-content\/uploads\/2021\/06\/Web-Blog-500x281.jpg 500w, https:\/\/nauticcenter.net\/wp-content\/uploads\/2021\/06\/Web-Blog-900x506.jpg 900w\" sizes=\"auto, (max-width: 1020px) 100vw, 1020px\" \/>\t\t\t\t\t\t\n\t\t\t\t\t<\/div>\n\t\t\t\t\t\t\t\t\n<style>\n#image_443078984 {\n  width: 100%;\n}\n<\/style>\n\t<\/div>\n\t\n        <\/div>\n      <\/div>\n\n            \n<style>\n#banner-1661642725 {\n  padding-top: 300px;\n  background-color: rgb(255, 255, 255);\n}\n#banner-1661642725 .banner-bg img {\n  object-position: 61% 0%;\n}\n@media (min-width:550px) {\n  #banner-1661642725 {\n    padding-top: 500px;\n  }\n}\n<\/style>\n  <\/div>\n\n\n\t\t<\/div>\n\t\t\t\t\t<\/div>\n\n\t\n<\/div>\n<div class=\"row row-collapse row-full-width align-middle align-center\"  id=\"row-1064475780\">\n\n\t<div id=\"col-622031592\" class=\"col medium-12 small-12 large-6 small-col-first\"  >\n\t\t\t\t<div class=\"col-inner\"  >\n\t\t\t\n\t\t\t\n\n  <div class=\"banner has-hover\" id=\"banner-1107093816\">\n          <div class=\"banner-inner fill\">\n        <div class=\"banner-bg fill\" >\n            <img loading=\"lazy\" decoding=\"async\" width=\"1020\" height=\"628\" src=\"https:\/\/nauticcenter.net\/wp-content\/uploads\/2021\/02\/showroom-1024x630.jpg\" class=\"bg attachment-large size-large\" alt=\"\" \/>                                    \n                    <\/div>\n\t\t\n        <div class=\"banner-layers container\">\n            <div class=\"fill banner-link\"><\/div>            \n        <\/div>\n      <\/div>\n\n            \n<style>\n#banner-1107093816 {\n  padding-top: 300px;\n  background-color: rgb(255, 255, 255);\n}\n#banner-1107093816 .banner-bg img {\n  object-position: 61% 0%;\n}\n@media (min-width:550px) {\n  #banner-1107093816 {\n    padding-top: 500px;\n  }\n}\n<\/style>\n  <\/div>\n\n\n\t\t<\/div>\n\t\t\t\t\t<\/div>\n\n\t\n\n\t<div id=\"col-736628413\" class=\"col medium-10 small-11 large-6\"  >\n\t\t\t\t<div class=\"col-inner text-left\"  >\n\t\t\t\n\t\t\t\n\t<div id=\"text-2388491299\" class=\"text\">\n\t\t\n<p>En 2019 est inaugur\u00e9 le <a href=\"https:\/fr\/salon-nautico-menorca\/\">Boat Showroom<\/a>,En 2019 est inaugur\u00e9 le Boat Showroom, le Salon Nautique de Minorque, un entrep\u00f4t de 1.500m2 situ\u00e9 dans la zone industrielle de Mah\u00f3n et adoss\u00e9 au si\u00e8ge principal de Nautic Center. Dans le Showroom sont expos\u00e9es plus de 30 embarcations afin que les clients puissent voir toute la gamme de marques que nous repr\u00e9sentons en exclusivit\u00e9 sur toute l\u2019\u00eele. En m\u00eame temps que le Showroom est inaugur\u00e9 aussi l\u2019entrep\u00f4t Suzuki, 1.400m2 sp\u00e9cifiquement consacr\u00e9s \u00e0 l\u2019entretien des moteurs hors-bord Suzuki. Il s\u2019agit de moteurs qui sont install\u00e9s sur des embarcations semi rigides de la prestigieuse marque italienne<a href=\"https:\/fr\/capelli-menorca\/\">Capelli<\/a>.De plus un service de <a href=\"https:\/boat-test-center\/\">Test Center &#8211; Beneteau &amp; Capelli<\/a> a \u00e9t\u00e9 mis en marche afin que les clients puissent essayer les embarcations avant l\u2019achat, service offert par <a href=\"https:\/fr\/alquiler-de-barcos-en-menorca\/\">Nautic Fun Menorca<\/a>, notre entreprise de location de bateaux.<br \/>\n\t\t\n<style>\n#text-2388491299 {\n  font-size: 1rem;\n  text-align: left;\n}\n<\/style>\n\t<\/div>\n\t\n\t\t<\/div>\n\t\t\t\t\n<style>\n#col-736628413 > .col-inner {\n  padding: 50px 0px 50px 0;\n}\n@media (min-width:850px) {\n  #col-736628413 > .col-inner {\n    padding: 9% 10% 9% 10%;\n  }\n}\n<\/style>\n\t<\/div>\n\n\t\n<\/div>\n<div class=\"row row-collapse row-full-width align-middle align-center\"  id=\"row-1794127916\">\n\n\t<div id=\"col-1473721422\" class=\"col medium-10 small-11 large-6\"  >\n\t\t\t\t<div class=\"col-inner text-left\" style=\"background-color:rgb(255, 255, 255);\" >\n\t\t\t\n\t\t\t\n\t<div id=\"text-3936980260\" class=\"text\">\n\t\t\n<p>Au total, l\u2019entreprise dispose de plus de 30.000m2 d\u2019installations au sol, depuis lesquelles nous offrons la plus ample gamme de services des Bal\u00e9ares, et ceci avec tous les services n\u00e9cessaires aux navigateurs qui choisissent Minorque comme destin ou escale de leur travers\u00e9e en M\u00e9diterran\u00e9e.<br \/>\n\t\t\n<style>\n#text-3936980260 {\n  font-size: 1rem;\n}\n<\/style>\n\t<\/div>\n\t\n\t\t<\/div>\n\t\t\t\t\n<style>\n#col-1473721422 > .col-inner {\n  padding: 50px 0px 50px 0px;\n}\n@media (min-width:850px) {\n  #col-1473721422 > .col-inner {\n    padding: 9% 10% 9% 10%;\n  }\n}\n<\/style>\n\t<\/div>\n\n\t\n\n\t<div id=\"col-45913734\" class=\"col medium-12 small-12 large-6 medium-col-first\"  >\n\t\t\t\t<div class=\"col-inner\"  >\n\t\t\t\n\t\t\t\n\n  <div class=\"banner has-hover\" id=\"banner-465545013\">\n          <div class=\"banner-inner fill\">\n        <div class=\"banner-bg fill\" >\n            <img loading=\"lazy\" decoding=\"async\" width=\"1020\" height=\"765\" src=\"https:\/\/nauticcenter.net\/wp-content\/uploads\/2021\/06\/b231fd97-cf8c-4c05-aad4-c5837fade334-1024x768.jpg\" class=\"bg attachment-large size-large\" alt=\"\" \/>                                    \n                    <\/div>\n\t\t\n        <div class=\"banner-layers container\">\n            <div class=\"fill banner-link\"><\/div>            \n        <\/div>\n      <\/div>\n\n            \n<style>\n#banner-465545013 {\n  padding-top: 300px;\n  background-color: rgb(255, 255, 255);\n}\n#banner-465545013 .banner-bg img {\n  object-position: 61% 0%;\n}\n@media (min-width:550px) {\n  #banner-465545013 {\n    padding-top: 500px;\n  }\n}\n@media (min-width:850px) {\n  #banner-465545013 {\n    padding-top: 500px;\n  }\n}\n<\/style>\n  <\/div>\n\n\n\t\t<\/div>\n\t\t\t\t\t<\/div>\n\n\t\n<\/div>\n","protected":false},"excerpt":{"rendered":"","protected":false},"author":1,"featured_media":0,"parent":0,"menu_order":0,"comment_status":"closed","ping_status":"closed","template":"page-blank.php","meta":{"_acf_changed":false,"footnotes":""},"class_list":["post-14136","page","type-page","status-publish","hentry"],"acf":[],"yoast_head":"<!-- This site is optimized with the Yoast SEO Premium plugin v20.8 (Yoast SEO v27.3) - https:\/\/yoast.com\/product\/yoast-seo-premium-wordpress\/ -->\n<title>Qui sommes-nous | Nautic Center Menorca<\/title>\n<meta name=\"description\" content=\"Le si\u00e8ge du Nautic Center Menorca est situ\u00e9 calle de s&#039;Esper\u00f3 16, dans le Pol\u00edgono Industrial de Mah\u00f3n, o\u00f9 l&#039;entreprise dispose de 6 500 m\u00b2 de terrain sur lequel se trouve un b\u00e2timent de 1 500 m\u00b2 d\u00e9di\u00e9 \u00e0 l&#039;exposition de bateaux et accessoires, et avec un espace pour ateliers et bureaux.\" \/>\n<meta name=\"robots\" content=\"index, follow, max-snippet:-1, max-image-preview:large, max-video-preview:-1\" \/>\n<link rel=\"canonical\" href=\"https:\/\/nauticcenter.net\/fr\/qui-sommes-nous\/\" \/>\n<meta property=\"og:locale\" content=\"fr_FR\" \/>\n<meta property=\"og:type\" content=\"article\" \/>\n<meta property=\"og:title\" content=\"Qui sommes-nous\" \/>\n<meta property=\"og:description\" content=\"Le si\u00e8ge du Nautic Center Menorca est situ\u00e9 calle de s&#039;Esper\u00f3 16, dans le Pol\u00edgono Industrial de Mah\u00f3n, o\u00f9 l&#039;entreprise dispose de 6 500 m\u00b2 de terrain sur lequel se trouve un b\u00e2timent de 1 500 m\u00b2 d\u00e9di\u00e9 \u00e0 l&#039;exposition de bateaux et accessoires, et avec un espace pour ateliers et bureaux.\" \/>\n<meta property=\"og:url\" content=\"https:\/\/nauticcenter.net\/fr\/qui-sommes-nous\/\" \/>\n<meta property=\"og:site_name\" content=\"Nautic Center Menorca\" \/>\n<meta property=\"article:publisher\" content=\"https:\/\/www.facebook.com\/nauticcentermenorca\" \/>\n<meta property=\"article:modified_time\" content=\"2021-08-02T16:12:40+00:00\" \/>\n<meta name=\"twitter:card\" content=\"summary_large_image\" \/>\n<meta name=\"twitter:label1\" content=\"Dur\u00e9e de lecture estim\u00e9e\" \/>\n\t<meta name=\"twitter:data1\" content=\"4 minutes\" \/>\n<script type=\"application\/ld+json\" class=\"yoast-schema-graph\">{\"@context\":\"https:\\\/\\\/schema.org\",\"@graph\":[{\"@type\":\"WebPage\",\"@id\":\"https:\\\/\\\/nauticcenter.net\\\/fr\\\/qui-sommes-nous\\\/\",\"url\":\"https:\\\/\\\/nauticcenter.net\\\/fr\\\/qui-sommes-nous\\\/\",\"name\":\"Qui sommes-nous | Nautic Center Menorca\",\"isPartOf\":{\"@id\":\"https:\\\/\\\/nauticcenter.net\\\/fr\\\/#website\"},\"datePublished\":\"2020-12-10T17:53:54+00:00\",\"dateModified\":\"2021-08-02T16:12:40+00:00\",\"description\":\"Le si\u00e8ge du Nautic Center Menorca est situ\u00e9 calle de s'Esper\u00f3 16, dans le Pol\u00edgono Industrial de Mah\u00f3n, o\u00f9 l'entreprise dispose de 6 500 m\u00b2 de terrain sur lequel se trouve un b\u00e2timent de 1 500 m\u00b2 d\u00e9di\u00e9 \u00e0 l'exposition de bateaux et accessoires, et avec un espace pour ateliers et bureaux.\",\"inLanguage\":\"fr-FR\",\"potentialAction\":[{\"@type\":\"ReadAction\",\"target\":[\"https:\\\/\\\/nauticcenter.net\\\/fr\\\/qui-sommes-nous\\\/\"]}]},{\"@type\":\"WebSite\",\"@id\":\"https:\\\/\\\/nauticcenter.net\\\/fr\\\/#website\",\"url\":\"https:\\\/\\\/nauticcenter.net\\\/fr\\\/\",\"name\":\"Nautic Center Menorca\",\"description\":\"\",\"publisher\":{\"@id\":\"https:\\\/\\\/nauticcenter.net\\\/fr\\\/#organization\"},\"potentialAction\":[{\"@type\":\"SearchAction\",\"target\":{\"@type\":\"EntryPoint\",\"urlTemplate\":\"https:\\\/\\\/nauticcenter.net\\\/fr\\\/?s={search_term_string}\"},\"query-input\":{\"@type\":\"PropertyValueSpecification\",\"valueRequired\":true,\"valueName\":\"search_term_string\"}}],\"inLanguage\":\"fr-FR\"},{\"@type\":\"Organization\",\"@id\":\"https:\\\/\\\/nauticcenter.net\\\/fr\\\/#organization\",\"name\":\"Nautic Center Menorca\",\"url\":\"https:\\\/\\\/nauticcenter.net\\\/fr\\\/\",\"logo\":{\"@type\":\"ImageObject\",\"inLanguage\":\"fr-FR\",\"@id\":\"https:\\\/\\\/nauticcenter.net\\\/fr\\\/#\\\/schema\\\/logo\\\/image\\\/\",\"url\":\"http:\\\/\\\/nauticcenter.net\\\/wp-content\\\/uploads\\\/2023\\\/03\\\/NCm-Logo-centrado.jpg\",\"contentUrl\":\"http:\\\/\\\/nauticcenter.net\\\/wp-content\\\/uploads\\\/2023\\\/03\\\/NCm-Logo-centrado.jpg\",\"width\":1772,\"height\":1418,\"caption\":\"Nautic Center Menorca\"},\"image\":{\"@id\":\"https:\\\/\\\/nauticcenter.net\\\/fr\\\/#\\\/schema\\\/logo\\\/image\\\/\"},\"sameAs\":[\"https:\\\/\\\/www.facebook.com\\\/nauticcentermenorca\",\"https:\\\/\\\/www.instagram.com\\\/nauticcenter_menorca\"]}]}<\/script>\n<!-- \/ Yoast SEO Premium plugin. -->","yoast_head_json":{"title":"Qui sommes-nous | Nautic Center Menorca","description":"Le si\u00e8ge du Nautic Center Menorca est situ\u00e9 calle de s'Esper\u00f3 16, dans le Pol\u00edgono Industrial de Mah\u00f3n, o\u00f9 l'entreprise dispose de 6 500 m\u00b2 de terrain sur lequel se trouve un b\u00e2timent de 1 500 m\u00b2 d\u00e9di\u00e9 \u00e0 l'exposition de bateaux et accessoires, et avec un espace pour ateliers et bureaux.","robots":{"index":"index","follow":"follow","max-snippet":"max-snippet:-1","max-image-preview":"max-image-preview:large","max-video-preview":"max-video-preview:-1"},"canonical":"https:\/\/nauticcenter.net\/fr\/qui-sommes-nous\/","og_locale":"fr_FR","og_type":"article","og_title":"Qui sommes-nous","og_description":"Le si\u00e8ge du Nautic Center Menorca est situ\u00e9 calle de s'Esper\u00f3 16, dans le Pol\u00edgono Industrial de Mah\u00f3n, o\u00f9 l'entreprise dispose de 6 500 m\u00b2 de terrain sur lequel se trouve un b\u00e2timent de 1 500 m\u00b2 d\u00e9di\u00e9 \u00e0 l'exposition de bateaux et accessoires, et avec un espace pour ateliers et bureaux.","og_url":"https:\/\/nauticcenter.net\/fr\/qui-sommes-nous\/","og_site_name":"Nautic Center Menorca","article_publisher":"https:\/\/www.facebook.com\/nauticcentermenorca","article_modified_time":"2021-08-02T16:12:40+00:00","twitter_card":"summary_large_image","twitter_misc":{"Dur\u00e9e de lecture estim\u00e9e":"4 minutes"},"schema":{"@context":"https:\/\/schema.org","@graph":[{"@type":"WebPage","@id":"https:\/\/nauticcenter.net\/fr\/qui-sommes-nous\/","url":"https:\/\/nauticcenter.net\/fr\/qui-sommes-nous\/","name":"Qui sommes-nous | Nautic Center Menorca","isPartOf":{"@id":"https:\/\/nauticcenter.net\/fr\/#website"},"datePublished":"2020-12-10T17:53:54+00:00","dateModified":"2021-08-02T16:12:40+00:00","description":"Le si\u00e8ge du Nautic Center Menorca est situ\u00e9 calle de s'Esper\u00f3 16, dans le Pol\u00edgono Industrial de Mah\u00f3n, o\u00f9 l'entreprise dispose de 6 500 m\u00b2 de terrain sur lequel se trouve un b\u00e2timent de 1 500 m\u00b2 d\u00e9di\u00e9 \u00e0 l'exposition de bateaux et accessoires, et avec un espace pour ateliers et bureaux.","inLanguage":"fr-FR","potentialAction":[{"@type":"ReadAction","target":["https:\/\/nauticcenter.net\/fr\/qui-sommes-nous\/"]}]},{"@type":"WebSite","@id":"https:\/\/nauticcenter.net\/fr\/#website","url":"https:\/\/nauticcenter.net\/fr\/","name":"Nautic Center Menorca","description":"","publisher":{"@id":"https:\/\/nauticcenter.net\/fr\/#organization"},"potentialAction":[{"@type":"SearchAction","target":{"@type":"EntryPoint","urlTemplate":"https:\/\/nauticcenter.net\/fr\/?s={search_term_string}"},"query-input":{"@type":"PropertyValueSpecification","valueRequired":true,"valueName":"search_term_string"}}],"inLanguage":"fr-FR"},{"@type":"Organization","@id":"https:\/\/nauticcenter.net\/fr\/#organization","name":"Nautic Center Menorca","url":"https:\/\/nauticcenter.net\/fr\/","logo":{"@type":"ImageObject","inLanguage":"fr-FR","@id":"https:\/\/nauticcenter.net\/fr\/#\/schema\/logo\/image\/","url":"http:\/\/nauticcenter.net\/wp-content\/uploads\/2023\/03\/NCm-Logo-centrado.jpg","contentUrl":"http:\/\/nauticcenter.net\/wp-content\/uploads\/2023\/03\/NCm-Logo-centrado.jpg","width":1772,"height":1418,"caption":"Nautic Center Menorca"},"image":{"@id":"https:\/\/nauticcenter.net\/fr\/#\/schema\/logo\/image\/"},"sameAs":["https:\/\/www.facebook.com\/nauticcentermenorca","https:\/\/www.instagram.com\/nauticcenter_menorca"]}]}},"_links":{"self":[{"href":"https:\/\/nauticcenter.net\/fr\/wp-json\/wp\/v2\/pages\/14136","targetHints":{"allow":["GET"]}}],"collection":[{"href":"https:\/\/nauticcenter.net\/fr\/wp-json\/wp\/v2\/pages"}],"about":[{"href":"https:\/\/nauticcenter.net\/fr\/wp-json\/wp\/v2\/types\/page"}],"author":[{"embeddable":true,"href":"https:\/\/nauticcenter.net\/fr\/wp-json\/wp\/v2\/users\/1"}],"replies":[{"embeddable":true,"href":"https:\/\/nauticcenter.net\/fr\/wp-json\/wp\/v2\/comments?post=14136"}],"version-history":[{"count":0,"href":"https:\/\/nauticcenter.net\/fr\/wp-json\/wp\/v2\/pages\/14136\/revisions"}],"wp:attachment":[{"href":"https:\/\/nauticcenter.net\/fr\/wp-json\/wp\/v2\/media?parent=14136"}],"curies":[{"name":"wp","href":"https:\/\/api.w.org\/{rel}","templated":true}]}}