{"id":14133,"date":"2020-12-01T22:08:31","date_gmt":"2020-12-01T21:08:31","guid":{"rendered":"https:\/motores-de-barcos-en-menorca\/"},"modified":"2024-05-20T11:54:07","modified_gmt":"2024-05-20T09:54:07","slug":"moteurs-de-bateaux-a-minorque","status":"publish","type":"page","link":"https:\/\/nauticcenter.net\/fr\/moteurs-de-bateaux-a-minorque\/","title":{"rendered":"Moteurs de bateaux \u00e0 Minorque"},"content":{"rendered":"\n\t<section class=\"section\" id=\"section_1698690072\">\n\t\t<div class=\"section-bg fill\" >\n\t\t\t\t\t\t\t\t\t\n\t\t\t\n\n\t\t<\/div>\n\n\t\t\n\n\t\t<div class=\"section-content relative\">\n\t\t\t\n\t<div id=\"text-1894910836\" class=\"text\">\n\t\t\n<h1><strong><span style=\"font-size: 150%;\">Moteurs<\/span><\/strong><\/h1>\n\t\t\n<style>\n#text-1894910836 {\n  text-align: center;\n}\n<\/style>\n\t<\/div>\n\t\n<div class=\"row\"  id=\"row-558781837\">\n\n\t<div id=\"col-257145788\" class=\"col small-12 large-12\"  >\n\t\t\t\t<div class=\"col-inner\"  >\n\t\t\t\n\t\t\t\n  <div class=\"banner-grid-wrapper\">\n  <div id=\"banner-grid-1259267160\" class=\"banner-grid row row-grid\" data-packery-options=\"\">\n                      \n<div class=\"col grid-col small-15 large-6 grid-col-3-4\" ><div class=\"col-inner\">\n\n  <div class=\"banner has-hover\" id=\"banner-638009674\">\n          <div class=\"banner-inner fill\">\n        <div class=\"banner-bg fill\" >\n            <img loading=\"lazy\" decoding=\"async\" width=\"712\" height=\"534\" src=\"https:\/\/nauticcenter.net\/wp-content\/uploads\/2023\/01\/Caterpillar-1.jpg\" class=\"bg attachment-large size-large\" alt=\"\" \/>                        <div class=\"overlay\"><\/div>            \n                    <\/div>\n\t\t\n        <div class=\"banner-layers container\">\n            <a class=\"fill\" href=\"https:\/\/www.cat.com\/fr_FR\/products.html\" target=\"_blank\" rel=\"noopener\" ><div class=\"fill banner-link\"><\/div><\/a>            \n   <div id=\"text-box-1251282018\" class=\"text-box banner-layer x50 md-x50 lg-x50 y90 md-y90 lg-y90 res-text\">\n                                <div class=\"text-box-content text dark\">\n              \n              <div class=\"text-inner text-left\">\n                  \n\t<div class=\"img has-hover x md-x lg-x y md-y lg-y\" id=\"image_1070500582\">\n\t\t<a class=\"\" href=\"https:\/\/www.cat.com\/fr_FR\/products.html\" target=\"_blank\" rel=\"noopener\" >\t\t\t\t\t\t<div class=\"img-inner dark\" >\n\t\t\t<img loading=\"lazy\" decoding=\"async\" width=\"507\" height=\"107\" src=\"https:\/\/nauticcenter.net\/wp-content\/uploads\/2020\/12\/caterpillar-white.png\" class=\"attachment-original size-original\" alt=\"motor nautico caterpillar menorca\" srcset=\"https:\/\/nauticcenter.net\/wp-content\/uploads\/2020\/12\/caterpillar-white.png 507w, https:\/\/nauticcenter.net\/wp-content\/uploads\/2020\/12\/caterpillar-white-300x63.png 300w, https:\/\/nauticcenter.net\/wp-content\/uploads\/2020\/12\/caterpillar-white-500x106.png 500w\" sizes=\"auto, (max-width: 507px) 100vw, 507px\" \/>\t\t\t\t\t\t\n\t\t\t\t\t<\/div>\n\t\t\t\t\t\t<\/a>\t\t\n<style>\n#image_1070500582 {\n  width: 36%;\n}\n<\/style>\n\t<\/div>\n\t\n\t<div id=\"text-650404877\" class=\"text\">\n\t\t\n<p><strong><span style=\"font-size: 200%;\"><a href=\"https:\/\/www.cat.com\/fr_FR\/products.html\" target=\"_blank\" rel=\"noopener noreferrer\">C\u2019est le fournisseur lider du secteur des moteurs diesel marins \u00e0 haute et moyenne vitesse, groupes \u00e9lectrog\u00e8nes et moteurs auxiliaires.<\/a><\/span><\/strong><br \/>\n\t\t\n<style>\n#text-650404877 {\n  font-size: 1rem;\n  text-align: left;\n}\n<\/style>\n\t<\/div>\n\t\n<a href=\"https:\/\/www.cat.com\/fr_FR\/products.html\" target=\"_blank\" class=\"button white is-underline is-xlarge\" rel=\"noopener\"  >\n\t\t<span>Site web de la marque<\/span>\n\t<i class=\"icon-angle-right\" aria-hidden=\"true\" ><\/i><\/a>\n\n              <\/div>\n           <\/div>\n                            \n<style>\n#text-box-1251282018 {\n  width: 85%;\n}\n#text-box-1251282018 .text-box-content {\n  font-size: 100%;\n}\n<\/style>\n    <\/div>\n \n        <\/div>\n      <\/div>\n\n            \n<style>\n#banner-638009674 {\n  padding-top: 300px;\n  background-color: rgb(255,255,255);\n}\n#banner-638009674 .overlay {\n  background-color: rgba(0, 0, 0, 0.38);\n}\n@media (min-width:550px) {\n  #banner-638009674 {\n    padding-top: 500px;\n  }\n}\n<\/style>\n  <\/div>\n\n\n<\/div><\/div>\n<div class=\"col grid-col small-12 large-6 grid-col-3-4\" ><div class=\"col-inner\">\n\n  <div class=\"banner has-hover\" id=\"banner-1254784541\">\n          <div class=\"banner-inner fill\">\n        <div class=\"banner-bg fill\" >\n            <img loading=\"lazy\" decoding=\"async\" width=\"797\" height=\"797\" src=\"https:\/\/nauticcenter.net\/wp-content\/uploads\/2023\/01\/Man.jpg\" class=\"bg attachment-original size-original\" alt=\"\" \/>                        <div class=\"overlay\"><\/div>            \n                    <\/div>\n\t\t\n        <div class=\"banner-layers container\">\n            <a class=\"fill\" href=\"https:\/\/www.engines.man.eu\/global\/en\/marine\/yacht-engines\/overview\/Overview.html\" target=\"_blank\" rel=\"noopener\" ><div class=\"fill banner-link\"><\/div><\/a>            \n   <div id=\"text-box-1746844259\" class=\"text-box banner-layer x50 md-x50 lg-x50 y90 md-y90 lg-y90 res-text\">\n                                <div class=\"text-box-content text dark\">\n              \n              <div class=\"text-inner text-left\">\n                  \n\t<div class=\"img has-hover x md-x lg-x y md-y lg-y\" id=\"image_1236388679\">\n\t\t<a class=\"\" href=\"https:\/\/www.engines.man.eu\/global\/en\/marine\/yacht-engines\/overview\/Overview.html\" target=\"_blank\" rel=\"noopener\" >\t\t\t\t\t\t<div class=\"img-inner dark\" >\n\t\t\t<img loading=\"lazy\" decoding=\"async\" width=\"411\" height=\"237\" src=\"https:\/\/nauticcenter.net\/wp-content\/uploads\/2020\/12\/man-white.png\" class=\"attachment-original size-original\" alt=\"motor nautico man menorca\" srcset=\"https:\/\/nauticcenter.net\/wp-content\/uploads\/2020\/12\/man-white.png 411w, https:\/\/nauticcenter.net\/wp-content\/uploads\/2020\/12\/man-white-300x173.png 300w\" sizes=\"auto, (max-width: 411px) 100vw, 411px\" \/>\t\t\t\t\t\t\n\t\t\t\t\t<\/div>\n\t\t\t\t\t\t<\/a>\t\t\n<style>\n#image_1236388679 {\n  width: 24%;\n}\n<\/style>\n\t<\/div>\n\t\n<p><strong><span style=\"font-size: 200%;\"><a href=\"https:\/\/www.engines.man.eu\/global\/en\/marine\/yacht-engines\/overview\/Overview.html\" target=\"_blank\" rel=\"noopener noreferrer\">Manufacture de moteurs puissants et compacts diesel<\/a><a href=\"https:\/\/www.engines.man.eu\/global\/en\/marine\/yacht-engines\/overview\/Overview.html\" target=\"_blank\" rel=\"noopener noreferrer\">pour yachts et plaisance, <\/a><a href=\"https:\/\/www.engines.man.eu\/global\/en\/marine\/yacht-engines\/overview\/Overview.html\" target=\"_blank\" rel=\"noopener noreferrer\">de 537 kW \u00e0 1397kW.<\/a><\/span><\/strong><\/p>\n<a class=\"button white is-underline is-xlarge\"  >\n\t\t<span>Site web de la marque<\/span>\n\t<i class=\"icon-angle-right\" aria-hidden=\"true\" ><\/i><\/a>\n\n              <\/div>\n           <\/div>\n                            \n<style>\n#text-box-1746844259 {\n  width: 85%;\n}\n#text-box-1746844259 .text-box-content {\n  font-size: 100%;\n}\n<\/style>\n    <\/div>\n \n        <\/div>\n      <\/div>\n\n            \n<style>\n#banner-1254784541 {\n  padding-top: 300px;\n  background-color: rgb(255,255,255);\n}\n#banner-1254784541 .overlay {\n  background-color: rgba(0, 0, 0, 0.38);\n}\n@media (min-width:550px) {\n  #banner-1254784541 {\n    padding-top: 500px;\n  }\n}\n<\/style>\n  <\/div>\n\n\n<\/div><\/div>\n<div class=\"col grid-col small-12 large-6 grid-col-3-4\" ><div class=\"col-inner\">\n\n  <div class=\"banner has-hover\" id=\"banner-354370520\">\n          <div class=\"banner-inner fill\">\n        <div class=\"banner-bg fill\" >\n            <img loading=\"lazy\" decoding=\"async\" width=\"980\" height=\"400\" src=\"https:\/\/nauticcenter.net\/wp-content\/uploads\/2020\/12\/slidervella2.jpg\" class=\"bg attachment-large size-large\" alt=\"\" \/>                        <div class=\"overlay\"><\/div>            \n                    <\/div>\n\t\t\n        <div class=\"banner-layers container\">\n            <a class=\"fill\" href=\"https:\/\/www.movilmotors.com\/\" target=\"_blank\" rel=\"noopener\" ><div class=\"fill banner-link\"><\/div><\/a>            \n   <div id=\"text-box-1976622090\" class=\"text-box banner-layer x50 md-x50 lg-x50 y90 md-y90 lg-y90 res-text\">\n                                <div class=\"text-box-content text dark\">\n              \n              <div class=\"text-inner text-left\">\n                  \n\t<div class=\"img has-hover x md-x lg-x y md-y lg-y\" id=\"image_1021610324\">\n\t\t<a class=\"\" href=\"https:\/\/www.movilmotors.com\/\" target=\"_blank\" rel=\"noopener\" >\t\t\t\t\t\t<div class=\"img-inner dark\" >\n\t\t\t<img loading=\"lazy\" decoding=\"async\" width=\"477\" height=\"141\" src=\"https:\/\/nauticcenter.net\/wp-content\/uploads\/2021\/11\/suzu-white.png\" class=\"attachment-original size-original\" alt=\"\" srcset=\"https:\/\/nauticcenter.net\/wp-content\/uploads\/2021\/11\/suzu-white.png 477w, https:\/\/nauticcenter.net\/wp-content\/uploads\/2021\/11\/suzu-white-300x89.png 300w\" sizes=\"auto, (max-width: 477px) 100vw, 477px\" \/>\t\t\t\t\t\t\n\t\t\t\t\t<\/div>\n\t\t\t\t\t\t<\/a>\t\t\n<style>\n#image_1021610324 {\n  width: 39%;\n}\n<\/style>\n\t<\/div>\n\t\n<p><strong><span style=\"font-size: 200%;\"><a href=\"https:\/\/www.movilmotors.com\/suzuki\/suzuki-marine.html\">La marque offre une gamme compl\u00e8te de moteur hors-bord qui va des DF2,5 aux DF300.<\/a><\/span><\/strong><\/p>\n<a href=\"https:\/\/www.movilmotors.com\/index.html\" target=\"_blank\" class=\"button white is-underline is-xlarge\" rel=\"noopener\"  >\n\t\t<span>Site web de la marque<\/span>\n\t<i class=\"icon-angle-right\" aria-hidden=\"true\" ><\/i><\/a>\n\n              <\/div>\n           <\/div>\n                            \n<style>\n#text-box-1976622090 {\n  width: 85%;\n}\n#text-box-1976622090 .text-box-content {\n  font-size: 100%;\n}\n<\/style>\n    <\/div>\n \n        <\/div>\n      <\/div>\n\n            \n<style>\n#banner-354370520 {\n  padding-top: 300px;\n  background-color: rgb(255,255,255);\n}\n#banner-354370520 .overlay {\n  background-color: rgba(0, 0, 0, 0.38);\n}\n#banner-354370520 .banner-bg img {\n  object-position: 43% 100%;\n}\n@media (min-width:550px) {\n  #banner-354370520 {\n    padding-top: 500px;\n  }\n}\n<\/style>\n  <\/div>\n\n\n<\/div><\/div>\n<div class=\"col grid-col small-12 large-6 grid-col-3-4\" ><div class=\"col-inner\">\n\n  <div class=\"banner has-hover\" id=\"banner-950604964\">\n          <div class=\"banner-inner fill\">\n        <div class=\"banner-bg fill\" >\n            <img loading=\"lazy\" decoding=\"async\" width=\"1020\" height=\"679\" src=\"https:\/\/nauticcenter.net\/wp-content\/uploads\/2022\/05\/torqeedo-travel-21-4992x3328-1.jpg\" class=\"bg attachment-large size-large\" alt=\"Torqeedo Travel 21 Nautic Center Menorca\" \/>                        <div class=\"overlay\"><\/div>            \n                    <\/div>\n\t\t\n        <div class=\"banner-layers container\">\n            <a class=\"fill\" href=\"https:\/\/www.torqeedo.com\/fr\/home\" target=\"_blank\" rel=\"noopener\" ><div class=\"fill banner-link\"><\/div><\/a>            \n   <div id=\"text-box-1076682863\" class=\"text-box banner-layer x50 md-x50 lg-x50 y90 md-y90 lg-y90 res-text\">\n                                <div class=\"text-box-content text dark\">\n              \n              <div class=\"text-inner text-left\">\n                  \n\t<div class=\"img has-hover x md-x lg-x y md-y lg-y\" id=\"image_1691805531\">\n\t\t<a class=\"\" href=\"https:\/\/www.torqeedo.com\/fr\/home\" target=\"_blank\" rel=\"noopener\" >\t\t\t\t\t\t<div class=\"img-inner dark\" >\n\t\t\t<img loading=\"lazy\" decoding=\"async\" width=\"477\" height=\"141\" src=\"https:\/\/nauticcenter.net\/wp-content\/uploads\/2024\/05\/torqueeo.png\" class=\"attachment-original size-original\" alt=\"\" srcset=\"https:\/\/nauticcenter.net\/wp-content\/uploads\/2024\/05\/torqueeo.png 477w, https:\/\/nauticcenter.net\/wp-content\/uploads\/2024\/05\/torqueeo-300x89.png 300w\" sizes=\"auto, (max-width: 477px) 100vw, 477px\" \/>\t\t\t\t\t\t\n\t\t\t\t\t<\/div>\n\t\t\t\t\t\t<\/a>\t\t\n<style>\n#image_1691805531 {\n  width: 35%;\n}\n<\/style>\n\t<\/div>\n\t\n<p><a href=\"https:\/\/www.torqeedo.com\/fr\/home\"><strong><span style=\"font-size: 200%;\">Le num\u00e9ro un des moteurs hors-bord et in-bord durables.<\/span><\/strong><\/a><\/p>\n<a href=\"https:\/\/www.torqeedo.com\/fr\/home\" target=\"_blank\" class=\"button white is-underline is-xlarge\" rel=\"noopener\"  >\n\t\t<span>Site web de la marque<\/span>\n\t<i class=\"icon-angle-right\" aria-hidden=\"true\" ><\/i><\/a>\n\n              <\/div>\n           <\/div>\n                            \n<style>\n#text-box-1076682863 {\n  width: 85%;\n}\n#text-box-1076682863 .text-box-content {\n  font-size: 100%;\n}\n<\/style>\n    <\/div>\n \n        <\/div>\n      <\/div>\n\n            \n<style>\n#banner-950604964 {\n  padding-top: 300px;\n  background-color: rgb(255,255,255);\n}\n#banner-950604964 .overlay {\n  background-color: rgba(0, 0, 0, 0.38);\n}\n#banner-950604964 .banner-bg img {\n  object-position: 0% 57%;\n}\n@media (min-width:550px) {\n  #banner-950604964 {\n    padding-top: 500px;\n  }\n}\n<\/style>\n  <\/div>\n\n\n<\/div><\/div>\n<div class=\"col grid-col small-12 large-6 grid-col-3-4\" ><div class=\"col-inner\">\n\n  <div class=\"banner has-hover\" id=\"banner-113185277\">\n          <div class=\"banner-inner fill\">\n        <div class=\"banner-bg fill\" >\n            <img loading=\"lazy\" decoding=\"async\" width=\"873\" height=\"538\" src=\"https:\/\/nauticcenter.net\/wp-content\/uploads\/2023\/01\/Volvo-Penta.jpg\" class=\"bg attachment-large size-large\" alt=\"\" \/>                        <div class=\"overlay\"><\/div>            \n                    <\/div>\n\t\t\n        <div class=\"banner-layers container\">\n            <a class=\"fill\" href=\"https:\/\/www.volvopenta.com\/fr-fr\/\" target=\"_blank\" rel=\"noopener\" ><div class=\"fill banner-link\"><\/div><\/a>            \n   <div id=\"text-box-1476074274\" class=\"text-box banner-layer x50 md-x50 lg-x50 y90 md-y90 lg-y90 res-text\">\n                                <div class=\"text-box-content text dark\">\n              \n              <div class=\"text-inner text-left\">\n                  \n\t<div class=\"img has-hover x md-x lg-x y md-y lg-y\" id=\"image_981966059\">\n\t\t<a class=\"\" href=\"https:\/\/www.volvopenta.com\/fr-fr\/\" target=\"_blank\" rel=\"noopener\" >\t\t\t\t\t\t<div class=\"img-inner dark\" >\n\t\t\t<img loading=\"lazy\" decoding=\"async\" width=\"477\" height=\"141\" src=\"https:\/\/nauticcenter.net\/wp-content\/uploads\/2024\/05\/penta.png\" class=\"attachment-original size-original\" alt=\"\" srcset=\"https:\/\/nauticcenter.net\/wp-content\/uploads\/2024\/05\/penta.png 477w, https:\/\/nauticcenter.net\/wp-content\/uploads\/2024\/05\/penta-300x89.png 300w\" sizes=\"auto, (max-width: 477px) 100vw, 477px\" \/>\t\t\t\t\t\t\n\t\t\t\t\t<\/div>\n\t\t\t\t\t\t<\/a>\t\t\n<style>\n#image_981966059 {\n  width: 35%;\n}\n<\/style>\n\t<\/div>\n\t\n<p><strong><span style=\"font-size: 200%;\"><a href=\"https:\/\/www.volvopenta.com\/fr-fr\/\" target=\"_blank\" rel=\"noopener noreferrer\">100 ans d\u2019exp\u00e9rience dans le champ de la fabrication de syst\u00e8mes de propulsion. Plus silencieux, plus efficace et plus fiable.<\/a><\/span><\/strong><\/p>\n<a href=\"https:\/\/www.volvopenta.com\/fr-fr\/\" target=\"_blank\" class=\"button white is-underline is-xlarge\" rel=\"noopener\"  >\n\t\t<span>Site web de la marque<\/span>\n\t<i class=\"icon-angle-right\" aria-hidden=\"true\" ><\/i><\/a>\n\n              <\/div>\n           <\/div>\n                            \n<style>\n#text-box-1476074274 {\n  width: 85%;\n}\n#text-box-1476074274 .text-box-content {\n  font-size: 100%;\n}\n<\/style>\n    <\/div>\n \n        <\/div>\n      <\/div>\n\n            \n<style>\n#banner-113185277 {\n  padding-top: 300px;\n  background-color: rgb(255,255,255);\n}\n#banner-113185277 .overlay {\n  background-color: rgba(0, 0, 0, 0.38);\n}\n#banner-113185277 .banner-bg img {\n  object-position: 40% 100%;\n}\n@media (min-width:550px) {\n  #banner-113185277 {\n    padding-top: 500px;\n  }\n}\n<\/style>\n  <\/div>\n\n\n<\/div><\/div>\n            <\/div>\n    <style>\n    #banner-grid-1259267160 .grid-col-1{height: 600px}\n    #banner-grid-1259267160 .grid-col-1-2{height: 300px}\n    #banner-grid-1259267160 .grid-col-1-3{height:200px}\n    #banner-grid-1259267160 .grid-col-2-3{height: 400px}\n    #banner-grid-1259267160 .grid-col-1-4{height: 150px}\n    #banner-grid-1259267160 .grid-col-3-4{height: 450px}\n\n\n    \n    \n\n  <\/style>\n    <\/div>\n  \n\t\t<\/div>\n\t\t\t\t\t<\/div>\n\n\t\n<\/div>\n\t\t<\/div>\n\n\t\t\n<style>\n#section_1698690072 {\n  padding-top: 60px;\n  padding-bottom: 60px;\n}\n<\/style>\n\t<\/section>\n\t\n","protected":false},"excerpt":{"rendered":"","protected":false},"author":1,"featured_media":26124,"parent":0,"menu_order":0,"comment_status":"closed","ping_status":"closed","template":"page-blank.php","meta":{"_acf_changed":false,"footnotes":""},"class_list":["post-14133","page","type-page","status-publish","has-post-thumbnail","hentry"],"acf":[],"yoast_head":"<!-- This site is optimized with the Yoast SEO Premium plugin v20.8 (Yoast SEO v27.3) - https:\/\/yoast.com\/product\/yoast-seo-premium-wordpress\/ -->\n<title>Caterpillar, Man, Suzuki et Volvo Penta | Nautic Center Menorca<\/title>\n<meta name=\"description\" content=\"Nous sommes le service officiel \u00e0 Minorque des marques de moteurs Caterpillar, Man, Suzuki et Volvo Penta. Nous avons des pi\u00e8ces d\u00e9tach\u00e9es de moteurs pour bateaux dans notre boutique en ligne.\" \/>\n<meta name=\"robots\" content=\"index, follow, max-snippet:-1, max-image-preview:large, max-video-preview:-1\" \/>\n<link rel=\"canonical\" href=\"https:\/\/nauticcenter.net\/fr\/moteurs-de-bateaux-a-minorque\/\" \/>\n<meta property=\"og:locale\" content=\"fr_FR\" \/>\n<meta property=\"og:type\" content=\"article\" \/>\n<meta property=\"og:title\" content=\"Moteurs de bateaux \u00e0 Minorque\" \/>\n<meta property=\"og:description\" content=\"Nous sommes le service officiel \u00e0 Minorque des marques de moteurs Caterpillar, Man, Suzuki et Volvo Penta. Nous avons des pi\u00e8ces d\u00e9tach\u00e9es de moteurs pour bateaux dans notre boutique en ligne.\" \/>\n<meta property=\"og:url\" content=\"https:\/\/nauticcenter.net\/fr\/moteurs-de-bateaux-a-minorque\/\" \/>\n<meta property=\"og:site_name\" content=\"Nautic Center Menorca\" \/>\n<meta property=\"article:publisher\" content=\"https:\/\/www.facebook.com\/nauticcentermenorca\" \/>\n<meta property=\"article:modified_time\" content=\"2024-05-20T09:54:07+00:00\" \/>\n<meta property=\"og:image\" content=\"https:\/\/nauticcenter.net\/wp-content\/uploads\/2022\/05\/5JB9396-scaled.jpg\" \/>\n\t<meta property=\"og:image:width\" content=\"2560\" \/>\n\t<meta property=\"og:image:height\" content=\"1707\" \/>\n\t<meta property=\"og:image:type\" content=\"image\/jpeg\" \/>\n<meta name=\"twitter:card\" content=\"summary_large_image\" \/>\n<meta name=\"twitter:label1\" content=\"Dur\u00e9e de lecture estim\u00e9e\" \/>\n\t<meta name=\"twitter:data1\" content=\"3 minutes\" \/>\n<script type=\"application\/ld+json\" class=\"yoast-schema-graph\">{\"@context\":\"https:\\\/\\\/schema.org\",\"@graph\":[{\"@type\":\"WebPage\",\"@id\":\"https:\\\/\\\/nauticcenter.net\\\/fr\\\/moteurs-de-bateaux-a-minorque\\\/\",\"url\":\"https:\\\/\\\/nauticcenter.net\\\/fr\\\/moteurs-de-bateaux-a-minorque\\\/\",\"name\":\"Caterpillar, Man, Suzuki et Volvo Penta | Nautic Center Menorca\",\"isPartOf\":{\"@id\":\"https:\\\/\\\/nauticcenter.net\\\/fr\\\/#website\"},\"primaryImageOfPage\":{\"@id\":\"https:\\\/\\\/nauticcenter.net\\\/fr\\\/moteurs-de-bateaux-a-minorque\\\/#primaryimage\"},\"image\":{\"@id\":\"https:\\\/\\\/nauticcenter.net\\\/fr\\\/moteurs-de-bateaux-a-minorque\\\/#primaryimage\"},\"thumbnailUrl\":\"https:\\\/\\\/nauticcenter.net\\\/wp-content\\\/uploads\\\/2022\\\/05\\\/5JB9396-scaled.jpg\",\"datePublished\":\"2020-12-01T21:08:31+00:00\",\"dateModified\":\"2024-05-20T09:54:07+00:00\",\"description\":\"Nous sommes le service officiel \u00e0 Minorque des marques de moteurs Caterpillar, Man, Suzuki et Volvo Penta. Nous avons des pi\u00e8ces d\u00e9tach\u00e9es de moteurs pour bateaux dans notre boutique en ligne.\",\"inLanguage\":\"fr-FR\",\"potentialAction\":[{\"@type\":\"ReadAction\",\"target\":[\"https:\\\/\\\/nauticcenter.net\\\/fr\\\/moteurs-de-bateaux-a-minorque\\\/\"]}]},{\"@type\":\"ImageObject\",\"inLanguage\":\"fr-FR\",\"@id\":\"https:\\\/\\\/nauticcenter.net\\\/fr\\\/moteurs-de-bateaux-a-minorque\\\/#primaryimage\",\"url\":\"https:\\\/\\\/nauticcenter.net\\\/wp-content\\\/uploads\\\/2022\\\/05\\\/5JB9396-scaled.jpg\",\"contentUrl\":\"https:\\\/\\\/nauticcenter.net\\\/wp-content\\\/uploads\\\/2022\\\/05\\\/5JB9396-scaled.jpg\",\"width\":2560,\"height\":1707,\"caption\":\"Flyer 10 | Beneteau en Menorca | Nautic Center\"},{\"@type\":\"WebSite\",\"@id\":\"https:\\\/\\\/nauticcenter.net\\\/fr\\\/#website\",\"url\":\"https:\\\/\\\/nauticcenter.net\\\/fr\\\/\",\"name\":\"Nautic Center Menorca\",\"description\":\"\",\"publisher\":{\"@id\":\"https:\\\/\\\/nauticcenter.net\\\/fr\\\/#organization\"},\"potentialAction\":[{\"@type\":\"SearchAction\",\"target\":{\"@type\":\"EntryPoint\",\"urlTemplate\":\"https:\\\/\\\/nauticcenter.net\\\/fr\\\/?s={search_term_string}\"},\"query-input\":{\"@type\":\"PropertyValueSpecification\",\"valueRequired\":true,\"valueName\":\"search_term_string\"}}],\"inLanguage\":\"fr-FR\"},{\"@type\":\"Organization\",\"@id\":\"https:\\\/\\\/nauticcenter.net\\\/fr\\\/#organization\",\"name\":\"Nautic Center Menorca\",\"url\":\"https:\\\/\\\/nauticcenter.net\\\/fr\\\/\",\"logo\":{\"@type\":\"ImageObject\",\"inLanguage\":\"fr-FR\",\"@id\":\"https:\\\/\\\/nauticcenter.net\\\/fr\\\/#\\\/schema\\\/logo\\\/image\\\/\",\"url\":\"http:\\\/\\\/nauticcenter.net\\\/wp-content\\\/uploads\\\/2023\\\/03\\\/NCm-Logo-centrado.jpg\",\"contentUrl\":\"http:\\\/\\\/nauticcenter.net\\\/wp-content\\\/uploads\\\/2023\\\/03\\\/NCm-Logo-centrado.jpg\",\"width\":1772,\"height\":1418,\"caption\":\"Nautic Center Menorca\"},\"image\":{\"@id\":\"https:\\\/\\\/nauticcenter.net\\\/fr\\\/#\\\/schema\\\/logo\\\/image\\\/\"},\"sameAs\":[\"https:\\\/\\\/www.facebook.com\\\/nauticcentermenorca\",\"https:\\\/\\\/www.instagram.com\\\/nauticcenter_menorca\"]}]}<\/script>\n<!-- \/ Yoast SEO Premium plugin. -->","yoast_head_json":{"title":"Caterpillar, Man, Suzuki et Volvo Penta | Nautic Center Menorca","description":"Nous sommes le service officiel \u00e0 Minorque des marques de moteurs Caterpillar, Man, Suzuki et Volvo Penta. Nous avons des pi\u00e8ces d\u00e9tach\u00e9es de moteurs pour bateaux dans notre boutique en ligne.","robots":{"index":"index","follow":"follow","max-snippet":"max-snippet:-1","max-image-preview":"max-image-preview:large","max-video-preview":"max-video-preview:-1"},"canonical":"https:\/\/nauticcenter.net\/fr\/moteurs-de-bateaux-a-minorque\/","og_locale":"fr_FR","og_type":"article","og_title":"Moteurs de bateaux \u00e0 Minorque","og_description":"Nous sommes le service officiel \u00e0 Minorque des marques de moteurs Caterpillar, Man, Suzuki et Volvo Penta. Nous avons des pi\u00e8ces d\u00e9tach\u00e9es de moteurs pour bateaux dans notre boutique en ligne.","og_url":"https:\/\/nauticcenter.net\/fr\/moteurs-de-bateaux-a-minorque\/","og_site_name":"Nautic Center Menorca","article_publisher":"https:\/\/www.facebook.com\/nauticcentermenorca","article_modified_time":"2024-05-20T09:54:07+00:00","og_image":[{"width":2560,"height":1707,"url":"https:\/\/nauticcenter.net\/wp-content\/uploads\/2022\/05\/5JB9396-scaled.jpg","type":"image\/jpeg"}],"twitter_card":"summary_large_image","twitter_misc":{"Dur\u00e9e de lecture estim\u00e9e":"3 minutes"},"schema":{"@context":"https:\/\/schema.org","@graph":[{"@type":"WebPage","@id":"https:\/\/nauticcenter.net\/fr\/moteurs-de-bateaux-a-minorque\/","url":"https:\/\/nauticcenter.net\/fr\/moteurs-de-bateaux-a-minorque\/","name":"Caterpillar, Man, Suzuki et Volvo Penta | Nautic Center Menorca","isPartOf":{"@id":"https:\/\/nauticcenter.net\/fr\/#website"},"primaryImageOfPage":{"@id":"https:\/\/nauticcenter.net\/fr\/moteurs-de-bateaux-a-minorque\/#primaryimage"},"image":{"@id":"https:\/\/nauticcenter.net\/fr\/moteurs-de-bateaux-a-minorque\/#primaryimage"},"thumbnailUrl":"https:\/\/nauticcenter.net\/wp-content\/uploads\/2022\/05\/5JB9396-scaled.jpg","datePublished":"2020-12-01T21:08:31+00:00","dateModified":"2024-05-20T09:54:07+00:00","description":"Nous sommes le service officiel \u00e0 Minorque des marques de moteurs Caterpillar, Man, Suzuki et Volvo Penta. Nous avons des pi\u00e8ces d\u00e9tach\u00e9es de moteurs pour bateaux dans notre boutique en ligne.","inLanguage":"fr-FR","potentialAction":[{"@type":"ReadAction","target":["https:\/\/nauticcenter.net\/fr\/moteurs-de-bateaux-a-minorque\/"]}]},{"@type":"ImageObject","inLanguage":"fr-FR","@id":"https:\/\/nauticcenter.net\/fr\/moteurs-de-bateaux-a-minorque\/#primaryimage","url":"https:\/\/nauticcenter.net\/wp-content\/uploads\/2022\/05\/5JB9396-scaled.jpg","contentUrl":"https:\/\/nauticcenter.net\/wp-content\/uploads\/2022\/05\/5JB9396-scaled.jpg","width":2560,"height":1707,"caption":"Flyer 10 | Beneteau en Menorca | Nautic Center"},{"@type":"WebSite","@id":"https:\/\/nauticcenter.net\/fr\/#website","url":"https:\/\/nauticcenter.net\/fr\/","name":"Nautic Center Menorca","description":"","publisher":{"@id":"https:\/\/nauticcenter.net\/fr\/#organization"},"potentialAction":[{"@type":"SearchAction","target":{"@type":"EntryPoint","urlTemplate":"https:\/\/nauticcenter.net\/fr\/?s={search_term_string}"},"query-input":{"@type":"PropertyValueSpecification","valueRequired":true,"valueName":"search_term_string"}}],"inLanguage":"fr-FR"},{"@type":"Organization","@id":"https:\/\/nauticcenter.net\/fr\/#organization","name":"Nautic Center Menorca","url":"https:\/\/nauticcenter.net\/fr\/","logo":{"@type":"ImageObject","inLanguage":"fr-FR","@id":"https:\/\/nauticcenter.net\/fr\/#\/schema\/logo\/image\/","url":"http:\/\/nauticcenter.net\/wp-content\/uploads\/2023\/03\/NCm-Logo-centrado.jpg","contentUrl":"http:\/\/nauticcenter.net\/wp-content\/uploads\/2023\/03\/NCm-Logo-centrado.jpg","width":1772,"height":1418,"caption":"Nautic Center Menorca"},"image":{"@id":"https:\/\/nauticcenter.net\/fr\/#\/schema\/logo\/image\/"},"sameAs":["https:\/\/www.facebook.com\/nauticcentermenorca","https:\/\/www.instagram.com\/nauticcenter_menorca"]}]}},"_links":{"self":[{"href":"https:\/\/nauticcenter.net\/fr\/wp-json\/wp\/v2\/pages\/14133","targetHints":{"allow":["GET"]}}],"collection":[{"href":"https:\/\/nauticcenter.net\/fr\/wp-json\/wp\/v2\/pages"}],"about":[{"href":"https:\/\/nauticcenter.net\/fr\/wp-json\/wp\/v2\/types\/page"}],"author":[{"embeddable":true,"href":"https:\/\/nauticcenter.net\/fr\/wp-json\/wp\/v2\/users\/1"}],"replies":[{"embeddable":true,"href":"https:\/\/nauticcenter.net\/fr\/wp-json\/wp\/v2\/comments?post=14133"}],"version-history":[{"count":0,"href":"https:\/\/nauticcenter.net\/fr\/wp-json\/wp\/v2\/pages\/14133\/revisions"}],"wp:featuredmedia":[{"embeddable":true,"href":"https:\/\/nauticcenter.net\/fr\/wp-json\/wp\/v2\/media\/26124"}],"wp:attachment":[{"href":"https:\/\/nauticcenter.net\/fr\/wp-json\/wp\/v2\/media?parent=14133"}],"curies":[{"name":"wp","href":"https:\/\/api.w.org\/{rel}","templated":true}]}}