{"id":14127,"date":"2020-12-17T12:54:07","date_gmt":"2020-12-17T11:54:07","guid":{"rendered":"https:\/gestoria-nautica-en-menorca\/"},"modified":"2021-09-23T11:43:32","modified_gmt":"2021-09-23T09:43:32","slug":"services-administratifs-du-secteur-nautique-a-minorque","status":"publish","type":"page","link":"https:\/\/nauticcenter.net\/fr\/services-administratifs-du-secteur-nautique-a-minorque\/","title":{"rendered":"Services administratifs du secteur nautique \u00e0 Minorque"},"content":{"rendered":"\n\t<section class=\"section dark\" id=\"section_335479855\">\n\t\t<div class=\"section-bg fill\" >\n\t\t\t\t\t\t\t\t\t<div class=\"section-bg-overlay absolute fill\"><\/div>\n\t\t\t\n\n\t\t<\/div>\n\n\t\t\n\n\t\t<div class=\"section-content relative\">\n\t\t\t\n<h1 style=\"text-align: center;\"><strong><span style=\"font-size: 150%;\">Services administratifs du secteur nautique<\/span><\/strong><\/h1>\n\t\t<\/div>\n\n\t\t\n<style>\n#section_335479855 {\n  padding-top: 60px;\n  padding-bottom: 60px;\n}\n#section_335479855 .section-bg-overlay {\n  background-color: rgba(0, 0, 0, 0.13);\n}\n@media (min-width:550px) {\n  #section_335479855 {\n    padding-top: 100px;\n    padding-bottom: 100px;\n  }\n}\n@media (min-width:850px) {\n  #section_335479855 {\n    padding-top: 140px;\n    padding-bottom: 140px;\n  }\n}\n<\/style>\n\t<\/section>\n\t\n\n\t<section class=\"section\" id=\"section_1749255747\">\n\t\t<div class=\"section-bg fill\" >\n\t\t\t\t\t\t\t\t\t\n\t\t\t\n\n\t\t<\/div>\n\n\t\t\n\n\t\t<div class=\"section-content relative\">\n\t\t\t\n<div class=\"row row-large align-center\" style=\"max-width:1400px\" id=\"row-1739870276\">\n\n\t<div id=\"col-371470462\" class=\"col medium-8 small-12 large-6 medium-col-first\"  >\n\t\t\t\t<div class=\"col-inner text-right\"  >\n\t\t\t\n\t\t\t\n<div class=\"row align-middle align-center\"  id=\"row-1887029736\">\n\n\t<div id=\"col-1190787640\" class=\"col medium-12 small-12 large-12\"  >\n\t\t\t\t<div class=\"col-inner text-left\"  >\n\t\t\t\n\t\t\t\n\t<div id=\"text-90754571\" class=\"text\">\n\t\t\n<h2><strong>Services administratifs et d\u2019orientation du secteur nautique<\/strong><\/h2>\n<p>Chez Nautic Center nous disposons de notre propre centre pour toutes les gestions administratives du secteur nautique o\u00f9 nous r\u00e9alisons toutes les d\u00e9marches n\u00e9cessaires en relation avec les bateaux.<u><\/u><u><\/u>Notre philosophie est d\u2019apporter tous les services \u00e0 nos clients afin qu\u2019ils aient seulement \u00e0 penser \u00e0 naviguer.De plus nous sommes agents de la compagnie d\u2019assurance MAPFRE Menorca, et gr\u00e2ce \u00e0 cela, nous pouvons donner suite \u00e0 toutes demande \u00e9ventuelle qui puisse survenir afin de faciliter la navigation de la forme la plus imm\u00e9diate possible.<br \/>\n\t\t\n<style>\n#text-90754571 {\n  font-size: 1rem;\n  color: #162953;\n}\n#text-90754571 > * {\n  color: #162953;\n}\n@media (min-width:550px) {\n  #text-90754571 {\n    font-size: 1.1rem;\n  }\n}\n<\/style>\n\t<\/div>\n\t\n<span class=\"quform-popup-link quform-popup-link-37\" data-unique-id=\"096eff\">\n<div class=\"button primary is-outline\" style=\"margin-right: 20px !important;\">Demander des informations<\/div>\n<\/span><div class=\"quform-popup\"><div id=\"quform-096eff\" class=\"quform quform-37 quform-theme-hollow quform-support-page-caching\"><form id=\"quform-form-096eff\" class=\"quform-form quform-form-37\" action=\"\/fr\/wp-json\/wp\/v2\/pages\/14127#quform-096eff\" method=\"post\" enctype=\"multipart\/form-data\" novalidate=\"novalidate\" data-options=\"{&quot;id&quot;:37,&quot;uniqueId&quot;:&quot;096eff&quot;,&quot;theme&quot;:&quot;hollow&quot;,&quot;ajax&quot;:true,&quot;logic&quot;:{&quot;logic&quot;:[],&quot;dependents&quot;:[],&quot;elementIds&quot;:[],&quot;dependentElementIds&quot;:[],&quot;animate&quot;:true},&quot;currentPageId&quot;:1,&quot;errorsIcon&quot;:&quot;&quot;,&quot;updateFancybox&quot;:true,&quot;hasPages&quot;:false,&quot;pages&quot;:[1],&quot;pageProgressType&quot;:&quot;numbers&quot;,&quot;tooltipsEnabled&quot;:true,&quot;tooltipClasses&quot;:&quot;qtip-quform-dark qtip-shadow&quot;,&quot;tooltipMy&quot;:&quot;left center&quot;,&quot;tooltipAt&quot;:&quot;right center&quot;,&quot;isRtl&quot;:false,&quot;scrollOffset&quot;:-50,&quot;scrollSpeed&quot;:800}\"><button class=\"quform-default-submit\" name=\"quform_submit\" type=\"submit\" value=\"submit\" aria-hidden=\"true\" tabindex=\"-1\"><\/button><div class=\"quform-form-inner quform-form-inner-37\"><input type=\"hidden\" name=\"quform_form_id\" value=\"37\" \/><input type=\"hidden\" name=\"quform_form_uid\" value=\"096eff\" \/><input type=\"hidden\" name=\"quform_count\" value=\"1\" \/><input type=\"hidden\" name=\"form_url\" value=\"https:\/\/nauticcenter.net\/fr\/wp-json\/wp\/v2\/pages\/14127\" \/><input type=\"hidden\" name=\"referring_url\" value=\"\" \/><input type=\"hidden\" name=\"post_id\" value=\"\" \/><input type=\"hidden\" name=\"post_title\" value=\"\" \/><input type=\"hidden\" name=\"quform_current_page_id\" value=\"1\" \/><input type=\"hidden\" name=\"quform_csrf_token\" value=\"GBXFeOJ9ADiujG7ycP48OaNs15Dv6lwK5NnuH2ql\" \/><div class=\"quform-elements quform-elements-37 quform-cf quform-responsive-elements-phone-portrait\"><div class=\"quform-element quform-element-page quform-page-1 quform-page-37_1 quform-cf quform-group-style-plain quform-first-page quform-last-page quform-current-page\"><div class=\"quform-child-elements\"><div class=\"quform-element quform-element-row quform-element-row-37_15 quform-1-columns quform-element-row-size-fixed quform-responsive-columns-phone-portrait\"><div class=\"quform-element quform-element-column quform-element-37_16\"><div class=\"quform-element quform-element-html quform-element-37_32 quform-cf\"><div class=\"quform-spacer\"><button title=\"Close (Esc)\" type=\"button\" class=\"mfp-close\" style=\"float:right;margin: 0px !important;\npadding: 0px;top:0px !important;\"><svg xmlns=\"http:\/\/www.w3.org\/2000\/svg\" width=\"28\" height=\"28\" viewBox=\"0 0 24 24\" fill=\"none\" stroke=\"currentColor\" stroke-width=\"2\" stroke-linecap=\"round\" stroke-linejoin=\"round\" class=\"feather feather-x\"><line x1=\"18\" y1=\"6\" x2=\"6\" y2=\"18\"><\/line><line x1=\"6\" y1=\"6\" x2=\"18\" y2=\"18\"><\/line><\/svg><\/button>\n<\/div><\/div><div class=\"quform-element quform-element-html quform-element-37_33 quform-cf\"><div class=\"quform-spacer\"><div style=\"color:#1E284F; font-size: 20px; margin-bottom:20px;\"><strong>Demander des informations sur <\/strong><\/div><\/div><\/div><div class=\"quform-element quform-element-text quform-element-37_26 quform-cf quform-labels-inside quform-element-required\"><div class=\"quform-spacer\"><div class=\"quform-label quform-label-37_26\"><label class=\"quform-label-text\" for=\"quform_37_26_096eff\">NOM, PR\u00c9NOM<span class=\"quform-required\">*<\/span><\/label><\/div><div class=\"quform-inner quform-inner-text quform-inner-37_26 quform-field-size-medium\"><div class=\"quform-input quform-input-text quform-input-37_26 quform-cf\"><input type=\"text\" id=\"quform_37_26_096eff\" name=\"quform_37_26\" class=\"quform-field quform-field-text quform-field-37_26\" \/><\/div><\/div><\/div><\/div><\/div><\/div><div class=\"quform-element quform-element-row quform-element-row-37_21 quform-2-columns quform-element-row-size-fixed quform-responsive-columns-phone-portrait\"><div class=\"quform-element quform-element-column quform-element-37_22\"><div class=\"quform-element quform-element-email quform-element-37_23 quform-cf quform-labels-inside quform-element-required\"><div class=\"quform-spacer\"><div class=\"quform-label quform-label-37_23\"><label class=\"quform-label-text\" for=\"quform_37_23_096eff\">Courrier \u00e9lectronique<span class=\"quform-required\">*<\/span><\/label><\/div><div class=\"quform-inner quform-inner-email quform-inner-37_23 quform-field-size-medium\"><div class=\"quform-input quform-input-email quform-input-37_23 quform-cf\"><input type=\"email\" id=\"quform_37_23_096eff\" name=\"quform_37_23\" class=\"quform-field quform-field-email quform-field-37_23\" \/><\/div><\/div><\/div><\/div><\/div><div class=\"quform-element quform-element-column quform-element-37_24\"><div class=\"quform-element quform-element-text quform-element-37_25 quform-cf quform-labels-inside quform-element-required\"><div class=\"quform-spacer\"><div class=\"quform-label quform-label-37_25\"><label class=\"quform-label-text\" for=\"quform_37_25_096eff\">Num\u00e9ro de t\u00e9l\u00e9phone<span class=\"quform-required\">*<\/span><\/label><\/div><div class=\"quform-inner quform-inner-text quform-inner-37_25 quform-field-size-medium\"><div class=\"quform-input quform-input-text quform-input-37_25 quform-cf\"><input type=\"text\" id=\"quform_37_25_096eff\" name=\"quform_37_25\" class=\"quform-field quform-field-text quform-field-37_25\" \/><\/div><\/div><\/div><\/div><\/div><\/div><div class=\"quform-element quform-element-textarea quform-element-37_6 quform-cf quform-labels-inside quform-element-required\"><div class=\"quform-spacer\"><div class=\"quform-label quform-label-37_6\"><span class=\"quform-label-icon\"><i class=\"qicon-mode_edit\"><\/i><\/span><label class=\"quform-label-text\" for=\"quform_37_6_096eff\">\u00c9crire la demande<span class=\"quform-required\">*<\/span><\/label><\/div><div class=\"quform-inner quform-inner-textarea quform-inner-37_6 quform-field-size-medium\"><div class=\"quform-input quform-input-textarea quform-input-37_6 quform-cf\"><textarea id=\"quform_37_6_096eff\" name=\"quform_37_6\" class=\"quform-field quform-field-textarea quform-field-37_6\"><\/textarea><\/div><\/div><\/div><\/div><div class=\"quform-element quform-element-checkbox quform-element-37_30 quform-cf quform-element-required\"><div class=\"quform-spacer\"><div class=\"quform-inner quform-inner-checkbox quform-inner-37_30 quform-field-size-medium\"><div class=\"quform-input quform-input-checkbox quform-input-37_30 quform-cf\"><div class=\"quform-options quform-cf quform-options-block quform-options-simple\"><div class=\"quform-option\"><input type=\"checkbox\" name=\"quform_37_30[]\" id=\"quform_37_30_096eff_1\" class=\"quform-field quform-field-checkbox quform-field-37_30 quform-field-37_30_1\" value=\" &lt;span style=&quot;font-size: 15px&quot;&gt; J&#039;ai lu et j&#039;accepte les  &lt;a style=&quot;color:#2e51d1;font-size: 15px&quot; href=&quot;https:\/\/www.nauticcenter.net\/fr\/politica-privacidad\/&quot;&gt;&lt;strong&gt; Politiques de confidentialit\u00e9  &lt;\/strong&gt;&lt;\/a&gt;  de ce site web.&lt;\/span&gt;\" \/><label for=\"quform_37_30_096eff_1\" class=\"quform-option-label quform-option-label-37_30_1\"><span class=\"quform-option-text\"> <span style=\"font-size: 15px\"> J'ai lu et j'accepte les  <a style=\"color:#2e51d1;font-size: 15px\" href=\"https:\/\/www.nauticcenter.net\/fr\/politica-privacidad\/\"><strong> Politiques de confidentialit\u00e9  <\/strong><\/a>  de ce site web.<\/span><\/span><\/label><\/div><\/div><\/div><\/div><\/div><\/div><div class=\"quform-element quform-element-submit quform-element-37_2 quform-cf quform-button-style-theme quform-button-size-fat quform-button-width-full\"><div class=\"quform-button-submit quform-button-submit-default quform-button-submit-37_2\"><button name=\"quform_submit\" type=\"submit\" class=\"quform-submit\" value=\"submit\"><span class=\"quform-button-text quform-button-submit-text\">Envoyer<\/span><\/button><\/div><div class=\"quform-loading quform-loading-position-left quform-loading-type-spinner-1\"><div class=\"quform-loading-inner\"><div class=\"quform-loading-spinner\"><div class=\"quform-loading-spinner-inner\"><\/div><\/div><\/div><\/div><\/div><div class=\"quform-element-tree\"><label for=\"quform_37_0_096eff\">Ce champ devrait \u00eatre laiss\u00e9 vide<\/label><input type=\"text\" id=\"quform_37_0_096eff\" name=\"quform_37_0\" class=\"quform-field quform-field-tree quform-field-37_0\" tabindex=\"-1\" autocomplete=\"off\" \/><\/div><\/div><\/div><\/div><\/div><\/form><\/div><\/div>\n<a href=\"https:\/\/www.google.es\/maps\/place\/Marina+Seca\/@39.862692,4.262916,17z\/data=!3m1!4b1!4m5!3m4!1s0x129587ad4672a78f:0x1ede58ce0321a7f2!8m2!3d39.8626879!4d4.2651047\" class=\"button primary\"  style=\"border-radius:5px;\">\n\t\t<span>Comment arriver<\/span>\n\t<i class=\"icon-map-pin-fill\" aria-hidden=\"true\" ><\/i><\/a>\n\n\t\t<\/div>\n\t\t\t\t\t<\/div>\n\n\t\n<\/div>\n\t\t<\/div>\n\t\t\t\t\t<\/div>\n\n\t\n\n\t<div id=\"col-1157605831\" class=\"col medium-8 small-12 large-6 medium-col-first\"  >\n\t\t\t\t<div class=\"col-inner text-right\"  >\n\t\t\t\n\t\t\t\n<div class=\"row align-center\"  id=\"row-594981528\">\n\n\t<div id=\"col-853096080\" class=\"col medium-12 small-12 large-12\"  >\n\t\t\t\t<div class=\"col-inner text-left\"  >\n\t\t\t\n\t\t\t\n\t<div class=\"ux-menu stack stack-col justify-start list-services\">\n\t\t\n\t<div class=\"ux-menu-link flex menu-item\">\n\t\t<a class=\"ux-menu-link__link flex\" href=\"https:\/\/nauticcenter.net\" >\n\t\t\t<i class=\"ux-menu-link__icon text-center icon-angle-right\" ><\/i>\t\t\t<span class=\"ux-menu-link__text\">\n\t\t\t\tImmatriculation\t\t\t<\/span>\n\t\t<\/a>\n\t<\/div>\n\t\n\t<div class=\"ux-menu-link flex menu-item\">\n\t\t<a class=\"ux-menu-link__link flex\" href=\"https:\/\/nauticcenter.net\" >\n\t\t\t<i class=\"ux-menu-link__icon text-center icon-angle-right\" ><\/i>\t\t\t<span class=\"ux-menu-link__text\">\n\t\t\t\tPavillon et inscription\t\t\t<\/span>\n\t\t<\/a>\n\t<\/div>\n\t\n\t<div class=\"ux-menu-link flex menu-item\">\n\t\t<a class=\"ux-menu-link__link flex\" href=\"https:\/\/nauticcenter.net\" >\n\t\t\t<i class=\"ux-menu-link__icon text-center icon-angle-right\" ><\/i>\t\t\t<span class=\"ux-menu-link__text\">\n\t\t\t\tAchat-Vente\t\t\t<\/span>\n\t\t<\/a>\n\t<\/div>\n\t\n\t<div class=\"ux-menu-link flex menu-item\">\n\t\t<a class=\"ux-menu-link__link flex\" href=\"https:\/\/nauticcenter.net\" >\n\t\t\t<i class=\"ux-menu-link__icon text-center icon-angle-right\" ><\/i>\t\t\t<span class=\"ux-menu-link__text\">\n\t\t\t\tAssurance nautique\t\t\t<\/span>\n\t\t<\/a>\n\t<\/div>\n\t\n\t<div class=\"ux-menu-link flex menu-item\">\n\t\t<a class=\"ux-menu-link__link flex\" href=\"https:\/\/nauticcenter.net\" >\n\t\t\t<i class=\"ux-menu-link__icon text-center icon-angle-right\" ><\/i>\t\t\t<span class=\"ux-menu-link__text\">\n\t\t\t\tRenouvellement de dipl\u00f4me de navigation\t\t\t<\/span>\n\t\t<\/a>\n\t<\/div>\n\t\n\t<div class=\"ux-menu-link flex menu-item\">\n\t\t<a class=\"ux-menu-link__link flex\" href=\"https:\/\/nauticcenter.net\" >\n\t\t\t<i class=\"ux-menu-link__icon text-center icon-angle-right\" ><\/i>\t\t\t<span class=\"ux-menu-link__text\">\n\t\t\t\tChangement de nom et de liste\t\t\t<\/span>\n\t\t<\/a>\n\t<\/div>\n\t\n\t<div class=\"ux-menu-link flex menu-item\">\n\t\t<a class=\"ux-menu-link__link flex\" href=\"https:\/\/nauticcenter.net\" >\n\t\t\t<i class=\"ux-menu-link__icon text-center icon-angle-right\" ><\/i>\t\t\t<span class=\"ux-menu-link__text\">\n\t\t\t\tAnnulation du pavillon\t\t\t<\/span>\n\t\t<\/a>\n\t<\/div>\n\t\n\t<div class=\"ux-menu-link flex menu-item\">\n\t\t<a class=\"ux-menu-link__link flex\" href=\"https:\/\/nauticcenter.net\" >\n\t\t\t<i class=\"ux-menu-link__icon text-center icon-angle-right\" ><\/i>\t\t\t<span class=\"ux-menu-link__text\">\n\t\t\t\tD\u00e9marche avec pavillon \u00e9tranger\t\t\t<\/span>\n\t\t<\/a>\n\t<\/div>\n\t\n\t<div class=\"ux-menu-link flex menu-item\">\n\t\t<a class=\"ux-menu-link__link flex\" href=\"https:\/\/nauticcenter.net\" >\n\t\t\t<i class=\"ux-menu-link__icon text-center icon-angle-right\" ><\/i>\t\t\t<span class=\"ux-menu-link__text\">\n\t\t\t\tRenouvellement de permis\t\t\t<\/span>\n\t\t<\/a>\n\t<\/div>\n\t\n\t<div class=\"ux-menu-link flex menu-item\">\n\t\t<a class=\"ux-menu-link__link flex\" href=\"https:\/\/nauticcenter.net\" >\n\t\t\t<i class=\"ux-menu-link__icon text-center icon-angle-right\" ><\/i>\t\t\t<span class=\"ux-menu-link__text\">\n\t\t\t\tContr\u00f4le technique\t\t\t<\/span>\n\t\t<\/a>\n\t<\/div>\n\t\n\t<div class=\"ux-menu-link flex menu-item\">\n\t\t<a class=\"ux-menu-link__link flex\" href=\"https:\/\/nauticcenter.net\" >\n\t\t\t<i class=\"ux-menu-link__icon text-center icon-angle-right\" ><\/i>\t\t\t<span class=\"ux-menu-link__text\">\n\t\t\t\tDemande de MMSI et LEB\t\t\t<\/span>\n\t\t<\/a>\n\t<\/div>\n\t\n\t<div class=\"ux-menu-link flex menu-item\">\n\t\t<a class=\"ux-menu-link__link flex\" href=\"https:\/\/nauticcenter.net\" >\n\t\t\t<i class=\"ux-menu-link__icon text-center icon-angle-right\" ><\/i>\t\t\t<span class=\"ux-menu-link__text\">\n\t\t\t\tGestion avec Radiobalise : inscription, annulation, changement\t\t\t<\/span>\n\t\t<\/a>\n\t<\/div>\n\t\n\t<div class=\"ux-menu-link flex menu-item\">\n\t\t<a class=\"ux-menu-link__link flex\" href=\"https:\/\/nauticcenter.net\" >\n\t\t\t<i class=\"ux-menu-link__icon text-center icon-angle-right\" ><\/i>\t\t\t<span class=\"ux-menu-link__text\">\n\t\t\t\tDuplicata de documents\t\t\t<\/span>\n\t\t<\/a>\n\t<\/div>\n\t\n\t<div class=\"ux-menu-link flex menu-item\">\n\t\t<a class=\"ux-menu-link__link flex\" href=\"https:\/\/nauticcenter.net\" >\n\t\t\t<i class=\"ux-menu-link__icon text-center icon-angle-right\" ><\/i>\t\t\t<span class=\"ux-menu-link__text\">\n\t\t\t\tChangement de zone\t\t\t<\/span>\n\t\t<\/a>\n\t<\/div>\n\t\n\t<div class=\"ux-menu-link flex menu-item\">\n\t\t<a class=\"ux-menu-link__link flex\" href=\"https:\/\/nauticcenter.net\" >\n\t\t\t<i class=\"ux-menu-link__icon text-center icon-angle-right\" ><\/i>\t\t\t<span class=\"ux-menu-link__text\">\n\t\t\t\tEtc.\t\t\t<\/span>\n\t\t<\/a>\n\t<\/div>\n\t\n\t<\/div>\n\t\n\t\t<\/div>\n\t\t\t\t\t<\/div>\n\n\t\n<\/div>\n\t\t<\/div>\n\t\t\t\t\t<\/div>\n\n\t\n<\/div>\n\t\t<\/div>\n\n\t\t\n<style>\n#section_1749255747 {\n  padding-top: 80px;\n  padding-bottom: 80px;\n  background-color: rgb(255, 255, 255);\n}\n@media (min-width:550px) {\n  #section_1749255747 {\n    padding-top: 100px;\n    padding-bottom: 100px;\n  }\n}\n@media (min-width:850px) {\n  #section_1749255747 {\n    padding-top: 80px;\n    padding-bottom: 80px;\n  }\n}\n<\/style>\n\t<\/section>\n\t\n","protected":false},"excerpt":{"rendered":"","protected":false},"author":1,"featured_media":0,"parent":0,"menu_order":0,"comment_status":"closed","ping_status":"closed","template":"page-blank.php","meta":{"_acf_changed":false,"footnotes":""},"class_list":["post-14127","page","type-page","status-publish","hentry"],"acf":[],"yoast_head":"<!-- This site is optimized with the Yoast SEO Premium plugin v20.8 (Yoast SEO v27.3) - https:\/\/yoast.com\/product\/yoast-seo-premium-wordpress\/ -->\n<title>Services administratifs du secteur nautique \u00e0 Minorque | Nautic Center Menorca<\/title>\n<meta name=\"description\" content=\"Nous vous offrons tous les services de conseil et de gestion nautique \u00e0 Minorque. li\u00e9 au bateau.\" \/>\n<meta name=\"robots\" content=\"index, follow, max-snippet:-1, max-image-preview:large, max-video-preview:-1\" \/>\n<link rel=\"canonical\" href=\"https:\/\/nauticcenter.net\/fr\/services-administratifs-du-secteur-nautique-a-minorque\/\" \/>\n<meta property=\"og:locale\" content=\"fr_FR\" \/>\n<meta property=\"og:type\" content=\"article\" \/>\n<meta property=\"og:title\" content=\"Services administratifs du secteur nautique \u00e0 Minorque\" \/>\n<meta property=\"og:description\" content=\"Nous vous offrons tous les services de conseil et de gestion nautique \u00e0 Minorque. li\u00e9 au bateau.\" \/>\n<meta property=\"og:url\" content=\"https:\/\/nauticcenter.net\/fr\/services-administratifs-du-secteur-nautique-a-minorque\/\" \/>\n<meta property=\"og:site_name\" content=\"Nautic Center Menorca\" \/>\n<meta property=\"article:publisher\" content=\"https:\/\/www.facebook.com\/nauticcentermenorca\" \/>\n<meta property=\"article:modified_time\" content=\"2021-09-23T09:43:32+00:00\" \/>\n<meta name=\"twitter:card\" content=\"summary_large_image\" \/>\n<meta name=\"twitter:label1\" content=\"Dur\u00e9e de lecture estim\u00e9e\" \/>\n\t<meta name=\"twitter:data1\" content=\"2 minutes\" \/>\n<script type=\"application\/ld+json\" class=\"yoast-schema-graph\">{\"@context\":\"https:\\\/\\\/schema.org\",\"@graph\":[{\"@type\":\"WebPage\",\"@id\":\"https:\\\/\\\/nauticcenter.net\\\/fr\\\/services-administratifs-du-secteur-nautique-a-minorque\\\/\",\"url\":\"https:\\\/\\\/nauticcenter.net\\\/fr\\\/services-administratifs-du-secteur-nautique-a-minorque\\\/\",\"name\":\"Services administratifs du secteur nautique \u00e0 Minorque | Nautic Center Menorca\",\"isPartOf\":{\"@id\":\"https:\\\/\\\/nauticcenter.net\\\/fr\\\/#website\"},\"datePublished\":\"2020-12-17T11:54:07+00:00\",\"dateModified\":\"2021-09-23T09:43:32+00:00\",\"description\":\"Nous vous offrons tous les services de conseil et de gestion nautique \u00e0 Minorque. li\u00e9 au bateau.\",\"inLanguage\":\"fr-FR\",\"potentialAction\":[{\"@type\":\"ReadAction\",\"target\":[\"https:\\\/\\\/nauticcenter.net\\\/fr\\\/services-administratifs-du-secteur-nautique-a-minorque\\\/\"]}]},{\"@type\":\"WebSite\",\"@id\":\"https:\\\/\\\/nauticcenter.net\\\/fr\\\/#website\",\"url\":\"https:\\\/\\\/nauticcenter.net\\\/fr\\\/\",\"name\":\"Nautic Center Menorca\",\"description\":\"\",\"publisher\":{\"@id\":\"https:\\\/\\\/nauticcenter.net\\\/fr\\\/#organization\"},\"potentialAction\":[{\"@type\":\"SearchAction\",\"target\":{\"@type\":\"EntryPoint\",\"urlTemplate\":\"https:\\\/\\\/nauticcenter.net\\\/fr\\\/?s={search_term_string}\"},\"query-input\":{\"@type\":\"PropertyValueSpecification\",\"valueRequired\":true,\"valueName\":\"search_term_string\"}}],\"inLanguage\":\"fr-FR\"},{\"@type\":\"Organization\",\"@id\":\"https:\\\/\\\/nauticcenter.net\\\/fr\\\/#organization\",\"name\":\"Nautic Center Menorca\",\"url\":\"https:\\\/\\\/nauticcenter.net\\\/fr\\\/\",\"logo\":{\"@type\":\"ImageObject\",\"inLanguage\":\"fr-FR\",\"@id\":\"https:\\\/\\\/nauticcenter.net\\\/fr\\\/#\\\/schema\\\/logo\\\/image\\\/\",\"url\":\"http:\\\/\\\/nauticcenter.net\\\/wp-content\\\/uploads\\\/2023\\\/03\\\/NCm-Logo-centrado.jpg\",\"contentUrl\":\"http:\\\/\\\/nauticcenter.net\\\/wp-content\\\/uploads\\\/2023\\\/03\\\/NCm-Logo-centrado.jpg\",\"width\":1772,\"height\":1418,\"caption\":\"Nautic Center Menorca\"},\"image\":{\"@id\":\"https:\\\/\\\/nauticcenter.net\\\/fr\\\/#\\\/schema\\\/logo\\\/image\\\/\"},\"sameAs\":[\"https:\\\/\\\/www.facebook.com\\\/nauticcentermenorca\",\"https:\\\/\\\/www.instagram.com\\\/nauticcenter_menorca\"]}]}<\/script>\n<!-- \/ Yoast SEO Premium plugin. -->","yoast_head_json":{"title":"Services administratifs du secteur nautique \u00e0 Minorque | Nautic Center Menorca","description":"Nous vous offrons tous les services de conseil et de gestion nautique \u00e0 Minorque. li\u00e9 au bateau.","robots":{"index":"index","follow":"follow","max-snippet":"max-snippet:-1","max-image-preview":"max-image-preview:large","max-video-preview":"max-video-preview:-1"},"canonical":"https:\/\/nauticcenter.net\/fr\/services-administratifs-du-secteur-nautique-a-minorque\/","og_locale":"fr_FR","og_type":"article","og_title":"Services administratifs du secteur nautique \u00e0 Minorque","og_description":"Nous vous offrons tous les services de conseil et de gestion nautique \u00e0 Minorque. li\u00e9 au bateau.","og_url":"https:\/\/nauticcenter.net\/fr\/services-administratifs-du-secteur-nautique-a-minorque\/","og_site_name":"Nautic Center Menorca","article_publisher":"https:\/\/www.facebook.com\/nauticcentermenorca","article_modified_time":"2021-09-23T09:43:32+00:00","twitter_card":"summary_large_image","twitter_misc":{"Dur\u00e9e de lecture estim\u00e9e":"2 minutes"},"schema":{"@context":"https:\/\/schema.org","@graph":[{"@type":"WebPage","@id":"https:\/\/nauticcenter.net\/fr\/services-administratifs-du-secteur-nautique-a-minorque\/","url":"https:\/\/nauticcenter.net\/fr\/services-administratifs-du-secteur-nautique-a-minorque\/","name":"Services administratifs du secteur nautique \u00e0 Minorque | Nautic Center Menorca","isPartOf":{"@id":"https:\/\/nauticcenter.net\/fr\/#website"},"datePublished":"2020-12-17T11:54:07+00:00","dateModified":"2021-09-23T09:43:32+00:00","description":"Nous vous offrons tous les services de conseil et de gestion nautique \u00e0 Minorque. li\u00e9 au bateau.","inLanguage":"fr-FR","potentialAction":[{"@type":"ReadAction","target":["https:\/\/nauticcenter.net\/fr\/services-administratifs-du-secteur-nautique-a-minorque\/"]}]},{"@type":"WebSite","@id":"https:\/\/nauticcenter.net\/fr\/#website","url":"https:\/\/nauticcenter.net\/fr\/","name":"Nautic Center Menorca","description":"","publisher":{"@id":"https:\/\/nauticcenter.net\/fr\/#organization"},"potentialAction":[{"@type":"SearchAction","target":{"@type":"EntryPoint","urlTemplate":"https:\/\/nauticcenter.net\/fr\/?s={search_term_string}"},"query-input":{"@type":"PropertyValueSpecification","valueRequired":true,"valueName":"search_term_string"}}],"inLanguage":"fr-FR"},{"@type":"Organization","@id":"https:\/\/nauticcenter.net\/fr\/#organization","name":"Nautic Center Menorca","url":"https:\/\/nauticcenter.net\/fr\/","logo":{"@type":"ImageObject","inLanguage":"fr-FR","@id":"https:\/\/nauticcenter.net\/fr\/#\/schema\/logo\/image\/","url":"http:\/\/nauticcenter.net\/wp-content\/uploads\/2023\/03\/NCm-Logo-centrado.jpg","contentUrl":"http:\/\/nauticcenter.net\/wp-content\/uploads\/2023\/03\/NCm-Logo-centrado.jpg","width":1772,"height":1418,"caption":"Nautic Center Menorca"},"image":{"@id":"https:\/\/nauticcenter.net\/fr\/#\/schema\/logo\/image\/"},"sameAs":["https:\/\/www.facebook.com\/nauticcentermenorca","https:\/\/www.instagram.com\/nauticcenter_menorca"]}]}},"_links":{"self":[{"href":"https:\/\/nauticcenter.net\/fr\/wp-json\/wp\/v2\/pages\/14127","targetHints":{"allow":["GET"]}}],"collection":[{"href":"https:\/\/nauticcenter.net\/fr\/wp-json\/wp\/v2\/pages"}],"about":[{"href":"https:\/\/nauticcenter.net\/fr\/wp-json\/wp\/v2\/types\/page"}],"author":[{"embeddable":true,"href":"https:\/\/nauticcenter.net\/fr\/wp-json\/wp\/v2\/users\/1"}],"replies":[{"embeddable":true,"href":"https:\/\/nauticcenter.net\/fr\/wp-json\/wp\/v2\/comments?post=14127"}],"version-history":[{"count":0,"href":"https:\/\/nauticcenter.net\/fr\/wp-json\/wp\/v2\/pages\/14127\/revisions"}],"wp:attachment":[{"href":"https:\/\/nauticcenter.net\/fr\/wp-json\/wp\/v2\/media?parent=14127"}],"curies":[{"name":"wp","href":"https:\/\/api.w.org\/{rel}","templated":true}]}}