{"id":14118,"date":"2021-01-26T19:31:39","date_gmt":"2021-01-26T18:31:39","guid":{"rendered":"https:\/desempeno-ambiental\/"},"modified":"2021-08-02T16:07:03","modified_gmt":"2021-08-02T16:07:03","slug":"performance-environnementale","status":"publish","type":"page","link":"https:\/\/nauticcenter.net\/fr\/performance-environnementale\/","title":{"rendered":"Performance environnementale"},"content":{"rendered":"<h1 style=\"text-align: left;\"><strong>Performance environnementale<\/strong><\/h1>\n<p style=\"text-align: left;\">Nous disposons d\u2019un syst\u00e8me de gestion (ISO 9001\u00a0:2015, ISO 14001: 2015), avoir incorpor\u00e9 la gestion environnementale \u00e0 notre entreprise a fait que nous ayons parcouru un chemin jusqu\u2019\u00e0 arriver \u00e0 un crit\u00e8re stable, document\u00e9 et d\u00e9montrable en gestion environnementale. Ci-dessous nous vous pr\u00e9sentons une partie de ce chemin ainsi que les succ\u00e8s obtenus. Tout cela est la preuve de notre compromis avec l\u2019environnement, que, comme nous le d\u00e9finissons dans notre politique, nous consid\u00e9rons comme une valeur active suppl\u00e9mentaire de notre entreprise.<\/p>\n<p style=\"text-align: left;\">Nous nous situons dans le cycle de la vie, pour cela nous \u00e9tudions le cycle de vie d\u2019une embarcation, qui est le noyau de notre travail, tout ce que nous faisons tourne autour des bateaux.<\/p>\n<p style=\"text-align: left;\">En r\u00e9sum\u00e9, nous pouvons voir toutes les \u00e9tapes du cycle de vie et notre niveau d\u2019affectation \u00e0 chacune d\u2019entre elles:<\/p>\n<p style=\"text-align: left;\"><a href=\"http:\/\/nauticcenter.net\/wp-content\/uploads\/2021\/01\/ciclo-vida-1.gif\"><img loading=\"lazy\" decoding=\"async\" class=\"wp-image-4074 size-full aligncenter\" src=\"http:\/\/nauticcenter.net\/wp-content\/uploads\/2021\/01\/ciclo-vida-1.gif\" alt=\"\" width=\"1126\" height=\"932\" \/><\/a><\/p>\n<p style=\"text-align: left;\">Dans le cycle de vie nous pouvons voir que depuis Nautic Center Menorca notre affectation principale est celle de l\u2019entretien et de contribuer \u00e0 r\u00e9duire les impacts au cours de l\u2019utilisation. Puisque notre travail r\u00e9percute principalement sur ces \u00e9tapes, en entretenant et en am\u00e9liorant les bateaux de nos clients pour leur fonctionnement optimal, ce qui finalement d\u00e9bouche sur un moindre impact environnemental. Dans le graphique suivant on peut voir dans les donn\u00e9es:<\/p>\n<p style=\"text-align: left;\"><a href=\"http:\/\/nauticcenter.net\/wp-content\/uploads\/2021\/01\/huella-carbono.gif\"><img loading=\"lazy\" decoding=\"async\" class=\"wp-image-4111 size-full aligncenter\" src=\"http:\/\/nauticcenter.net\/wp-content\/uploads\/2021\/01\/huella-carbono.gif\" alt=\"\" width=\"728\" height=\"546\" \/><\/a><\/p>\n<p style=\"text-align: left;\">Avec cette vision d\u2019ensemble s\u2019est \u00e9tabli un crit\u00e8re de fonctionnement du syst\u00e8me de Gestion, auparavant \u00e9largi, pour donner de l\u2019espace \u00e0 la gestion environnementale. Veuillez voir observer l\u2019approche suivante:<\/p>\n<p style=\"text-align: left;\"><a href=\"http:\/\/nauticcenter.net\/wp-content\/uploads\/2021\/01\/desempeno-2020.png\">\u00a0 \u00a0 \u00a0 \u00a0 \u00a0 \u00a0 \u00a0 \u00a0 \u00a0 \u00a0 \u00a0 \u00a0 \u00a0 \u00a0 \u00a0 \u00a0 \u00a0 \u00a0 \u00a0<\/a><a href=\"http:\/\/nauticcenter.net\/wp-content\/uploads\/2021\/01\/desempeno-2020.png\"><img loading=\"lazy\" decoding=\"async\" class=\"wp-image-4064 size-full aligncenter\" src=\"http:\/\/nauticcenter.net\/wp-content\/uploads\/2021\/01\/desempeno-2020.png\" alt=\"\" width=\"900\" height=\"4423\" \/><\/a><\/p>\n<p style=\"text-align: left;\">Une fois le tout en marche, nous pouvons d\u00e9finir des objectifs et obtenir des r\u00e9sultats. Vous disposez ici de certains conseils environnementaux en relation \u00e0 l\u2019utilisation de votre bateau et de votre s\u00e9jour \u00e0 Minorque:<\/p>\n<p style=\"text-align: left;\"><a style=\"font-size: 14.4px;\" href=\"http:\/\/nauticcenter.net\/wp-content\/uploads\/2021\/01\/guia-buenas-practicas.pdf\"><img loading=\"lazy\" decoding=\"async\" class=\"wp-image-4070 size-full aligncenter\" src=\"http:\/\/nauticcenter.net\/wp-content\/uploads\/2021\/01\/es-b.gif\" alt=\"\" width=\"100\" height=\"66\" \/><\/a><\/p>\n<p style=\"text-align: left;\"><a href=\"http:\/\/nauticcenter.net\/wp-content\/uploads\/2021\/01\/guide-good-practices.pdf\"><img loading=\"lazy\" decoding=\"async\" class=\"wp-image-4067 size-full aligncenter\" src=\"http:\/\/nauticcenter.net\/wp-content\/uploads\/2021\/01\/en-b.gif\" alt=\"\" width=\"100\" height=\"66\" \/><\/a><\/p>\n<p style=\"text-align: left;\">Nous sommes heureux de vous rendre service.<\/p>\n<p style=\"text-align: left;\">L\u2019\u00e9quipe de Nautic Center.<\/p>\n","protected":false},"excerpt":{"rendered":"<p>Performance environnementale Nous disposons d\u2019un syst\u00e8me de gestion (ISO 9001\u00a0:2015, ISO 14001: 2015), avoir incorpor\u00e9 la gestion environnementale \u00e0 notre entreprise a fait que nous ayons parcouru un chemin jusqu\u2019\u00e0 arriver \u00e0 un crit\u00e8re stable, document\u00e9 et d\u00e9montrable en gestion environnementale. Ci-dessous nous vous pr\u00e9sentons une partie de ce chemin ainsi que les succ\u00e8s obtenus.Leer m\u00e1s&#8230;<\/p>\n","protected":false},"author":1,"featured_media":0,"parent":0,"menu_order":0,"comment_status":"closed","ping_status":"closed","template":"","meta":{"_acf_changed":false,"footnotes":""},"class_list":["post-14118","page","type-page","status-publish","hentry"],"acf":[],"yoast_head":"<!-- This site is optimized with the Yoast SEO Premium plugin v20.8 (Yoast SEO v27.3) - https:\/\/yoast.com\/product\/yoast-seo-premium-wordpress\/ -->\n<title>Performance environnementale | Nautic Center Menorca<\/title>\n<meta name=\"robots\" content=\"index, follow, max-snippet:-1, max-image-preview:large, max-video-preview:-1\" \/>\n<link rel=\"canonical\" href=\"https:\/\/nauticcenter.net\/fr\/performance-environnementale\/\" \/>\n<meta property=\"og:locale\" content=\"fr_FR\" \/>\n<meta property=\"og:type\" content=\"article\" \/>\n<meta property=\"og:title\" content=\"Performance environnementale\" \/>\n<meta property=\"og:description\" content=\"Performance environnementale Nous disposons d\u2019un syst\u00e8me de gestion (ISO 9001\u00a0:2015, ISO 14001: 2015), avoir incorpor\u00e9 la gestion environnementale \u00e0 notre entreprise a fait que nous ayons parcouru un chemin jusqu\u2019\u00e0 arriver \u00e0 un crit\u00e8re stable, document\u00e9 et d\u00e9montrable en gestion environnementale. Ci-dessous nous vous pr\u00e9sentons une partie de ce chemin ainsi que les succ\u00e8s obtenus.Leer m\u00e1s...\" \/>\n<meta property=\"og:url\" content=\"https:\/\/nauticcenter.net\/fr\/performance-environnementale\/\" \/>\n<meta property=\"og:site_name\" content=\"Nautic Center Menorca\" \/>\n<meta property=\"article:publisher\" content=\"https:\/\/www.facebook.com\/nauticcentermenorca\" \/>\n<meta property=\"article:modified_time\" content=\"2021-08-02T16:07:03+00:00\" \/>\n<meta property=\"og:image\" content=\"http:\/\/nauticcenter.net\/wp-content\/uploads\/2021\/01\/ciclo-vida-1.gif\" \/>\n<meta name=\"twitter:card\" content=\"summary_large_image\" \/>\n<meta name=\"twitter:label1\" content=\"Dur\u00e9e de lecture estim\u00e9e\" \/>\n\t<meta name=\"twitter:data1\" content=\"2 minutes\" \/>\n<script type=\"application\/ld+json\" class=\"yoast-schema-graph\">{\"@context\":\"https:\\\/\\\/schema.org\",\"@graph\":[{\"@type\":\"WebPage\",\"@id\":\"https:\\\/\\\/nauticcenter.net\\\/fr\\\/performance-environnementale\\\/\",\"url\":\"https:\\\/\\\/nauticcenter.net\\\/fr\\\/performance-environnementale\\\/\",\"name\":\"Performance environnementale | Nautic Center Menorca\",\"isPartOf\":{\"@id\":\"https:\\\/\\\/nauticcenter.net\\\/fr\\\/#website\"},\"primaryImageOfPage\":{\"@id\":\"https:\\\/\\\/nauticcenter.net\\\/fr\\\/performance-environnementale\\\/#primaryimage\"},\"image\":{\"@id\":\"https:\\\/\\\/nauticcenter.net\\\/fr\\\/performance-environnementale\\\/#primaryimage\"},\"thumbnailUrl\":\"http:\\\/\\\/nauticcenter.net\\\/wp-content\\\/uploads\\\/2021\\\/01\\\/ciclo-vida-1.gif\",\"datePublished\":\"2021-01-26T18:31:39+00:00\",\"dateModified\":\"2021-08-02T16:07:03+00:00\",\"inLanguage\":\"fr-FR\",\"potentialAction\":[{\"@type\":\"ReadAction\",\"target\":[\"https:\\\/\\\/nauticcenter.net\\\/fr\\\/performance-environnementale\\\/\"]}]},{\"@type\":\"ImageObject\",\"inLanguage\":\"fr-FR\",\"@id\":\"https:\\\/\\\/nauticcenter.net\\\/fr\\\/performance-environnementale\\\/#primaryimage\",\"url\":\"http:\\\/\\\/nauticcenter.net\\\/wp-content\\\/uploads\\\/2021\\\/01\\\/ciclo-vida-1.gif\",\"contentUrl\":\"http:\\\/\\\/nauticcenter.net\\\/wp-content\\\/uploads\\\/2021\\\/01\\\/ciclo-vida-1.gif\"},{\"@type\":\"WebSite\",\"@id\":\"https:\\\/\\\/nauticcenter.net\\\/fr\\\/#website\",\"url\":\"https:\\\/\\\/nauticcenter.net\\\/fr\\\/\",\"name\":\"Nautic Center Menorca\",\"description\":\"\",\"publisher\":{\"@id\":\"https:\\\/\\\/nauticcenter.net\\\/fr\\\/#organization\"},\"potentialAction\":[{\"@type\":\"SearchAction\",\"target\":{\"@type\":\"EntryPoint\",\"urlTemplate\":\"https:\\\/\\\/nauticcenter.net\\\/fr\\\/?s={search_term_string}\"},\"query-input\":{\"@type\":\"PropertyValueSpecification\",\"valueRequired\":true,\"valueName\":\"search_term_string\"}}],\"inLanguage\":\"fr-FR\"},{\"@type\":\"Organization\",\"@id\":\"https:\\\/\\\/nauticcenter.net\\\/fr\\\/#organization\",\"name\":\"Nautic Center Menorca\",\"url\":\"https:\\\/\\\/nauticcenter.net\\\/fr\\\/\",\"logo\":{\"@type\":\"ImageObject\",\"inLanguage\":\"fr-FR\",\"@id\":\"https:\\\/\\\/nauticcenter.net\\\/fr\\\/#\\\/schema\\\/logo\\\/image\\\/\",\"url\":\"http:\\\/\\\/nauticcenter.net\\\/wp-content\\\/uploads\\\/2023\\\/03\\\/NCm-Logo-centrado.jpg\",\"contentUrl\":\"http:\\\/\\\/nauticcenter.net\\\/wp-content\\\/uploads\\\/2023\\\/03\\\/NCm-Logo-centrado.jpg\",\"width\":1772,\"height\":1418,\"caption\":\"Nautic Center Menorca\"},\"image\":{\"@id\":\"https:\\\/\\\/nauticcenter.net\\\/fr\\\/#\\\/schema\\\/logo\\\/image\\\/\"},\"sameAs\":[\"https:\\\/\\\/www.facebook.com\\\/nauticcentermenorca\",\"https:\\\/\\\/www.instagram.com\\\/nauticcenter_menorca\"]}]}<\/script>\n<!-- \/ Yoast SEO Premium plugin. -->","yoast_head_json":{"title":"Performance environnementale | Nautic Center Menorca","robots":{"index":"index","follow":"follow","max-snippet":"max-snippet:-1","max-image-preview":"max-image-preview:large","max-video-preview":"max-video-preview:-1"},"canonical":"https:\/\/nauticcenter.net\/fr\/performance-environnementale\/","og_locale":"fr_FR","og_type":"article","og_title":"Performance environnementale","og_description":"Performance environnementale Nous disposons d\u2019un syst\u00e8me de gestion (ISO 9001\u00a0:2015, ISO 14001: 2015), avoir incorpor\u00e9 la gestion environnementale \u00e0 notre entreprise a fait que nous ayons parcouru un chemin jusqu\u2019\u00e0 arriver \u00e0 un crit\u00e8re stable, document\u00e9 et d\u00e9montrable en gestion environnementale. Ci-dessous nous vous pr\u00e9sentons une partie de ce chemin ainsi que les succ\u00e8s obtenus.Leer m\u00e1s...","og_url":"https:\/\/nauticcenter.net\/fr\/performance-environnementale\/","og_site_name":"Nautic Center Menorca","article_publisher":"https:\/\/www.facebook.com\/nauticcentermenorca","article_modified_time":"2021-08-02T16:07:03+00:00","og_image":[{"url":"http:\/\/nauticcenter.net\/wp-content\/uploads\/2021\/01\/ciclo-vida-1.gif","type":"","width":"","height":""}],"twitter_card":"summary_large_image","twitter_misc":{"Dur\u00e9e de lecture estim\u00e9e":"2 minutes"},"schema":{"@context":"https:\/\/schema.org","@graph":[{"@type":"WebPage","@id":"https:\/\/nauticcenter.net\/fr\/performance-environnementale\/","url":"https:\/\/nauticcenter.net\/fr\/performance-environnementale\/","name":"Performance environnementale | Nautic Center Menorca","isPartOf":{"@id":"https:\/\/nauticcenter.net\/fr\/#website"},"primaryImageOfPage":{"@id":"https:\/\/nauticcenter.net\/fr\/performance-environnementale\/#primaryimage"},"image":{"@id":"https:\/\/nauticcenter.net\/fr\/performance-environnementale\/#primaryimage"},"thumbnailUrl":"http:\/\/nauticcenter.net\/wp-content\/uploads\/2021\/01\/ciclo-vida-1.gif","datePublished":"2021-01-26T18:31:39+00:00","dateModified":"2021-08-02T16:07:03+00:00","inLanguage":"fr-FR","potentialAction":[{"@type":"ReadAction","target":["https:\/\/nauticcenter.net\/fr\/performance-environnementale\/"]}]},{"@type":"ImageObject","inLanguage":"fr-FR","@id":"https:\/\/nauticcenter.net\/fr\/performance-environnementale\/#primaryimage","url":"http:\/\/nauticcenter.net\/wp-content\/uploads\/2021\/01\/ciclo-vida-1.gif","contentUrl":"http:\/\/nauticcenter.net\/wp-content\/uploads\/2021\/01\/ciclo-vida-1.gif"},{"@type":"WebSite","@id":"https:\/\/nauticcenter.net\/fr\/#website","url":"https:\/\/nauticcenter.net\/fr\/","name":"Nautic Center Menorca","description":"","publisher":{"@id":"https:\/\/nauticcenter.net\/fr\/#organization"},"potentialAction":[{"@type":"SearchAction","target":{"@type":"EntryPoint","urlTemplate":"https:\/\/nauticcenter.net\/fr\/?s={search_term_string}"},"query-input":{"@type":"PropertyValueSpecification","valueRequired":true,"valueName":"search_term_string"}}],"inLanguage":"fr-FR"},{"@type":"Organization","@id":"https:\/\/nauticcenter.net\/fr\/#organization","name":"Nautic Center Menorca","url":"https:\/\/nauticcenter.net\/fr\/","logo":{"@type":"ImageObject","inLanguage":"fr-FR","@id":"https:\/\/nauticcenter.net\/fr\/#\/schema\/logo\/image\/","url":"http:\/\/nauticcenter.net\/wp-content\/uploads\/2023\/03\/NCm-Logo-centrado.jpg","contentUrl":"http:\/\/nauticcenter.net\/wp-content\/uploads\/2023\/03\/NCm-Logo-centrado.jpg","width":1772,"height":1418,"caption":"Nautic Center Menorca"},"image":{"@id":"https:\/\/nauticcenter.net\/fr\/#\/schema\/logo\/image\/"},"sameAs":["https:\/\/www.facebook.com\/nauticcentermenorca","https:\/\/www.instagram.com\/nauticcenter_menorca"]}]}},"_links":{"self":[{"href":"https:\/\/nauticcenter.net\/fr\/wp-json\/wp\/v2\/pages\/14118","targetHints":{"allow":["GET"]}}],"collection":[{"href":"https:\/\/nauticcenter.net\/fr\/wp-json\/wp\/v2\/pages"}],"about":[{"href":"https:\/\/nauticcenter.net\/fr\/wp-json\/wp\/v2\/types\/page"}],"author":[{"embeddable":true,"href":"https:\/\/nauticcenter.net\/fr\/wp-json\/wp\/v2\/users\/1"}],"replies":[{"embeddable":true,"href":"https:\/\/nauticcenter.net\/fr\/wp-json\/wp\/v2\/comments?post=14118"}],"version-history":[{"count":0,"href":"https:\/\/nauticcenter.net\/fr\/wp-json\/wp\/v2\/pages\/14118\/revisions"}],"wp:attachment":[{"href":"https:\/\/nauticcenter.net\/fr\/wp-json\/wp\/v2\/media?parent=14118"}],"curies":[{"name":"wp","href":"https:\/\/api.w.org\/{rel}","templated":true}]}}