{"id":14115,"date":"2020-11-26T13:42:06","date_gmt":"2020-11-26T12:42:06","guid":{"rendered":"https:\/salon-nautico-de-menorca\/"},"modified":"2022-05-27T16:35:19","modified_gmt":"2022-05-27T14:35:19","slug":"boat-showroom","status":"publish","type":"page","link":"https:\/\/nauticcenter.net\/fr\/boat-showroom\/","title":{"rendered":"Boat Showroom"},"content":{"rendered":"\n\t<section class=\"section dark\" id=\"section_1466083700\">\n\t\t<div class=\"section-bg fill\" >\n\t\t\t<img loading=\"lazy\" decoding=\"async\" width=\"1024\" height=\"480\" src=\"https:\/\/nauticcenter.net\/wp-content\/uploads\/2022\/05\/Foto-showroom-NCM-3.jpg\" class=\"bg attachment- size-\" alt=\"\" \/>\t\t\t\t\t\t<div class=\"section-bg-overlay absolute fill\"><\/div>\n\t\t\t\n\n\t\t<\/div>\n\n\t\t\n\n\t\t<div class=\"section-content relative\">\n\t\t\t\n\t<div id=\"text-4194311642\" class=\"text\">\n\t\t\n<h1><strong><span style=\"font-size: 150%;\">Le salon nautique de Minorque<\/span><\/strong><\/h1>\n\t\t\n<style>\n#text-4194311642 {\n  text-align: center;\n}\n<\/style>\n\t<\/div>\n\t\n\t\t<\/div>\n\n\t\t\n<style>\n#section_1466083700 {\n  padding-top: 101px;\n  padding-bottom: 101px;\n}\n#section_1466083700 .section-bg-overlay {\n  background-color: rgba(0, 0, 0, 0.13);\n}\n#section_1466083700 .section-bg img {\n  object-position: 0% 0%;\n}\n@media (min-width:550px) {\n  #section_1466083700 {\n    padding-top: 100px;\n    padding-bottom: 100px;\n  }\n}\n@media (min-width:850px) {\n  #section_1466083700 {\n    padding-top: 140px;\n    padding-bottom: 140px;\n  }\n}\n<\/style>\n\t<\/section>\n\t\n\n\t<section class=\"section\" id=\"section_1972524653\">\n\t\t<div class=\"section-bg fill\" >\n\t\t\t\t\t\t\t\t\t\n\t\t\t\n\n\t\t<\/div>\n\n\t\t\n\n\t\t<div class=\"section-content relative\">\n\t\t\t\n<div class=\"row row-large row-full-width align-middle align-center\"  id=\"row-1150029609\">\n\n\t<div id=\"col-1645461738\" class=\"col medium-8 small-12 large-6\"  >\n\t\t\t\t<div class=\"col-inner\"  >\n\t\t\t\n\t\t\t\n<div class=\"row row-collapse align-center\"  id=\"row-2054487165\">\n\n\t<div id=\"col-154999282\" class=\"col medium-10 small-12 large-12\"  data-animate=\"fadeInDown\">\n\t\t\t\t<div class=\"col-inner\"  >\n\t\t\t\n\t\t\t\n<div class=\"slider-wrapper relative\" id=\"slider-484841221\" >\n    <div class=\"slider slider-nav-circle slider-nav-large slider-nav-dark slider-style-normal\"\n        data-flickity-options='{\n            \"cellAlign\": \"center\",\n            \"imagesLoaded\": true,\n            \"lazyLoad\": 1,\n            \"freeScroll\": true,\n            \"wrapAround\": true,\n            \"autoPlay\": 6000,\n            \"pauseAutoPlayOnHover\" : true,\n            \"prevNextButtons\": false,\n            \"contain\" : true,\n            \"adaptiveHeight\" : true,\n            \"dragThreshold\" : 10,\n            \"percentPosition\": true,\n            \"pageDots\": true,\n            \"rightToLeft\": false,\n            \"draggable\": true,\n            \"selectedAttraction\": 0.1,\n            \"parallax\" : 0,\n            \"friction\": 0.6        }'\n        >\n        \n\n  <div class=\"banner has-hover\" id=\"banner-771624802\">\n          <div class=\"banner-inner fill\">\n        <div class=\"banner-bg fill\" >\n            <img loading=\"lazy\" decoding=\"async\" width=\"1920\" height=\"650\" src=\"https:\/\/nauticcenter.net\/wp-content\/uploads\/2020\/11\/01-bienvenidos2.jpg\" class=\"bg attachment-original size-original\" alt=\"boat showroom menorca\" \/>                                    \n                    <\/div>\n\t\t\n        <div class=\"banner-layers container\">\n            <div class=\"fill banner-link\"><\/div>            \n        <\/div>\n      <\/div>\n\n            \n<style>\n#banner-771624802 {\n  padding-top: 200px;\n}\n@media (min-width:550px) {\n  #banner-771624802 {\n    padding-top: 250px;\n  }\n}\n@media (min-width:850px) {\n  #banner-771624802 {\n    padding-top: 65%;\n  }\n}\n<\/style>\n  <\/div>\n\n\n\n  <div class=\"banner has-hover\" id=\"banner-1203178017\">\n          <div class=\"banner-inner fill\">\n        <div class=\"banner-bg fill\" >\n            <img loading=\"lazy\" decoding=\"async\" width=\"1920\" height=\"650\" src=\"https:\/\/nauticcenter.net\/wp-content\/uploads\/2020\/11\/02-general-arriba.jpg\" class=\"bg attachment-original size-original\" alt=\"\" \/>                                    \n                    <\/div>\n\t\t\n        <div class=\"banner-layers container\">\n            <div class=\"fill banner-link\"><\/div>            \n   <div id=\"text-box-1069298369\" class=\"text-box banner-layer x50 md-x50 lg-x50 y50 md-y50 lg-y50 res-text\">\n                                <div class=\"text-box-content text dark\">\n              \n              <div class=\"text-inner text-center\">\n                  \n              <\/div>\n           <\/div>\n                            \n<style>\n#text-box-1069298369 {\n  width: 60%;\n}\n#text-box-1069298369 .text-box-content {\n  font-size: 100%;\n}\n@media (min-width:550px) {\n  #text-box-1069298369 {\n    width: 60%;\n  }\n}\n<\/style>\n    <\/div>\n \n        <\/div>\n      <\/div>\n\n            \n<style>\n#banner-1203178017 {\n  padding-top: 200px;\n}\n@media (min-width:550px) {\n  #banner-1203178017 {\n    padding-top: 250px;\n  }\n}\n@media (min-width:850px) {\n  #banner-1203178017 {\n    padding-top: 65%;\n  }\n}\n<\/style>\n  <\/div>\n\n\n     <\/div>\n\n     <div class=\"loading-spin dark large centered\"><\/div>\n\n\t<\/div>\n\n\n\t\t<\/div>\n\t\t\t\t\n<style>\n#col-154999282 > .col-inner {\n  margin: 0px 0px 0px 0;\n}\n@media (min-width:550px) {\n  #col-154999282 > .col-inner {\n    margin: 0px 0px 0px 0;\n  }\n}\n<\/style>\n\t<\/div>\n\n\t\n<\/div>\n\t\t<\/div>\n\t\t\t\t\t<\/div>\n\n\t\n\n\t<div id=\"col-1948260737\" class=\"col medium-8 small-12 large-6 medium-col-first\"  >\n\t\t\t\t<div class=\"col-inner text-right\"  >\n\t\t\t\n\t\t\t\n<div class=\"row align-middle align-center\"  id=\"row-73783357\">\n\n\t<div id=\"col-1501319395\" class=\"col medium-12 small-12 large-12\"  >\n\t\t\t\t<div class=\"col-inner text-left\"  >\n\t\t\t\n\t\t\t\n<h2><strong>Boat Showroom<\/strong><\/h2>\n<h4>Venez d\u00e9couvrir la plus grande exposition nautique des \u00eeles Bal\u00e9ares, avec une superficie<strong>de plus de 1500 m2 dans laquelle sont pr\u00e9sent\u00e9s les derniers lancements de nos marques,<\/strong> avec plus de 30 mod\u00e8les d\u2019embarcations.<\/h4>\n<h4>Ouvert \u00e0 tout public et une visite incontournables pour les amants du secteur nautique.<\/h4>\n<span class=\"quform-popup-link quform-popup-link-20\" data-unique-id=\"8e3e48\">\n<div class=\"button primary is-outline\" style=\"margin-right: 20px !important;\">Plus d\u2019information<\/div>\n<\/span><div class=\"quform-popup\"><div id=\"quform-8e3e48\" class=\"quform quform-20 quform-theme-hollow quform-support-page-caching\"><form id=\"quform-form-8e3e48\" class=\"quform-form quform-form-20\" action=\"\/fr\/wp-json\/wp\/v2\/pages\/14115#quform-8e3e48\" method=\"post\" enctype=\"multipart\/form-data\" novalidate=\"novalidate\" data-options=\"{&quot;id&quot;:20,&quot;uniqueId&quot;:&quot;8e3e48&quot;,&quot;theme&quot;:&quot;hollow&quot;,&quot;ajax&quot;:true,&quot;logic&quot;:{&quot;logic&quot;:[],&quot;dependents&quot;:[],&quot;elementIds&quot;:[],&quot;dependentElementIds&quot;:[],&quot;animate&quot;:true},&quot;currentPageId&quot;:1,&quot;errorsIcon&quot;:&quot;&quot;,&quot;updateFancybox&quot;:true,&quot;hasPages&quot;:false,&quot;pages&quot;:[1],&quot;pageProgressType&quot;:&quot;numbers&quot;,&quot;tooltipsEnabled&quot;:true,&quot;tooltipClasses&quot;:&quot;qtip-quform-dark qtip-shadow&quot;,&quot;tooltipMy&quot;:&quot;left center&quot;,&quot;tooltipAt&quot;:&quot;right center&quot;,&quot;isRtl&quot;:false,&quot;scrollOffset&quot;:-50,&quot;scrollSpeed&quot;:800}\"><button class=\"quform-default-submit\" name=\"quform_submit\" type=\"submit\" value=\"submit\" aria-hidden=\"true\" tabindex=\"-1\"><\/button><div class=\"quform-form-inner quform-form-inner-20\"><input type=\"hidden\" name=\"quform_form_id\" value=\"20\" \/><input type=\"hidden\" name=\"quform_form_uid\" value=\"8e3e48\" \/><input type=\"hidden\" name=\"quform_count\" value=\"1\" \/><input type=\"hidden\" name=\"form_url\" value=\"https:\/\/nauticcenter.net\/fr\/wp-json\/wp\/v2\/pages\/14115\" \/><input type=\"hidden\" name=\"referring_url\" value=\"\" \/><input type=\"hidden\" name=\"post_id\" value=\"\" \/><input type=\"hidden\" name=\"post_title\" value=\"\" \/><input type=\"hidden\" name=\"quform_current_page_id\" value=\"1\" \/><input type=\"hidden\" name=\"quform_csrf_token\" value=\"YLG829gNij4w7QHASrG1n52A8pl47uSZigDwbZNj\" \/><div class=\"quform-elements quform-elements-20 quform-cf quform-responsive-elements-phone-portrait\"><div class=\"quform-element quform-element-page quform-page-1 quform-page-20_1 quform-cf quform-group-style-plain quform-first-page quform-last-page quform-current-page\"><div class=\"quform-child-elements\"><div class=\"quform-element quform-element-row quform-element-row-20_15 quform-1-columns quform-element-row-size-fixed quform-responsive-columns-phone-portrait\"><div class=\"quform-element quform-element-column quform-element-20_16\"><div class=\"quform-element quform-element-html quform-element-20_32 quform-cf\"><div class=\"quform-spacer\"><button title=\"Close (Esc)\" type=\"button\" class=\"mfp-close\" style=\"float:right;margin: 0px !important;\npadding: 0px;top:0px !important;\"><svg xmlns=\"http:\/\/www.w3.org\/2000\/svg\" width=\"28\" height=\"28\" viewBox=\"0 0 24 24\" fill=\"none\" stroke=\"currentColor\" stroke-width=\"2\" stroke-linecap=\"round\" stroke-linejoin=\"round\" class=\"feather feather-x\"><line x1=\"18\" y1=\"6\" x2=\"6\" y2=\"18\"><\/line><line x1=\"6\" y1=\"6\" x2=\"18\" y2=\"18\"><\/line><\/svg><\/button>\n<\/div><\/div><div class=\"quform-element quform-element-html quform-element-20_33 quform-cf\"><div class=\"quform-spacer\"><div style=\"color:#1E284F; font-size: 20px; margin-bottom:20px;\"><strong>Demander des informations sur <\/strong><\/div><\/div><\/div><div class=\"quform-element quform-element-text quform-element-20_26 quform-cf quform-labels-inside quform-element-required\"><div class=\"quform-spacer\"><div class=\"quform-label quform-label-20_26\"><label class=\"quform-label-text\" for=\"quform_20_26_8e3e48\">NOM, PR\u00c9NOM<span class=\"quform-required\">*<\/span><\/label><\/div><div class=\"quform-inner quform-inner-text quform-inner-20_26 quform-field-size-medium\"><div class=\"quform-input quform-input-text quform-input-20_26 quform-cf\"><input type=\"text\" id=\"quform_20_26_8e3e48\" name=\"quform_20_26\" class=\"quform-field quform-field-text quform-field-20_26\" \/><\/div><\/div><\/div><\/div><\/div><\/div><div class=\"quform-element quform-element-row quform-element-row-20_21 quform-2-columns quform-element-row-size-fixed quform-responsive-columns-phone-portrait\"><div class=\"quform-element quform-element-column quform-element-20_22\"><div class=\"quform-element quform-element-email quform-element-20_23 quform-cf quform-labels-inside quform-element-required\"><div class=\"quform-spacer\"><div class=\"quform-label quform-label-20_23\"><label class=\"quform-label-text\" for=\"quform_20_23_8e3e48\">Courrier \u00e9lectronique<span class=\"quform-required\">*<\/span><\/label><\/div><div class=\"quform-inner quform-inner-email quform-inner-20_23 quform-field-size-medium\"><div class=\"quform-input quform-input-email quform-input-20_23 quform-cf\"><input type=\"email\" id=\"quform_20_23_8e3e48\" name=\"quform_20_23\" class=\"quform-field quform-field-email quform-field-20_23\" \/><\/div><\/div><\/div><\/div><\/div><div class=\"quform-element quform-element-column quform-element-20_24\"><div class=\"quform-element quform-element-text quform-element-20_25 quform-cf quform-labels-inside quform-element-required\"><div class=\"quform-spacer\"><div class=\"quform-label quform-label-20_25\"><label class=\"quform-label-text\" for=\"quform_20_25_8e3e48\">Num\u00e9ro de t\u00e9l\u00e9phone<span class=\"quform-required\">*<\/span><\/label><\/div><div class=\"quform-inner quform-inner-text quform-inner-20_25 quform-field-size-medium\"><div class=\"quform-input quform-input-text quform-input-20_25 quform-cf\"><input type=\"text\" id=\"quform_20_25_8e3e48\" name=\"quform_20_25\" class=\"quform-field quform-field-text quform-field-20_25\" \/><\/div><\/div><\/div><\/div><\/div><\/div><div class=\"quform-element quform-element-textarea quform-element-20_6 quform-cf quform-labels-inside quform-element-required\"><div class=\"quform-spacer\"><div class=\"quform-label quform-label-20_6\"><span class=\"quform-label-icon\"><i class=\"qicon-mode_edit\"><\/i><\/span><label class=\"quform-label-text\" for=\"quform_20_6_8e3e48\">\u00c9crire la demande<span class=\"quform-required\">*<\/span><\/label><\/div><div class=\"quform-inner quform-inner-textarea quform-inner-20_6 quform-field-size-medium\"><div class=\"quform-input quform-input-textarea quform-input-20_6 quform-cf\"><textarea id=\"quform_20_6_8e3e48\" name=\"quform_20_6\" class=\"quform-field quform-field-textarea quform-field-20_6\"><\/textarea><\/div><\/div><\/div><\/div><div class=\"quform-element quform-element-checkbox quform-element-20_30 quform-cf quform-element-required\"><div class=\"quform-spacer\"><div class=\"quform-inner quform-inner-checkbox quform-inner-20_30 quform-field-size-medium\"><div class=\"quform-input quform-input-checkbox quform-input-20_30 quform-cf\"><div class=\"quform-options quform-cf quform-options-block quform-options-simple\"><div class=\"quform-option\"><input type=\"checkbox\" name=\"quform_20_30[]\" id=\"quform_20_30_8e3e48_1\" class=\"quform-field quform-field-checkbox quform-field-20_30 quform-field-20_30_1\" value=\" &lt;span style=&quot;font-size: 15px&quot;&gt; J&#039;ai lu et j&#039;accepte les  &lt;a style=&quot;color:#2e51d1;font-size: 15px&quot; href=&quot;https:\/\/www.nauticcenter.net\/fr\/politica-privacidad\/&quot;&gt;&lt;strong&gt; Politiques de confidentialit\u00e9  &lt;\/strong&gt;&lt;\/a&gt;  de ce site web.&lt;\/span&gt;\" \/><label for=\"quform_20_30_8e3e48_1\" class=\"quform-option-label quform-option-label-20_30_1\"><span class=\"quform-option-text\"> <span style=\"font-size: 15px\"> J'ai lu et j'accepte les  <a style=\"color:#2e51d1;font-size: 15px\" href=\"https:\/\/www.nauticcenter.net\/fr\/politica-privacidad\/\"><strong> Politiques de confidentialit\u00e9  <\/strong><\/a>  de ce site web.<\/span><\/span><\/label><\/div><\/div><\/div><\/div><\/div><\/div><div class=\"quform-element quform-element-submit quform-element-20_2 quform-cf quform-button-style-theme quform-button-size-fat quform-button-width-full\"><div class=\"quform-button-submit quform-button-submit-default quform-button-submit-20_2\"><button name=\"quform_submit\" type=\"submit\" class=\"quform-submit\" value=\"submit\"><span class=\"quform-button-text quform-button-submit-text\">Envoyer<\/span><\/button><\/div><div class=\"quform-loading quform-loading-position-left quform-loading-type-spinner-1\"><div class=\"quform-loading-inner\"><div class=\"quform-loading-spinner\"><div class=\"quform-loading-spinner-inner\"><\/div><\/div><\/div><\/div><\/div><div class=\"quform-element-tree\"><label for=\"quform_20_0_8e3e48\">Ce champ devrait \u00eatre laiss\u00e9 vide<\/label><input type=\"text\" id=\"quform_20_0_8e3e48\" name=\"quform_20_0\" class=\"quform-field quform-field-tree quform-field-20_0\" tabindex=\"-1\" autocomplete=\"off\" \/><\/div><\/div><\/div><\/div><\/div><\/form><\/div><\/div>\n<a class=\"button primary\"  style=\"border-radius:5px;\">\n\t\t<span>Comment arriver<\/span>\n\t<i class=\"icon-map-pin-fill\" aria-hidden=\"true\" ><\/i><\/a>\n\n\t\t<\/div>\n\t\t\t\t\t<\/div>\n\n\t\n<\/div>\n\t\t<\/div>\n\t\t\t\t\t<\/div>\n\n\t\n<\/div>\n\t\t<\/div>\n\n\t\t\n<style>\n#section_1972524653 {\n  padding-top: 80px;\n  padding-bottom: 80px;\n  background-color: rgb(255, 255, 255);\n}\n@media (min-width:550px) {\n  #section_1972524653 {\n    padding-top: 100px;\n    padding-bottom: 100px;\n  }\n}\n@media (min-width:850px) {\n  #section_1972524653 {\n    padding-top: 120px;\n    padding-bottom: 120px;\n  }\n}\n<\/style>\n\t<\/section>\n\t\n","protected":false},"excerpt":{"rendered":"","protected":false},"author":1,"featured_media":393,"parent":0,"menu_order":0,"comment_status":"closed","ping_status":"closed","template":"page-blank.php","meta":{"_acf_changed":false,"footnotes":""},"class_list":["post-14115","page","type-page","status-publish","has-post-thumbnail","hentry"],"acf":[],"yoast_head":"<!-- This site is optimized with the Yoast SEO Premium plugin v20.8 (Yoast SEO v27.3) - https:\/\/yoast.com\/product\/yoast-seo-premium-wordpress\/ -->\n<title>Boat Showroom | Le salon nautique de Minorque | Nautic Center Menorca<\/title>\n<meta name=\"description\" content=\"Le plus grand salon nautique des \u00eeles Bal\u00e9ares avec plus de 30 mod\u00e8les de bateaux et yachts en stock.\" \/>\n<meta name=\"robots\" content=\"index, follow, max-snippet:-1, max-image-preview:large, max-video-preview:-1\" \/>\n<link rel=\"canonical\" href=\"https:\/\/nauticcenter.net\/fr\/boat-showroom\/\" \/>\n<meta property=\"og:locale\" content=\"fr_FR\" \/>\n<meta property=\"og:type\" content=\"article\" \/>\n<meta property=\"og:title\" content=\"Boat Showroom\" \/>\n<meta property=\"og:description\" content=\"Le plus grand salon nautique des \u00eeles Bal\u00e9ares avec plus de 30 mod\u00e8les de bateaux et yachts en stock.\" \/>\n<meta property=\"og:url\" content=\"https:\/\/nauticcenter.net\/fr\/boat-showroom\/\" \/>\n<meta property=\"og:site_name\" content=\"Nautic Center Menorca\" \/>\n<meta property=\"article:publisher\" content=\"https:\/\/www.facebook.com\/nauticcentermenorca\" \/>\n<meta property=\"article:modified_time\" content=\"2022-05-27T14:35:19+00:00\" \/>\n<meta property=\"og:image\" content=\"https:\/\/nauticcenter.net\/wp-content\/uploads\/2020\/11\/11-puesta.jpg\" \/>\n\t<meta property=\"og:image:width\" content=\"1920\" \/>\n\t<meta property=\"og:image:height\" content=\"650\" \/>\n\t<meta property=\"og:image:type\" content=\"image\/jpeg\" \/>\n<meta name=\"twitter:card\" content=\"summary_large_image\" \/>\n<meta name=\"twitter:label1\" content=\"Dur\u00e9e de lecture estim\u00e9e\" \/>\n\t<meta name=\"twitter:data1\" content=\"1 minute\" \/>\n<script type=\"application\/ld+json\" class=\"yoast-schema-graph\">{\"@context\":\"https:\\\/\\\/schema.org\",\"@graph\":[{\"@type\":\"WebPage\",\"@id\":\"https:\\\/\\\/nauticcenter.net\\\/fr\\\/boat-showroom\\\/\",\"url\":\"https:\\\/\\\/nauticcenter.net\\\/fr\\\/boat-showroom\\\/\",\"name\":\"Boat Showroom | Le salon nautique de Minorque | Nautic Center Menorca\",\"isPartOf\":{\"@id\":\"https:\\\/\\\/nauticcenter.net\\\/fr\\\/#website\"},\"primaryImageOfPage\":{\"@id\":\"https:\\\/\\\/nauticcenter.net\\\/fr\\\/boat-showroom\\\/#primaryimage\"},\"image\":{\"@id\":\"https:\\\/\\\/nauticcenter.net\\\/fr\\\/boat-showroom\\\/#primaryimage\"},\"thumbnailUrl\":\"https:\\\/\\\/nauticcenter.net\\\/wp-content\\\/uploads\\\/2020\\\/11\\\/11-puesta.jpg\",\"datePublished\":\"2020-11-26T12:42:06+00:00\",\"dateModified\":\"2022-05-27T14:35:19+00:00\",\"description\":\"Le plus grand salon nautique des \u00eeles Bal\u00e9ares avec plus de 30 mod\u00e8les de bateaux et yachts en stock.\",\"inLanguage\":\"fr-FR\",\"potentialAction\":[{\"@type\":\"ReadAction\",\"target\":[\"https:\\\/\\\/nauticcenter.net\\\/fr\\\/boat-showroom\\\/\"]}]},{\"@type\":\"ImageObject\",\"inLanguage\":\"fr-FR\",\"@id\":\"https:\\\/\\\/nauticcenter.net\\\/fr\\\/boat-showroom\\\/#primaryimage\",\"url\":\"https:\\\/\\\/nauticcenter.net\\\/wp-content\\\/uploads\\\/2020\\\/11\\\/11-puesta.jpg\",\"contentUrl\":\"https:\\\/\\\/nauticcenter.net\\\/wp-content\\\/uploads\\\/2020\\\/11\\\/11-puesta.jpg\",\"width\":1920,\"height\":650,\"caption\":\"salon nautico menorca\"},{\"@type\":\"WebSite\",\"@id\":\"https:\\\/\\\/nauticcenter.net\\\/fr\\\/#website\",\"url\":\"https:\\\/\\\/nauticcenter.net\\\/fr\\\/\",\"name\":\"Nautic Center Menorca\",\"description\":\"\",\"publisher\":{\"@id\":\"https:\\\/\\\/nauticcenter.net\\\/fr\\\/#organization\"},\"potentialAction\":[{\"@type\":\"SearchAction\",\"target\":{\"@type\":\"EntryPoint\",\"urlTemplate\":\"https:\\\/\\\/nauticcenter.net\\\/fr\\\/?s={search_term_string}\"},\"query-input\":{\"@type\":\"PropertyValueSpecification\",\"valueRequired\":true,\"valueName\":\"search_term_string\"}}],\"inLanguage\":\"fr-FR\"},{\"@type\":\"Organization\",\"@id\":\"https:\\\/\\\/nauticcenter.net\\\/fr\\\/#organization\",\"name\":\"Nautic Center Menorca\",\"url\":\"https:\\\/\\\/nauticcenter.net\\\/fr\\\/\",\"logo\":{\"@type\":\"ImageObject\",\"inLanguage\":\"fr-FR\",\"@id\":\"https:\\\/\\\/nauticcenter.net\\\/fr\\\/#\\\/schema\\\/logo\\\/image\\\/\",\"url\":\"http:\\\/\\\/nauticcenter.net\\\/wp-content\\\/uploads\\\/2023\\\/03\\\/NCm-Logo-centrado.jpg\",\"contentUrl\":\"http:\\\/\\\/nauticcenter.net\\\/wp-content\\\/uploads\\\/2023\\\/03\\\/NCm-Logo-centrado.jpg\",\"width\":1772,\"height\":1418,\"caption\":\"Nautic Center Menorca\"},\"image\":{\"@id\":\"https:\\\/\\\/nauticcenter.net\\\/fr\\\/#\\\/schema\\\/logo\\\/image\\\/\"},\"sameAs\":[\"https:\\\/\\\/www.facebook.com\\\/nauticcentermenorca\",\"https:\\\/\\\/www.instagram.com\\\/nauticcenter_menorca\"]}]}<\/script>\n<!-- \/ Yoast SEO Premium plugin. -->","yoast_head_json":{"title":"Boat Showroom | Le salon nautique de Minorque | Nautic Center Menorca","description":"Le plus grand salon nautique des \u00eeles Bal\u00e9ares avec plus de 30 mod\u00e8les de bateaux et yachts en stock.","robots":{"index":"index","follow":"follow","max-snippet":"max-snippet:-1","max-image-preview":"max-image-preview:large","max-video-preview":"max-video-preview:-1"},"canonical":"https:\/\/nauticcenter.net\/fr\/boat-showroom\/","og_locale":"fr_FR","og_type":"article","og_title":"Boat Showroom","og_description":"Le plus grand salon nautique des \u00eeles Bal\u00e9ares avec plus de 30 mod\u00e8les de bateaux et yachts en stock.","og_url":"https:\/\/nauticcenter.net\/fr\/boat-showroom\/","og_site_name":"Nautic Center Menorca","article_publisher":"https:\/\/www.facebook.com\/nauticcentermenorca","article_modified_time":"2022-05-27T14:35:19+00:00","og_image":[{"width":1920,"height":650,"url":"https:\/\/nauticcenter.net\/wp-content\/uploads\/2020\/11\/11-puesta.jpg","type":"image\/jpeg"}],"twitter_card":"summary_large_image","twitter_misc":{"Dur\u00e9e de lecture estim\u00e9e":"1 minute"},"schema":{"@context":"https:\/\/schema.org","@graph":[{"@type":"WebPage","@id":"https:\/\/nauticcenter.net\/fr\/boat-showroom\/","url":"https:\/\/nauticcenter.net\/fr\/boat-showroom\/","name":"Boat Showroom | Le salon nautique de Minorque | Nautic Center Menorca","isPartOf":{"@id":"https:\/\/nauticcenter.net\/fr\/#website"},"primaryImageOfPage":{"@id":"https:\/\/nauticcenter.net\/fr\/boat-showroom\/#primaryimage"},"image":{"@id":"https:\/\/nauticcenter.net\/fr\/boat-showroom\/#primaryimage"},"thumbnailUrl":"https:\/\/nauticcenter.net\/wp-content\/uploads\/2020\/11\/11-puesta.jpg","datePublished":"2020-11-26T12:42:06+00:00","dateModified":"2022-05-27T14:35:19+00:00","description":"Le plus grand salon nautique des \u00eeles Bal\u00e9ares avec plus de 30 mod\u00e8les de bateaux et yachts en stock.","inLanguage":"fr-FR","potentialAction":[{"@type":"ReadAction","target":["https:\/\/nauticcenter.net\/fr\/boat-showroom\/"]}]},{"@type":"ImageObject","inLanguage":"fr-FR","@id":"https:\/\/nauticcenter.net\/fr\/boat-showroom\/#primaryimage","url":"https:\/\/nauticcenter.net\/wp-content\/uploads\/2020\/11\/11-puesta.jpg","contentUrl":"https:\/\/nauticcenter.net\/wp-content\/uploads\/2020\/11\/11-puesta.jpg","width":1920,"height":650,"caption":"salon nautico menorca"},{"@type":"WebSite","@id":"https:\/\/nauticcenter.net\/fr\/#website","url":"https:\/\/nauticcenter.net\/fr\/","name":"Nautic Center Menorca","description":"","publisher":{"@id":"https:\/\/nauticcenter.net\/fr\/#organization"},"potentialAction":[{"@type":"SearchAction","target":{"@type":"EntryPoint","urlTemplate":"https:\/\/nauticcenter.net\/fr\/?s={search_term_string}"},"query-input":{"@type":"PropertyValueSpecification","valueRequired":true,"valueName":"search_term_string"}}],"inLanguage":"fr-FR"},{"@type":"Organization","@id":"https:\/\/nauticcenter.net\/fr\/#organization","name":"Nautic Center Menorca","url":"https:\/\/nauticcenter.net\/fr\/","logo":{"@type":"ImageObject","inLanguage":"fr-FR","@id":"https:\/\/nauticcenter.net\/fr\/#\/schema\/logo\/image\/","url":"http:\/\/nauticcenter.net\/wp-content\/uploads\/2023\/03\/NCm-Logo-centrado.jpg","contentUrl":"http:\/\/nauticcenter.net\/wp-content\/uploads\/2023\/03\/NCm-Logo-centrado.jpg","width":1772,"height":1418,"caption":"Nautic Center Menorca"},"image":{"@id":"https:\/\/nauticcenter.net\/fr\/#\/schema\/logo\/image\/"},"sameAs":["https:\/\/www.facebook.com\/nauticcentermenorca","https:\/\/www.instagram.com\/nauticcenter_menorca"]}]}},"_links":{"self":[{"href":"https:\/\/nauticcenter.net\/fr\/wp-json\/wp\/v2\/pages\/14115","targetHints":{"allow":["GET"]}}],"collection":[{"href":"https:\/\/nauticcenter.net\/fr\/wp-json\/wp\/v2\/pages"}],"about":[{"href":"https:\/\/nauticcenter.net\/fr\/wp-json\/wp\/v2\/types\/page"}],"author":[{"embeddable":true,"href":"https:\/\/nauticcenter.net\/fr\/wp-json\/wp\/v2\/users\/1"}],"replies":[{"embeddable":true,"href":"https:\/\/nauticcenter.net\/fr\/wp-json\/wp\/v2\/comments?post=14115"}],"version-history":[{"count":0,"href":"https:\/\/nauticcenter.net\/fr\/wp-json\/wp\/v2\/pages\/14115\/revisions"}],"wp:featuredmedia":[{"embeddable":true,"href":"https:\/\/nauticcenter.net\/fr\/wp-json\/wp\/v2\/media\/393"}],"wp:attachment":[{"href":"https:\/\/nauticcenter.net\/fr\/wp-json\/wp\/v2\/media?parent=14115"}],"curies":[{"name":"wp","href":"https:\/\/api.w.org\/{rel}","templated":true}]}}