{"id":14098,"date":"2021-01-25T22:44:52","date_gmt":"2021-01-25T21:44:52","guid":{"rendered":"https:\/gozzo-positano-menorca\/"},"modified":"2021-08-02T15:54:00","modified_gmt":"2021-08-02T15:54:00","slug":"bateaux-gozzo-positano-a-minorque","status":"publish","type":"page","link":"https:\/\/nauticcenter.net\/fr\/bateaux-gozzo-positano-a-minorque\/","title":{"rendered":"Bateaux Gozzo Positano \u00e0 Minorque"},"content":{"rendered":"\n\t<section class=\"section dark\" id=\"section_624461411\">\n\t\t<div class=\"section-bg fill\" >\n\t\t\t\t\t\t\t\t\t<div class=\"section-bg-overlay absolute fill\"><\/div>\n\t\t\t\n\n\t\t<\/div>\n\n\t\t\n\n\t\t<div class=\"section-content relative\">\n\t\t\t\n<div class=\"row\"  id=\"row-1795084660\">\n\n\t<div id=\"col-1447247373\" class=\"col medium-8 small-12 large-12\"  >\n\t\t\t\t<div class=\"col-inner\"  >\n\t\t\t\n\t\t\t\n\t<div id=\"gap-906984908\" class=\"gap-element clearfix\" style=\"display:block; height:auto;\">\n\t\t\n<style>\n#gap-906984908 {\n  padding-top: 200px;\n}\n<\/style>\n\t<\/div>\n\t\n\t<div id=\"text-814437823\" class=\"text\">\n\t\t\n<h1><strong><span style=\"font-size: 150%;\">Bateaux Gozzo Positano \u00e0 Minorque <\/span><\/strong><\/h1>\n\t\t\n<style>\n#text-814437823 {\n  text-align: center;\n}\n<\/style>\n\t<\/div>\n\t\n\t\t<\/div>\n\t\t\t\t\t<\/div>\n\n\t\n<\/div>\n\t\t<\/div>\n\n\t\t\n<style>\n#section_624461411 {\n  padding-top: 30px;\n  padding-bottom: 30px;\n  min-height: 450px;\n}\n#section_624461411 .section-bg-overlay {\n  background-color: rgba(0, 0, 0, 0.17);\n}\n#section_624461411 .section-bg img {\n  object-position: 0% 52%;\n}\n<\/style>\n\t<\/section>\n\t\n\n\t<section class=\"section\" id=\"section_1636916760\">\n\t\t<div class=\"section-bg fill\" >\n\t\t\t\t\t\t\t\t\t\n\t\t\t\n\n\t\t<\/div>\n\n\t\t\n\n\t\t<div class=\"section-content relative\">\n\t\t\t\n<div class=\"row row-collapse row-full-width align-middle\"  id=\"row-904116583\">\n\n\t<div id=\"col-1153494314\" class=\"col medium-6 small-12 large-6\"  >\n\t\t\t\t<div class=\"col-inner\"  >\n\t\t\t\n\t\t\t\n<div class=\"row row-collapse align-center\"  id=\"row-12501083\">\n\n\t<div id=\"col-1811434548\" class=\"col medium-11 small-10 large-11\"  >\n\t\t\t\t<div class=\"col-inner text-left\"  >\n\t\t\t\n\t\t\t\n\t<div id=\"text-3512022781\" class=\"text\">\n\t\t\n\t\t\n<style>\n#text-3512022781 {\n  font-size: 1.2rem;\n}\n<\/style>\n\t<\/div>\n\t\n<a href=\"https:\/fr\/barcos\/?swoof=1&#038;product_marcas=gozzo-positano\" class=\"button primary is-outline\"  >\n\t\t<span>Voir maintenant<\/span>\n\t<i class=\"icon-angle-right\" aria-hidden=\"true\" ><\/i><\/a>\n\n\t\t<\/div>\n\t\t\t\t\n<style>\n#col-1811434548 > .col-inner {\n  padding: 50px 0px 50px 0px;\n}\n<\/style>\n\t<\/div>\n\n\t\n\n<style>\n#row-12501083 > .col > .col-inner {\n  padding: 40px 0px 20px 0px;\n}\n@media (min-width:550px) {\n  #row-12501083 > .col > .col-inner {\n    padding: 0px 0px 0px 0px;\n  }\n}\n<\/style>\n<\/div>\n\t\t<\/div>\n\t\t\t\t\t<\/div>\n\n\t\n\n\t<div id=\"col-1167089289\" class=\"col medium-6 small-12 large-6\"  >\n\t\t\t\t<div class=\"col-inner\" style=\"background-color:rgb(0,0,0);\" >\n\t\t\t\n\t\t\t\n\n  <div class=\"banner has-hover\" id=\"banner-305587210\">\n          <div class=\"banner-inner fill\">\n        <div class=\"banner-bg fill\" >\n                        \t<div class=\"video-overlay no-click fill\"><\/div>\n\t<div id=\"ytplayer-449\" class=\"ux-youtube fill object-fit visible\" data-videoid=\"zuPyXnFVBgI\" data-loop=\"1\" data-audio=\"1\"><\/div>\n                        \n                    <\/div>\n\t\t\n        <div class=\"banner-layers container\">\n            <div class=\"fill banner-link\"><\/div>            \n        <\/div>\n      <\/div>\n\n            \n<style>\n#banner-305587210 {\n  padding-top: 300px;\n}\n#banner-305587210 .banner-bg img {\n  object-position: 72% 14%;\n}\n@media (min-width:550px) {\n  #banner-305587210 {\n    padding-top: 500px;\n  }\n}\n<\/style>\n  <\/div>\n\n\n\t\t<\/div>\n\t\t\t\t\t<\/div>\n\n\t\n<\/div>\n\t\t<\/div>\n\n\t\t\n<style>\n#section_1636916760 {\n  padding-top: 0px;\n  padding-bottom: 0px;\n  background-color: rgb(200, 219, 235);\n}\n<\/style>\n\t<\/section>\n\t\n\n\t<section class=\"section has-mask mask-arrow\" id=\"section_1117691694\">\n\t\t<div class=\"section-bg fill\" >\n\t\t\t\t\t\t\t\t\t\n\t\t\t\n\n\t\t<\/div>\n\n\t\t\n\n\t\t<div class=\"section-content relative\">\n\t\t\t\n<div class=\"row row-small\"  id=\"row-1466539587\">\n\n\t<div id=\"col-974488570\" class=\"col medium-12 small-12 large-12\"  >\n\t\t\t\t<div class=\"col-inner\"  >\n\t\t\t\n\t\t\t\n<div class=\"row align-center\"  id=\"row-1106003870\">\n\n\t<div id=\"col-1190506499\" class=\"col medium-6 small-12 large-4 col-hover-focus\"  >\n\t\t\t\t<div class=\"col-inner text-left box-shadow-3-hover\" style=\"background-color:rgb(223, 237, 248);\" >\n\t\t\t\n\t\t\t\n\t<div class=\"box has-hover   has-hover box-text-bottom\" >\n\n\t\t<div class=\"box-image\" style=\"border-radius:2%;\">\n\t\t\t<a href=\"https:\/\/www.deantonioyachts.com\/d28-open\" target=\"_blank\" rel=\"noopener\" >\t\t\t<div class=\"image-cover\" style=\"padding-top:250px;\">\n\t\t\t\t\t\t\t\t\t\t\t\t\t\t\t<\/div>\n\t\t\t<\/a>\t\t<\/div>\n\n\t\t<div class=\"box-text text-left\" style=\"padding:30px 20px 20px 20px;\">\n\t\t\t<div class=\"box-text-inner\">\n\t\t\t\t\n\t<div id=\"text-1983353996\" class=\"text\">\n\t\t\n<h2><strong><a href=\"https:\/\/nauticaesposito.com\/imbarcazioni\/positano-27\/\" target=\"_blank\" rel=\"noopener noreferrer\">Positano 27 Open<\/a><\/strong><\/h2>\n\t\t\n<style>\n#text-1983353996 {\n  font-size: 1rem;\n  text-align: left;\n}\n<\/style>\n\t<\/div>\n\t\n<a href=\"https:\/\/nauticaesposito.com\/imbarcazioni\/positano-27\/\" target=\"_blank\" class=\"button primary is-underline is-large lowercase reveal-icon\" rel=\"noopener\"  >\n\t\t<span>Plus d\u2019information<\/span>\n\t<i class=\"icon-angle-right\" aria-hidden=\"true\" ><\/i><\/a>\n\n\t\t\t<\/div>\n\t\t<\/div>\n\t<\/div>\n\t\n\t\t<\/div>\n\t\t\t\t\n<style>\n#col-1190506499 > .col-inner {\n  border-radius: 5px;\n}\n<\/style>\n\t<\/div>\n\n\t\n\n\t<div id=\"col-375557734\" class=\"col medium-6 small-12 large-4 col-hover-focus\"  >\n\t\t\t\t<div class=\"col-inner text-left box-shadow-3-hover\" style=\"background-color:rgb(223, 237, 248);\" >\n\t\t\t\n\t\t\t\n\t<div class=\"box has-hover   has-hover box-text-bottom\" >\n\n\t\t<div class=\"box-image\" style=\"border-radius:2%;\">\n\t\t\t<a href=\"https:\/\/nauticaesposito.com\/imbarcazioni\/positano-cabin-28\/\" target=\"_blank\" rel=\"noopener\" >\t\t\t<div class=\"image-cover\" style=\"padding-top:250px;\">\n\t\t\t\t\t\t\t\t\t\t\t\t\t\t\t<\/div>\n\t\t\t<\/a>\t\t<\/div>\n\n\t\t<div class=\"box-text text-left\" style=\"padding:30px 20px 20px 20px;\">\n\t\t\t<div class=\"box-text-inner\">\n\t\t\t\t\n\t<div id=\"text-1430180773\" class=\"text\">\n\t\t\n<h2><strong><a href=\"https:\/\/nauticaesposito.com\/imbarcazioni\/positano-cabin-28\/\" target=\"_blank\" rel=\"noopener noreferrer\">Positano 28 Cabin<\/a><\/strong><\/h2>\n\t\t\n<style>\n#text-1430180773 {\n  font-size: 1rem;\n  text-align: left;\n}\n<\/style>\n\t<\/div>\n\t\n<a href=\"https:\/\/nauticaesposito.com\/imbarcazioni\/positano-cabin-28\/\" target=\"_blank\" class=\"button primary is-underline is-large lowercase reveal-icon\" rel=\"noopener\"  >\n\t\t<span>Plus d\u2019information<\/span>\n\t<i class=\"icon-angle-right\" aria-hidden=\"true\" ><\/i><\/a>\n\n\t\t\t<\/div>\n\t\t<\/div>\n\t<\/div>\n\t\n\t\t<\/div>\n\t\t\t\t\n<style>\n#col-375557734 > .col-inner {\n  border-radius: 5px;\n}\n<\/style>\n\t<\/div>\n\n\t\n\n\t<div id=\"col-768275342\" class=\"col medium-6 small-12 large-4 col-hover-focus\"  >\n\t\t\t\t<div class=\"col-inner text-left box-shadow-3-hover\" style=\"background-color:rgb(223, 237, 248);\" >\n\t\t\t\n\t\t\t\n\t<div class=\"box has-hover   has-hover box-text-bottom\" >\n\n\t\t<div class=\"box-image\" style=\"border-radius:2%;\">\n\t\t\t<a href=\"https:\/\/nauticaesposito.com\/imbarcazioni\/positano-open-28\/\" target=\"_blank\" rel=\"noopener\" >\t\t\t<div class=\"image-cover\" style=\"padding-top:250px;\">\n\t\t\t\t\t\t\t\t\t\t\t\t\t\t\t<\/div>\n\t\t\t<\/a>\t\t<\/div>\n\n\t\t<div class=\"box-text text-left\" style=\"padding:30px 20px 20px 20px;\">\n\t\t\t<div class=\"box-text-inner\">\n\t\t\t\t\n\t<div id=\"text-1192267459\" class=\"text\">\n\t\t\n<h2><strong><a href=\"https:\/\/nauticaesposito.com\/imbarcazioni\/positano-open-28\/\" target=\"_blank\" rel=\"noopener noreferrer\">Positano 28 Open<\/a><\/strong><\/h2>\n\t\t\n<style>\n#text-1192267459 {\n  font-size: 1rem;\n  text-align: left;\n}\n<\/style>\n\t<\/div>\n\t\n<a href=\"https:\/\/nauticaesposito.com\/imbarcazioni\/positano-open-28\/\" target=\"_blank\" class=\"button primary is-underline is-large lowercase reveal-icon\" rel=\"noopener\"  >\n\t\t<span>Plus d\u2019information<\/span>\n\t<i class=\"icon-angle-right\" aria-hidden=\"true\" ><\/i><\/a>\n\n\t\t\t<\/div>\n\t\t<\/div>\n\t<\/div>\n\t\n\t\t<\/div>\n\t\t\t\t\n<style>\n#col-768275342 > .col-inner {\n  border-radius: 5px;\n}\n<\/style>\n\t<\/div>\n\n\t\n\n<style>\n#row-1106003870 > .col > .col-inner {\n  padding: 15px 15px 0px 15px;\n}\n@media (min-width:550px) {\n  #row-1106003870 > .col > .col-inner {\n    padding: 0px 0px 30px 0px;\n  }\n}\n<\/style>\n<\/div>\n\t\t<\/div>\n\t\t\t\t\t<\/div>\n\n\t\n\n<style>\n#row-1466539587 > .col > .col-inner {\n  padding: 40px 20px 0px 20px;\n}\n@media (min-width:550px) {\n  #row-1466539587 > .col > .col-inner {\n    padding: 40px 0px 0px 0px;\n  }\n}\n<\/style>\n<\/div>\n\t\t<\/div>\n\n\t\t\n<style>\n#section_1117691694 {\n  padding-top: 120px;\n  padding-bottom: 120px;\n}\n<\/style>\n\t<\/section>\n\t\n\n\t<section class=\"section\" id=\"section_36671040\">\n\t\t<div class=\"section-bg fill\" >\n\t\t\t\t\t\t\t\t\t\n\t\t\t\n\n\t\t<\/div>\n\n\t\t\n\n\t\t<div class=\"section-content relative\">\n\t\t\t\n<div class=\"row row-collapse row-full-width align-middle\"  id=\"row-1535736935\">\n\n\t<div id=\"col-1692648006\" class=\"col medium-6 small-12 large-6\"  >\n\t\t\t\t<div class=\"col-inner\"  >\n\t\t\t\n\t\t\t\n<div class=\"row row-collapse align-center\"  id=\"row-894793002\">\n\n\t<div id=\"col-1930245019\" class=\"col medium-11 small-10 large-11\"  >\n\t\t\t\t<div class=\"col-inner text-left\"  >\n\t\t\t\n\t\t\t\n\t<div id=\"text-3086586561\" class=\"text\">\n\t\t\n<h2><strong>\u00bfVous souhaitez louer un bateau \u00e0 Minorque?<\/strong><\/h2>\n<p>Nous avons la plus large gamme de bateaux Beneteau et Capelli de l&#8217;\u00eele (avec ou sans capitaine) sur notre base situ\u00e9e \u00e0 Marina Menorca ( Sa Colarsega) , sur le port de Mah\u00f3n.<br \/>\n\t\t\n<style>\n#text-3086586561 {\n  font-size: 1.2rem;\n  text-align: left;\n}\n<\/style>\n\t<\/div>\n\t\n<a href=\"https:\/\/www.nauticfunmenorca.com\/es\/alquiler-de-barcos\/\" target=\"_blank\" class=\"button primary is-outline\" rel=\"noopener\"  >\n\t\t<span>Voir maintenant<\/span>\n\t<i class=\"icon-angle-right\" aria-hidden=\"true\" ><\/i><\/a>\n\n\t\t<\/div>\n\t\t\t\t\n<style>\n#col-1930245019 > .col-inner {\n  padding: 50px 0px 50px 0px;\n}\n<\/style>\n\t<\/div>\n\n\t\n\n<style>\n#row-894793002 > .col > .col-inner {\n  padding: 40px 0px 20px 0px;\n}\n@media (min-width:550px) {\n  #row-894793002 > .col > .col-inner {\n    padding: 0px 0px 0px 0px;\n  }\n}\n<\/style>\n<\/div>\n\t\t<\/div>\n\t\t\t\t\t<\/div>\n\n\t\n\n\t<div id=\"col-383118155\" class=\"col medium-6 small-12 large-6\"  >\n\t\t\t\t<div class=\"col-inner\" style=\"background-color:rgb(0,0,0);\" >\n\t\t\t\n\t\t\t\n\n  <div class=\"banner has-hover\" id=\"banner-1154561945\">\n          <div class=\"banner-inner fill\">\n        <div class=\"banner-bg fill\" >\n            <img loading=\"lazy\" decoding=\"async\" width=\"1020\" height=\"680\" src=\"https:\/\/nauticcenter.net\/wp-content\/uploads\/2020\/12\/nautic_center-012.jpg__6000x4000_q85_subsampling-2-1024x683.jpg\" class=\"bg attachment-large size-large\" alt=\"\" \/>                                    \n                    <\/div>\n\t\t\n        <div class=\"banner-layers container\">\n            <div class=\"fill banner-link\"><\/div>            \n        <\/div>\n      <\/div>\n\n            \n<style>\n#banner-1154561945 {\n  padding-top: 300px;\n}\n@media (min-width:550px) {\n  #banner-1154561945 {\n    padding-top: 500px;\n  }\n}\n<\/style>\n  <\/div>\n\n\n\t\t<\/div>\n\t\t\t\t\t<\/div>\n\n\t\n<\/div>\n\t\t<\/div>\n\n\t\t\n<style>\n#section_36671040 {\n  padding-top: 0px;\n  padding-bottom: 0px;\n  background-color: rgb(200, 219, 235);\n}\n<\/style>\n\t<\/section>\n\t\n","protected":false},"excerpt":{"rendered":"","protected":false},"author":1,"featured_media":0,"parent":0,"menu_order":0,"comment_status":"closed","ping_status":"closed","template":"page-blank.php","meta":{"_acf_changed":false,"footnotes":""},"class_list":["post-14098","page","type-page","status-publish","hentry"],"acf":[],"yoast_head":"<!-- This site is optimized with the Yoast SEO Premium plugin v20.8 (Yoast SEO v27.3) - https:\/\/yoast.com\/product\/yoast-seo-premium-wordpress\/ -->\n<title>Bateaux Gozzo Positano \u00e0 Minorque | Nautic Center Menorca<\/title>\n<meta name=\"description\" content=\"Acheter bateau neuf et d&#039;occasion Gozzo Positano \u00e0 Minorque. Consultez notre stock sur notre site Web wwww.nauticcenter.net ou \u00e0 C \/ s&#039;Esper\u00f3, 16, \u00e0 Mah\u00f3n.\" \/>\n<meta name=\"robots\" content=\"index, follow, max-snippet:-1, max-image-preview:large, max-video-preview:-1\" \/>\n<link rel=\"canonical\" href=\"https:\/\/nauticcenter.net\/fr\/bateaux-gozzo-positano-a-minorque\/\" \/>\n<meta property=\"og:locale\" content=\"fr_FR\" \/>\n<meta property=\"og:type\" content=\"article\" \/>\n<meta property=\"og:title\" content=\"Bateaux Gozzo Positano \u00e0 Minorque\" \/>\n<meta property=\"og:description\" content=\"Acheter bateau neuf et d&#039;occasion Gozzo Positano \u00e0 Minorque. Consultez notre stock sur notre site Web wwww.nauticcenter.net ou \u00e0 C \/ s&#039;Esper\u00f3, 16, \u00e0 Mah\u00f3n.\" \/>\n<meta property=\"og:url\" content=\"https:\/\/nauticcenter.net\/fr\/bateaux-gozzo-positano-a-minorque\/\" \/>\n<meta property=\"og:site_name\" content=\"Nautic Center Menorca\" \/>\n<meta property=\"article:publisher\" content=\"https:\/\/www.facebook.com\/nauticcentermenorca\" \/>\n<meta property=\"article:modified_time\" content=\"2021-08-02T15:54:00+00:00\" \/>\n<meta name=\"twitter:card\" content=\"summary_large_image\" \/>\n<meta name=\"twitter:label1\" content=\"Dur\u00e9e de lecture estim\u00e9e\" \/>\n\t<meta name=\"twitter:data1\" content=\"3 minutes\" \/>\n<script type=\"application\/ld+json\" class=\"yoast-schema-graph\">{\"@context\":\"https:\\\/\\\/schema.org\",\"@graph\":[{\"@type\":\"WebPage\",\"@id\":\"https:\\\/\\\/nauticcenter.net\\\/fr\\\/bateaux-gozzo-positano-a-minorque\\\/\",\"url\":\"https:\\\/\\\/nauticcenter.net\\\/fr\\\/bateaux-gozzo-positano-a-minorque\\\/\",\"name\":\"Bateaux Gozzo Positano \u00e0 Minorque | Nautic Center Menorca\",\"isPartOf\":{\"@id\":\"https:\\\/\\\/nauticcenter.net\\\/fr\\\/#website\"},\"datePublished\":\"2021-01-25T21:44:52+00:00\",\"dateModified\":\"2021-08-02T15:54:00+00:00\",\"description\":\"Acheter bateau neuf et d'occasion Gozzo Positano \u00e0 Minorque. Consultez notre stock sur notre site Web wwww.nauticcenter.net ou \u00e0 C \\\/ s'Esper\u00f3, 16, \u00e0 Mah\u00f3n.\",\"inLanguage\":\"fr-FR\",\"potentialAction\":[{\"@type\":\"ReadAction\",\"target\":[\"https:\\\/\\\/nauticcenter.net\\\/fr\\\/bateaux-gozzo-positano-a-minorque\\\/\"]}]},{\"@type\":\"WebSite\",\"@id\":\"https:\\\/\\\/nauticcenter.net\\\/fr\\\/#website\",\"url\":\"https:\\\/\\\/nauticcenter.net\\\/fr\\\/\",\"name\":\"Nautic Center Menorca\",\"description\":\"\",\"publisher\":{\"@id\":\"https:\\\/\\\/nauticcenter.net\\\/fr\\\/#organization\"},\"potentialAction\":[{\"@type\":\"SearchAction\",\"target\":{\"@type\":\"EntryPoint\",\"urlTemplate\":\"https:\\\/\\\/nauticcenter.net\\\/fr\\\/?s={search_term_string}\"},\"query-input\":{\"@type\":\"PropertyValueSpecification\",\"valueRequired\":true,\"valueName\":\"search_term_string\"}}],\"inLanguage\":\"fr-FR\"},{\"@type\":\"Organization\",\"@id\":\"https:\\\/\\\/nauticcenter.net\\\/fr\\\/#organization\",\"name\":\"Nautic Center Menorca\",\"url\":\"https:\\\/\\\/nauticcenter.net\\\/fr\\\/\",\"logo\":{\"@type\":\"ImageObject\",\"inLanguage\":\"fr-FR\",\"@id\":\"https:\\\/\\\/nauticcenter.net\\\/fr\\\/#\\\/schema\\\/logo\\\/image\\\/\",\"url\":\"http:\\\/\\\/nauticcenter.net\\\/wp-content\\\/uploads\\\/2023\\\/03\\\/NCm-Logo-centrado.jpg\",\"contentUrl\":\"http:\\\/\\\/nauticcenter.net\\\/wp-content\\\/uploads\\\/2023\\\/03\\\/NCm-Logo-centrado.jpg\",\"width\":1772,\"height\":1418,\"caption\":\"Nautic Center Menorca\"},\"image\":{\"@id\":\"https:\\\/\\\/nauticcenter.net\\\/fr\\\/#\\\/schema\\\/logo\\\/image\\\/\"},\"sameAs\":[\"https:\\\/\\\/www.facebook.com\\\/nauticcentermenorca\",\"https:\\\/\\\/www.instagram.com\\\/nauticcenter_menorca\"]}]}<\/script>\n<!-- \/ Yoast SEO Premium plugin. -->","yoast_head_json":{"title":"Bateaux Gozzo Positano \u00e0 Minorque | Nautic Center Menorca","description":"Acheter bateau neuf et d'occasion Gozzo Positano \u00e0 Minorque. Consultez notre stock sur notre site Web wwww.nauticcenter.net ou \u00e0 C \/ s'Esper\u00f3, 16, \u00e0 Mah\u00f3n.","robots":{"index":"index","follow":"follow","max-snippet":"max-snippet:-1","max-image-preview":"max-image-preview:large","max-video-preview":"max-video-preview:-1"},"canonical":"https:\/\/nauticcenter.net\/fr\/bateaux-gozzo-positano-a-minorque\/","og_locale":"fr_FR","og_type":"article","og_title":"Bateaux Gozzo Positano \u00e0 Minorque","og_description":"Acheter bateau neuf et d'occasion Gozzo Positano \u00e0 Minorque. Consultez notre stock sur notre site Web wwww.nauticcenter.net ou \u00e0 C \/ s'Esper\u00f3, 16, \u00e0 Mah\u00f3n.","og_url":"https:\/\/nauticcenter.net\/fr\/bateaux-gozzo-positano-a-minorque\/","og_site_name":"Nautic Center Menorca","article_publisher":"https:\/\/www.facebook.com\/nauticcentermenorca","article_modified_time":"2021-08-02T15:54:00+00:00","twitter_card":"summary_large_image","twitter_misc":{"Dur\u00e9e de lecture estim\u00e9e":"3 minutes"},"schema":{"@context":"https:\/\/schema.org","@graph":[{"@type":"WebPage","@id":"https:\/\/nauticcenter.net\/fr\/bateaux-gozzo-positano-a-minorque\/","url":"https:\/\/nauticcenter.net\/fr\/bateaux-gozzo-positano-a-minorque\/","name":"Bateaux Gozzo Positano \u00e0 Minorque | Nautic Center Menorca","isPartOf":{"@id":"https:\/\/nauticcenter.net\/fr\/#website"},"datePublished":"2021-01-25T21:44:52+00:00","dateModified":"2021-08-02T15:54:00+00:00","description":"Acheter bateau neuf et d'occasion Gozzo Positano \u00e0 Minorque. Consultez notre stock sur notre site Web wwww.nauticcenter.net ou \u00e0 C \/ s'Esper\u00f3, 16, \u00e0 Mah\u00f3n.","inLanguage":"fr-FR","potentialAction":[{"@type":"ReadAction","target":["https:\/\/nauticcenter.net\/fr\/bateaux-gozzo-positano-a-minorque\/"]}]},{"@type":"WebSite","@id":"https:\/\/nauticcenter.net\/fr\/#website","url":"https:\/\/nauticcenter.net\/fr\/","name":"Nautic Center Menorca","description":"","publisher":{"@id":"https:\/\/nauticcenter.net\/fr\/#organization"},"potentialAction":[{"@type":"SearchAction","target":{"@type":"EntryPoint","urlTemplate":"https:\/\/nauticcenter.net\/fr\/?s={search_term_string}"},"query-input":{"@type":"PropertyValueSpecification","valueRequired":true,"valueName":"search_term_string"}}],"inLanguage":"fr-FR"},{"@type":"Organization","@id":"https:\/\/nauticcenter.net\/fr\/#organization","name":"Nautic Center Menorca","url":"https:\/\/nauticcenter.net\/fr\/","logo":{"@type":"ImageObject","inLanguage":"fr-FR","@id":"https:\/\/nauticcenter.net\/fr\/#\/schema\/logo\/image\/","url":"http:\/\/nauticcenter.net\/wp-content\/uploads\/2023\/03\/NCm-Logo-centrado.jpg","contentUrl":"http:\/\/nauticcenter.net\/wp-content\/uploads\/2023\/03\/NCm-Logo-centrado.jpg","width":1772,"height":1418,"caption":"Nautic Center Menorca"},"image":{"@id":"https:\/\/nauticcenter.net\/fr\/#\/schema\/logo\/image\/"},"sameAs":["https:\/\/www.facebook.com\/nauticcentermenorca","https:\/\/www.instagram.com\/nauticcenter_menorca"]}]}},"_links":{"self":[{"href":"https:\/\/nauticcenter.net\/fr\/wp-json\/wp\/v2\/pages\/14098","targetHints":{"allow":["GET"]}}],"collection":[{"href":"https:\/\/nauticcenter.net\/fr\/wp-json\/wp\/v2\/pages"}],"about":[{"href":"https:\/\/nauticcenter.net\/fr\/wp-json\/wp\/v2\/types\/page"}],"author":[{"embeddable":true,"href":"https:\/\/nauticcenter.net\/fr\/wp-json\/wp\/v2\/users\/1"}],"replies":[{"embeddable":true,"href":"https:\/\/nauticcenter.net\/fr\/wp-json\/wp\/v2\/comments?post=14098"}],"version-history":[{"count":0,"href":"https:\/\/nauticcenter.net\/fr\/wp-json\/wp\/v2\/pages\/14098\/revisions"}],"wp:attachment":[{"href":"https:\/\/nauticcenter.net\/fr\/wp-json\/wp\/v2\/media?parent=14098"}],"curies":[{"name":"wp","href":"https:\/\/api.w.org\/{rel}","templated":true}]}}