{"id":14081,"date":"2021-01-26T12:19:33","date_gmt":"2021-01-26T12:19:33","guid":{"rendered":"https:\/aviso-legal\/"},"modified":"2021-07-30T16:57:41","modified_gmt":"2021-07-30T16:57:41","slug":"avis-juridique","status":"publish","type":"page","link":"https:\/\/nauticcenter.net\/fr\/avis-juridique\/","title":{"rendered":"Avis juridique"},"content":{"rendered":"<h1>Avis juridique<\/h1>\n<p>Chez <strong>Nautic Center Menorca SL<\/strong> <strong>(propri\u00e9taire de www.nauticcenter.net)<\/strong> nous respectons depuis le d\u00e9part nos relations avec nos clients leur droit \u00e0 l\u2019intimit\u00e9 et \u00e0 la confidentialit\u00e9 de leurs donn\u00e9es personnelles en d\u2019entreprise, et nous comprenons l\u2019importance que vous accordez \u00e0 la confidentialit\u00e9 et la s\u00e9curit\u00e9 des donn\u00e9es qui vous identifient en tant qu\u2019utilisateur potentiel ou actif de nos services.<\/p>\n<p>Pour cette raison, nous vous informons que:<\/p>\n<ol>\n<li>Nous obtenons des informations sur vos activit\u00e9s et besoins seulement si elles proviennent directement de vous-m\u00eame, via email, formulaires, et des conversations t\u00e9l\u00e9phoniques ou en personne.<\/li>\n<li>Nous nous engageons \u00e0 ne pas communiquer vos donn\u00e9es personnelles ou celles de votre entreprise \u00e0 des tiers \u00e9tranger \u00e0 <strong>Nautic Center Menorca SL<\/strong> <strong>(propri\u00e9taire de www.nauticcenter.net)<\/strong>.<\/li>\n<li>Nous disposons de proc\u00e9dures de s\u00e9curit\u00e9 relatives \u00e0 l\u2019emmagasinement et la r\u00e9v\u00e9lation de de donn\u00e9es afin d\u2019y \u00e9viter tout acc\u00e8s non d\u00e9sirer, en accord avec ce qui est stipul\u00e9 dans l\u2019article 9 de la Loi Organique 15\/1999, du 13 d\u00e9cembre, sur la protection de donn\u00e9es de caract\u00e8re personnel en vigueur en Espagne.<\/li>\n<li>Cookies\u00a0: En ce qui nous concerne, nous pouvons implanter une \u00ab\u00a0cookie\u00a0\u00bb dans votre ordinateur. Une \u00ab\u00a0cookie\u00a0\u00bb ne nous permet pas de vous identifier. En g\u00e9n\u00e9ral, un enregistrement des informations relatives \u00e0 la navigation de votre ordinateur est op\u00e9r\u00e9 notre site. (Les sites que vous avez consult\u00e9s, la date, et l\u2019heure de la visite, etc\u2026) et que nous pouvons lire au cours de vos visites ult\u00e9rieures. Nous vous informons que tout moteur de recherche que vous utilisiez permet de d\u00e9sactiver la r\u00e9ception de \u00ab\u00a0cookies\u00a0\u00bb.<\/li>\n<\/ol>\n<p><strong>RESPECT DES NORMES EN VIGUEUR<\/strong><\/p>\n<p><strong>Nautic Center Menorca SL (propri\u00e9taire de www.nauticcenter.net ), ayant pour domicile la Rue S\u2019esper\u00f3, 16 pol\u00edgono industrial de Mah\u00f3n (07714), \u00e0 Minorque<\/strong> et titulaire du site web denom\u00e9 <strong>Nautic Center (propri\u00e9taire de www.nauticenter.net ),<\/strong>est titulaire de la base de donn\u00e9es g\u00e9n\u00e9r\u00e9e par les donn\u00e9es de caract\u00e8re personnel ou d\u2019entreprise apport\u00e9es par les utilisateurs.<\/p>\n<p>Le client accepte que les donn\u00e9es personnelles ou d\u2019entreprise apport\u00e9es au moment de l\u2019\u00e9tablissement de relations commerciales avec<strong> Nautic Center Menorca SL<\/strong> <strong>(propri\u00e9taire de www.nauticcenter.net)<\/strong> soient incorpor\u00e9es \u00e0 un fichier automatis\u00e9 dont la titularit\u00e9 revient \u00e0<strong> Nautic Center Menorca SL <\/strong><strong>(propri\u00e9taire de www.nauticcenter.net)<\/strong>. Dans le but de vous tenir inform\u00e9 des nouveaut\u00e9s, produits, services, offres sp\u00e9ciales en relation avec<strong> Nautic Center Menorca SL<\/strong> <strong>(propri\u00e9taire de www.nauticcenter.net).<\/strong> Ledit fichier se trouve inscrit \u00e0 l\u2019agence Espagnole de protection des donn\u00e9es avec le code d\u2019inscription n\u00ba 2081280197.<\/p>\n<p>Le client r\u00e9pondra, en tous les cas, de la v\u00e9racit\u00e9 des donn\u00e9es facilit\u00e9es, et <strong>Nautic Center Menorca SL<\/strong> <strong>(propri\u00e9taire de www.nauticcenter.net)<\/strong> se r\u00e9serve le droit d\u2019exclure des services engag\u00e9s \u00e0 tout utilisateur et\/ou client qui ait apport\u00e9 de fausses donn\u00e9es, sans pr\u00e9judices des autres actions inclues dans le Droit en question.<\/p>\n<p>Enfin le client est inform\u00e9 du fait qu\u2019il est assist\u00e9 par les droits d\u2019acc\u00e8s, de modification, opposition et annulation, qu\u2019il pourra exercer au moyen d\u2019une demande par \u00e9crit dirig\u00e9e \u00e0<strong>Nautic Center Menorca SL\u00a0(propri\u00e9taire de www.nauticcenter.net), avec pour domicile C\/s\u2019Esper\u00f3 n\u00ba 16 del pol\u00edgono industrial de Mah\u00f3n (07714), \u00e0 Minorque.<\/strong>. Si le client appuie sur le bouton \u00ab\u00a0accepter\u00a0\u00bb qui se trouve sur les formulaires d\u2019apport des donn\u00e9es, on interpr\u00e8tera donc qu\u2019il accepte les conditions \u00e9tablies et donnera les consentements requis.<\/p>\n<p><strong>EN R\u00c9F\u00c9RENCE AUX CATALOGUES, AU SITE WEB, D\u00c9PLIANTS, FICHES D\u2019INFORMATION RELATIVES AUX MOD\u00c8LES PR\u00c9SENT\u00c9S SUR CE SITE<\/strong><\/p>\n<p>Nous avons fait de notre mieux pour apporter les informations les plus exactes possibles, mais les chiffres de rendement et de gamme sont des estimations qui ont pour but de guider le client.<\/p>\n<p>Les s\u00e9diments et la croissance d\u2019algues sur la coque, la r\u00e9sonnance des moteurs, leur taille, la marque des moteurs accoupl\u00e9s, les endommagements de l\u2019h\u00e9lice, la temp\u00e9rature de l\u2019air et de l\u2019eau, le poids du combustible et de l\u2019eau, le stockage et le nombre d\u2019utilisateurs \u00e0 bord peuvent affecter le rendement ainsi que les prestations du bateau.<\/p>\n<p>Pour ces raisons et d\u2019autres encore, nous ne pouvons vous offrir des garanties de rendement et de prestations, et elles ne constituent pas une offre de contrat.<\/p>\n<p>Les photographies, plans, illustrations, descriptions, etc reproduits, ainsi que les d\u00e9pliants charg\u00e9s sur notre site n\u2019ont pas de caract\u00e8re contractuel, et sont apport\u00e9s seulement \u00e0 titre indicatif. Les mod\u00e8les peuvent \u00eatre soumis \u00e0 certaines modifications (techniques et\/ou commerciales) ou des am\u00e9liorations de s\u00e9rie sans avis pr\u00e9alable et sans annonce publique.<\/p>\n","protected":false},"excerpt":{"rendered":"<p>Avis juridique Chez Nautic Center Menorca SL (propri\u00e9taire de www.nauticcenter.net) nous respectons depuis le d\u00e9part nos relations avec nos clients leur droit \u00e0 l\u2019intimit\u00e9 et \u00e0 la confidentialit\u00e9 de leurs donn\u00e9es personnelles en d\u2019entreprise, et nous comprenons l\u2019importance que vous accordez \u00e0 la confidentialit\u00e9 et la s\u00e9curit\u00e9 des donn\u00e9es qui vous identifient en tant qu\u2019utilisateurLeer m\u00e1s&#8230;<\/p>\n","protected":false},"author":1,"featured_media":0,"parent":0,"menu_order":0,"comment_status":"closed","ping_status":"closed","template":"","meta":{"_acf_changed":false,"footnotes":""},"class_list":["post-14081","page","type-page","status-publish","hentry"],"acf":[],"yoast_head":"<!-- This site is optimized with the Yoast SEO Premium plugin v20.8 (Yoast SEO v27.3) - https:\/\/yoast.com\/product\/yoast-seo-premium-wordpress\/ -->\n<title>Avis juridique | Nautic Center Menorca<\/title>\n<meta name=\"robots\" content=\"noindex, follow\" \/>\n<meta property=\"og:locale\" content=\"fr_FR\" \/>\n<meta property=\"og:type\" content=\"article\" \/>\n<meta property=\"og:title\" content=\"Avis juridique\" \/>\n<meta property=\"og:description\" content=\"Avis juridique Chez Nautic Center Menorca SL (propri\u00e9taire de www.nauticcenter.net) nous respectons depuis le d\u00e9part nos relations avec nos clients leur droit \u00e0 l\u2019intimit\u00e9 et \u00e0 la confidentialit\u00e9 de leurs donn\u00e9es personnelles en d\u2019entreprise, et nous comprenons l\u2019importance que vous accordez \u00e0 la confidentialit\u00e9 et la s\u00e9curit\u00e9 des donn\u00e9es qui vous identifient en tant qu\u2019utilisateurLeer m\u00e1s...\" \/>\n<meta property=\"og:url\" content=\"https:\/\/nauticcenter.net\/fr\/avis-juridique\/\" \/>\n<meta property=\"og:site_name\" content=\"Nautic Center Menorca\" \/>\n<meta property=\"article:publisher\" content=\"https:\/\/www.facebook.com\/nauticcentermenorca\" \/>\n<meta property=\"article:modified_time\" content=\"2021-07-30T16:57:41+00:00\" \/>\n<meta name=\"twitter:card\" content=\"summary_large_image\" \/>\n<meta name=\"twitter:label1\" content=\"Dur\u00e9e de lecture estim\u00e9e\" \/>\n\t<meta name=\"twitter:data1\" content=\"4 minutes\" \/>\n<script type=\"application\/ld+json\" class=\"yoast-schema-graph\">{\"@context\":\"https:\\\/\\\/schema.org\",\"@graph\":[{\"@type\":\"WebPage\",\"@id\":\"https:\\\/\\\/nauticcenter.net\\\/fr\\\/avis-juridique\\\/\",\"url\":\"https:\\\/\\\/nauticcenter.net\\\/fr\\\/avis-juridique\\\/\",\"name\":\"Avis juridique | Nautic Center Menorca\",\"isPartOf\":{\"@id\":\"https:\\\/\\\/nauticcenter.net\\\/fr\\\/#website\"},\"datePublished\":\"2021-01-26T12:19:33+00:00\",\"dateModified\":\"2021-07-30T16:57:41+00:00\",\"inLanguage\":\"fr-FR\",\"potentialAction\":[{\"@type\":\"ReadAction\",\"target\":[\"https:\\\/\\\/nauticcenter.net\\\/fr\\\/avis-juridique\\\/\"]}]},{\"@type\":\"WebSite\",\"@id\":\"https:\\\/\\\/nauticcenter.net\\\/fr\\\/#website\",\"url\":\"https:\\\/\\\/nauticcenter.net\\\/fr\\\/\",\"name\":\"Nautic Center Menorca\",\"description\":\"\",\"publisher\":{\"@id\":\"https:\\\/\\\/nauticcenter.net\\\/fr\\\/#organization\"},\"potentialAction\":[{\"@type\":\"SearchAction\",\"target\":{\"@type\":\"EntryPoint\",\"urlTemplate\":\"https:\\\/\\\/nauticcenter.net\\\/fr\\\/?s={search_term_string}\"},\"query-input\":{\"@type\":\"PropertyValueSpecification\",\"valueRequired\":true,\"valueName\":\"search_term_string\"}}],\"inLanguage\":\"fr-FR\"},{\"@type\":\"Organization\",\"@id\":\"https:\\\/\\\/nauticcenter.net\\\/fr\\\/#organization\",\"name\":\"Nautic Center Menorca\",\"url\":\"https:\\\/\\\/nauticcenter.net\\\/fr\\\/\",\"logo\":{\"@type\":\"ImageObject\",\"inLanguage\":\"fr-FR\",\"@id\":\"https:\\\/\\\/nauticcenter.net\\\/fr\\\/#\\\/schema\\\/logo\\\/image\\\/\",\"url\":\"http:\\\/\\\/nauticcenter.net\\\/wp-content\\\/uploads\\\/2023\\\/03\\\/NCm-Logo-centrado.jpg\",\"contentUrl\":\"http:\\\/\\\/nauticcenter.net\\\/wp-content\\\/uploads\\\/2023\\\/03\\\/NCm-Logo-centrado.jpg\",\"width\":1772,\"height\":1418,\"caption\":\"Nautic Center Menorca\"},\"image\":{\"@id\":\"https:\\\/\\\/nauticcenter.net\\\/fr\\\/#\\\/schema\\\/logo\\\/image\\\/\"},\"sameAs\":[\"https:\\\/\\\/www.facebook.com\\\/nauticcentermenorca\",\"https:\\\/\\\/www.instagram.com\\\/nauticcenter_menorca\"]}]}<\/script>\n<!-- \/ Yoast SEO Premium plugin. -->","yoast_head_json":{"title":"Avis juridique | Nautic Center Menorca","robots":{"index":"noindex","follow":"follow"},"og_locale":"fr_FR","og_type":"article","og_title":"Avis juridique","og_description":"Avis juridique Chez Nautic Center Menorca SL (propri\u00e9taire de www.nauticcenter.net) nous respectons depuis le d\u00e9part nos relations avec nos clients leur droit \u00e0 l\u2019intimit\u00e9 et \u00e0 la confidentialit\u00e9 de leurs donn\u00e9es personnelles en d\u2019entreprise, et nous comprenons l\u2019importance que vous accordez \u00e0 la confidentialit\u00e9 et la s\u00e9curit\u00e9 des donn\u00e9es qui vous identifient en tant qu\u2019utilisateurLeer m\u00e1s...","og_url":"https:\/\/nauticcenter.net\/fr\/avis-juridique\/","og_site_name":"Nautic Center Menorca","article_publisher":"https:\/\/www.facebook.com\/nauticcentermenorca","article_modified_time":"2021-07-30T16:57:41+00:00","twitter_card":"summary_large_image","twitter_misc":{"Dur\u00e9e de lecture estim\u00e9e":"4 minutes"},"schema":{"@context":"https:\/\/schema.org","@graph":[{"@type":"WebPage","@id":"https:\/\/nauticcenter.net\/fr\/avis-juridique\/","url":"https:\/\/nauticcenter.net\/fr\/avis-juridique\/","name":"Avis juridique | Nautic Center Menorca","isPartOf":{"@id":"https:\/\/nauticcenter.net\/fr\/#website"},"datePublished":"2021-01-26T12:19:33+00:00","dateModified":"2021-07-30T16:57:41+00:00","inLanguage":"fr-FR","potentialAction":[{"@type":"ReadAction","target":["https:\/\/nauticcenter.net\/fr\/avis-juridique\/"]}]},{"@type":"WebSite","@id":"https:\/\/nauticcenter.net\/fr\/#website","url":"https:\/\/nauticcenter.net\/fr\/","name":"Nautic Center Menorca","description":"","publisher":{"@id":"https:\/\/nauticcenter.net\/fr\/#organization"},"potentialAction":[{"@type":"SearchAction","target":{"@type":"EntryPoint","urlTemplate":"https:\/\/nauticcenter.net\/fr\/?s={search_term_string}"},"query-input":{"@type":"PropertyValueSpecification","valueRequired":true,"valueName":"search_term_string"}}],"inLanguage":"fr-FR"},{"@type":"Organization","@id":"https:\/\/nauticcenter.net\/fr\/#organization","name":"Nautic Center Menorca","url":"https:\/\/nauticcenter.net\/fr\/","logo":{"@type":"ImageObject","inLanguage":"fr-FR","@id":"https:\/\/nauticcenter.net\/fr\/#\/schema\/logo\/image\/","url":"http:\/\/nauticcenter.net\/wp-content\/uploads\/2023\/03\/NCm-Logo-centrado.jpg","contentUrl":"http:\/\/nauticcenter.net\/wp-content\/uploads\/2023\/03\/NCm-Logo-centrado.jpg","width":1772,"height":1418,"caption":"Nautic Center Menorca"},"image":{"@id":"https:\/\/nauticcenter.net\/fr\/#\/schema\/logo\/image\/"},"sameAs":["https:\/\/www.facebook.com\/nauticcentermenorca","https:\/\/www.instagram.com\/nauticcenter_menorca"]}]}},"_links":{"self":[{"href":"https:\/\/nauticcenter.net\/fr\/wp-json\/wp\/v2\/pages\/14081","targetHints":{"allow":["GET"]}}],"collection":[{"href":"https:\/\/nauticcenter.net\/fr\/wp-json\/wp\/v2\/pages"}],"about":[{"href":"https:\/\/nauticcenter.net\/fr\/wp-json\/wp\/v2\/types\/page"}],"author":[{"embeddable":true,"href":"https:\/\/nauticcenter.net\/fr\/wp-json\/wp\/v2\/users\/1"}],"replies":[{"embeddable":true,"href":"https:\/\/nauticcenter.net\/fr\/wp-json\/wp\/v2\/comments?post=14081"}],"version-history":[{"count":0,"href":"https:\/\/nauticcenter.net\/fr\/wp-json\/wp\/v2\/pages\/14081\/revisions"}],"wp:attachment":[{"href":"https:\/\/nauticcenter.net\/fr\/wp-json\/wp\/v2\/media?parent=14081"}],"curies":[{"name":"wp","href":"https:\/\/api.w.org\/{rel}","templated":true}]}}