{"id":65801,"date":"2026-04-10T07:53:03","date_gmt":"2026-04-10T05:53:03","guid":{"rendered":"https:\/\/nauticcenter.net\/?post_type=product&#038;p=65801"},"modified":"2026-04-10T08:26:55","modified_gmt":"2026-04-10T06:26:55","slug":"leopard-catamarans-46-powercat","status":"publish","type":"product","link":"https:\/\/nauticcenter.net\/en\/barco\/leopard-catamarans-46-powercat\/","title":{"rendered":"Leopard Catamarans 46 Powercat"},"content":{"rendered":"<p>Ya sea un crucero tranquilo o una excursi\u00f3n llena de adrenalina, el Leopard 46 Powercat ofrece posibilidades como ning\u00fan otro catamar\u00e1n. Construido por expertos como Robertson &amp; Caine y dise\u00f1ado por los arquitectos navales Simonis Voogd, el estilo de yate a motor del Leopard 46 PC se inspira en las majestuosas aguas de la costa de Ciudad del Cabo, Sud\u00e1frica, donde los catamaranes Leopard se someten a extensas pruebas en el mar.<\/p>\n","protected":false},"excerpt":{"rendered":"<p><strong>M\u00e1s informaci\u00f3n en:<\/strong> <a href=\"https:\/\/www.leopardcatamarans.com\/es\/catamaranes\/leopard-46-powercat\">www.leopardcatamarans.com\/es\/catamaranes\/leopard-46-powercat<\/a><\/p>\n","protected":false},"featured_media":65980,"template":"","meta":{"_acf_changed":false},"product_brand":[],"product_cat":[152],"product_tag":[],"class_list":{"0":"post-65801","1":"product","2":"type-product","3":"status-publish","4":"has-post-thumbnail","6":"product_marcas-leopard-catamarans","7":"product_banderas-sin-matricular","8":"product_disponibilidad-consultar-disponibilidad","9":"product_propiedad-nautic-center-menorca","10":"product_cat-catamaran-es","12":"first","13":"instock","14":"shipping-taxable","15":"product-type-simple"},"acf":[],"yoast_head":"<!-- This site is optimized with the Yoast SEO Premium plugin v20.8 (Yoast SEO v27.3) - https:\/\/yoast.com\/product\/yoast-seo-premium-wordpress\/ -->\n<title>46 Powercat | Leopard Catamarans en Menorca | Nautic Center Menorca<\/title>\n<meta name=\"robots\" content=\"index, follow, max-snippet:-1, max-image-preview:large, max-video-preview:-1\" \/>\n<link rel=\"canonical\" href=\"https:\/\/nauticcenter.net\/en\/barco\/leopard-catamarans-46-powercat\/\" \/>\n<meta property=\"og:locale\" content=\"en_US\" \/>\n<meta property=\"og:type\" content=\"article\" \/>\n<meta property=\"og:title\" content=\"Leopard Catamarans 46 Powercat\" \/>\n<meta property=\"og:description\" content=\"M\u00e1s informaci\u00f3n en: www.leopardcatamarans.com\/es\/catamaranes\/leopard-46-powercat\" \/>\n<meta property=\"og:url\" content=\"https:\/\/nauticcenter.net\/en\/barco\/leopard-catamarans-46-powercat\/\" \/>\n<meta property=\"og:site_name\" content=\"Nautic Center Menorca\" \/>\n<meta property=\"article:publisher\" content=\"https:\/\/www.facebook.com\/nauticcentermenorca\" \/>\n<meta property=\"article:modified_time\" content=\"2026-04-10T06:26:55+00:00\" \/>\n<meta name=\"twitter:card\" content=\"summary_large_image\" \/>\n<meta name=\"twitter:label1\" content=\"Est. reading time\" \/>\n\t<meta name=\"twitter:data1\" content=\"1 minute\" \/>\n<script type=\"application\/ld+json\" class=\"yoast-schema-graph\">{\"@context\":\"https:\\\/\\\/schema.org\",\"@graph\":[{\"@type\":\"WebPage\",\"@id\":\"https:\\\/\\\/nauticcenter.net\\\/en\\\/barco\\\/leopard-catamarans-46-powercat\\\/\",\"url\":\"https:\\\/\\\/nauticcenter.net\\\/en\\\/barco\\\/leopard-catamarans-46-powercat\\\/\",\"name\":\"46 Powercat | Leopard Catamarans en Menorca | Nautic Center Menorca\",\"isPartOf\":{\"@id\":\"https:\\\/\\\/nauticcenter.net\\\/en\\\/#website\"},\"primaryImageOfPage\":{\"@id\":\"https:\\\/\\\/nauticcenter.net\\\/en\\\/barco\\\/leopard-catamarans-46-powercat\\\/#primaryimage\"},\"image\":{\"@id\":\"https:\\\/\\\/nauticcenter.net\\\/en\\\/barco\\\/leopard-catamarans-46-powercat\\\/#primaryimage\"},\"thumbnailUrl\":\"https:\\\/\\\/nauticcenter.net\\\/wp-content\\\/uploads\\\/2026\\\/04\\\/Leopard-Catamarans-46-Powercat-5.avif\",\"datePublished\":\"2026-04-10T05:53:03+00:00\",\"dateModified\":\"2026-04-10T06:26:55+00:00\",\"breadcrumb\":{\"@id\":\"https:\\\/\\\/nauticcenter.net\\\/en\\\/barco\\\/leopard-catamarans-46-powercat\\\/#breadcrumb\"},\"inLanguage\":\"en-US\",\"potentialAction\":[{\"@type\":\"ReadAction\",\"target\":[\"https:\\\/\\\/nauticcenter.net\\\/en\\\/barco\\\/leopard-catamarans-46-powercat\\\/\"]}]},{\"@type\":\"ImageObject\",\"inLanguage\":\"en-US\",\"@id\":\"https:\\\/\\\/nauticcenter.net\\\/en\\\/barco\\\/leopard-catamarans-46-powercat\\\/#primaryimage\",\"url\":\"https:\\\/\\\/nauticcenter.net\\\/wp-content\\\/uploads\\\/2026\\\/04\\\/Leopard-Catamarans-46-Powercat-5.avif\",\"contentUrl\":\"https:\\\/\\\/nauticcenter.net\\\/wp-content\\\/uploads\\\/2026\\\/04\\\/Leopard-Catamarans-46-Powercat-5.avif\",\"width\":1500,\"height\":999},{\"@type\":\"BreadcrumbList\",\"@id\":\"https:\\\/\\\/nauticcenter.net\\\/en\\\/barco\\\/leopard-catamarans-46-powercat\\\/#breadcrumb\",\"itemListElement\":[{\"@type\":\"ListItem\",\"position\":1,\"name\":\"Barcos en Menorca\",\"item\":\"https:\\\/\\\/nauticcenter.net\\\/barcos\\\/\"},{\"@type\":\"ListItem\",\"position\":2,\"name\":\"Leopard Catamarans 46 Powercat\"}]},{\"@type\":\"WebSite\",\"@id\":\"https:\\\/\\\/nauticcenter.net\\\/en\\\/#website\",\"url\":\"https:\\\/\\\/nauticcenter.net\\\/en\\\/\",\"name\":\"Nautic Center Menorca\",\"description\":\"\",\"publisher\":{\"@id\":\"https:\\\/\\\/nauticcenter.net\\\/en\\\/#organization\"},\"potentialAction\":[{\"@type\":\"SearchAction\",\"target\":{\"@type\":\"EntryPoint\",\"urlTemplate\":\"https:\\\/\\\/nauticcenter.net\\\/en\\\/?s={search_term_string}\"},\"query-input\":{\"@type\":\"PropertyValueSpecification\",\"valueRequired\":true,\"valueName\":\"search_term_string\"}}],\"inLanguage\":\"en-US\"},{\"@type\":\"Organization\",\"@id\":\"https:\\\/\\\/nauticcenter.net\\\/en\\\/#organization\",\"name\":\"Nautic Center Menorca\",\"url\":\"https:\\\/\\\/nauticcenter.net\\\/en\\\/\",\"logo\":{\"@type\":\"ImageObject\",\"inLanguage\":\"en-US\",\"@id\":\"https:\\\/\\\/nauticcenter.net\\\/en\\\/#\\\/schema\\\/logo\\\/image\\\/\",\"url\":\"http:\\\/\\\/nauticcenter.net\\\/wp-content\\\/uploads\\\/2023\\\/03\\\/NCm-Logo-centrado.jpg\",\"contentUrl\":\"http:\\\/\\\/nauticcenter.net\\\/wp-content\\\/uploads\\\/2023\\\/03\\\/NCm-Logo-centrado.jpg\",\"width\":1772,\"height\":1418,\"caption\":\"Nautic Center Menorca\"},\"image\":{\"@id\":\"https:\\\/\\\/nauticcenter.net\\\/en\\\/#\\\/schema\\\/logo\\\/image\\\/\"},\"sameAs\":[\"https:\\\/\\\/www.facebook.com\\\/nauticcentermenorca\",\"https:\\\/\\\/www.instagram.com\\\/nauticcenter_menorca\"]}]}<\/script>\n<!-- \/ Yoast SEO Premium plugin. -->","yoast_head_json":{"title":"46 Powercat | Leopard Catamarans en Menorca | Nautic Center Menorca","robots":{"index":"index","follow":"follow","max-snippet":"max-snippet:-1","max-image-preview":"max-image-preview:large","max-video-preview":"max-video-preview:-1"},"canonical":"https:\/\/nauticcenter.net\/en\/barco\/leopard-catamarans-46-powercat\/","og_locale":"en_US","og_type":"article","og_title":"Leopard Catamarans 46 Powercat","og_description":"M\u00e1s informaci\u00f3n en: www.leopardcatamarans.com\/es\/catamaranes\/leopard-46-powercat","og_url":"https:\/\/nauticcenter.net\/en\/barco\/leopard-catamarans-46-powercat\/","og_site_name":"Nautic Center Menorca","article_publisher":"https:\/\/www.facebook.com\/nauticcentermenorca","article_modified_time":"2026-04-10T06:26:55+00:00","twitter_card":"summary_large_image","twitter_misc":{"Est. reading time":"1 minute"},"schema":{"@context":"https:\/\/schema.org","@graph":[{"@type":"WebPage","@id":"https:\/\/nauticcenter.net\/en\/barco\/leopard-catamarans-46-powercat\/","url":"https:\/\/nauticcenter.net\/en\/barco\/leopard-catamarans-46-powercat\/","name":"46 Powercat | Leopard Catamarans en Menorca | Nautic Center Menorca","isPartOf":{"@id":"https:\/\/nauticcenter.net\/en\/#website"},"primaryImageOfPage":{"@id":"https:\/\/nauticcenter.net\/en\/barco\/leopard-catamarans-46-powercat\/#primaryimage"},"image":{"@id":"https:\/\/nauticcenter.net\/en\/barco\/leopard-catamarans-46-powercat\/#primaryimage"},"thumbnailUrl":"https:\/\/nauticcenter.net\/wp-content\/uploads\/2026\/04\/Leopard-Catamarans-46-Powercat-5.avif","datePublished":"2026-04-10T05:53:03+00:00","dateModified":"2026-04-10T06:26:55+00:00","breadcrumb":{"@id":"https:\/\/nauticcenter.net\/en\/barco\/leopard-catamarans-46-powercat\/#breadcrumb"},"inLanguage":"en-US","potentialAction":[{"@type":"ReadAction","target":["https:\/\/nauticcenter.net\/en\/barco\/leopard-catamarans-46-powercat\/"]}]},{"@type":"ImageObject","inLanguage":"en-US","@id":"https:\/\/nauticcenter.net\/en\/barco\/leopard-catamarans-46-powercat\/#primaryimage","url":"https:\/\/nauticcenter.net\/wp-content\/uploads\/2026\/04\/Leopard-Catamarans-46-Powercat-5.avif","contentUrl":"https:\/\/nauticcenter.net\/wp-content\/uploads\/2026\/04\/Leopard-Catamarans-46-Powercat-5.avif","width":1500,"height":999},{"@type":"BreadcrumbList","@id":"https:\/\/nauticcenter.net\/en\/barco\/leopard-catamarans-46-powercat\/#breadcrumb","itemListElement":[{"@type":"ListItem","position":1,"name":"Barcos en Menorca","item":"https:\/\/nauticcenter.net\/barcos\/"},{"@type":"ListItem","position":2,"name":"Leopard Catamarans 46 Powercat"}]},{"@type":"WebSite","@id":"https:\/\/nauticcenter.net\/en\/#website","url":"https:\/\/nauticcenter.net\/en\/","name":"Nautic Center Menorca","description":"","publisher":{"@id":"https:\/\/nauticcenter.net\/en\/#organization"},"potentialAction":[{"@type":"SearchAction","target":{"@type":"EntryPoint","urlTemplate":"https:\/\/nauticcenter.net\/en\/?s={search_term_string}"},"query-input":{"@type":"PropertyValueSpecification","valueRequired":true,"valueName":"search_term_string"}}],"inLanguage":"en-US"},{"@type":"Organization","@id":"https:\/\/nauticcenter.net\/en\/#organization","name":"Nautic Center Menorca","url":"https:\/\/nauticcenter.net\/en\/","logo":{"@type":"ImageObject","inLanguage":"en-US","@id":"https:\/\/nauticcenter.net\/en\/#\/schema\/logo\/image\/","url":"http:\/\/nauticcenter.net\/wp-content\/uploads\/2023\/03\/NCm-Logo-centrado.jpg","contentUrl":"http:\/\/nauticcenter.net\/wp-content\/uploads\/2023\/03\/NCm-Logo-centrado.jpg","width":1772,"height":1418,"caption":"Nautic Center Menorca"},"image":{"@id":"https:\/\/nauticcenter.net\/en\/#\/schema\/logo\/image\/"},"sameAs":["https:\/\/www.facebook.com\/nauticcentermenorca","https:\/\/www.instagram.com\/nauticcenter_menorca"]}]}},"_links":{"self":[{"href":"https:\/\/nauticcenter.net\/en\/wp-json\/wp\/v2\/product\/65801","targetHints":{"allow":["GET"]}}],"collection":[{"href":"https:\/\/nauticcenter.net\/en\/wp-json\/wp\/v2\/product"}],"about":[{"href":"https:\/\/nauticcenter.net\/en\/wp-json\/wp\/v2\/types\/product"}],"wp:featuredmedia":[{"embeddable":true,"href":"https:\/\/nauticcenter.net\/en\/wp-json\/wp\/v2\/media\/65980"}],"wp:attachment":[{"href":"https:\/\/nauticcenter.net\/en\/wp-json\/wp\/v2\/media?parent=65801"}],"wp:term":[{"taxonomy":"product_brand","embeddable":true,"href":"https:\/\/nauticcenter.net\/en\/wp-json\/wp\/v2\/product_brand?post=65801"},{"taxonomy":"product_cat","embeddable":true,"href":"https:\/\/nauticcenter.net\/en\/wp-json\/wp\/v2\/product_cat?post=65801"},{"taxonomy":"product_tag","embeddable":true,"href":"https:\/\/nauticcenter.net\/en\/wp-json\/wp\/v2\/product_tag?post=65801"}],"curies":[{"name":"wp","href":"https:\/\/api.w.org\/{rel}","templated":true}]}}