{"id":64059,"date":"2024-12-16T08:36:08","date_gmt":"2024-12-16T07:36:08","guid":{"rendered":"https:\/?post_type=product&#038;p=64059"},"modified":"2026-02-11T11:16:58","modified_gmt":"2026-02-11T10:16:58","slug":"beneteau-flyer-8-sundeck-elegance-038","status":"publish","type":"product","link":"https:\/\/nauticcenter.net\/en\/barco\/beneteau-flyer-8-sundeck-elegance-038\/","title":{"rendered":"Beneteau Flyer 8 Sundeck Elegance"},"content":{"rendered":"<p>Seductor y confortable, la Flyer 8 SUNdeck muestra el temperamento y la elegancia que caracterizan esta nueva generaci\u00f3n de <em>dayboats<\/em> de Beneteau.<\/p>\n<p>F\u00e1cil para vivir y abierto hacia el exterior, este modelo se beneficia de toda la experiencia de Beneteau en materia de interiores. Adem\u00e1s, se inscribe m\u00e1s que nunca como una embarcaci\u00f3n ideal para las salidas para m\u00e1s de un d\u00eda, con su cabina confortable y sus dos sol\u00e1rium. Una verdadera demostraci\u00f3n de fuerza en un fueraborda de 8 metros.<\/p>\n","protected":false},"excerpt":{"rendered":"<p><strong>Incluido en el precio<\/strong><\/p>\n<ul>\n<li>Transporte<\/li>\n<li>Montaje<\/li>\n<li>Inscripci\u00f3n<\/li>\n<li>Entrega en el puerto de Ma\u00f3 (Menorca, Islas Baleares, Espa\u00f1a)<\/li>\n<\/ul>\n","protected":false},"featured_media":65700,"template":"","meta":{"_acf_changed":false},"product_brand":[],"product_cat":[533],"product_tag":[],"class_list":{"0":"post-64059","1":"product","2":"type-product","3":"status-publish","4":"has-post-thumbnail","6":"product_marcas-beneteau","7":"product_banderas-sin-matricular","8":"product_disponibilidad-entrega-inmediata","9":"product_propiedad-nautic-center-menorca","10":"product_cat-motor-fueraborda","12":"first","13":"instock","14":"shipping-taxable","15":"purchasable","16":"product-type-simple"},"acf":[],"yoast_head":"<!-- This site is optimized with the Yoast SEO Premium plugin v20.8 (Yoast SEO v27.3) - https:\/\/yoast.com\/product\/yoast-seo-premium-wordpress\/ -->\n<title>Flyer 8 Sundeck Elegance | Beneteau en Menorca | Nautic Center Menorca<\/title>\n<meta name=\"description\" content=\"Descubre la Beneteau Flyer 8 Sundeck Elegance en Menorca con Nautic Center Menorca. Te ofrecemos un servicio integral, desde la compra de la embarcaci\u00f3n hasta su mantenimiento, para que vivas la experiencia n\u00e1utica sin preocupaciones. Encuentra tu barco ideal y navega con nosotros.\" \/>\n<meta name=\"robots\" content=\"index, follow, max-snippet:-1, max-image-preview:large, max-video-preview:-1\" \/>\n<link rel=\"canonical\" href=\"https:\/\/nauticcenter.net\/en\/barco\/beneteau-flyer-8-sundeck-elegance-038\/\" \/>\n<meta property=\"og:locale\" content=\"en_US\" \/>\n<meta property=\"og:type\" content=\"article\" \/>\n<meta property=\"og:title\" content=\"Beneteau Flyer 8 Sundeck Elegance\" \/>\n<meta property=\"og:description\" content=\"Descubre la Beneteau Flyer 8 Sundeck Elegance en Menorca con Nautic Center Menorca. Te ofrecemos un servicio integral, desde la compra de la embarcaci\u00f3n hasta su mantenimiento, para que vivas la experiencia n\u00e1utica sin preocupaciones. Encuentra tu barco ideal y navega con nosotros.\" \/>\n<meta property=\"og:url\" content=\"https:\/\/nauticcenter.net\/en\/barco\/beneteau-flyer-8-sundeck-elegance-038\/\" \/>\n<meta property=\"og:site_name\" content=\"Nautic Center Menorca\" \/>\n<meta property=\"article:publisher\" content=\"https:\/\/www.facebook.com\/nauticcentermenorca\" \/>\n<meta property=\"article:modified_time\" content=\"2026-02-11T10:16:58+00:00\" \/>\n<meta property=\"og:image\" content=\"https:\/\/nauticcenter.net\/wp-content\/uploads\/2024\/12\/IMG_20260211_101243-scaled.jpg\" \/>\n\t<meta property=\"og:image:width\" content=\"2560\" \/>\n\t<meta property=\"og:image:height\" content=\"1920\" \/>\n\t<meta property=\"og:image:type\" content=\"image\/jpeg\" \/>\n<meta name=\"twitter:card\" content=\"summary_large_image\" \/>\n<meta name=\"twitter:label1\" content=\"Est. reading time\" \/>\n\t<meta name=\"twitter:data1\" content=\"1 minute\" \/>\n<script type=\"application\/ld+json\" class=\"yoast-schema-graph\">{\"@context\":\"https:\\\/\\\/schema.org\",\"@graph\":[{\"@type\":\"WebPage\",\"@id\":\"https:\\\/\\\/nauticcenter.net\\\/en\\\/barco\\\/beneteau-flyer-8-sundeck-elegance-038\\\/\",\"url\":\"https:\\\/\\\/nauticcenter.net\\\/en\\\/barco\\\/beneteau-flyer-8-sundeck-elegance-038\\\/\",\"name\":\"Flyer 8 Sundeck Elegance | Beneteau en Menorca | Nautic Center Menorca\",\"isPartOf\":{\"@id\":\"https:\\\/\\\/nauticcenter.net\\\/en\\\/#website\"},\"primaryImageOfPage\":{\"@id\":\"https:\\\/\\\/nauticcenter.net\\\/en\\\/barco\\\/beneteau-flyer-8-sundeck-elegance-038\\\/#primaryimage\"},\"image\":{\"@id\":\"https:\\\/\\\/nauticcenter.net\\\/en\\\/barco\\\/beneteau-flyer-8-sundeck-elegance-038\\\/#primaryimage\"},\"thumbnailUrl\":\"https:\\\/\\\/nauticcenter.net\\\/wp-content\\\/uploads\\\/2024\\\/12\\\/IMG_20260211_101243-scaled.jpg\",\"datePublished\":\"2024-12-16T07:36:08+00:00\",\"dateModified\":\"2026-02-11T10:16:58+00:00\",\"description\":\"Descubre la Beneteau Flyer 8 Sundeck Elegance en Menorca con Nautic Center Menorca. Te ofrecemos un servicio integral, desde la compra de la embarcaci\u00f3n hasta su mantenimiento, para que vivas la experiencia n\u00e1utica sin preocupaciones. Encuentra tu barco ideal y navega con nosotros.\",\"breadcrumb\":{\"@id\":\"https:\\\/\\\/nauticcenter.net\\\/en\\\/barco\\\/beneteau-flyer-8-sundeck-elegance-038\\\/#breadcrumb\"},\"inLanguage\":\"en-US\",\"potentialAction\":[{\"@type\":\"ReadAction\",\"target\":[\"https:\\\/\\\/nauticcenter.net\\\/en\\\/barco\\\/beneteau-flyer-8-sundeck-elegance-038\\\/\"]}]},{\"@type\":\"ImageObject\",\"inLanguage\":\"en-US\",\"@id\":\"https:\\\/\\\/nauticcenter.net\\\/en\\\/barco\\\/beneteau-flyer-8-sundeck-elegance-038\\\/#primaryimage\",\"url\":\"https:\\\/\\\/nauticcenter.net\\\/wp-content\\\/uploads\\\/2024\\\/12\\\/IMG_20260211_101243-scaled.jpg\",\"contentUrl\":\"https:\\\/\\\/nauticcenter.net\\\/wp-content\\\/uploads\\\/2024\\\/12\\\/IMG_20260211_101243-scaled.jpg\",\"width\":2560,\"height\":1920},{\"@type\":\"BreadcrumbList\",\"@id\":\"https:\\\/\\\/nauticcenter.net\\\/en\\\/barco\\\/beneteau-flyer-8-sundeck-elegance-038\\\/#breadcrumb\",\"itemListElement\":[{\"@type\":\"ListItem\",\"position\":1,\"name\":\"Barcos en Menorca\",\"item\":\"https:\\\/\\\/nauticcenter.net\\\/barcos\\\/\"},{\"@type\":\"ListItem\",\"position\":2,\"name\":\"Beneteau Flyer 8 Sundeck Elegance\"}]},{\"@type\":\"WebSite\",\"@id\":\"https:\\\/\\\/nauticcenter.net\\\/en\\\/#website\",\"url\":\"https:\\\/\\\/nauticcenter.net\\\/en\\\/\",\"name\":\"Nautic Center Menorca\",\"description\":\"\",\"publisher\":{\"@id\":\"https:\\\/\\\/nauticcenter.net\\\/en\\\/#organization\"},\"potentialAction\":[{\"@type\":\"SearchAction\",\"target\":{\"@type\":\"EntryPoint\",\"urlTemplate\":\"https:\\\/\\\/nauticcenter.net\\\/en\\\/?s={search_term_string}\"},\"query-input\":{\"@type\":\"PropertyValueSpecification\",\"valueRequired\":true,\"valueName\":\"search_term_string\"}}],\"inLanguage\":\"en-US\"},{\"@type\":\"Organization\",\"@id\":\"https:\\\/\\\/nauticcenter.net\\\/en\\\/#organization\",\"name\":\"Nautic Center Menorca\",\"url\":\"https:\\\/\\\/nauticcenter.net\\\/en\\\/\",\"logo\":{\"@type\":\"ImageObject\",\"inLanguage\":\"en-US\",\"@id\":\"https:\\\/\\\/nauticcenter.net\\\/en\\\/#\\\/schema\\\/logo\\\/image\\\/\",\"url\":\"http:\\\/\\\/nauticcenter.net\\\/wp-content\\\/uploads\\\/2023\\\/03\\\/NCm-Logo-centrado.jpg\",\"contentUrl\":\"http:\\\/\\\/nauticcenter.net\\\/wp-content\\\/uploads\\\/2023\\\/03\\\/NCm-Logo-centrado.jpg\",\"width\":1772,\"height\":1418,\"caption\":\"Nautic Center Menorca\"},\"image\":{\"@id\":\"https:\\\/\\\/nauticcenter.net\\\/en\\\/#\\\/schema\\\/logo\\\/image\\\/\"},\"sameAs\":[\"https:\\\/\\\/www.facebook.com\\\/nauticcentermenorca\",\"https:\\\/\\\/www.instagram.com\\\/nauticcenter_menorca\"]}]}<\/script>\n<!-- \/ Yoast SEO Premium plugin. -->","yoast_head_json":{"title":"Flyer 8 Sundeck Elegance | Beneteau en Menorca | Nautic Center Menorca","description":"Descubre la Beneteau Flyer 8 Sundeck Elegance en Menorca con Nautic Center Menorca. Te ofrecemos un servicio integral, desde la compra de la embarcaci\u00f3n hasta su mantenimiento, para que vivas la experiencia n\u00e1utica sin preocupaciones. Encuentra tu barco ideal y navega con nosotros.","robots":{"index":"index","follow":"follow","max-snippet":"max-snippet:-1","max-image-preview":"max-image-preview:large","max-video-preview":"max-video-preview:-1"},"canonical":"https:\/\/nauticcenter.net\/en\/barco\/beneteau-flyer-8-sundeck-elegance-038\/","og_locale":"en_US","og_type":"article","og_title":"Beneteau Flyer 8 Sundeck Elegance","og_description":"Descubre la Beneteau Flyer 8 Sundeck Elegance en Menorca con Nautic Center Menorca. Te ofrecemos un servicio integral, desde la compra de la embarcaci\u00f3n hasta su mantenimiento, para que vivas la experiencia n\u00e1utica sin preocupaciones. Encuentra tu barco ideal y navega con nosotros.","og_url":"https:\/\/nauticcenter.net\/en\/barco\/beneteau-flyer-8-sundeck-elegance-038\/","og_site_name":"Nautic Center Menorca","article_publisher":"https:\/\/www.facebook.com\/nauticcentermenorca","article_modified_time":"2026-02-11T10:16:58+00:00","og_image":[{"width":2560,"height":1920,"url":"https:\/\/nauticcenter.net\/wp-content\/uploads\/2024\/12\/IMG_20260211_101243-scaled.jpg","type":"image\/jpeg"}],"twitter_card":"summary_large_image","twitter_misc":{"Est. reading time":"1 minute"},"schema":{"@context":"https:\/\/schema.org","@graph":[{"@type":"WebPage","@id":"https:\/\/nauticcenter.net\/en\/barco\/beneteau-flyer-8-sundeck-elegance-038\/","url":"https:\/\/nauticcenter.net\/en\/barco\/beneteau-flyer-8-sundeck-elegance-038\/","name":"Flyer 8 Sundeck Elegance | Beneteau en Menorca | Nautic Center Menorca","isPartOf":{"@id":"https:\/\/nauticcenter.net\/en\/#website"},"primaryImageOfPage":{"@id":"https:\/\/nauticcenter.net\/en\/barco\/beneteau-flyer-8-sundeck-elegance-038\/#primaryimage"},"image":{"@id":"https:\/\/nauticcenter.net\/en\/barco\/beneteau-flyer-8-sundeck-elegance-038\/#primaryimage"},"thumbnailUrl":"https:\/\/nauticcenter.net\/wp-content\/uploads\/2024\/12\/IMG_20260211_101243-scaled.jpg","datePublished":"2024-12-16T07:36:08+00:00","dateModified":"2026-02-11T10:16:58+00:00","description":"Descubre la Beneteau Flyer 8 Sundeck Elegance en Menorca con Nautic Center Menorca. Te ofrecemos un servicio integral, desde la compra de la embarcaci\u00f3n hasta su mantenimiento, para que vivas la experiencia n\u00e1utica sin preocupaciones. Encuentra tu barco ideal y navega con nosotros.","breadcrumb":{"@id":"https:\/\/nauticcenter.net\/en\/barco\/beneteau-flyer-8-sundeck-elegance-038\/#breadcrumb"},"inLanguage":"en-US","potentialAction":[{"@type":"ReadAction","target":["https:\/\/nauticcenter.net\/en\/barco\/beneteau-flyer-8-sundeck-elegance-038\/"]}]},{"@type":"ImageObject","inLanguage":"en-US","@id":"https:\/\/nauticcenter.net\/en\/barco\/beneteau-flyer-8-sundeck-elegance-038\/#primaryimage","url":"https:\/\/nauticcenter.net\/wp-content\/uploads\/2024\/12\/IMG_20260211_101243-scaled.jpg","contentUrl":"https:\/\/nauticcenter.net\/wp-content\/uploads\/2024\/12\/IMG_20260211_101243-scaled.jpg","width":2560,"height":1920},{"@type":"BreadcrumbList","@id":"https:\/\/nauticcenter.net\/en\/barco\/beneteau-flyer-8-sundeck-elegance-038\/#breadcrumb","itemListElement":[{"@type":"ListItem","position":1,"name":"Barcos en Menorca","item":"https:\/\/nauticcenter.net\/barcos\/"},{"@type":"ListItem","position":2,"name":"Beneteau Flyer 8 Sundeck Elegance"}]},{"@type":"WebSite","@id":"https:\/\/nauticcenter.net\/en\/#website","url":"https:\/\/nauticcenter.net\/en\/","name":"Nautic Center Menorca","description":"","publisher":{"@id":"https:\/\/nauticcenter.net\/en\/#organization"},"potentialAction":[{"@type":"SearchAction","target":{"@type":"EntryPoint","urlTemplate":"https:\/\/nauticcenter.net\/en\/?s={search_term_string}"},"query-input":{"@type":"PropertyValueSpecification","valueRequired":true,"valueName":"search_term_string"}}],"inLanguage":"en-US"},{"@type":"Organization","@id":"https:\/\/nauticcenter.net\/en\/#organization","name":"Nautic Center Menorca","url":"https:\/\/nauticcenter.net\/en\/","logo":{"@type":"ImageObject","inLanguage":"en-US","@id":"https:\/\/nauticcenter.net\/en\/#\/schema\/logo\/image\/","url":"http:\/\/nauticcenter.net\/wp-content\/uploads\/2023\/03\/NCm-Logo-centrado.jpg","contentUrl":"http:\/\/nauticcenter.net\/wp-content\/uploads\/2023\/03\/NCm-Logo-centrado.jpg","width":1772,"height":1418,"caption":"Nautic Center Menorca"},"image":{"@id":"https:\/\/nauticcenter.net\/en\/#\/schema\/logo\/image\/"},"sameAs":["https:\/\/www.facebook.com\/nauticcentermenorca","https:\/\/www.instagram.com\/nauticcenter_menorca"]}]}},"_links":{"self":[{"href":"https:\/\/nauticcenter.net\/en\/wp-json\/wp\/v2\/product\/64059","targetHints":{"allow":["GET"]}}],"collection":[{"href":"https:\/\/nauticcenter.net\/en\/wp-json\/wp\/v2\/product"}],"about":[{"href":"https:\/\/nauticcenter.net\/en\/wp-json\/wp\/v2\/types\/product"}],"wp:featuredmedia":[{"embeddable":true,"href":"https:\/\/nauticcenter.net\/en\/wp-json\/wp\/v2\/media\/65700"}],"wp:attachment":[{"href":"https:\/\/nauticcenter.net\/en\/wp-json\/wp\/v2\/media?parent=64059"}],"wp:term":[{"taxonomy":"product_brand","embeddable":true,"href":"https:\/\/nauticcenter.net\/en\/wp-json\/wp\/v2\/product_brand?post=64059"},{"taxonomy":"product_cat","embeddable":true,"href":"https:\/\/nauticcenter.net\/en\/wp-json\/wp\/v2\/product_cat?post=64059"},{"taxonomy":"product_tag","embeddable":true,"href":"https:\/\/nauticcenter.net\/en\/wp-json\/wp\/v2\/product_tag?post=64059"}],"curies":[{"name":"wp","href":"https:\/\/api.w.org\/{rel}","templated":true}]}}