{"id":44689,"date":"2023-08-25T09:55:20","date_gmt":"2023-08-25T07:55:20","guid":{"rendered":"https:\/?post_type=product&#038;p=44689"},"modified":"2025-10-10T10:20:15","modified_gmt":"2025-10-10T08:20:15","slug":"bma-x277-bma-772","status":"publish","type":"product","link":"https:\/\/nauticcenter.net\/en\/barco\/bma-x277-bma-772\/","title":{"rendered":"BMA X277"},"content":{"rendered":"<p>El proyecto, desarrollado en colaboraci\u00f3n con el estudio Carlos Vidal Design, incorpora todas las caracter\u00edsticas est\u00e9ticas de la marca BMA con l\u00edneas vanguardistas de nueva generaci\u00f3n. Innovaci\u00f3n, practicidad, espacio y comodidad han sido las pautas seguidas por los dise\u00f1adores para crear sin sacrificar un barco dedicado a la convivencia y el placer de navegar.<\/p>\n<p id=\"aboutUsCompanyDescription\" class=\"aboutUsDescriptionText\" data-pb=\"FirstParagraphDescription\">El rendimiento se mejora gracias a los motores potentes y tecnol\u00f3gicamente avanzados que son la combinaci\u00f3n t\u00e9cnica y est\u00e9tica perfecta con la gama BMA.<\/p>\n","protected":false},"excerpt":{"rendered":"<p><strong>Incluido en el precio<\/strong><\/p>\n<ul>\n<li>Material de seguridad (Zona 6)<\/li>\n<li>Material de fondeo<\/li>\n<\/ul>\n","protected":false},"featured_media":64745,"template":"","meta":{"_acf_changed":false},"product_brand":[],"product_cat":[533],"product_tag":[],"class_list":{"0":"post-44689","1":"product","2":"type-product","3":"status-publish","4":"has-post-thumbnail","6":"product_marcas-bma","7":"product_banderas-espanola","8":"product_disponibilidad-consultar-disponibilidad","9":"product_propiedad-nautic-fun-menorca","10":"product_cat-motor-fueraborda","12":"first","13":"instock","14":"shipping-taxable","15":"purchasable","16":"product-type-simple"},"acf":[],"yoast_head":"<!-- This site is optimized with the Yoast SEO Premium plugin v20.8 (Yoast SEO v27.3) - https:\/\/yoast.com\/product\/yoast-seo-premium-wordpress\/ -->\n<title>X277 | BMA en Menorca | Nautic Center Menorca<\/title>\n<meta name=\"description\" content=\"Descubre la BMA X277 en Menorca con Nautic Center Menorca. Te ofrecemos un servicio integral, desde la compra de la embarcaci\u00f3n hasta su mantenimiento, para que vivas la experiencia n\u00e1utica sin preocupaciones. Encuentra tu barco ideal y navega con nosotros.\" \/>\n<meta name=\"robots\" content=\"index, follow, max-snippet:-1, max-image-preview:large, max-video-preview:-1\" \/>\n<link rel=\"canonical\" href=\"https:\/\/nauticcenter.net\/en\/barco\/bma-x277-bma-772\/\" \/>\n<meta property=\"og:locale\" content=\"en_US\" \/>\n<meta property=\"og:type\" content=\"article\" \/>\n<meta property=\"og:title\" content=\"BMA X277\" \/>\n<meta property=\"og:description\" content=\"Descubre la BMA X277 en Menorca con Nautic Center Menorca. Te ofrecemos un servicio integral, desde la compra de la embarcaci\u00f3n hasta su mantenimiento, para que vivas la experiencia n\u00e1utica sin preocupaciones. Encuentra tu barco ideal y navega con nosotros.\" \/>\n<meta property=\"og:url\" content=\"https:\/\/nauticcenter.net\/en\/barco\/bma-x277-bma-772\/\" \/>\n<meta property=\"og:site_name\" content=\"Nautic Center Menorca\" \/>\n<meta property=\"article:publisher\" content=\"https:\/\/www.facebook.com\/nauticcentermenorca\" \/>\n<meta property=\"article:modified_time\" content=\"2025-10-10T08:20:15+00:00\" \/>\n<meta property=\"og:image\" content=\"https:\/\/nauticcenter.net\/wp-content\/uploads\/2023\/08\/BMA-772.png\" \/>\n\t<meta property=\"og:image:width\" content=\"1600\" \/>\n\t<meta property=\"og:image:height\" content=\"1200\" \/>\n\t<meta property=\"og:image:type\" content=\"image\/png\" \/>\n<meta name=\"twitter:card\" content=\"summary_large_image\" \/>\n<meta name=\"twitter:label1\" content=\"Est. reading time\" \/>\n\t<meta name=\"twitter:data1\" content=\"1 minute\" \/>\n<script type=\"application\/ld+json\" class=\"yoast-schema-graph\">{\"@context\":\"https:\\\/\\\/schema.org\",\"@graph\":[{\"@type\":\"WebPage\",\"@id\":\"https:\\\/\\\/nauticcenter.net\\\/en\\\/barco\\\/bma-x277-bma-772\\\/\",\"url\":\"https:\\\/\\\/nauticcenter.net\\\/en\\\/barco\\\/bma-x277-bma-772\\\/\",\"name\":\"X277 | BMA en Menorca | Nautic Center Menorca\",\"isPartOf\":{\"@id\":\"https:\\\/\\\/nauticcenter.net\\\/en\\\/#website\"},\"primaryImageOfPage\":{\"@id\":\"https:\\\/\\\/nauticcenter.net\\\/en\\\/barco\\\/bma-x277-bma-772\\\/#primaryimage\"},\"image\":{\"@id\":\"https:\\\/\\\/nauticcenter.net\\\/en\\\/barco\\\/bma-x277-bma-772\\\/#primaryimage\"},\"thumbnailUrl\":\"https:\\\/\\\/nauticcenter.net\\\/wp-content\\\/uploads\\\/2023\\\/08\\\/BMA-772.png\",\"datePublished\":\"2023-08-25T07:55:20+00:00\",\"dateModified\":\"2025-10-10T08:20:15+00:00\",\"description\":\"Descubre la BMA X277 en Menorca con Nautic Center Menorca. Te ofrecemos un servicio integral, desde la compra de la embarcaci\u00f3n hasta su mantenimiento, para que vivas la experiencia n\u00e1utica sin preocupaciones. Encuentra tu barco ideal y navega con nosotros.\",\"breadcrumb\":{\"@id\":\"https:\\\/\\\/nauticcenter.net\\\/en\\\/barco\\\/bma-x277-bma-772\\\/#breadcrumb\"},\"inLanguage\":\"en-US\",\"potentialAction\":[{\"@type\":\"ReadAction\",\"target\":[\"https:\\\/\\\/nauticcenter.net\\\/en\\\/barco\\\/bma-x277-bma-772\\\/\"]}]},{\"@type\":\"ImageObject\",\"inLanguage\":\"en-US\",\"@id\":\"https:\\\/\\\/nauticcenter.net\\\/en\\\/barco\\\/bma-x277-bma-772\\\/#primaryimage\",\"url\":\"https:\\\/\\\/nauticcenter.net\\\/wp-content\\\/uploads\\\/2023\\\/08\\\/BMA-772.png\",\"contentUrl\":\"https:\\\/\\\/nauticcenter.net\\\/wp-content\\\/uploads\\\/2023\\\/08\\\/BMA-772.png\",\"width\":1600,\"height\":1200},{\"@type\":\"BreadcrumbList\",\"@id\":\"https:\\\/\\\/nauticcenter.net\\\/en\\\/barco\\\/bma-x277-bma-772\\\/#breadcrumb\",\"itemListElement\":[{\"@type\":\"ListItem\",\"position\":1,\"name\":\"Barcos en Menorca\",\"item\":\"https:\\\/\\\/nauticcenter.net\\\/barcos\\\/\"},{\"@type\":\"ListItem\",\"position\":2,\"name\":\"BMA X277\"}]},{\"@type\":\"WebSite\",\"@id\":\"https:\\\/\\\/nauticcenter.net\\\/en\\\/#website\",\"url\":\"https:\\\/\\\/nauticcenter.net\\\/en\\\/\",\"name\":\"Nautic Center Menorca\",\"description\":\"\",\"publisher\":{\"@id\":\"https:\\\/\\\/nauticcenter.net\\\/en\\\/#organization\"},\"potentialAction\":[{\"@type\":\"SearchAction\",\"target\":{\"@type\":\"EntryPoint\",\"urlTemplate\":\"https:\\\/\\\/nauticcenter.net\\\/en\\\/?s={search_term_string}\"},\"query-input\":{\"@type\":\"PropertyValueSpecification\",\"valueRequired\":true,\"valueName\":\"search_term_string\"}}],\"inLanguage\":\"en-US\"},{\"@type\":\"Organization\",\"@id\":\"https:\\\/\\\/nauticcenter.net\\\/en\\\/#organization\",\"name\":\"Nautic Center Menorca\",\"url\":\"https:\\\/\\\/nauticcenter.net\\\/en\\\/\",\"logo\":{\"@type\":\"ImageObject\",\"inLanguage\":\"en-US\",\"@id\":\"https:\\\/\\\/nauticcenter.net\\\/en\\\/#\\\/schema\\\/logo\\\/image\\\/\",\"url\":\"http:\\\/\\\/nauticcenter.net\\\/wp-content\\\/uploads\\\/2023\\\/03\\\/NCm-Logo-centrado.jpg\",\"contentUrl\":\"http:\\\/\\\/nauticcenter.net\\\/wp-content\\\/uploads\\\/2023\\\/03\\\/NCm-Logo-centrado.jpg\",\"width\":1772,\"height\":1418,\"caption\":\"Nautic Center Menorca\"},\"image\":{\"@id\":\"https:\\\/\\\/nauticcenter.net\\\/en\\\/#\\\/schema\\\/logo\\\/image\\\/\"},\"sameAs\":[\"https:\\\/\\\/www.facebook.com\\\/nauticcentermenorca\",\"https:\\\/\\\/www.instagram.com\\\/nauticcenter_menorca\"]}]}<\/script>\n<!-- \/ Yoast SEO Premium plugin. -->","yoast_head_json":{"title":"X277 | BMA en Menorca | Nautic Center Menorca","description":"Descubre la BMA X277 en Menorca con Nautic Center Menorca. Te ofrecemos un servicio integral, desde la compra de la embarcaci\u00f3n hasta su mantenimiento, para que vivas la experiencia n\u00e1utica sin preocupaciones. Encuentra tu barco ideal y navega con nosotros.","robots":{"index":"index","follow":"follow","max-snippet":"max-snippet:-1","max-image-preview":"max-image-preview:large","max-video-preview":"max-video-preview:-1"},"canonical":"https:\/\/nauticcenter.net\/en\/barco\/bma-x277-bma-772\/","og_locale":"en_US","og_type":"article","og_title":"BMA X277","og_description":"Descubre la BMA X277 en Menorca con Nautic Center Menorca. Te ofrecemos un servicio integral, desde la compra de la embarcaci\u00f3n hasta su mantenimiento, para que vivas la experiencia n\u00e1utica sin preocupaciones. Encuentra tu barco ideal y navega con nosotros.","og_url":"https:\/\/nauticcenter.net\/en\/barco\/bma-x277-bma-772\/","og_site_name":"Nautic Center Menorca","article_publisher":"https:\/\/www.facebook.com\/nauticcentermenorca","article_modified_time":"2025-10-10T08:20:15+00:00","og_image":[{"width":1600,"height":1200,"url":"https:\/\/nauticcenter.net\/wp-content\/uploads\/2023\/08\/BMA-772.png","type":"image\/png"}],"twitter_card":"summary_large_image","twitter_misc":{"Est. reading time":"1 minute"},"schema":{"@context":"https:\/\/schema.org","@graph":[{"@type":"WebPage","@id":"https:\/\/nauticcenter.net\/en\/barco\/bma-x277-bma-772\/","url":"https:\/\/nauticcenter.net\/en\/barco\/bma-x277-bma-772\/","name":"X277 | BMA en Menorca | Nautic Center Menorca","isPartOf":{"@id":"https:\/\/nauticcenter.net\/en\/#website"},"primaryImageOfPage":{"@id":"https:\/\/nauticcenter.net\/en\/barco\/bma-x277-bma-772\/#primaryimage"},"image":{"@id":"https:\/\/nauticcenter.net\/en\/barco\/bma-x277-bma-772\/#primaryimage"},"thumbnailUrl":"https:\/\/nauticcenter.net\/wp-content\/uploads\/2023\/08\/BMA-772.png","datePublished":"2023-08-25T07:55:20+00:00","dateModified":"2025-10-10T08:20:15+00:00","description":"Descubre la BMA X277 en Menorca con Nautic Center Menorca. Te ofrecemos un servicio integral, desde la compra de la embarcaci\u00f3n hasta su mantenimiento, para que vivas la experiencia n\u00e1utica sin preocupaciones. Encuentra tu barco ideal y navega con nosotros.","breadcrumb":{"@id":"https:\/\/nauticcenter.net\/en\/barco\/bma-x277-bma-772\/#breadcrumb"},"inLanguage":"en-US","potentialAction":[{"@type":"ReadAction","target":["https:\/\/nauticcenter.net\/en\/barco\/bma-x277-bma-772\/"]}]},{"@type":"ImageObject","inLanguage":"en-US","@id":"https:\/\/nauticcenter.net\/en\/barco\/bma-x277-bma-772\/#primaryimage","url":"https:\/\/nauticcenter.net\/wp-content\/uploads\/2023\/08\/BMA-772.png","contentUrl":"https:\/\/nauticcenter.net\/wp-content\/uploads\/2023\/08\/BMA-772.png","width":1600,"height":1200},{"@type":"BreadcrumbList","@id":"https:\/\/nauticcenter.net\/en\/barco\/bma-x277-bma-772\/#breadcrumb","itemListElement":[{"@type":"ListItem","position":1,"name":"Barcos en Menorca","item":"https:\/\/nauticcenter.net\/barcos\/"},{"@type":"ListItem","position":2,"name":"BMA X277"}]},{"@type":"WebSite","@id":"https:\/\/nauticcenter.net\/en\/#website","url":"https:\/\/nauticcenter.net\/en\/","name":"Nautic Center Menorca","description":"","publisher":{"@id":"https:\/\/nauticcenter.net\/en\/#organization"},"potentialAction":[{"@type":"SearchAction","target":{"@type":"EntryPoint","urlTemplate":"https:\/\/nauticcenter.net\/en\/?s={search_term_string}"},"query-input":{"@type":"PropertyValueSpecification","valueRequired":true,"valueName":"search_term_string"}}],"inLanguage":"en-US"},{"@type":"Organization","@id":"https:\/\/nauticcenter.net\/en\/#organization","name":"Nautic Center Menorca","url":"https:\/\/nauticcenter.net\/en\/","logo":{"@type":"ImageObject","inLanguage":"en-US","@id":"https:\/\/nauticcenter.net\/en\/#\/schema\/logo\/image\/","url":"http:\/\/nauticcenter.net\/wp-content\/uploads\/2023\/03\/NCm-Logo-centrado.jpg","contentUrl":"http:\/\/nauticcenter.net\/wp-content\/uploads\/2023\/03\/NCm-Logo-centrado.jpg","width":1772,"height":1418,"caption":"Nautic Center Menorca"},"image":{"@id":"https:\/\/nauticcenter.net\/en\/#\/schema\/logo\/image\/"},"sameAs":["https:\/\/www.facebook.com\/nauticcentermenorca","https:\/\/www.instagram.com\/nauticcenter_menorca"]}]}},"_links":{"self":[{"href":"https:\/\/nauticcenter.net\/en\/wp-json\/wp\/v2\/product\/44689","targetHints":{"allow":["GET"]}}],"collection":[{"href":"https:\/\/nauticcenter.net\/en\/wp-json\/wp\/v2\/product"}],"about":[{"href":"https:\/\/nauticcenter.net\/en\/wp-json\/wp\/v2\/types\/product"}],"wp:featuredmedia":[{"embeddable":true,"href":"https:\/\/nauticcenter.net\/en\/wp-json\/wp\/v2\/media\/64745"}],"wp:attachment":[{"href":"https:\/\/nauticcenter.net\/en\/wp-json\/wp\/v2\/media?parent=44689"}],"wp:term":[{"taxonomy":"product_brand","embeddable":true,"href":"https:\/\/nauticcenter.net\/en\/wp-json\/wp\/v2\/product_brand?post=44689"},{"taxonomy":"product_cat","embeddable":true,"href":"https:\/\/nauticcenter.net\/en\/wp-json\/wp\/v2\/product_cat?post=44689"},{"taxonomy":"product_tag","embeddable":true,"href":"https:\/\/nauticcenter.net\/en\/wp-json\/wp\/v2\/product_tag?post=44689"}],"curies":[{"name":"wp","href":"https:\/\/api.w.org\/{rel}","templated":true}]}}