{"id":33432,"date":"2022-09-12T13:50:47","date_gmt":"2022-09-12T11:50:47","guid":{"rendered":"https:\/?post_type=product&#038;p=33432"},"modified":"2024-06-05T09:00:28","modified_gmt":"2024-06-05T07:00:28","slug":"beneteau-antares-9-081f324","status":"publish","type":"product","link":"https:\/\/nauticcenter.net\/en\/barco\/beneteau-antares-9-081f324\/","title":{"rendered":"Beneteau Antares 9"},"content":{"rendered":"<p>Con un sentido innato del detalle y del confort, la Antares 9 de Beneteau invita a prolongar las salidas en el mar. Moderno y con clase, perpet\u00faa la tradici\u00f3n de elegancia de una gama hist\u00f3rica. Autonom\u00eda, habitabilidad, refinamiento: todo est\u00e1 reunido para vivir en gran clase el peque\u00f1o crucero.<\/p>\n","protected":false},"excerpt":{"rendered":"<p><strong>Incluido en el precio<\/strong><\/p>\n<ul>\n<li>Transporte<\/li>\n<li>Montaje<\/li>\n<li>Inscripci\u00f3n<\/li>\n<li>Entrega en el puerto de Mah\u00f3n (Menorca, Islas Baleares, Espa\u00f1a)<\/li>\n<\/ul>\n","protected":false},"featured_media":33457,"template":"","meta":{"_acf_changed":false},"product_brand":[],"product_cat":[533],"product_tag":[],"class_list":{"0":"post-33432","1":"product","2":"type-product","3":"status-publish","4":"has-post-thumbnail","6":"product_marcas-beneteau","7":"product_banderas-sin-matricular","8":"product_disponibilidad-consultar-disponibilidad","9":"product_propiedad-nautic-center-menorca","10":"product_cat-motor-fueraborda","12":"first","13":"instock","14":"shipping-taxable","15":"purchasable","16":"product-type-simple"},"acf":[],"yoast_head":"<!-- This site is optimized with the Yoast SEO Premium plugin v20.8 (Yoast SEO v27.3) - https:\/\/yoast.com\/product\/yoast-seo-premium-wordpress\/ -->\n<title>Antares 9 | Beneteau en Menorca | Nautic Center Menorca<\/title>\n<meta name=\"description\" content=\"Descubra e informese sobre todo lo que el Beneteau Antares 9 puede ofrecerle en el mar. Este barco estar\u00e1 disponible en Menorca con entrega inmediata.\" \/>\n<meta name=\"robots\" content=\"index, follow, max-snippet:-1, max-image-preview:large, max-video-preview:-1\" \/>\n<link rel=\"canonical\" href=\"https:\/\/nauticcenter.net\/en\/barco\/beneteau-antares-9-081f324\/\" \/>\n<meta property=\"og:locale\" content=\"en_US\" \/>\n<meta property=\"og:type\" content=\"article\" \/>\n<meta property=\"og:title\" content=\"Beneteau Antares 9\" \/>\n<meta property=\"og:description\" content=\"Descubra e informese sobre todo lo que el Beneteau Antares 9 puede ofrecerle en el mar. Este barco estar\u00e1 disponible en Menorca con entrega inmediata.\" \/>\n<meta property=\"og:url\" content=\"https:\/\/nauticcenter.net\/en\/barco\/beneteau-antares-9-081f324\/\" \/>\n<meta property=\"og:site_name\" content=\"Nautic Center Menorca\" \/>\n<meta property=\"article:publisher\" content=\"https:\/\/www.facebook.com\/nauticcentermenorca\" \/>\n<meta property=\"article:modified_time\" content=\"2024-06-05T07:00:28+00:00\" \/>\n<meta property=\"og:image\" content=\"https:\/\/nauticcenter.net\/wp-content\/uploads\/2022\/09\/antares9_13.jpg\" \/>\n\t<meta property=\"og:image:width\" content=\"1440\" \/>\n\t<meta property=\"og:image:height\" content=\"786\" \/>\n\t<meta property=\"og:image:type\" content=\"image\/jpeg\" \/>\n<meta name=\"twitter:card\" content=\"summary_large_image\" \/>\n<meta name=\"twitter:label1\" content=\"Est. reading time\" \/>\n\t<meta name=\"twitter:data1\" content=\"2 minutes\" \/>\n<script type=\"application\/ld+json\" class=\"yoast-schema-graph\">{\"@context\":\"https:\\\/\\\/schema.org\",\"@graph\":[{\"@type\":\"WebPage\",\"@id\":\"https:\\\/\\\/nauticcenter.net\\\/en\\\/barco\\\/beneteau-antares-9-081f324\\\/\",\"url\":\"https:\\\/\\\/nauticcenter.net\\\/en\\\/barco\\\/beneteau-antares-9-081f324\\\/\",\"name\":\"Antares 9 | Beneteau en Menorca | Nautic Center Menorca\",\"isPartOf\":{\"@id\":\"https:\\\/\\\/nauticcenter.net\\\/en\\\/#website\"},\"primaryImageOfPage\":{\"@id\":\"https:\\\/\\\/nauticcenter.net\\\/en\\\/barco\\\/beneteau-antares-9-081f324\\\/#primaryimage\"},\"image\":{\"@id\":\"https:\\\/\\\/nauticcenter.net\\\/en\\\/barco\\\/beneteau-antares-9-081f324\\\/#primaryimage\"},\"thumbnailUrl\":\"https:\\\/\\\/nauticcenter.net\\\/wp-content\\\/uploads\\\/2022\\\/09\\\/antares9_13.jpg\",\"datePublished\":\"2022-09-12T11:50:47+00:00\",\"dateModified\":\"2024-06-05T07:00:28+00:00\",\"description\":\"Descubra e informese sobre todo lo que el Beneteau Antares 9 puede ofrecerle en el mar. Este barco estar\u00e1 disponible en Menorca con entrega inmediata.\",\"breadcrumb\":{\"@id\":\"https:\\\/\\\/nauticcenter.net\\\/en\\\/barco\\\/beneteau-antares-9-081f324\\\/#breadcrumb\"},\"inLanguage\":\"en-US\",\"potentialAction\":[{\"@type\":\"ReadAction\",\"target\":[\"https:\\\/\\\/nauticcenter.net\\\/en\\\/barco\\\/beneteau-antares-9-081f324\\\/\"]}]},{\"@type\":\"ImageObject\",\"inLanguage\":\"en-US\",\"@id\":\"https:\\\/\\\/nauticcenter.net\\\/en\\\/barco\\\/beneteau-antares-9-081f324\\\/#primaryimage\",\"url\":\"https:\\\/\\\/nauticcenter.net\\\/wp-content\\\/uploads\\\/2022\\\/09\\\/antares9_13.jpg\",\"contentUrl\":\"https:\\\/\\\/nauticcenter.net\\\/wp-content\\\/uploads\\\/2022\\\/09\\\/antares9_13.jpg\",\"width\":1440,\"height\":786,\"caption\":\"Antares 9 | Beneteau en Menorca | Nautic Center\"},{\"@type\":\"BreadcrumbList\",\"@id\":\"https:\\\/\\\/nauticcenter.net\\\/en\\\/barco\\\/beneteau-antares-9-081f324\\\/#breadcrumb\",\"itemListElement\":[{\"@type\":\"ListItem\",\"position\":1,\"name\":\"Barcos en Menorca\",\"item\":\"https:\\\/\\\/nauticcenter.net\\\/barcos\\\/\"},{\"@type\":\"ListItem\",\"position\":2,\"name\":\"Beneteau Antares 9\"}]},{\"@type\":\"WebSite\",\"@id\":\"https:\\\/\\\/nauticcenter.net\\\/en\\\/#website\",\"url\":\"https:\\\/\\\/nauticcenter.net\\\/en\\\/\",\"name\":\"Nautic Center Menorca\",\"description\":\"\",\"publisher\":{\"@id\":\"https:\\\/\\\/nauticcenter.net\\\/en\\\/#organization\"},\"potentialAction\":[{\"@type\":\"SearchAction\",\"target\":{\"@type\":\"EntryPoint\",\"urlTemplate\":\"https:\\\/\\\/nauticcenter.net\\\/en\\\/?s={search_term_string}\"},\"query-input\":{\"@type\":\"PropertyValueSpecification\",\"valueRequired\":true,\"valueName\":\"search_term_string\"}}],\"inLanguage\":\"en-US\"},{\"@type\":\"Organization\",\"@id\":\"https:\\\/\\\/nauticcenter.net\\\/en\\\/#organization\",\"name\":\"Nautic Center Menorca\",\"url\":\"https:\\\/\\\/nauticcenter.net\\\/en\\\/\",\"logo\":{\"@type\":\"ImageObject\",\"inLanguage\":\"en-US\",\"@id\":\"https:\\\/\\\/nauticcenter.net\\\/en\\\/#\\\/schema\\\/logo\\\/image\\\/\",\"url\":\"http:\\\/\\\/nauticcenter.net\\\/wp-content\\\/uploads\\\/2023\\\/03\\\/NCm-Logo-centrado.jpg\",\"contentUrl\":\"http:\\\/\\\/nauticcenter.net\\\/wp-content\\\/uploads\\\/2023\\\/03\\\/NCm-Logo-centrado.jpg\",\"width\":1772,\"height\":1418,\"caption\":\"Nautic Center Menorca\"},\"image\":{\"@id\":\"https:\\\/\\\/nauticcenter.net\\\/en\\\/#\\\/schema\\\/logo\\\/image\\\/\"},\"sameAs\":[\"https:\\\/\\\/www.facebook.com\\\/nauticcentermenorca\",\"https:\\\/\\\/www.instagram.com\\\/nauticcenter_menorca\"]}]}<\/script>\n<!-- \/ Yoast SEO Premium plugin. -->","yoast_head_json":{"title":"Antares 9 | Beneteau en Menorca | Nautic Center Menorca","description":"Descubra e informese sobre todo lo que el Beneteau Antares 9 puede ofrecerle en el mar. Este barco estar\u00e1 disponible en Menorca con entrega inmediata.","robots":{"index":"index","follow":"follow","max-snippet":"max-snippet:-1","max-image-preview":"max-image-preview:large","max-video-preview":"max-video-preview:-1"},"canonical":"https:\/\/nauticcenter.net\/en\/barco\/beneteau-antares-9-081f324\/","og_locale":"en_US","og_type":"article","og_title":"Beneteau Antares 9","og_description":"Descubra e informese sobre todo lo que el Beneteau Antares 9 puede ofrecerle en el mar. Este barco estar\u00e1 disponible en Menorca con entrega inmediata.","og_url":"https:\/\/nauticcenter.net\/en\/barco\/beneteau-antares-9-081f324\/","og_site_name":"Nautic Center Menorca","article_publisher":"https:\/\/www.facebook.com\/nauticcentermenorca","article_modified_time":"2024-06-05T07:00:28+00:00","og_image":[{"width":1440,"height":786,"url":"https:\/\/nauticcenter.net\/wp-content\/uploads\/2022\/09\/antares9_13.jpg","type":"image\/jpeg"}],"twitter_card":"summary_large_image","twitter_misc":{"Est. reading time":"2 minutes"},"schema":{"@context":"https:\/\/schema.org","@graph":[{"@type":"WebPage","@id":"https:\/\/nauticcenter.net\/en\/barco\/beneteau-antares-9-081f324\/","url":"https:\/\/nauticcenter.net\/en\/barco\/beneteau-antares-9-081f324\/","name":"Antares 9 | Beneteau en Menorca | Nautic Center Menorca","isPartOf":{"@id":"https:\/\/nauticcenter.net\/en\/#website"},"primaryImageOfPage":{"@id":"https:\/\/nauticcenter.net\/en\/barco\/beneteau-antares-9-081f324\/#primaryimage"},"image":{"@id":"https:\/\/nauticcenter.net\/en\/barco\/beneteau-antares-9-081f324\/#primaryimage"},"thumbnailUrl":"https:\/\/nauticcenter.net\/wp-content\/uploads\/2022\/09\/antares9_13.jpg","datePublished":"2022-09-12T11:50:47+00:00","dateModified":"2024-06-05T07:00:28+00:00","description":"Descubra e informese sobre todo lo que el Beneteau Antares 9 puede ofrecerle en el mar. Este barco estar\u00e1 disponible en Menorca con entrega inmediata.","breadcrumb":{"@id":"https:\/\/nauticcenter.net\/en\/barco\/beneteau-antares-9-081f324\/#breadcrumb"},"inLanguage":"en-US","potentialAction":[{"@type":"ReadAction","target":["https:\/\/nauticcenter.net\/en\/barco\/beneteau-antares-9-081f324\/"]}]},{"@type":"ImageObject","inLanguage":"en-US","@id":"https:\/\/nauticcenter.net\/en\/barco\/beneteau-antares-9-081f324\/#primaryimage","url":"https:\/\/nauticcenter.net\/wp-content\/uploads\/2022\/09\/antares9_13.jpg","contentUrl":"https:\/\/nauticcenter.net\/wp-content\/uploads\/2022\/09\/antares9_13.jpg","width":1440,"height":786,"caption":"Antares 9 | Beneteau en Menorca | Nautic Center"},{"@type":"BreadcrumbList","@id":"https:\/\/nauticcenter.net\/en\/barco\/beneteau-antares-9-081f324\/#breadcrumb","itemListElement":[{"@type":"ListItem","position":1,"name":"Barcos en Menorca","item":"https:\/\/nauticcenter.net\/barcos\/"},{"@type":"ListItem","position":2,"name":"Beneteau Antares 9"}]},{"@type":"WebSite","@id":"https:\/\/nauticcenter.net\/en\/#website","url":"https:\/\/nauticcenter.net\/en\/","name":"Nautic Center Menorca","description":"","publisher":{"@id":"https:\/\/nauticcenter.net\/en\/#organization"},"potentialAction":[{"@type":"SearchAction","target":{"@type":"EntryPoint","urlTemplate":"https:\/\/nauticcenter.net\/en\/?s={search_term_string}"},"query-input":{"@type":"PropertyValueSpecification","valueRequired":true,"valueName":"search_term_string"}}],"inLanguage":"en-US"},{"@type":"Organization","@id":"https:\/\/nauticcenter.net\/en\/#organization","name":"Nautic Center Menorca","url":"https:\/\/nauticcenter.net\/en\/","logo":{"@type":"ImageObject","inLanguage":"en-US","@id":"https:\/\/nauticcenter.net\/en\/#\/schema\/logo\/image\/","url":"http:\/\/nauticcenter.net\/wp-content\/uploads\/2023\/03\/NCm-Logo-centrado.jpg","contentUrl":"http:\/\/nauticcenter.net\/wp-content\/uploads\/2023\/03\/NCm-Logo-centrado.jpg","width":1772,"height":1418,"caption":"Nautic Center Menorca"},"image":{"@id":"https:\/\/nauticcenter.net\/en\/#\/schema\/logo\/image\/"},"sameAs":["https:\/\/www.facebook.com\/nauticcentermenorca","https:\/\/www.instagram.com\/nauticcenter_menorca"]}]}},"_links":{"self":[{"href":"https:\/\/nauticcenter.net\/en\/wp-json\/wp\/v2\/product\/33432","targetHints":{"allow":["GET"]}}],"collection":[{"href":"https:\/\/nauticcenter.net\/en\/wp-json\/wp\/v2\/product"}],"about":[{"href":"https:\/\/nauticcenter.net\/en\/wp-json\/wp\/v2\/types\/product"}],"wp:featuredmedia":[{"embeddable":true,"href":"https:\/\/nauticcenter.net\/en\/wp-json\/wp\/v2\/media\/33457"}],"wp:attachment":[{"href":"https:\/\/nauticcenter.net\/en\/wp-json\/wp\/v2\/media?parent=33432"}],"wp:term":[{"taxonomy":"product_brand","embeddable":true,"href":"https:\/\/nauticcenter.net\/en\/wp-json\/wp\/v2\/product_brand?post=33432"},{"taxonomy":"product_cat","embeddable":true,"href":"https:\/\/nauticcenter.net\/en\/wp-json\/wp\/v2\/product_cat?post=33432"},{"taxonomy":"product_tag","embeddable":true,"href":"https:\/\/nauticcenter.net\/en\/wp-json\/wp\/v2\/product_tag?post=33432"}],"curies":[{"name":"wp","href":"https:\/\/api.w.org\/{rel}","templated":true}]}}