{"id":20058,"date":"2021-10-18T13:55:46","date_gmt":"2021-10-18T11:55:46","guid":{"rendered":"https:\/?post_type=product&#038;p=20058"},"modified":"2025-08-25T10:03:01","modified_gmt":"2025-08-25T08:03:01","slug":"beneteau-antares-8-241a323","status":"publish","type":"product","link":"https:\/\/nauticcenter.net\/en\/barco\/beneteau-antares-8-241a323\/","title":{"rendered":"Beneteau Antares 8"},"content":{"rendered":"<p>Con su dise\u00f1o cuidado y evocador de deportividad, el Antares 8 se inscribe en la l\u00ednea de los weekenders de la marca. El ambiente general del que una parte esencial es siempre la elegancia, con una recuperaci\u00f3n del dinamismo gracias a sus l\u00edneas suaves y alargadas. Las versiones Cruising y Fishing transmiten cada una su propia identidad, la primera mostrando una silueta esbelta y contempor\u00e1nea, mientras que la versi\u00f3n fishing adopta claramente un look m\u00e1s deportivo.<\/p>\n<p>Una de las principales novedades es el port\u00f3n lateral de estribor, que facilitar\u00e1 el atraque y permitir\u00e1 a los pescadores introducir sus mayores capturas con facilidad.<\/p>\n<p>El Antares 8 integra todos los elementos de confort indispensables para el crucero costero: un rinc\u00f3n cocina con frigor\u00edfico y un fog\u00f3n a gas o el\u00e9ctrico a elegir. Puede dotarse tambi\u00e9n de la climatizaci\u00f3n.<\/p>\n<p>Pueden pasar la noche a bordo hasta cinco pasajeros, gracias a las dos literas dobles, una en el camarote y la otra en la timoner\u00eda. Una litera suplementaria puede tambi\u00e9n ser instalada en el espacio situado bajo el sal\u00f3n.<\/p>\n<p>El Antares 8 se ver\u00e1 a partir de ahora declinado en dos versiones, Cruising que pone el acento en el confort y la convivencia a bordo, y Fishing para los aficionados a la pesca gracias a un equipo dedicado a esta actividad.<\/p>\n","protected":false},"excerpt":{"rendered":"<p><strong>Incluido en el precio<\/strong><\/p>\n<ul>\n<li>Transporte<\/li>\n<li>Montaje<\/li>\n<li>Inscripci\u00f3n<\/li>\n<li>Entrega en el puerto de Ma\u00f3 (Menorca, Islas Baleares, Espa\u00f1a)<\/li>\n<\/ul>\n","protected":false},"featured_media":40418,"template":"","meta":{"_acf_changed":false},"product_brand":[],"product_cat":[533],"product_tag":[],"class_list":{"0":"post-20058","1":"product","2":"type-product","3":"status-publish","4":"has-post-thumbnail","6":"product_marcas-beneteau","7":"product_banderas-sin-matricular","8":"product_disponibilidad-entrega-inmediata","9":"product_propiedad-nautic-center-menorca","10":"product_cat-motor-fueraborda","12":"first","13":"instock","14":"sale","15":"shipping-taxable","16":"purchasable","17":"product-type-simple"},"acf":[],"yoast_head":"<!-- This site is optimized with the Yoast SEO Premium plugin v20.8 (Yoast SEO v27.3) - https:\/\/yoast.com\/product\/yoast-seo-premium-wordpress\/ -->\n<title>Antares 8 | Beneteau en Menorca | Nautic Center Menorca<\/title>\n<meta name=\"description\" content=\"Descubra e informese sobre todo lo que el Beneteau Antares 8 puede ofrecerle en el mar. Este barco est\u00e1 disponible en Menorca con entrega inmediata.\" \/>\n<meta name=\"robots\" content=\"index, follow, max-snippet:-1, max-image-preview:large, max-video-preview:-1\" \/>\n<link rel=\"canonical\" href=\"https:\/\/nauticcenter.net\/en\/barco\/beneteau-antares-8-241a323\/\" \/>\n<meta property=\"og:locale\" content=\"en_US\" \/>\n<meta property=\"og:type\" content=\"article\" \/>\n<meta property=\"og:title\" content=\"Beneteau Antares 8\" \/>\n<meta property=\"og:description\" content=\"Descubra e informese sobre todo lo que el Beneteau Antares 8 puede ofrecerle en el mar. Este barco est\u00e1 disponible en Menorca con entrega inmediata.\" \/>\n<meta property=\"og:url\" content=\"https:\/\/nauticcenter.net\/en\/barco\/beneteau-antares-8-241a323\/\" \/>\n<meta property=\"og:site_name\" content=\"Nautic Center Menorca\" \/>\n<meta property=\"article:publisher\" content=\"https:\/\/www.facebook.com\/nauticcentermenorca\" \/>\n<meta property=\"article:modified_time\" content=\"2025-08-25T08:03:01+00:00\" \/>\n<meta property=\"og:image\" content=\"https:\/\/nauticcenter.net\/wp-content\/uploads\/2021\/11\/20230525_102608-scaled.jpg\" \/>\n\t<meta property=\"og:image:width\" content=\"2560\" \/>\n\t<meta property=\"og:image:height\" content=\"1440\" \/>\n\t<meta property=\"og:image:type\" content=\"image\/jpeg\" \/>\n<meta name=\"twitter:card\" content=\"summary_large_image\" \/>\n<meta name=\"twitter:label1\" content=\"Est. reading time\" \/>\n\t<meta name=\"twitter:data1\" content=\"2 minutes\" \/>\n<script type=\"application\/ld+json\" class=\"yoast-schema-graph\">{\"@context\":\"https:\\\/\\\/schema.org\",\"@graph\":[{\"@type\":\"WebPage\",\"@id\":\"https:\\\/\\\/nauticcenter.net\\\/en\\\/barco\\\/beneteau-antares-8-241a323\\\/\",\"url\":\"https:\\\/\\\/nauticcenter.net\\\/en\\\/barco\\\/beneteau-antares-8-241a323\\\/\",\"name\":\"Antares 8 | Beneteau en Menorca | Nautic Center Menorca\",\"isPartOf\":{\"@id\":\"https:\\\/\\\/nauticcenter.net\\\/en\\\/#website\"},\"primaryImageOfPage\":{\"@id\":\"https:\\\/\\\/nauticcenter.net\\\/en\\\/barco\\\/beneteau-antares-8-241a323\\\/#primaryimage\"},\"image\":{\"@id\":\"https:\\\/\\\/nauticcenter.net\\\/en\\\/barco\\\/beneteau-antares-8-241a323\\\/#primaryimage\"},\"thumbnailUrl\":\"https:\\\/\\\/nauticcenter.net\\\/wp-content\\\/uploads\\\/2021\\\/11\\\/20230525_102608-scaled.jpg\",\"datePublished\":\"2021-10-18T11:55:46+00:00\",\"dateModified\":\"2025-08-25T08:03:01+00:00\",\"description\":\"Descubra e informese sobre todo lo que el Beneteau Antares 8 puede ofrecerle en el mar. Este barco est\u00e1 disponible en Menorca con entrega inmediata.\",\"breadcrumb\":{\"@id\":\"https:\\\/\\\/nauticcenter.net\\\/en\\\/barco\\\/beneteau-antares-8-241a323\\\/#breadcrumb\"},\"inLanguage\":\"en-US\",\"potentialAction\":[{\"@type\":\"ReadAction\",\"target\":[\"https:\\\/\\\/nauticcenter.net\\\/en\\\/barco\\\/beneteau-antares-8-241a323\\\/\"]}]},{\"@type\":\"ImageObject\",\"inLanguage\":\"en-US\",\"@id\":\"https:\\\/\\\/nauticcenter.net\\\/en\\\/barco\\\/beneteau-antares-8-241a323\\\/#primaryimage\",\"url\":\"https:\\\/\\\/nauticcenter.net\\\/wp-content\\\/uploads\\\/2021\\\/11\\\/20230525_102608-scaled.jpg\",\"contentUrl\":\"https:\\\/\\\/nauticcenter.net\\\/wp-content\\\/uploads\\\/2021\\\/11\\\/20230525_102608-scaled.jpg\",\"width\":2560,\"height\":1440},{\"@type\":\"BreadcrumbList\",\"@id\":\"https:\\\/\\\/nauticcenter.net\\\/en\\\/barco\\\/beneteau-antares-8-241a323\\\/#breadcrumb\",\"itemListElement\":[{\"@type\":\"ListItem\",\"position\":1,\"name\":\"Barcos en Menorca\",\"item\":\"https:\\\/\\\/nauticcenter.net\\\/barcos\\\/\"},{\"@type\":\"ListItem\",\"position\":2,\"name\":\"Beneteau Antares 8\"}]},{\"@type\":\"WebSite\",\"@id\":\"https:\\\/\\\/nauticcenter.net\\\/en\\\/#website\",\"url\":\"https:\\\/\\\/nauticcenter.net\\\/en\\\/\",\"name\":\"Nautic Center Menorca\",\"description\":\"\",\"publisher\":{\"@id\":\"https:\\\/\\\/nauticcenter.net\\\/en\\\/#organization\"},\"potentialAction\":[{\"@type\":\"SearchAction\",\"target\":{\"@type\":\"EntryPoint\",\"urlTemplate\":\"https:\\\/\\\/nauticcenter.net\\\/en\\\/?s={search_term_string}\"},\"query-input\":{\"@type\":\"PropertyValueSpecification\",\"valueRequired\":true,\"valueName\":\"search_term_string\"}}],\"inLanguage\":\"en-US\"},{\"@type\":\"Organization\",\"@id\":\"https:\\\/\\\/nauticcenter.net\\\/en\\\/#organization\",\"name\":\"Nautic Center Menorca\",\"url\":\"https:\\\/\\\/nauticcenter.net\\\/en\\\/\",\"logo\":{\"@type\":\"ImageObject\",\"inLanguage\":\"en-US\",\"@id\":\"https:\\\/\\\/nauticcenter.net\\\/en\\\/#\\\/schema\\\/logo\\\/image\\\/\",\"url\":\"http:\\\/\\\/nauticcenter.net\\\/wp-content\\\/uploads\\\/2023\\\/03\\\/NCm-Logo-centrado.jpg\",\"contentUrl\":\"http:\\\/\\\/nauticcenter.net\\\/wp-content\\\/uploads\\\/2023\\\/03\\\/NCm-Logo-centrado.jpg\",\"width\":1772,\"height\":1418,\"caption\":\"Nautic Center Menorca\"},\"image\":{\"@id\":\"https:\\\/\\\/nauticcenter.net\\\/en\\\/#\\\/schema\\\/logo\\\/image\\\/\"},\"sameAs\":[\"https:\\\/\\\/www.facebook.com\\\/nauticcentermenorca\",\"https:\\\/\\\/www.instagram.com\\\/nauticcenter_menorca\"]}]}<\/script>\n<!-- \/ Yoast SEO Premium plugin. -->","yoast_head_json":{"title":"Antares 8 | Beneteau en Menorca | Nautic Center Menorca","description":"Descubra e informese sobre todo lo que el Beneteau Antares 8 puede ofrecerle en el mar. Este barco est\u00e1 disponible en Menorca con entrega inmediata.","robots":{"index":"index","follow":"follow","max-snippet":"max-snippet:-1","max-image-preview":"max-image-preview:large","max-video-preview":"max-video-preview:-1"},"canonical":"https:\/\/nauticcenter.net\/en\/barco\/beneteau-antares-8-241a323\/","og_locale":"en_US","og_type":"article","og_title":"Beneteau Antares 8","og_description":"Descubra e informese sobre todo lo que el Beneteau Antares 8 puede ofrecerle en el mar. Este barco est\u00e1 disponible en Menorca con entrega inmediata.","og_url":"https:\/\/nauticcenter.net\/en\/barco\/beneteau-antares-8-241a323\/","og_site_name":"Nautic Center Menorca","article_publisher":"https:\/\/www.facebook.com\/nauticcentermenorca","article_modified_time":"2025-08-25T08:03:01+00:00","og_image":[{"width":2560,"height":1440,"url":"https:\/\/nauticcenter.net\/wp-content\/uploads\/2021\/11\/20230525_102608-scaled.jpg","type":"image\/jpeg"}],"twitter_card":"summary_large_image","twitter_misc":{"Est. reading time":"2 minutes"},"schema":{"@context":"https:\/\/schema.org","@graph":[{"@type":"WebPage","@id":"https:\/\/nauticcenter.net\/en\/barco\/beneteau-antares-8-241a323\/","url":"https:\/\/nauticcenter.net\/en\/barco\/beneteau-antares-8-241a323\/","name":"Antares 8 | Beneteau en Menorca | Nautic Center Menorca","isPartOf":{"@id":"https:\/\/nauticcenter.net\/en\/#website"},"primaryImageOfPage":{"@id":"https:\/\/nauticcenter.net\/en\/barco\/beneteau-antares-8-241a323\/#primaryimage"},"image":{"@id":"https:\/\/nauticcenter.net\/en\/barco\/beneteau-antares-8-241a323\/#primaryimage"},"thumbnailUrl":"https:\/\/nauticcenter.net\/wp-content\/uploads\/2021\/11\/20230525_102608-scaled.jpg","datePublished":"2021-10-18T11:55:46+00:00","dateModified":"2025-08-25T08:03:01+00:00","description":"Descubra e informese sobre todo lo que el Beneteau Antares 8 puede ofrecerle en el mar. Este barco est\u00e1 disponible en Menorca con entrega inmediata.","breadcrumb":{"@id":"https:\/\/nauticcenter.net\/en\/barco\/beneteau-antares-8-241a323\/#breadcrumb"},"inLanguage":"en-US","potentialAction":[{"@type":"ReadAction","target":["https:\/\/nauticcenter.net\/en\/barco\/beneteau-antares-8-241a323\/"]}]},{"@type":"ImageObject","inLanguage":"en-US","@id":"https:\/\/nauticcenter.net\/en\/barco\/beneteau-antares-8-241a323\/#primaryimage","url":"https:\/\/nauticcenter.net\/wp-content\/uploads\/2021\/11\/20230525_102608-scaled.jpg","contentUrl":"https:\/\/nauticcenter.net\/wp-content\/uploads\/2021\/11\/20230525_102608-scaled.jpg","width":2560,"height":1440},{"@type":"BreadcrumbList","@id":"https:\/\/nauticcenter.net\/en\/barco\/beneteau-antares-8-241a323\/#breadcrumb","itemListElement":[{"@type":"ListItem","position":1,"name":"Barcos en Menorca","item":"https:\/\/nauticcenter.net\/barcos\/"},{"@type":"ListItem","position":2,"name":"Beneteau Antares 8"}]},{"@type":"WebSite","@id":"https:\/\/nauticcenter.net\/en\/#website","url":"https:\/\/nauticcenter.net\/en\/","name":"Nautic Center Menorca","description":"","publisher":{"@id":"https:\/\/nauticcenter.net\/en\/#organization"},"potentialAction":[{"@type":"SearchAction","target":{"@type":"EntryPoint","urlTemplate":"https:\/\/nauticcenter.net\/en\/?s={search_term_string}"},"query-input":{"@type":"PropertyValueSpecification","valueRequired":true,"valueName":"search_term_string"}}],"inLanguage":"en-US"},{"@type":"Organization","@id":"https:\/\/nauticcenter.net\/en\/#organization","name":"Nautic Center Menorca","url":"https:\/\/nauticcenter.net\/en\/","logo":{"@type":"ImageObject","inLanguage":"en-US","@id":"https:\/\/nauticcenter.net\/en\/#\/schema\/logo\/image\/","url":"http:\/\/nauticcenter.net\/wp-content\/uploads\/2023\/03\/NCm-Logo-centrado.jpg","contentUrl":"http:\/\/nauticcenter.net\/wp-content\/uploads\/2023\/03\/NCm-Logo-centrado.jpg","width":1772,"height":1418,"caption":"Nautic Center Menorca"},"image":{"@id":"https:\/\/nauticcenter.net\/en\/#\/schema\/logo\/image\/"},"sameAs":["https:\/\/www.facebook.com\/nauticcentermenorca","https:\/\/www.instagram.com\/nauticcenter_menorca"]}]}},"_links":{"self":[{"href":"https:\/\/nauticcenter.net\/en\/wp-json\/wp\/v2\/product\/20058","targetHints":{"allow":["GET"]}}],"collection":[{"href":"https:\/\/nauticcenter.net\/en\/wp-json\/wp\/v2\/product"}],"about":[{"href":"https:\/\/nauticcenter.net\/en\/wp-json\/wp\/v2\/types\/product"}],"wp:featuredmedia":[{"embeddable":true,"href":"https:\/\/nauticcenter.net\/en\/wp-json\/wp\/v2\/media\/40418"}],"wp:attachment":[{"href":"https:\/\/nauticcenter.net\/en\/wp-json\/wp\/v2\/media?parent=20058"}],"wp:term":[{"taxonomy":"product_brand","embeddable":true,"href":"https:\/\/nauticcenter.net\/en\/wp-json\/wp\/v2\/product_brand?post=20058"},{"taxonomy":"product_cat","embeddable":true,"href":"https:\/\/nauticcenter.net\/en\/wp-json\/wp\/v2\/product_cat?post=20058"},{"taxonomy":"product_tag","embeddable":true,"href":"https:\/\/nauticcenter.net\/en\/wp-json\/wp\/v2\/product_tag?post=20058"}],"curies":[{"name":"wp","href":"https:\/\/api.w.org\/{rel}","templated":true}]}}