{"id":11038,"date":"2020-12-10T17:53:54","date_gmt":"2020-12-10T17:53:54","guid":{"rendered":"https:\/nuestra-historia\/"},"modified":"2021-08-02T16:22:30","modified_gmt":"2021-08-02T16:22:30","slug":"our-story","status":"publish","type":"page","link":"https:\/\/nauticcenter.net\/en\/our-story\/","title":{"rendered":"Our story"},"content":{"rendered":"<div class=\"row row-collapse row-full-width align-middle align-center\"  id=\"row-2032086695\">\n\n\t<div id=\"col-926490751\" class=\"col medium-12 small-12 large-6 medium-col-first\"  >\n\t\t\t\t<div class=\"col-inner\"  >\n\t\t\t\n\t\t\t\n\n  <div class=\"banner has-hover\" id=\"banner-521182167\">\n          <div class=\"banner-inner fill\">\n        <div class=\"banner-bg fill\" >\n            <img loading=\"lazy\" decoding=\"async\" width=\"900\" height=\"600\" src=\"https:\/\/nauticcenter.net\/wp-content\/uploads\/2020\/12\/empresa-sobrenosotros.jpg\" class=\"bg attachment-large size-large\" alt=\"\" \/>                                    \n                    <\/div>\n\t\t\n        <div class=\"banner-layers container\">\n            <div class=\"fill banner-link\"><\/div>            \n        <\/div>\n      <\/div>\n\n            \n<style>\n#banner-521182167 {\n  padding-top: 300px;\n  background-color: rgb(255, 255, 255);\n}\n#banner-521182167 .banner-bg img {\n  object-position: 60% 15%;\n}\n@media (min-width:550px) {\n  #banner-521182167 {\n    padding-top: 500px;\n  }\n}\n@media (min-width:850px) {\n  #banner-521182167 {\n    padding-top: 500px;\n  }\n}\n<\/style>\n  <\/div>\n\n\n\t\t<\/div>\n\t\t\t\t\t<\/div>\n\n\t\n\n\t<div id=\"col-254894489\" class=\"col medium-10 small-11 large-6\"  >\n\t\t\t\t<div class=\"col-inner text-left\" style=\"background-color:rgb(255, 255, 255);\" >\n\t\t\t\n\t\t\t\n\t<div id=\"text-3710244213\" class=\"text\">\n\t\t\n<h1><span style=\"font-size: 120%;\">About us<br \/>\n<\/span><\/h1>\n<p>Nautic Center was initially launched in the 1960s under the name of Moton\u00e1utica Basilio, as a business specialising in the sale and repair of boats.<br \/>\nIn 1988, with the incorporation of the second generation of the Sastre family, the company\u2019s name was changed to Nautic Center Menorca. Later, the facilities were relocated from number 108 in San Manuel Street in Mah\u00f3n to the city\u2019s Industrial Estate. By now, the services available to clients had expanded considerably.<br \/>\n\t\t\n<style>\n#text-3710244213 {\n  font-size: 1rem;\n}\n<\/style>\n\t<\/div>\n\t\n\t\t<\/div>\n\t\t\t\t\n<style>\n#col-254894489 > .col-inner {\n  padding: 50px 0px 50px 0px;\n}\n@media (min-width:850px) {\n  #col-254894489 > .col-inner {\n    padding: 0px 20% 0px 20%;\n  }\n}\n<\/style>\n\t<\/div>\n\n\t\n<\/div>\n<div class=\"row row-collapse row-full-width align-middle align-center\"  id=\"row-1673064714\">\n\n\t<div id=\"col-619818369\" class=\"col medium-10 small-11 large-6\"  >\n\t\t\t\t<div class=\"col-inner text-left\"  >\n\t\t\t\n\t\t\t\n\t<div id=\"text-2617312983\" class=\"text\">\n\t\t\n<p>Nautic Center&#8217;s headquarters are located at Carrer de S&#8217;Esper\u00f3 16 in the Mah\u00f3n Industrial Estate on a plot measuring 6,500 m2 of land, with a 1,500 m2 building that houses a showroom displaying boats and accessories in addition to space for workshops and offices. With a team of more than 35 professionals in all departments &#8211; sales, administration, quality and environment, mechanics, maintenance and cleaning work &#8211; offering the best service to its clients throughout the year.<br \/>\nNautic Center then went on to acquire several warehouses in the Industrial Estate in Sant Llu\u00eds, Menorca, comprising a total of more than 9,000 m2 of covered area and a further 23,000 m2 of land, which is used for all types of boat maintenance, storage and repair work. In September 2007, a new facility was launched in the same Industrial Estate, with capacity to store 30 boats of up to 20 metres long. It was designed specifically for large boats, with all the latest innovations in marine construction.<br \/>\n\t\t\n<style>\n#text-2617312983 {\n  font-size: 1rem;\n  text-align: left;\n}\n<\/style>\n\t<\/div>\n\t\n\t\t<\/div>\n\t\t\t\t\n<style>\n#col-619818369 > .col-inner {\n  padding: 50px 0px 50px 0;\n}\n@media (min-width:850px) {\n  #col-619818369 > .col-inner {\n    padding: 9% 10% 9% 10%;\n  }\n}\n<\/style>\n\t<\/div>\n\n\t\n\n\t<div id=\"col-1507210522\" class=\"col medium-12 small-12 large-6 small-col-first\"  >\n\t\t\t\t<div class=\"col-inner\"  >\n\t\t\t\n\t\t\t\n\n  <div class=\"banner has-hover\" id=\"banner-193402239\">\n          <div class=\"banner-inner fill\">\n        <div class=\"banner-bg fill\" >\n                                                \n                    <\/div>\n\t\t\n        <div class=\"banner-layers container\">\n            <div class=\"fill banner-link\"><\/div>            \n        <\/div>\n      <\/div>\n\n            \n<style>\n#banner-193402239 {\n  padding-top: 300px;\n  background-color: rgb(255, 255, 255);\n}\n#banner-193402239 .banner-bg img {\n  object-position: 61% 0%;\n}\n@media (min-width:550px) {\n  #banner-193402239 {\n    padding-top: 500px;\n  }\n}\n<\/style>\n  <\/div>\n\n\n\t\t<\/div>\n\t\t\t\t\t<\/div>\n\n\t\n<\/div>\n<div class=\"row row-collapse row-full-width align-middle align-center\"  id=\"row-311216193\">\n\n\t<div id=\"col-503060454\" class=\"col medium-12 small-12 large-6 small-col-first\"  >\n\t\t\t\t<div class=\"col-inner\"  >\n\t\t\t\n\t\t\t\n\n  <div class=\"banner has-hover\" id=\"banner-1653198101\">\n          <div class=\"banner-inner fill\">\n        <div class=\"banner-bg fill\" >\n            <img loading=\"lazy\" decoding=\"async\" width=\"1020\" height=\"628\" src=\"https:\/\/nauticcenter.net\/wp-content\/uploads\/2021\/02\/showroom-1024x630.jpg\" class=\"bg attachment-large size-large\" alt=\"\" \/>                                    \n                    <\/div>\n\t\t\n        <div class=\"banner-layers container\">\n            <div class=\"fill banner-link\"><\/div>            \n        <\/div>\n      <\/div>\n\n            \n<style>\n#banner-1653198101 {\n  padding-top: 300px;\n  background-color: rgb(255, 255, 255);\n}\n#banner-1653198101 .banner-bg img {\n  object-position: 61% 0%;\n}\n@media (min-width:550px) {\n  #banner-1653198101 {\n    padding-top: 500px;\n  }\n}\n<\/style>\n  <\/div>\n\n\n\t\t<\/div>\n\t\t\t\t\t<\/div>\n\n\t\n\n\t<div id=\"col-1646655820\" class=\"col medium-10 small-11 large-6\"  >\n\t\t\t\t<div class=\"col-inner text-left\"  >\n\t\t\t\n\t\t\t\n\t<div id=\"text-2138396180\" class=\"text\">\n\t\t\n<p>Back on the Mah\u00f3n site, 2019 saw the launch of <a href=\"https:\/salon-nautico-menorca\/\">Boat Showroom<\/a>, known as El Sal\u00f3n N\u00e1utico de Menorca in Spanish. This warehouse measures 1,500 m2 and sits beside Nautic Center\u2019s main headquarters. The Showroom displays more than 30 boats, so that clients can view the entire range of brands that we hold the exclusive dealerships for on the island. However, not only was the Boat Showroom launched, but we also set up the Suzuki warehouse, with an overall surface area of 1,400 m2 dedicated exclusively to the maintenance of Suzuki outboard engines. These engines are the ones installed in the semi-rigid craft manufactured by the prestigious Italian company <a href=\"https:\/en\/capelli-menorca\/\">Capelli<\/a>. In addition, we started our <a href=\"https:\/en\/boat-test-center\/\">Test Center service <\/a> whereby clients can test-drive boats before purchasing them. This service is offered by our boat charter company, <a href=\"https:\/en\/alquiler-de-barcos-en-menorca\/\">Nautic Fun Menorca<\/a>.<br \/>\n\t\t\n<style>\n#text-2138396180 {\n  font-size: 1rem;\n  text-align: left;\n}\n<\/style>\n\t<\/div>\n\t\n\t\t<\/div>\n\t\t\t\t\n<style>\n#col-1646655820 > .col-inner {\n  padding: 50px 0px 50px 0;\n}\n@media (min-width:850px) {\n  #col-1646655820 > .col-inner {\n    padding: 9% 10% 9% 10%;\n  }\n}\n<\/style>\n\t<\/div>\n\n\t\n<\/div>\n<div class=\"row row-collapse row-full-width align-middle align-center\"  id=\"row-1092291945\">\n\n\t<div id=\"col-1093527551\" class=\"col medium-10 small-11 large-6\"  >\n\t\t\t\t<div class=\"col-inner text-left\" style=\"background-color:rgb(255, 255, 255);\" >\n\t\t\t\n\t\t\t\n\t<div id=\"text-1126022942\" class=\"text\">\n\t\t\n<p>The company has a total of over 30,000 m2 land facilities providing a wide range of services in the Balearic Islands in addition to all the necessary service for boat owners who choose Menorca as a destination or port of call while they are cruising in Mediterranean waters.<br \/>\n\t\t\n<style>\n#text-1126022942 {\n  font-size: 1rem;\n}\n<\/style>\n\t<\/div>\n\t\n\t\t<\/div>\n\t\t\t\t\n<style>\n#col-1093527551 > .col-inner {\n  padding: 50px 0px 50px 0px;\n}\n@media (min-width:850px) {\n  #col-1093527551 > .col-inner {\n    padding: 0px 20% 0px 20%;\n  }\n}\n<\/style>\n\t<\/div>\n\n\t\n\n\t<div id=\"col-78553841\" class=\"col medium-12 small-12 large-6 medium-col-first\"  >\n\t\t\t\t<div class=\"col-inner\"  >\n\t\t\t\n\t\t\t\n\n  <div class=\"banner has-hover\" id=\"banner-30935341\">\n          <div class=\"banner-inner fill\">\n        <div class=\"banner-bg fill\" >\n            <img loading=\"lazy\" decoding=\"async\" width=\"1020\" height=\"765\" src=\"https:\/\/nauticcenter.net\/wp-content\/uploads\/2020\/12\/philip-graves-pOdXGDUrLIg-unsplash-1024x768.jpg\" class=\"bg attachment-large size-large\" alt=\"\" \/>                                    \n                    <\/div>\n\t\t\n        <div class=\"banner-layers container\">\n            <div class=\"fill banner-link\"><\/div>            \n        <\/div>\n      <\/div>\n\n            \n<style>\n#banner-30935341 {\n  padding-top: 300px;\n  background-color: rgb(255, 255, 255);\n}\n#banner-30935341 .banner-bg img {\n  object-position: 60% 15%;\n}\n@media (min-width:550px) {\n  #banner-30935341 {\n    padding-top: 500px;\n  }\n}\n@media (min-width:850px) {\n  #banner-30935341 {\n    padding-top: 500px;\n  }\n}\n<\/style>\n  <\/div>\n\n\n\t\t<\/div>\n\t\t\t\t\t<\/div>\n\n\t\n<\/div>\n","protected":false},"excerpt":{"rendered":"","protected":false},"author":1,"featured_media":0,"parent":0,"menu_order":0,"comment_status":"closed","ping_status":"closed","template":"page-blank.php","meta":{"_acf_changed":false,"footnotes":""},"class_list":["post-11038","page","type-page","status-publish","hentry"],"acf":[],"yoast_head":"<!-- This site is optimized with the Yoast SEO Premium plugin v20.8 (Yoast SEO v27.3) - https:\/\/yoast.com\/product\/yoast-seo-premium-wordpress\/ -->\n<title>Our story | Nautic Center Menorca<\/title>\n<meta name=\"description\" content=\"The headquarters of Nautic Center Menorca is located in Carrer de s&#039;Esper\u00f3 16, in the Pol\u00edgono Industrial de Mah\u00f3n, where the company has 6,500 m\u00b2 of land on which stands a 1,500 m\u00b2 building dedicated to the exhibition of boats and accessories, and with space for workshops and offices.\" \/>\n<meta name=\"robots\" content=\"index, follow, max-snippet:-1, max-image-preview:large, max-video-preview:-1\" \/>\n<link rel=\"canonical\" href=\"https:\/\/nauticcenter.net\/en\/our-story\/\" \/>\n<meta property=\"og:locale\" content=\"en_US\" \/>\n<meta property=\"og:type\" content=\"article\" \/>\n<meta property=\"og:title\" content=\"Our story\" \/>\n<meta property=\"og:description\" content=\"The headquarters of Nautic Center Menorca is located in Carrer de s&#039;Esper\u00f3 16, in the Pol\u00edgono Industrial de Mah\u00f3n, where the company has 6,500 m\u00b2 of land on which stands a 1,500 m\u00b2 building dedicated to the exhibition of boats and accessories, and with space for workshops and offices.\" \/>\n<meta property=\"og:url\" content=\"https:\/\/nauticcenter.net\/en\/our-story\/\" \/>\n<meta property=\"og:site_name\" content=\"Nautic Center Menorca\" \/>\n<meta property=\"article:publisher\" content=\"https:\/\/www.facebook.com\/nauticcentermenorca\" \/>\n<meta property=\"article:modified_time\" content=\"2021-08-02T16:22:30+00:00\" \/>\n<meta name=\"twitter:card\" content=\"summary_large_image\" \/>\n<meta name=\"twitter:label1\" content=\"Est. reading time\" \/>\n\t<meta name=\"twitter:data1\" content=\"3 minutes\" \/>\n<script type=\"application\/ld+json\" class=\"yoast-schema-graph\">{\"@context\":\"https:\\\/\\\/schema.org\",\"@graph\":[{\"@type\":\"WebPage\",\"@id\":\"https:\\\/\\\/nauticcenter.net\\\/en\\\/our-story\\\/\",\"url\":\"https:\\\/\\\/nauticcenter.net\\\/en\\\/our-story\\\/\",\"name\":\"Our story | Nautic Center Menorca\",\"isPartOf\":{\"@id\":\"https:\\\/\\\/nauticcenter.net\\\/en\\\/#website\"},\"datePublished\":\"2020-12-10T17:53:54+00:00\",\"dateModified\":\"2021-08-02T16:22:30+00:00\",\"description\":\"The headquarters of Nautic Center Menorca is located in Carrer de s'Esper\u00f3 16, in the Pol\u00edgono Industrial de Mah\u00f3n, where the company has 6,500 m\u00b2 of land on which stands a 1,500 m\u00b2 building dedicated to the exhibition of boats and accessories, and with space for workshops and offices.\",\"inLanguage\":\"en-US\",\"potentialAction\":[{\"@type\":\"ReadAction\",\"target\":[\"https:\\\/\\\/nauticcenter.net\\\/en\\\/our-story\\\/\"]}]},{\"@type\":\"WebSite\",\"@id\":\"https:\\\/\\\/nauticcenter.net\\\/en\\\/#website\",\"url\":\"https:\\\/\\\/nauticcenter.net\\\/en\\\/\",\"name\":\"Nautic Center Menorca\",\"description\":\"\",\"publisher\":{\"@id\":\"https:\\\/\\\/nauticcenter.net\\\/en\\\/#organization\"},\"potentialAction\":[{\"@type\":\"SearchAction\",\"target\":{\"@type\":\"EntryPoint\",\"urlTemplate\":\"https:\\\/\\\/nauticcenter.net\\\/en\\\/?s={search_term_string}\"},\"query-input\":{\"@type\":\"PropertyValueSpecification\",\"valueRequired\":true,\"valueName\":\"search_term_string\"}}],\"inLanguage\":\"en-US\"},{\"@type\":\"Organization\",\"@id\":\"https:\\\/\\\/nauticcenter.net\\\/en\\\/#organization\",\"name\":\"Nautic Center Menorca\",\"url\":\"https:\\\/\\\/nauticcenter.net\\\/en\\\/\",\"logo\":{\"@type\":\"ImageObject\",\"inLanguage\":\"en-US\",\"@id\":\"https:\\\/\\\/nauticcenter.net\\\/en\\\/#\\\/schema\\\/logo\\\/image\\\/\",\"url\":\"http:\\\/\\\/nauticcenter.net\\\/wp-content\\\/uploads\\\/2023\\\/03\\\/NCm-Logo-centrado.jpg\",\"contentUrl\":\"http:\\\/\\\/nauticcenter.net\\\/wp-content\\\/uploads\\\/2023\\\/03\\\/NCm-Logo-centrado.jpg\",\"width\":1772,\"height\":1418,\"caption\":\"Nautic Center Menorca\"},\"image\":{\"@id\":\"https:\\\/\\\/nauticcenter.net\\\/en\\\/#\\\/schema\\\/logo\\\/image\\\/\"},\"sameAs\":[\"https:\\\/\\\/www.facebook.com\\\/nauticcentermenorca\",\"https:\\\/\\\/www.instagram.com\\\/nauticcenter_menorca\"]}]}<\/script>\n<!-- \/ Yoast SEO Premium plugin. -->","yoast_head_json":{"title":"Our story | Nautic Center Menorca","description":"The headquarters of Nautic Center Menorca is located in Carrer de s'Esper\u00f3 16, in the Pol\u00edgono Industrial de Mah\u00f3n, where the company has 6,500 m\u00b2 of land on which stands a 1,500 m\u00b2 building dedicated to the exhibition of boats and accessories, and with space for workshops and offices.","robots":{"index":"index","follow":"follow","max-snippet":"max-snippet:-1","max-image-preview":"max-image-preview:large","max-video-preview":"max-video-preview:-1"},"canonical":"https:\/\/nauticcenter.net\/en\/our-story\/","og_locale":"en_US","og_type":"article","og_title":"Our story","og_description":"The headquarters of Nautic Center Menorca is located in Carrer de s'Esper\u00f3 16, in the Pol\u00edgono Industrial de Mah\u00f3n, where the company has 6,500 m\u00b2 of land on which stands a 1,500 m\u00b2 building dedicated to the exhibition of boats and accessories, and with space for workshops and offices.","og_url":"https:\/\/nauticcenter.net\/en\/our-story\/","og_site_name":"Nautic Center Menorca","article_publisher":"https:\/\/www.facebook.com\/nauticcentermenorca","article_modified_time":"2021-08-02T16:22:30+00:00","twitter_card":"summary_large_image","twitter_misc":{"Est. reading time":"3 minutes"},"schema":{"@context":"https:\/\/schema.org","@graph":[{"@type":"WebPage","@id":"https:\/\/nauticcenter.net\/en\/our-story\/","url":"https:\/\/nauticcenter.net\/en\/our-story\/","name":"Our story | Nautic Center Menorca","isPartOf":{"@id":"https:\/\/nauticcenter.net\/en\/#website"},"datePublished":"2020-12-10T17:53:54+00:00","dateModified":"2021-08-02T16:22:30+00:00","description":"The headquarters of Nautic Center Menorca is located in Carrer de s'Esper\u00f3 16, in the Pol\u00edgono Industrial de Mah\u00f3n, where the company has 6,500 m\u00b2 of land on which stands a 1,500 m\u00b2 building dedicated to the exhibition of boats and accessories, and with space for workshops and offices.","inLanguage":"en-US","potentialAction":[{"@type":"ReadAction","target":["https:\/\/nauticcenter.net\/en\/our-story\/"]}]},{"@type":"WebSite","@id":"https:\/\/nauticcenter.net\/en\/#website","url":"https:\/\/nauticcenter.net\/en\/","name":"Nautic Center Menorca","description":"","publisher":{"@id":"https:\/\/nauticcenter.net\/en\/#organization"},"potentialAction":[{"@type":"SearchAction","target":{"@type":"EntryPoint","urlTemplate":"https:\/\/nauticcenter.net\/en\/?s={search_term_string}"},"query-input":{"@type":"PropertyValueSpecification","valueRequired":true,"valueName":"search_term_string"}}],"inLanguage":"en-US"},{"@type":"Organization","@id":"https:\/\/nauticcenter.net\/en\/#organization","name":"Nautic Center Menorca","url":"https:\/\/nauticcenter.net\/en\/","logo":{"@type":"ImageObject","inLanguage":"en-US","@id":"https:\/\/nauticcenter.net\/en\/#\/schema\/logo\/image\/","url":"http:\/\/nauticcenter.net\/wp-content\/uploads\/2023\/03\/NCm-Logo-centrado.jpg","contentUrl":"http:\/\/nauticcenter.net\/wp-content\/uploads\/2023\/03\/NCm-Logo-centrado.jpg","width":1772,"height":1418,"caption":"Nautic Center Menorca"},"image":{"@id":"https:\/\/nauticcenter.net\/en\/#\/schema\/logo\/image\/"},"sameAs":["https:\/\/www.facebook.com\/nauticcentermenorca","https:\/\/www.instagram.com\/nauticcenter_menorca"]}]}},"_links":{"self":[{"href":"https:\/\/nauticcenter.net\/en\/wp-json\/wp\/v2\/pages\/11038","targetHints":{"allow":["GET"]}}],"collection":[{"href":"https:\/\/nauticcenter.net\/en\/wp-json\/wp\/v2\/pages"}],"about":[{"href":"https:\/\/nauticcenter.net\/en\/wp-json\/wp\/v2\/types\/page"}],"author":[{"embeddable":true,"href":"https:\/\/nauticcenter.net\/en\/wp-json\/wp\/v2\/users\/1"}],"replies":[{"embeddable":true,"href":"https:\/\/nauticcenter.net\/en\/wp-json\/wp\/v2\/comments?post=11038"}],"version-history":[{"count":0,"href":"https:\/\/nauticcenter.net\/en\/wp-json\/wp\/v2\/pages\/11038\/revisions"}],"wp:attachment":[{"href":"https:\/\/nauticcenter.net\/en\/wp-json\/wp\/v2\/media?parent=11038"}],"curies":[{"name":"wp","href":"https:\/\/api.w.org\/{rel}","templated":true}]}}